{"id":15430,"date":"2025-01-19T14:31:15","date_gmt":"2025-01-19T14:31:15","guid":{"rendered":"https:\/\/www.hydraulic-cylinders.net\/product\/bucket-cylinder-for-sany-middle-excavator-sy195c-9\/"},"modified":"2025-01-19T14:31:17","modified_gmt":"2025-01-19T14:31:17","slug":"bucket-cylinder-for-sany-middle-excavator-sy195c-9","status":"publish","type":"product","link":"https:\/\/www.hydraulic-cylinders.net\/da\/vare\/bucket-cylinder-for-sany-middle-excavator-sy195c-9\/","title":{"rendered":"Skovlcylinder til Sany mellemgraver SY195C-9"},"content":{"rendered":"<h1>Skovlcylinder til Sany mellemgraver SY195C-9<\/h1>\n<h2>Indledning<\/h2>\n<p>Skovlcylinderen til Sany mellemgraver SY195C-9 er en specialdesignet hydraulisk cylinder, der bruges til at styre skovlens bev\u00e6gelse i tunge maskiner s\u00e5som gravemaskiner, rendegravere og frontl\u00e6ssere. Dens hovedfunktion er at g\u00f8re det muligt for skovlen at l\u00f8fte, s\u00e6nke og vippe for nem h\u00e5ndtering af forskellige materialeh\u00e5ndteringsopgaver. I det hydrauliske system styrer skovlcylinderen den pr\u00e6cise bev\u00e6gelse af skovlen gennem \u00e6ndringer i hydraulikolietrykket, hvilket g\u00f8r det muligt for operat\u00f8rer effektivt at h\u00e5ndtere tunge l\u00e6s og tilpasse sig komplekse arbejdsmilj\u00f8er og forskellige jobkrav.<\/p>\n<p><img decoding=\"async\" src=\"https:\/\/www.hydraulic-cylinders.net\/wp-content\/uploads\/2025\/01\/songte-company-2.webp\"\/><\/p>\n<h2>Funktioner<\/h2>\n<ul>\n<li>H\u00f8j styrke og holdbarhed: Typisk fremstillet af h\u00f8jstyrkest\u00e5l eller aluminium, kan den modst\u00e5 h\u00f8jt tryk og tunge belastninger og tilpasse sig barske arbejdsforhold. Designet tager h\u00f8jde for slidstyrke og korrosionsbestandighed for at forl\u00e6nge levetiden.<\/li>\n<li>Effektiv hydraulisk drift: J\u00e6vne forl\u00e6ngelses- og sammentr\u00e6kningsbev\u00e6gelser opn\u00e5s ved at udnytte hydraulikolietrykket, hvilket muligg\u00f8r hurtig reaktion p\u00e5 styrekommandoer og giver st\u00e6rke skubbe- og tr\u00e6kkr\u00e6fter, der er egnede til h\u00e5ndtering af tunge belastninger og komplekse opgaver.<\/li>\n<li>Forskellige typer: Enkeltvirkende (hydraulik anvendt i kun \u00e9n retning) eller dobbeltvirkende (hydraulik anvendt i to retninger) cylindre kan v\u00e6lges efter behov for at opfylde forskellige driftsbehov. Nogle modeller er teleskopiske, hvilket giver mulighed for st\u00f8rre udtr\u00e6k uden at \u00f8ge de udvendige dimensioner, hvilket g\u00f8r dem velegnede til pladsbegr\u00e6nsede applikationer.<\/li>\n<li>Perfekt udskiftning: Vores produkter er perfekte erstatninger for disse hydrauliske cylindre. <\/li>\n<\/ul>\n<p><img decoding=\"async\" src=\"https:\/\/www.hydraulic-cylinders.net\/wp-content\/uploads\/2025\/01\/songte-cylinder-head-with-all-kinds-excavator-models.webp\"\/><\/p>\n<h2>Applikationer<\/h2>\n<p>Skovlcylinderen har brede anvendelser i forskellige entrepren\u00f8r- og landbrugsmaskiner, s\u00e5som:<\/p>\n<ul>\n<li>Entrepren\u00f8rudstyr: I gravemaskiner er de afg\u00f8rende for at grave, l\u00e6sse og flytte jord eller affald. I rendegravere hj\u00e6lper skovlcylinderen med b\u00e5de at grave og l\u00f8fte.<\/li>\n<li>Landbrugsmaskiner: Bruges i frontl\u00e6ssere til at udgrave, l\u00f8fte og transportere jord, h\u00f8 og andre materialer. <\/li>\n<li>Gravemaskiner: Skovlcylinderen udf\u00f8rer gravefunktionen ved at lade skovlen tr\u00e6nge ned i jorden.<\/li>\n<li>L\u00e6ssere: Frontl\u00e6ssere hj\u00e6lper med effektivt at l\u00f8fte og vippe gods.<\/li>\n<\/ul>\n<h2>Designovervejelser og udv\u00e6lgelseskriterier<\/h2>\n<p>Skovlcylinderen er designet med f\u00f8lgende overvejelser:<\/p>\n<ul>\n<li>B\u00e6reevne: Design til tunge belastninger og barske milj\u00f8er<\/li>\n<li>T\u00e6tning: Brug af forskellige t\u00e6tninger, s\u00e5som stempelt\u00e6tninger og stangt\u00e6tninger, lavet af slidst\u00e6rke materialer som polyurethan og nitrilgummi, og finbehandling af cylinderhuset og gevindenderne for at forbedre slidstyrken.<\/li>\n<li>Holdbarhed: Brug af h\u00f8jstyrkematerialer og hensyntagen til korrosionsbestandighed for at forl\u00e6nge levetiden<\/li>\n<li>Sikkerhed: Design med sikkerhedsfunktioner som polstrede kraver og opfyldelse af internationale sikkerhedsstandarder.<\/li>\n<li>Vedligeholdelsesvenlighed: Design til nem vedligeholdelse og reparation.<\/li>\n<\/ul>\n<p><img decoding=\"async\" src=\"https:\/\/www.hydraulic-cylinders.net\/wp-content\/uploads\/2025\/01\/songte-oil-pipes-and-spare-parts.webp\"\/><\/p>\n<h2>T\u00e6tning og sm\u00f8ring<\/h2>\n<p>Skovlcylinderen anvender forskellige t\u00e6tninger, s\u00e5som stempelt\u00e6tninger og stangt\u00e6tninger, lavet af slidst\u00e6rke materialer som polyurethan og nitrilgummi. Cylinderhuset og gevindenderne er fint behandlet for at forbedre slidstyrken. Det er n\u00f8dvendigt regelm\u00e6ssigt at tils\u00e6tte passende hydraulikolie til sm\u00f8ring.<\/p>\n<h2>Inspektion og forebyggende vedligeholdelsesforanstaltninger<\/h2>\n<p>Regelm\u00e6ssig inspektion og forebyggende vedligeholdelse er afg\u00f8rende for at forl\u00e6nge skovlcylinderens levetid. Disse foranstaltninger omfatter:<\/p>\n<ul>\n<li>Regelm\u00e6ssig kontrol af t\u00e6tningernes tilstand og fastg\u00f8relsesevne p\u00e5 bolte og fastg\u00f8relseselementer<\/li>\n<li>Regelm\u00e6ssig p\u00e5fyldning af passende hydraulikolie til sm\u00f8ring<\/li>\n<li>Udskiftning af pakninger og andre slidte komponenter omg\u00e5ende<\/li>\n<\/ul>\n<h2>Installationsvejledning<\/h2>\n<p>For at sikre korrekt montering af skovlcylinderen:<\/p>\n<ul>\n<li>Just\u00e9r cylinderen korrekt<\/li>\n<li>Brug passende monteringsbeslag til at fastg\u00f8re cylinderen<\/li>\n<li>Kontroller og kalibrer cylinderen regelm\u00e6ssigt for at sikre problemfri drift.<\/li>\n<\/ul>\n<h2>Almindelige vedligeholdelsesopgaver<\/h2>\n<p>Almindelige vedligeholdelsesopgaver for skovlcylinderen omfatter:<\/p>\n<ul>\n<li>Regelm\u00e6ssig inspektion<\/li>\n<li>Korrekt sm\u00f8ring<\/li>\n<li>Udskiftning af pakning<\/li>\n<li>Kalibreringskontrol<\/li>\n<li>Udskiftning og ombygning af dele<\/li>\n<\/ul>\n<p><img decoding=\"async\" src=\"https:\/\/www.hydraulic-cylinders.net\/wp-content\/uploads\/2025\/01\/songte-chushion-collar.webp\"\/><\/p>\n<h2>Sikkerhedshensyn og milj\u00f8faktorer<\/h2>\n<p>Sikkerhed er altafg\u00f8rende ved brug af skovlcylinderen. Der skal v\u00e6re passende sikkerhedsforanstaltninger p\u00e5 plads for at forhindre ulykker. Milj\u00f8faktorer som temperatur og fugtighed kan p\u00e5virke cylinderens ydeevne og skal tages i betragtning.<\/p>\n<h2>Fejlfinding og almindelige problemer<\/h2>\n<p>Almindelige problemer med skovlcylinderen inkluderer:<\/p>\n<ul>\n<li>L\u00e6kage<\/li>\n<li>Utilstr\u00e6kkeligt tryk eller kraft<\/li>\n<li>Overdreven st\u00f8j eller vibrationer<\/li>\n<\/ul>\n<p>Korrekte fejlfindingsteknikker og forebyggende foranstaltninger kan hj\u00e6lpe med at minimere forekomsten af \u200b\u200bdisse problemer og sikre korrekt ydeevne af skovlcylinderen.<\/p>\n<p><img decoding=\"async\" src=\"https:\/\/www.hydraulic-cylinders.net\/wp-content\/uploads\/2025\/01\/songte-bushings-with-all-kinds-of-excavator-models.webp\"\/><\/p>\n<h2>Om os<\/h2>\n<p>Vi er en producent af hydrauliske cylindre, der erstatter OEM-cylindre. Vi har en bred vifte af produkter og er blevet en af \u200b\u200bde f\u00f8rende producenter og engrosdistribut\u00f8rer af hydrauliske cylindre p\u00e5 det indenlandske og internationale marked. Vi overholder princippet om fremragende kvalitet og s\u00e6tter vores referencer til den industrialiserede produktionsstyringsstrategi, der findes i pr\u00e6cisionsproduktionsv\u00e6rksteder. Vores virksomhed forbedrer l\u00f8bende v\u00e6rkstedets produktionsplatform med teknologisk talent, digitalt avanceret produktionsudstyr og professionelle testsystemer. Vi har en st\u00e6rk kreativitet og str\u00e6ber efter at im\u00f8dekomme kundernes forskellige behov med principper for h\u00f8j effektivitet, h\u00f8j pr\u00e6cision og h\u00f8j kvalitet.<\/p>\n<p>Vi er stolte af vores professionalisme, internationale certificering, skr\u00e6ddersyede tjenester, produktionsudstyr og eftersalgsservice.<\/p>\n<p><img decoding=\"async\" src=\"https:\/\/hzpt.com\/wp-content\/uploads\/2024\/11\/songte-company-1.webp\"\/><\/p>\n<p>Forfatter: lyl.<\/p>","protected":false},"excerpt":{"rendered":"<p>Bucket Cylinder For Sany Middle Excavator SY195C-9 Introduction The bucket cylinder for Sany middle excavator SY195C-9 is a specially designed hydraulic cylinder used to control the movement of the bucket in heavy machinery such as excavators, backhoe loaders, and front-end loaders. Its main function is to enable the bucket to lift, lower, and tilt for [&hellip;]<\/p>","protected":false},"featured_media":14762,"comment_status":"open","ping_status":"closed","template":"","meta":{"_et_pb_use_builder":"","_et_pb_old_content":"","_et_gb_content_width":""},"product_brand":[],"product_cat":[1494],"product_tag":[1495,1496],"class_list":{"0":"post-15430","1":"product","2":"type-product","3":"status-publish","4":"has-post-thumbnail","6":"product_cat-bucket-cylinders","7":"product_tag-bucket-cylinders","8":"product_tag-hydraulic-cylinders","10":"first","11":"instock","12":"shipping-taxable","13":"product-type-simple"},"amp_enabled":true,"_links":{"self":[{"href":"https:\/\/www.hydraulic-cylinders.net\/da\/wp-json\/wp\/v2\/product\/15430","targetHints":{"allow":["GET"]}}],"collection":[{"href":"https:\/\/www.hydraulic-cylinders.net\/da\/wp-json\/wp\/v2\/product"}],"about":[{"href":"https:\/\/www.hydraulic-cylinders.net\/da\/wp-json\/wp\/v2\/types\/product"}],"replies":[{"embeddable":true,"href":"https:\/\/www.hydraulic-cylinders.net\/da\/wp-json\/wp\/v2\/comments?post=15430"}],"wp:featuredmedia":[{"embeddable":true,"href":"https:\/\/www.hydraulic-cylinders.net\/da\/wp-json\/wp\/v2\/media\/14762"}],"wp:attachment":[{"href":"https:\/\/www.hydraulic-cylinders.net\/da\/wp-json\/wp\/v2\/media?parent=15430"}],"wp:term":[{"taxonomy":"product_brand","embeddable":true,"href":"https:\/\/www.hydraulic-cylinders.net\/da\/wp-json\/wp\/v2\/product_brand?post=15430"},{"taxonomy":"product_cat","embeddable":true,"href":"https:\/\/www.hydraulic-cylinders.net\/da\/wp-json\/wp\/v2\/product_cat?post=15430"},{"taxonomy":"product_tag","embeddable":true,"href":"https:\/\/www.hydraulic-cylinders.net\/da\/wp-json\/wp\/v2\/product_tag?post=15430"}],"curies":[{"name":"wp","href":"https:\/\/api.w.org\/{rel}","templated":true}]}}