{"id":15437,"date":"2025-01-19T14:31:48","date_gmt":"2025-01-19T14:31:48","guid":{"rendered":"https:\/\/www.hydraulic-cylinders.net\/product\/bucket-cylinder-for-sany-middle-excavator-sy225c-9\/"},"modified":"2025-01-19T14:31:50","modified_gmt":"2025-01-19T14:31:50","slug":"bucket-cylinder-for-sany-middle-excavator-sy225c-9","status":"publish","type":"product","link":"https:\/\/www.hydraulic-cylinders.net\/da\/vare\/bucket-cylinder-for-sany-middle-excavator-sy225c-9\/","title":{"rendered":"Skovlcylinder til Sany mellemgraver SY225C-9"},"content":{"rendered":"<h1>Skovlcylinder til Sany mellemgraver SY225C-9<\/h1>\n<h2>Introduktion til spandcylinder<\/h2>\n<h3>Definition<\/h3>\n<p>En skovlcylinder er en specialiseret hydraulisk cylinder designet til at styre bev\u00e6gelsen af \u200b\u200bskovle i tunge maskiner s\u00e5som gravemaskiner, rendegravere og frontl\u00e6ssere. Dens hovedfunktion er at g\u00f8re det muligt for skovlen at l\u00f8fte, s\u00e6nke og vippe, hvilket g\u00f8r det lettere at h\u00e5ndtere forskellige materialer. I det hydrauliske system muligg\u00f8r skovlcylinderen pr\u00e6cis styring af skovlen ved at \u00e6ndre trykket i hydraulikolien, hvilket g\u00f8r det muligt for operat\u00f8rer effektivt at h\u00e5ndtere tunge belastninger og tilpasse sig komplekse arbejdsmilj\u00f8er og forskellige jobkrav.<\/p>\n<p><img decoding=\"async\" src=\"https:\/\/www.hydraulic-cylinders.net\/wp-content\/uploads\/2025\/01\/songte-company-2.webp\" alt=\"Billede af spandcylinder\"><\/p>\n<h2>Funktioner ved spandcylinder<\/h2>\n<ul>\n<li>H\u00f8j styrke og holdbarhed: Normalt lavet af h\u00f8jstyrkest\u00e5l eller aluminium, i stand til at modst\u00e5 h\u00f8jt tryk og tunge belastninger, tilpasningsdygtig til barske arbejdsmilj\u00f8er, designet til slidstyrke og korrosionsbestandighed, hvilket forl\u00e6nger levetiden.<\/li>\n<li>Effektiv hydraulisk betjening: J\u00e6vne ud- og tilbagetr\u00e6kningsbev\u00e6gelser opn\u00e5s ved hj\u00e6lp af hydraulikolietryk, der er i stand til at reagere hurtigt p\u00e5 styrekommandoer og giver kraftige tr\u00e6k- og trykkr\u00e6fter, der er velegnede til h\u00e5ndtering af tunge belastninger og komplekse opgaver.<\/li>\n<li>Forskellige typer: Enkeltvirkende (hydraulisk anvendt i kun \u00e9n retning) eller dobbeltvirkende (hydraulisk anvendt i to retninger) cylinder kan v\u00e6lges efter specifikke driftsbehov. Nogle modeller er teleskopiske, hvilket muligg\u00f8r st\u00f8rre udtr\u00e6k uden at \u00f8ge de udvendige dimensioner og er velegnede til applikationer med begr\u00e6nset plads.<\/li>\n<\/ul>\n<p>Vi kan producere dette produkt, og vores produkt kan perfekt erstatte disse hydrauliske cylindre.<\/p>\n<p><img decoding=\"async\" src=\"https:\/\/www.hydraulic-cylinders.net\/wp-content\/uploads\/2025\/01\/songte-cylinder-head-with-all-kinds-excavator-models.webp\" alt=\"Billede af spandcylinder\"><\/p>\n<h2>Anvendelser af spandcylinder<\/h2>\n<p>Skovlcylindre anvendes i vid udstr\u00e6kning i forskellige tunge maskiner. Nedenfor er nogle af de almindelige anvendelser:<\/p>\n<h3>Entrepren\u00f8rudstyr<\/h3>\n<p>I gravemaskiner er de afg\u00f8rende for at grave, l\u00e6sse og flytte jord eller affald. I rendegravere hj\u00e6lper skovlcylinderen med b\u00e5de gravning og l\u00f8ft. <\/p>\n<h3>Landbrugsmaskiner<\/h3>\n<p>Anvendes i frontl\u00e6ssere til at opgrave, l\u00f8fte og transportere jord, h\u00f8 og andre materialer. <\/p>\n<h3>Gravemaskine<\/h3>\n<p>Skovlcylinderen opn\u00e5r udgravningseffekt ved at lade skovlen tr\u00e6nge ned i jorden.<\/p>\n<h3>L\u00e6sser<\/h3>\n<p>I frontl\u00e6ssere hj\u00e6lper de med at l\u00f8fte og vippe last effektivt.<\/p>\n<h2>Designovervejelser og udv\u00e6lgelseskriterier<\/h2>\n<p>Skovlcylindre er designet med forskellige faktorer i tankerne, s\u00e5som b\u00e6reevne, t\u00e6tning, holdbarhed, sikkerhed og vedligeholdelsesvenlighed. <\/p>\n<h3>B\u00e6reevne<\/h3>\n<p>Valget af cylinder b\u00f8r baseres p\u00e5 v\u00e6gten af \u200b\u200bden last, der l\u00f8ftes, og det hydrauliske tryk, der kr\u00e6ves for at l\u00f8fte den. <\/p>\n<h3>Forsegling<\/h3>\n<p>Forskellige t\u00e6tningskomponenter s\u00e5som stempelt\u00e6tninger og stangt\u00e6tninger kan bruges til at sikre l\u00e6kagefri drift. Materialer som polyurethan og nitrilgummi bruges typisk til t\u00e6tningskomponenter for at sikre slidstyrke. Cylinderhuset og gevindendefladerne er fint forarbejdet for at forbedre slidstyrken. Regelm\u00e6ssig tils\u00e6tning af passende hydraulikolie er n\u00f8dvendig for at sm\u00f8re den. <\/p>\n<h3>Holdbarhed<\/h3>\n<p>Cylinderen skal v\u00e6re konstrueret til at modst\u00e5 barske milj\u00f8forhold og modst\u00e5 slid. <\/p>\n<h3>Sikkerhed og vedligeholdelse<\/h3>\n<p>Skovlcylindre b\u00f8r v\u00e6re designet med sikkerhedsfunktioner s\u00e5som trykaflastningsventiler og brudskiver for at forhindre overbelastning. Vedligeholdelse og reparation b\u00f8r g\u00f8res let ved at designe cylindre med tilg\u00e6ngelige komponenter, let afmonterbare dele og udskiftelige pakninger. <\/p>\n<p><img decoding=\"async\" src=\"https:\/\/www.hydraulic-cylinders.net\/wp-content\/uploads\/2025\/01\/songte-oil-pipes-and-spare-parts.webp\" alt=\"Billede af spandcylinder\"><\/p>\n<h2>Vedligeholdelse og reparation<\/h2>\n<p>Regelm\u00e6ssig vedligeholdelse og reparation af skovlcylindre er n\u00f8dvendig for at sikre optimal ydeevne og lang levetid. Nedenfor er nogle almindelige vedligeholdelsesopgaver:<\/p>\n<h3>Regelm\u00e6ssig inspektion<\/h3>\n<p>Der b\u00f8r udf\u00f8res periodisk inspektion af cylinderen for at opdage eventuelle skader eller slid p\u00e5 pakninger og andre komponenter. <\/p>\n<h3>Sm\u00f8ring<\/h3>\n<p>Korrekt sm\u00f8ring er n\u00f8dvendig for at sikre problemfri drift af cylinderen. Manglende sm\u00f8ring kan for\u00e5rsage skader og reducere levetiden.<\/p>\n<h3>Udskiftning af pakning og kalibreringskontrol<\/h3>\n<p>Pakninger b\u00f8r udskiftes med j\u00e6vne mellemrum for at forhindre l\u00e6kager. Kalibreringskontroller b\u00f8r ogs\u00e5 udf\u00f8res for at sikre korrekt placering af cylinderen. <\/p>\n<p><img decoding=\"async\" src=\"https:\/\/www.hydraulic-cylinders.net\/wp-content\/uploads\/2025\/01\/songte-chushion-collar.webp\" alt=\"Billede af spandcylinder\"><\/p>\n<h2>Sikkerhedshensyn og milj\u00f8faktorer<\/h2>\n<p>Skovlcylindre skal betjenes med sikkerhed for \u00f8je. Sikkerhedsforanstaltninger s\u00e5som trykaflastningsventiler og brudskiver b\u00f8r anvendes for at forhindre overbelastning og utilsigtet skade. <\/p>\n<h2>Fejlfinding og almindelige problemer<\/h2>\n<p>Nogle almindelige problemer, der kan opst\u00e5 med skovlcylindre, omfatter v\u00e6skel\u00e6kager, cylinderdrift og reduceret effekt. For at diagnosticere og l\u00f8se disse problemer er det vigtigt at inspicere og vedligeholde cylinderen korrekt.<\/p>\n<h2>Om vores virksomhed<\/h2>\n<p>Vi er en producent af hydrauliske udskiftningscylindre. Vores virksomhed tilbyder en bred vifte af produkter og er blevet en af \u200b\u200bde f\u00f8rende producenter og grossister af hydrauliske cylindre p\u00e5 b\u00e5de indenlandske og internationale markeder. Vi overholder princippet om fremragende kvalitet og bygger p\u00e5 den industrialiserede produktionsstyringsstrategi, der kendetegner et sofistikeret produktionsv\u00e6rksted. Vi forbedrer l\u00f8bende vores produktionsplatform, forfiner vores produktionsruter for produktkvalitet og har st\u00e6rke kreative evner. Vi im\u00f8dekommer vores kunders forskellige behov med h\u00f8j effektivitet, h\u00f8j pr\u00e6cision og h\u00f8j kvalitet. <\/p>\n<p><img decoding=\"async\" src=\"https:\/\/hzpt.com\/wp-content\/uploads\/2024\/11\/songte-company-1.webp\" alt=\"Billede af spandcylinder\"><\/p>\n<h3>Professionalitet<\/h3>\n<p>Vores team best\u00e5r af erfarne fagfolk, der er dedikeret til at levere produkter og tjenester af h\u00f8jeste kvalitet til vores kunder. <\/p>\n<h3>International certificering<\/h3>\n<p>Vores produkter er certificeret efter internationale standarder som ISO, CE og RoHS, hvilket sikrer, at de opfylder de h\u00f8jeste kvalitets- og sikkerhedsstandarder. <\/p>\n<h3>Tilpasningstjenester<\/h3>\n<p>Vi leverer skr\u00e6ddersyede hydrauliske cylindre i henhold til vores kunders specifikke behov og krav.<\/p>\n<h3>Produktionsudstyr<\/h3>\n<p>Vores virksomhed bruger digitalt, avanceret produktionsudstyr og professionelle testsystemer for at sikre, at vores produkter opfylder strenge kvalitetskontrolstandarder.<\/p>\n<h3>Eftersalgsservice<\/h3>\n<p>Vi tilbyder kunder omfattende eftersalgsservice, herunder reparations- og vedligeholdelsestjenester, reservedele og ombygningstjenester samt teknisk support og fejlfinding. <\/p>\n<p>Forfatter: lyl<\/p>\n<p><img decoding=\"async\" src=\"https:\/\/www.hydraulic-cylinders.net\/wp-content\/uploads\/2025\/01\/songte-bushings-with-all-kinds-of-excavator-models.webp\" alt=\"Billede af spandcylinder\"><\/p>","protected":false},"excerpt":{"rendered":"<p>Bucket Cylinder For Sany Middle Excavator SY225C-9 Introduction to Bucket Cylinder Definition A bucket cylinder is a specialized hydraulic cylinder designed to control the movement of buckets in heavy machinery such as excavators, backhoe loaders and front-end loaders. Its main function is to enable the bucket to lift, lower and tilt, making it easier to [&hellip;]<\/p>","protected":false},"featured_media":14782,"comment_status":"open","ping_status":"closed","template":"","meta":{"_et_pb_use_builder":"","_et_pb_old_content":"","_et_gb_content_width":""},"product_brand":[],"product_cat":[1494],"product_tag":[1495,1496],"class_list":{"0":"post-15437","1":"product","2":"type-product","3":"status-publish","4":"has-post-thumbnail","6":"product_cat-bucket-cylinders","7":"product_tag-bucket-cylinders","8":"product_tag-hydraulic-cylinders","10":"first","11":"instock","12":"shipping-taxable","13":"product-type-simple"},"amp_enabled":true,"_links":{"self":[{"href":"https:\/\/www.hydraulic-cylinders.net\/da\/wp-json\/wp\/v2\/product\/15437","targetHints":{"allow":["GET"]}}],"collection":[{"href":"https:\/\/www.hydraulic-cylinders.net\/da\/wp-json\/wp\/v2\/product"}],"about":[{"href":"https:\/\/www.hydraulic-cylinders.net\/da\/wp-json\/wp\/v2\/types\/product"}],"replies":[{"embeddable":true,"href":"https:\/\/www.hydraulic-cylinders.net\/da\/wp-json\/wp\/v2\/comments?post=15437"}],"wp:featuredmedia":[{"embeddable":true,"href":"https:\/\/www.hydraulic-cylinders.net\/da\/wp-json\/wp\/v2\/media\/14782"}],"wp:attachment":[{"href":"https:\/\/www.hydraulic-cylinders.net\/da\/wp-json\/wp\/v2\/media?parent=15437"}],"wp:term":[{"taxonomy":"product_brand","embeddable":true,"href":"https:\/\/www.hydraulic-cylinders.net\/da\/wp-json\/wp\/v2\/product_brand?post=15437"},{"taxonomy":"product_cat","embeddable":true,"href":"https:\/\/www.hydraulic-cylinders.net\/da\/wp-json\/wp\/v2\/product_cat?post=15437"},{"taxonomy":"product_tag","embeddable":true,"href":"https:\/\/www.hydraulic-cylinders.net\/da\/wp-json\/wp\/v2\/product_tag?post=15437"}],"curies":[{"name":"wp","href":"https:\/\/api.w.org\/{rel}","templated":true}]}}