{"id":15438,"date":"2025-01-19T14:31:52","date_gmt":"2025-01-19T14:31:52","guid":{"rendered":"https:\/\/www.hydraulic-cylinders.net\/product\/bucket-cylinder-for-sany-middle-excavator-sy235cq\/"},"modified":"2025-01-19T14:31:54","modified_gmt":"2025-01-19T14:31:54","slug":"bucket-cylinder-for-sany-middle-excavator-sy235cq","status":"publish","type":"product","link":"https:\/\/www.hydraulic-cylinders.net\/da\/vare\/bucket-cylinder-for-sany-middle-excavator-sy235cq\/","title":{"rendered":"Skovlcylinder til Sany mellemgraver SY235CQ"},"content":{"rendered":"<h1>Skovlcylinder til Sany mellemgraver SY235CQ<\/h1>\n<h2>Indledning<\/h2>\n<p>En skovlcylinder er en specialdesignet hydraulisk cylinder, der prim\u00e6rt bruges til at styre skovlens bev\u00e6gelse i tunge maskiner s\u00e5som gravemaskiner, rendegravere og frontl\u00e6ssere. Dens hovedfunktion er at g\u00f8re det muligt for skovlen at l\u00f8fte, s\u00e6nke og vippe, hvilket g\u00f8r det lettere at udf\u00f8re forskellige materialeh\u00e5ndteringsopgaver. I det hydrauliske system opn\u00e5r skovlcylinderen pr\u00e6cis kontrol over skovlen gennem \u00e6ndringer i hydraulikolietrykket, hvilket giver f\u00f8reren mulighed for effektivt at h\u00e5ndtere tunge l\u00e6s og tilpasse sig komplekse arbejdsmilj\u00f8er og forskellige jobkrav.<\/p>\n<p><img decoding=\"async\" src=\"https:\/\/www.hydraulic-cylinders.net\/wp-content\/uploads\/2025\/01\/songte-company-2.webp\" alt=\"Billede af spandcylinder\"><\/p>\n<h2>Funktioner<\/h2>\n<ul>\n<li>H\u00f8j styrke og holdbarhed: Typisk lavet af h\u00f8jstyrkest\u00e5l eller aluminium, kan det modst\u00e5 h\u00f8jt tryk og tunge belastninger, tilpasse sig barske arbejdsmilj\u00f8er og tage hensyn til slidstyrke og korrosionsbestandighed i designet for at forl\u00e6nge levetiden.<\/li>\n<li>Effektiv hydraulisk drift: J\u00e6vne forl\u00e6ngelses- og sammentr\u00e6kningsbev\u00e6gelser opn\u00e5s ved hj\u00e6lp af hydraulisk olietryk, hvilket giver kraftige skubbe- og tr\u00e6kkr\u00e6fter, der er egnede til h\u00e5ndtering af tunge belastninger og komplekse arbejdsopgaver.<\/li>\n<li>Forskellige typer: Enkeltvirkende (hydraulisk anvendt i kun \u00e9n retning) eller dobbeltvirkende (hydraulisk anvendt i begge retninger) cylindre kan v\u00e6lges efter behov for at opfylde forskellige driftskrav. Nogle modeller er teleskopiske, hvilket muligg\u00f8r st\u00f8rre udtr\u00e6k uden at \u00f8ge de udvendige dimensioner og er velegnede til applikationer med begr\u00e6nset plads.<\/li>\n<li>Kan erstatte hydrauliske cylindre fra andre m\u00e6rker: Vores produkter kan perfekt erstatte hydrauliske cylindre fra andre m\u00e6rker.<\/li>\n<\/ul>\n<p><img decoding=\"async\" src=\"https:\/\/www.hydraulic-cylinders.net\/wp-content\/uploads\/2025\/01\/songte-cylinder-head-with-all-kinds-excavator-models.webp\" alt=\"Billede af spandcylinder\"><\/p>\n<h2>Applikationer<\/h2>\n<ul>\n<li>Entrepren\u00f8rudstyr: I gravemaskiner er de afg\u00f8rende for udgravning, lastning og flytning af jord eller affald. I rendegravere hj\u00e6lper skovlcylinderen b\u00e5de med udgravning og l\u00f8ft. I frontl\u00e6ssere hj\u00e6lper de med at l\u00f8fte og t\u00f8mme last effektivt.<\/li>\n<li>Landbrugsmaskiner: Bruges i frontl\u00e6ssere til at udgrave, l\u00f8fte og transportere jord, h\u00f8 og andre materialer. <\/li>\n<li>Gravemaskiner: Skovlcylinderen muligg\u00f8r gravehandlinger ved at lade skovlen tr\u00e6nge ned i jorden. <\/li>\n<\/ul>\n<p>Hver af disse anvendelser kan forklares yderligere med mindst 200 ord.<\/p>\n<h2>Designovervejelser og udv\u00e6lgelseskriterier<\/h2>\n<ul>\n<li>B\u00e6reevne: Den hydrauliske cylinders b\u00e6reevne er afg\u00f8rende for at sikre, at enheden kan b\u00e6re og l\u00f8fte tunge belastninger. <\/li>\n<li>T\u00e6tningsevne: T\u00e6tninger af h\u00f8j kvalitet er n\u00f8dvendige for at forhindre l\u00e6kage af hydraulisk v\u00e6ske og opretholde en problemfri drift. <\/li>\n<li>Holdbarhed: Den hydrauliske cylinder skal kunne modst\u00e5 og tilpasse sig barske driftsmilj\u00f8er for at sikre dens lange levetid. <\/li>\n<li>Sikkerhed: Sikkerhedsfunktioner s\u00e5som trykaflastningsventiler og sikkerhedsventiler skal indarbejdes i designet for at sikre, at enheden fungerer sikkert og effektivt.<\/li>\n<li>Vedligeholdelse: Hydraulikcylinderen skal v\u00e6re nem at vedligeholde og reparere, med let tilg\u00e6ngelige reservedele og tilbeh\u00f8r.<\/li>\n<\/ul>\n<p><img decoding=\"async\" src=\"https:\/\/www.hydraulic-cylinders.net\/wp-content\/uploads\/2025\/01\/songte-oil-pipes-and-spare-parts.webp\" alt=\"Billede af spandcylinder\"><\/p>\n<h2>T\u00e6tning og sm\u00f8ring af cylinderen<\/h2>\n<p>Forskellige t\u00e6tningskomponenter, s\u00e5som stempelt\u00e6tninger og stangt\u00e6tninger, bruges til at opretholde en t\u00e6t forsegling mellem den hydrauliske cylinders bev\u00e6gelige dele og forhindre l\u00e6kage af hydraulisk v\u00e6ske. T\u00e6tningerne er lavet af slidst\u00e6rke materialer s\u00e5som polyurethan, nitrilgummi og andre materialer, der kan modst\u00e5 barske driftsforhold. Derudover er cylinderhuset og gevindfladerne fint forarbejdet for at forbedre slidstyrken. Regelm\u00e6ssig sm\u00f8ring med den passende m\u00e6ngde hydraulikolie er n\u00f8dvendig for at opretholde en j\u00e6vn drift.<\/p>\n<p><img decoding=\"async\" src=\"https:\/\/www.hydraulic-cylinders.net\/wp-content\/uploads\/2025\/01\/songte-chushion-collar.webp\" alt=\"Billede af spandcylinder\"><\/p>\n<h2>Regelm\u00e6ssig inspektion og forebyggende vedligeholdelse<\/h2>\n<p>Regelm\u00e6ssig inspektion og forebyggende vedligeholdelse er afg\u00f8rende for at sikre den hydrauliske cylinders problemfri og sikre drift. F\u00f8lgende er nogle almindelige vedligeholdelsesopgaver:<\/p>\n<ul>\n<li>Regelm\u00e6ssig inspektion og sm\u00f8ring af bev\u00e6gelige dele<\/li>\n<li>Udskiftning af slidte eller beskadigede pakninger<\/li>\n<li>Kalibreringsinspektion for at sikre cylinderens n\u00f8jagtighed og sikkerhed<\/li>\n<\/ul>\n<p>Det er vigtigt at justere cylinderen korrekt under installationen og bruge passende monteringsbeslag til at fastg\u00f8re cylinderen. Vi anbefaler at f\u00f8lge de anbefalede inspektions-, reparations- og udskiftningsprocedurer for at forl\u00e6nge cylinderens levetid.<\/p>\n<h2>Sikkerhedshensyn og milj\u00f8faktorer<\/h2>\n<p>Sikkerhedsforanstaltninger er afg\u00f8rende ved brug af hydrauliske cylindre for at forhindre ulykker og sikre medarbejdernes sikkerhed. Det er ogs\u00e5 vigtigt at overveje milj\u00f8p\u00e5virkningen af \u200b\u200bbrugen af \u200b\u200bhydrauliske cylindre og sikre korrekt bortskaffelse af hydrauliske v\u00e6sker og andet affald.<\/p>\n<h2>Almindelig fejldiagnose og l\u00f8sninger<\/h2>\n<p>Almindelige fejl i hydrauliske cylindre omfatter v\u00e6skel\u00e6kage, utilstr\u00e6kkeligt tryk og un\u00f8jagtig positionering. Korrekt diagnose og rettidig reparation er n\u00f8dvendig for at forhindre skader og sikre den hydrauliske cylinders sikre og problemfri drift. Regelm\u00e6ssig inspektion og forebyggende vedligeholdelse kan hj\u00e6lpe med at identificere og l\u00f8se potentielle problemer.<\/p>\n<p><img decoding=\"async\" src=\"https:\/\/www.hydraulic-cylinders.net\/wp-content\/uploads\/2025\/01\/songte-bushings-with-all-kinds-of-excavator-models.webp\" alt=\"Billede af spandcylinder\"><\/p>\n<h2>Om vores virksomhed<\/h2>\n<p>Vi er en producent af hydrauliske cylindre, der kan erstatte hydrauliske cylindre fra andre m\u00e6rker. Med et komplet udvalg af produkttyper er vi blevet en af \u200b\u200bde f\u00f8rende producenter og engrosdistribut\u00f8rer af hydrauliske cylindre p\u00e5 det indenlandske og internationale marked. Vi overholder princippet om fremragende kvalitet og bruger den industrielle produktionsstyringsstrategi fra fine produktionsv\u00e6rksteder til l\u00f8bende at forbedre v\u00e6rkstedets produktionsplatform, forbedre produktkvaliteten i produktionslinjen og have st\u00e6rke kreative evner, der leverer effektive, h\u00f8jpr\u00e6cisions- og kvalitetsprodukter, der opfylder kundernes forskellige behov.<\/p>\n<p><img decoding=\"async\" src=\"https:\/\/hzpt.com\/wp-content\/uploads\/2024\/11\/songte-company-1.webp\" alt=\"Billede af spandcylinder\"><\/p>\n<p>Vi tilbyder professionelle tjenester, international certificering, skr\u00e6ddersyede tjenester, produktionsudstyr og eftersalgsservice. Vores produkter fremstilles af teknisk personale, der bruger digitalt avanceret produktionsudstyr og professionelle testsystemer, og som l\u00f8bende forbedrer kvaliteten af \u200b\u200bproduktionsplatformen og leverer produkter og tjenester af h\u00f8j kvalitet, der opfylder kundernes krav.<\/p>\n<p>Forfatter: lyl.<\/p>","protected":false},"excerpt":{"rendered":"<p>Bucket Cylinder For Sany Middle Excavator SY235CQ Introduction A bucket cylinder is a specially designed hydraulic cylinder primarily used to control the movement of the bucket in heavy machinery such as excavators, backhoe excavators, and front-end loaders. Its main function is to enable the bucket to lift, lower, and tilt, making it easier for various [&hellip;]<\/p>","protected":false},"featured_media":14780,"comment_status":"open","ping_status":"closed","template":"","meta":{"_et_pb_use_builder":"","_et_pb_old_content":"","_et_gb_content_width":""},"product_brand":[],"product_cat":[1494],"product_tag":[1495,1496],"class_list":{"0":"post-15438","1":"product","2":"type-product","3":"status-publish","4":"has-post-thumbnail","6":"product_cat-bucket-cylinders","7":"product_tag-bucket-cylinders","8":"product_tag-hydraulic-cylinders","10":"first","11":"instock","12":"shipping-taxable","13":"product-type-simple"},"amp_enabled":true,"_links":{"self":[{"href":"https:\/\/www.hydraulic-cylinders.net\/da\/wp-json\/wp\/v2\/product\/15438","targetHints":{"allow":["GET"]}}],"collection":[{"href":"https:\/\/www.hydraulic-cylinders.net\/da\/wp-json\/wp\/v2\/product"}],"about":[{"href":"https:\/\/www.hydraulic-cylinders.net\/da\/wp-json\/wp\/v2\/types\/product"}],"replies":[{"embeddable":true,"href":"https:\/\/www.hydraulic-cylinders.net\/da\/wp-json\/wp\/v2\/comments?post=15438"}],"wp:featuredmedia":[{"embeddable":true,"href":"https:\/\/www.hydraulic-cylinders.net\/da\/wp-json\/wp\/v2\/media\/14780"}],"wp:attachment":[{"href":"https:\/\/www.hydraulic-cylinders.net\/da\/wp-json\/wp\/v2\/media?parent=15438"}],"wp:term":[{"taxonomy":"product_brand","embeddable":true,"href":"https:\/\/www.hydraulic-cylinders.net\/da\/wp-json\/wp\/v2\/product_brand?post=15438"},{"taxonomy":"product_cat","embeddable":true,"href":"https:\/\/www.hydraulic-cylinders.net\/da\/wp-json\/wp\/v2\/product_cat?post=15438"},{"taxonomy":"product_tag","embeddable":true,"href":"https:\/\/www.hydraulic-cylinders.net\/da\/wp-json\/wp\/v2\/product_tag?post=15438"}],"curies":[{"name":"wp","href":"https:\/\/api.w.org\/{rel}","templated":true}]}}