{"id":15446,"date":"2025-01-19T14:32:24","date_gmt":"2025-01-19T14:32:24","guid":{"rendered":"https:\/\/www.hydraulic-cylinders.net\/product\/bucket-cylinder-for-sany-large-excavator-sy335-8\/"},"modified":"2025-01-19T14:32:31","modified_gmt":"2025-01-19T14:32:31","slug":"bucket-cylinder-for-sany-large-excavator-sy335-8","status":"publish","type":"product","link":"https:\/\/www.hydraulic-cylinders.net\/da\/vare\/bucket-cylinder-for-sany-large-excavator-sy335-8\/","title":{"rendered":"Skovlcylinder til Sany stor gravemaskine SY335-8"},"content":{"rendered":"<h1>Skovlcylinder til Sany stor gravemaskine SY335-8<\/h1>\n<h2>Indledning<\/h2>\n<p>Skovlcylinderen er en specialiseret hydraulisk cylinder, der er designet til at styre skovlens bev\u00e6gelse i tunge maskiner s\u00e5som gravemaskiner, rendegravere og frontl\u00e6ssere. Dens hovedfunktion er at muligg\u00f8re l\u00f8ft, s\u00e6nkning og vipning af skovlen, hvilket g\u00f8r det lettere at udf\u00f8re forskellige materialeh\u00e5ndteringsopgaver. I det hydrauliske system opn\u00e5r skovlcylinderen pr\u00e6cis kontrol over skovlen ved at bruge tryk\u00e6ndringerne i hydraulikolien, hvilket giver operat\u00f8rerne mulighed for effektivt at h\u00e5ndtere tunge belastninger og tilpasse sig komplekse arbejdsmilj\u00f8er og forskellige jobkrav.<\/p>\n<p><img decoding=\"async\" src=\"https:\/\/www.hydraulic-cylinders.net\/wp-content\/uploads\/2025\/01\/songte-company-2.webp\" alt=\"Billede af spandcylinder\"><\/p>\n<h2>Funktioner<\/h2>\n<ul>\n<li>H\u00f8j styrke og holdbarhed: Typisk fremstillet af h\u00f8jstyrkest\u00e5l eller aluminium, i stand til at modst\u00e5 h\u00f8jt tryk og tunge belastninger, tilpasse sig barske arbejdsmilj\u00f8er og designet med hensyntagen til slidstyrke og korrosionsbestandighed for at forl\u00e6nge dens levetid.<\/li>\n<li>Effektiv hydraulisk drift: Udnytter trykket fra hydraulikolien til at opn\u00e5 j\u00e6vne ud- og tilbagetr\u00e6kningsbev\u00e6gelser, hvilket giver kraftige skubbe- og tr\u00e6kkr\u00e6fter, der er velegnede til h\u00e5ndtering af tunge belastninger og komplekse arbejdsopgaver.<\/li>\n<li>Forskellige typer: Kan v\u00e6lges som enkeltvirkende (hydraulisk tryk anvendes kun i \u00e9n retning) eller dobbeltvirkende (hydraulisk tryk anvendt i begge retninger) cylindre i henhold til kravene. Nogle modeller er teleskopiske, hvilket giver mulighed for st\u00f8rre udtr\u00e6k uden at \u00f8ge de udvendige dimensioner og er velegnede til applikationer med begr\u00e6nset plads.<\/li>\n<li>Perfekt udskiftning: Vores produkter kan perfekt erstatte disse hydrauliske cylindre.<\/li>\n<\/ul>\n<p><img decoding=\"async\" src=\"https:\/\/www.hydraulic-cylinders.net\/wp-content\/uploads\/2025\/01\/songte-cylinder-head-with-all-kinds-excavator-models.webp\" alt=\"Produktbillede\"><\/p>\n<h2>Applikationer<\/h2>\n<p>Skovlcylindre anvendes almindeligvis i f\u00f8lgende anvendelser:<\/p>\n<ul>\n<li>Entrepren\u00f8rudstyr: Findes i gravemaskiner, hvor de er afg\u00f8rende for at grave, l\u00e6sse og flytte jord eller affald. I rendegravere hj\u00e6lper skovlcylindre med b\u00e5de at grave og l\u00f8fte.<\/li>\n<li>Landbrugsmaskiner: Bruges i frontl\u00e6ssere til at udgrave, l\u00f8fte og transportere jord, h\u00f8 og andre materialer.<\/li>\n<li>Gravemaskiner: Skovlcylindere muligg\u00f8r gravefunktionen ved at lade skovlen tr\u00e6nge ned i jorden.<\/li>\n<li>L\u00e6ssere: Frontl\u00e6ssere hj\u00e6lper med at l\u00f8fte og losse gods effektivt.<\/li>\n<\/ul>\n<h2>Designovervejelser og udv\u00e6lgelseskriterier<\/h2>\n<p>N\u00e5r det kommer til designhensyn og udv\u00e6lgelseskriterier for skovlcylindre, er f\u00f8lgende faktorer afg\u00f8rende:<\/p>\n<ul>\n<li>B\u00e6reevne<\/li>\n<li>Forsegling<\/li>\n<li>Holdbarhed<\/li>\n<li>Sikkerhed<\/li>\n<li>Vedligeholdelsesevne<\/li>\n<\/ul>\n<p><img decoding=\"async\" src=\"https:\/\/www.hydraulic-cylinders.net\/wp-content\/uploads\/2025\/01\/songte-oil-pipes-and-spare-parts.webp\" alt=\"Produktbillede\"><\/p>\n<h2>T\u00e6tning og sm\u00f8ring<\/h2>\n<p>Skovlcylinderen anvender forskellige t\u00e6tningselementer, s\u00e5som stempelt\u00e6tninger og stangt\u00e6tninger, lavet af slidst\u00e6rke materialer som polyurethan og nitrilgummi. Cylinderhuset og gevindenden gennemg\u00e5r fin bearbejdning for at forbedre slidstyrken. Regelm\u00e6ssig sm\u00f8ring med den passende m\u00e6ngde hydraulikolie er n\u00f8dvendig for at sikre problemfri drift.<\/p>\n<h2>Regelm\u00e6ssig inspektion og forebyggende vedligeholdelse<\/h2>\n<ul>\n<li>Kontroller regelm\u00e6ssigt for tegn p\u00e5 l\u00e6kage eller skader.<\/li>\n<li>S\u00f8rg for korrekt sm\u00f8ring.<\/li>\n<li>Udskift pakningerne om n\u00f8dvendigt.<\/li>\n<\/ul>\n<h2>Vejledning til korrekt produktinstallation<\/h2>\n<p>Korrekt installation af skovlcylinderen er afg\u00f8rende for optimal ydeevne. F\u00f8lg disse retningslinjer:<\/p>\n<ul>\n<li>S\u00f8rg for korrekt justering af cylinderen.<\/li>\n<li>Brug egnede monteringsbeslag til at fastg\u00f8re cylinderen.<\/li>\n<\/ul>\n<p><img decoding=\"async\" src=\"https:\/\/www.hydraulic-cylinders.net\/wp-content\/uploads\/2025\/01\/songte-chushion-collar.webp\" alt=\"Produktbillede\"><\/p>\n<h2>Almindelige vedligeholdelsesopgaver<\/h2>\n<p>Tre almindelige vedligeholdelsesopgaver for skovlcylindre omfatter:<\/p>\n<ul>\n<li>Regelm\u00e6ssige inspektioner<\/li>\n<li>Korrekt sm\u00f8ring<\/li>\n<li>Udskiftning af pakninger og kalibreringskontroller<\/li>\n<\/ul>\n<p>Korrekt installation, sm\u00f8ring og justering er afg\u00f8rende. Giv vejledning i korrekt justering af cylinderen. Anbefal brug af passende installationsbeslag til at fastg\u00f8re cylinderen. Foresl\u00e5 inspektions-, reparations- og udskiftningsprocedurer. Giv tips til at forl\u00e6nge produktets levetid.<\/p>\n<h2>Sikkerhedshensyn og milj\u00f8faktorer<\/h2>\n<p>Fremh\u00e6v vigtigheden af \u200b\u200bsikkerhedsforanstaltninger ved arbejde med skovlcylindre og brug af n\u00f8gleord. Omtal milj\u00f8faktorer, der er relevante for produktet.<\/p>\n<p><img decoding=\"async\" src=\"https:\/\/www.hydraulic-cylinders.net\/wp-content\/uploads\/2025\/01\/songte-bushings-with-all-kinds-of-excavator-models.webp\" alt=\"Produktbillede\"><\/p>\n<h2>Fejlfinding og almindelige problemer<\/h2>\n<p>Diskuter fejlfinding og almindelige problemer relateret til skovlcylindre. Giv tips og l\u00f8sninger til effektiv diagnose og probleml\u00f8sning. Tilbyd forebyggende foranstaltninger for at minimere potentielle problemer.<\/p>\n<h2>Om vores virksomhed<\/h2>\n<p>Vi er en producent, der specialiserer sig i udskiftning af hydrauliske cylindre. Med en bred vifte af produkter er vi blevet en af \u200b\u200bde f\u00f8rende producenter og engrosdistribut\u00f8rer af hydrauliske cylindre p\u00e5 b\u00e5de indenlandske og internationale markeder. Vores virksomhed f\u00f8lger principperne om ekspertise og anvender industriel produktionsstyring baseret p\u00e5 raffinerede produktionsv\u00e6rksteder. Vi forbedrer l\u00f8bende vores produktionsplatform og perfektionerer produktionsruten for produktkvalitet gennem anvendelse af tekniske talenter, avanceret digitalt produktionsudstyr og professionelle testsystemer. Med h\u00f8j effektivitet, pr\u00e6cision og kvalitet som vores principper opfylder vi vores kunders forskellige behov.<\/p>\n<p><img decoding=\"async\" src=\"https:\/\/www.hydraulic-cylinders.net\/wp-content\/uploads\/2025\/01\/songte-company-3.webp\" alt=\"Virksomhedens image\"><\/p>\n<p>Yderligere udbygge introduktionen til vores virksomhed baseret p\u00e5 professionalisme, internationale certificeringer, tilpassede tjenester, produktionsudstyr og eftersalgsservice.<\/p>\n<p>Forfatter: lyl<\/p>","protected":false},"excerpt":{"rendered":"<p>Bucket Cylinder For Sany Large Excavator SY335-8 Introduction The bucket cylinder is a specialized hydraulic cylinder designed to control the movement of the bucket in heavy machinery such as excavators, backhoe loaders, and front loaders. Its main function is to enable the lifting, lowering, and tilting of the bucket, making it easier for various material [&hellip;]<\/p>","protected":false},"featured_media":14761,"comment_status":"open","ping_status":"closed","template":"","meta":{"_et_pb_use_builder":"","_et_pb_old_content":"","_et_gb_content_width":""},"product_brand":[],"product_cat":[1494],"product_tag":[1495,1496],"class_list":{"0":"post-15446","1":"product","2":"type-product","3":"status-publish","4":"has-post-thumbnail","6":"product_cat-bucket-cylinders","7":"product_tag-bucket-cylinders","8":"product_tag-hydraulic-cylinders","10":"first","11":"instock","12":"shipping-taxable","13":"product-type-simple"},"amp_enabled":true,"_links":{"self":[{"href":"https:\/\/www.hydraulic-cylinders.net\/da\/wp-json\/wp\/v2\/product\/15446","targetHints":{"allow":["GET"]}}],"collection":[{"href":"https:\/\/www.hydraulic-cylinders.net\/da\/wp-json\/wp\/v2\/product"}],"about":[{"href":"https:\/\/www.hydraulic-cylinders.net\/da\/wp-json\/wp\/v2\/types\/product"}],"replies":[{"embeddable":true,"href":"https:\/\/www.hydraulic-cylinders.net\/da\/wp-json\/wp\/v2\/comments?post=15446"}],"wp:featuredmedia":[{"embeddable":true,"href":"https:\/\/www.hydraulic-cylinders.net\/da\/wp-json\/wp\/v2\/media\/14761"}],"wp:attachment":[{"href":"https:\/\/www.hydraulic-cylinders.net\/da\/wp-json\/wp\/v2\/media?parent=15446"}],"wp:term":[{"taxonomy":"product_brand","embeddable":true,"href":"https:\/\/www.hydraulic-cylinders.net\/da\/wp-json\/wp\/v2\/product_brand?post=15446"},{"taxonomy":"product_cat","embeddable":true,"href":"https:\/\/www.hydraulic-cylinders.net\/da\/wp-json\/wp\/v2\/product_cat?post=15446"},{"taxonomy":"product_tag","embeddable":true,"href":"https:\/\/www.hydraulic-cylinders.net\/da\/wp-json\/wp\/v2\/product_tag?post=15446"}],"curies":[{"name":"wp","href":"https:\/\/api.w.org\/{rel}","templated":true}]}}