{"id":15459,"date":"2025-01-19T14:33:22","date_gmt":"2025-01-19T14:33:22","guid":{"rendered":"https:\/\/www.hydraulic-cylinders.net\/product\/bucket-cylinder-for-xcmg-small-excavator-xe15\/"},"modified":"2025-01-19T14:33:24","modified_gmt":"2025-01-19T14:33:24","slug":"bucket-cylinder-for-xcmg-small-excavator-xe15","status":"publish","type":"product","link":"https:\/\/www.hydraulic-cylinders.net\/da\/vare\/bucket-cylinder-for-xcmg-small-excavator-xe15\/","title":{"rendered":"Skovlcylinder til XCMG lille gravemaskine XE15"},"content":{"rendered":"<h1>Skovlcylinder til XCMG lille gravemaskine XE15<\/h1>\n<h2>Indledning<\/h2>\n<p>En skovlcylinder er en type hydraulisk cylinder, der er specielt designet til at styre bev\u00e6gelsen af \u200b\u200bskovle i tunge maskiner s\u00e5som gravemaskiner, rendegravere og frontl\u00e6ssere. Dens hovedfunktion er at g\u00f8re det muligt at l\u00f8fte, s\u00e6nke og vippe skovlen, hvilket g\u00f8r det lettere at udf\u00f8re forskellige materialeh\u00e5ndteringsopgaver. I det hydrauliske system opn\u00e5r skovlcylinderen pr\u00e6cis kontrol over skovlen gennem \u00e6ndringer i trykket i hydraulikolien, hvilket giver operat\u00f8rer mulighed for effektivt at h\u00e5ndtere tunge belastninger og tilpasse sig komplekse arbejdsmilj\u00f8er og forskellige jobkrav.<\/p>\n<p><img decoding=\"async\" src=\"https:\/\/www.hydraulic-cylinders.net\/wp-content\/uploads\/2025\/01\/songte-company-2.webp\"><\/p>\n<h2>Funktioner<\/h2>\n<ul>\n<li><strong>H\u00f8j styrke og holdbarhed:<\/strong> Skovlcylinderen, der typisk er lavet af h\u00f8jstyrkest\u00e5l eller aluminium, kan modst\u00e5 h\u00f8jt tryk og tunge belastninger, hvilket g\u00f8r den velegnet til barske arbejdsmilj\u00f8er. Den er designet med slid- og korrosionsbestandighed i tankerne og har en l\u00e6ngere levetid.<\/li>\n<li><strong>Effektiv hydraulisk drift:<\/strong> Ved at bruge trykket fra hydraulikolien til at opn\u00e5 j\u00e6vn ud- og indtr\u00e6kning kan skovlcylinderen reagere hurtigt p\u00e5 betjeningskommandoer og give en st\u00e6rk skubbe- og tr\u00e6kkraft, der er velegnet til h\u00e5ndtering af tunge belastninger og komplekse driftsopgaver.<\/li>\n<li><strong>Forskellige typer:<\/strong> Skovlcylinderen kan v\u00e6lges som enkeltvirkende (kun hydraulisk i \u00e9n retning) eller dobbeltvirkende (hydraulisk i begge retninger) i henhold til specifikke driftskrav. Nogle modeller er teleskopiske, hvilket muligg\u00f8r st\u00f8rre udtr\u00e6k uden at \u00f8ge de udvendige dimensioner og er velegnede til applikationer med begr\u00e6nset plads.<\/li>\n<li><strong>Perfekt erstatning:<\/strong> Vores produkt kan perfekt erstatte disse hydrauliske cylindre.<\/li>\n<\/ul>\n<p><img decoding=\"async\" src=\"https:\/\/www.hydraulic-cylinders.net\/wp-content\/uploads\/2025\/01\/songte-cylinder-head-with-all-kinds-excavator-models.webp\"><\/p>\n<h2>Applikationer<\/h2>\n<p>Skovlcylindre er afg\u00f8rende for entrepren\u00f8rudstyr, herunder gravemaskiner, rendegravere og l\u00e6ssere. De bruges til at grave, l\u00e6sse og flytte jord eller affald. I rendegravere hj\u00e6lper skovlcylinderen b\u00e5de med udgravning og l\u00f8ft. I landbrugsmaskiner bruges den til frontl\u00e6ssere til at skovle, l\u00f8fte og transportere jord, h\u00f8 og andre materialer. I gravemaskiner tillader skovlcylinderen skovlen at tr\u00e6nge ned i jorden til udgravning. I frontl\u00e6ssere hj\u00e6lper den med effektivt at l\u00f8fte og t\u00f8mme gods.<\/p>\n<ul>\n<li><strong>Entrepren\u00f8rudstyr:<\/strong> Skovlcylindre er afg\u00f8rende for gravning, l\u00e6sning og flytning af jord eller affald i gravemaskiner, rendegravere og l\u00e6ssere.<\/li>\n<li><strong>Landbrugsmaskiner:<\/strong> De bruges til frontl\u00e6ssere til at udgrave, l\u00f8fte og transportere jord, h\u00f8 og andre materialer.<\/li>\n<li><strong>Gravemaskiner:<\/strong> Skovlcylindere g\u00f8r det muligt for skovlen at tr\u00e6nge ned i jorden under udgravning.<\/li>\n<li><strong>Frontl\u00e6ssere:<\/strong> De hj\u00e6lper med effektivt at l\u00f8fte og losse varer.<\/li>\n<\/ul>\n<h2>Designovervejelser og udv\u00e6lgelseskriterier<\/h2>\n<ul>\n<li><strong>B\u00e6reevne:<\/strong> Skovlcylinderen skal v\u00e6re konstrueret til at modst\u00e5 den maksimale belastning, den vil blive udsat for.<\/li>\n<li><strong>Forsegling:<\/strong> Skovlcylinderen skal v\u00e6re effektivt forseglet for at forhindre l\u00e6kage af hydraulisk v\u00e6ske, hvilket kan for\u00e5rsage skade p\u00e5 cylinderen og de omkringliggende komponenter.<\/li>\n<li><strong>Holdbarhed:<\/strong> Skovlcylinderen skal v\u00e6re lavet af materialer, der er modstandsdygtige over for slid og korrosion, hvilket forl\u00e6nger dens levetid.<\/li>\n<li><strong>Sikkerhed:<\/strong> Skovlcylinderen b\u00f8r v\u00e6re konstrueret med sikkerhedsfunktioner for at forhindre ulykker, s\u00e5som trykaflastningsventiler og l\u00e5semekanismer.<\/li>\n<li><strong>Vedligeholdelsesevne:<\/strong> Skovlcylinderen b\u00f8r v\u00e6re designet til at lette vedligeholdelse og reparation, med nem adgang til interne komponenter og klare instruktioner til demontering og samling.<\/li>\n<\/ul>\n<p><img decoding=\"async\" src=\"https:\/\/www.hydraulic-cylinders.net\/wp-content\/uploads\/2025\/01\/songte-oil-pipes-and-spare-parts.webp\"><\/p>\n<h2>T\u00e6tning og sm\u00f8ring<\/h2>\n<p>Skovlcylinderen bruger forskellige t\u00e6tningskomponenter s\u00e5som stempelt\u00e6tninger og stangt\u00e6tninger lavet af slidst\u00e6rke materialer som polyurethan og nitrilgummi. Cylinderens indvendige overflade og gevindenden er pr\u00e6cist bearbejdet for at forbedre slidstyrken. Regelm\u00e6ssig sm\u00f8ring med den passende m\u00e6ngde hydraulikolie er n\u00f8dvendig for at opretholde optimal ydeevne.<\/p>\n<h2>Inspektion og forebyggende vedligeholdelse<\/h2>\n<ul>\n<li>Der b\u00f8r udf\u00f8res regelm\u00e6ssige inspektioner for at opdage tegn p\u00e5 slitage, l\u00e6kager eller andre skader p\u00e5 cylinderen.<\/li>\n<li>Korrekt sm\u00f8ring af cylinderen og de omkringliggende komponenter er n\u00f8dvendig for at sikre problemfri drift og forhindre slitage.<\/li>\n<li>Pakninger b\u00f8r udskiftes med j\u00e6vne mellemrum for at forhindre l\u00e6kager og sikre korrekt drift.<\/li>\n<li>Kalibreringskontroller b\u00f8r udf\u00f8res for at sikre, at cylinderen fungerer inden for de angivne gr\u00e6nser.<\/li>\n<\/ul>\n<p><img decoding=\"async\" src=\"https:\/\/www.hydraulic-cylinders.net\/wp-content\/uploads\/2025\/01\/songte-chushion-collar.webp\"><\/p>\n<h2>Sikkerhedshensyn og milj\u00f8faktorer<\/h2>\n<p>N\u00e5r man bruger skovlcylindre, er det vigtigt at f\u00f8lge sikkerhedsforanstaltninger for at forhindre ulykker. Dette omfatter at sikre, at udstyret vedligeholdes korrekt, kun betjenes af uddannet personale og anvendes i overensstemmelse med sikkerhedsforskrifterne. Milj\u00f8faktorer som temperatur, fugtighed og eksponering for \u00e6tsende materialer skal ogs\u00e5 tages i betragtning.<\/p>\n<h2>Fejlfinding og almindelige problemer<\/h2>\n<ul>\n<li>L\u00e6kager: Dette kan skyldes slitage eller beskadigelse af pakninger eller andre komponenter. Pakninger b\u00f8r udskiftes hurtigst muligt for at forhindre yderligere skader.<\/li>\n<li>Langsom drift: Dette skyldes ofte manglende sm\u00f8ring eller slidte komponenter. Sm\u00f8ring og udskiftning af slidte dele kan l\u00f8se dette problem.<\/li>\n<li>Overdreven st\u00f8j: Dette kan skyldes slidte eller beskadigede komponenter. Udskiftning af de ber\u00f8rte dele kan l\u00f8se dette problem.<\/li>\n<\/ul>\n<h2>Virksomhedsintroduktion<\/h2>\n<p>Vi er producent af hydrauliske cylindre og er blevet en af \u200b\u200bde f\u00f8rende producenter og engrosdistribut\u00f8rer af hydrauliske cylindre p\u00e5 b\u00e5de indenlandske og internationale markeder. Vi f\u00f8lger principperne om fremragende kvalitet og bruger produktionsstyringsstrategier i raffinerede produktionsv\u00e6rksteder. Vi forbedrer l\u00f8bende v\u00e6rkstedets produktionsplatform, forbedrer produkternes produktionskvalitet og har st\u00e6rke innovationsevner, der leverer effektive, pr\u00e6cise og h\u00f8jkvalitetsprodukter, der opfylder kundernes forskellige behov.<\/p>\n<ul>\n<li><strong>Professionalitet:<\/strong> Vores team best\u00e5r af erfarne ingeni\u00f8rer og teknikere, der er dedikeret til at levere produkter og tjenester af h\u00f8j kvalitet.<\/li>\n<li><strong>International certificering:<\/strong> Vi har opn\u00e5et ISO9001-certificering, hvilket sikrer, at vores produkter lever op til internationale kvalitetsstandarder.<\/li>\n<li><strong>Tilpasning:<\/strong> Vi tilbyder tilpasningstjenester for at im\u00f8dekomme vores kunders unikke behov.<\/li>\n<li><strong>Produktionsudstyr:<\/strong> Vi bruger avanceret produktionsudstyr for at sikre kvaliteten af \u200b\u200bvores produkter.<\/li>\n<li><strong>Eftersalgsservice:<\/strong> Vi tilbyder omfattende eftersalgsservice, herunder vedligeholdelse, reparation og udskiftning af dele.<\/li>\n<\/ul>\n<p><img decoding=\"async\" src=\"https:\/\/hzpt.com\/wp-content\/uploads\/2024\/11\/songte-company-1.webp\"> <\/p>\n<p>Forfatter: lyl<\/p>","protected":false},"excerpt":{"rendered":"<p>Bucket Cylinder For XCMG Small Excavator XE15 Introduction A bucket cylinder is a type of hydraulic cylinder specifically designed to control the movement of buckets in heavy machinery such as excavators, backhoes, and front-end loaders. Its main function is to enable the bucket to be lifted, lowered, and tilted, making it easier to carry out [&hellip;]<\/p>","protected":false},"featured_media":14765,"comment_status":"open","ping_status":"closed","template":"","meta":{"_et_pb_use_builder":"","_et_pb_old_content":"","_et_gb_content_width":""},"product_brand":[],"product_cat":[1494],"product_tag":[1495,1496],"class_list":{"0":"post-15459","1":"product","2":"type-product","3":"status-publish","4":"has-post-thumbnail","6":"product_cat-bucket-cylinders","7":"product_tag-bucket-cylinders","8":"product_tag-hydraulic-cylinders","10":"first","11":"instock","12":"shipping-taxable","13":"product-type-simple"},"amp_enabled":true,"_links":{"self":[{"href":"https:\/\/www.hydraulic-cylinders.net\/da\/wp-json\/wp\/v2\/product\/15459","targetHints":{"allow":["GET"]}}],"collection":[{"href":"https:\/\/www.hydraulic-cylinders.net\/da\/wp-json\/wp\/v2\/product"}],"about":[{"href":"https:\/\/www.hydraulic-cylinders.net\/da\/wp-json\/wp\/v2\/types\/product"}],"replies":[{"embeddable":true,"href":"https:\/\/www.hydraulic-cylinders.net\/da\/wp-json\/wp\/v2\/comments?post=15459"}],"wp:featuredmedia":[{"embeddable":true,"href":"https:\/\/www.hydraulic-cylinders.net\/da\/wp-json\/wp\/v2\/media\/14765"}],"wp:attachment":[{"href":"https:\/\/www.hydraulic-cylinders.net\/da\/wp-json\/wp\/v2\/media?parent=15459"}],"wp:term":[{"taxonomy":"product_brand","embeddable":true,"href":"https:\/\/www.hydraulic-cylinders.net\/da\/wp-json\/wp\/v2\/product_brand?post=15459"},{"taxonomy":"product_cat","embeddable":true,"href":"https:\/\/www.hydraulic-cylinders.net\/da\/wp-json\/wp\/v2\/product_cat?post=15459"},{"taxonomy":"product_tag","embeddable":true,"href":"https:\/\/www.hydraulic-cylinders.net\/da\/wp-json\/wp\/v2\/product_tag?post=15459"}],"curies":[{"name":"wp","href":"https:\/\/api.w.org\/{rel}","templated":true}]}}