{"id":15461,"date":"2025-01-19T14:33:37","date_gmt":"2025-01-19T14:33:37","guid":{"rendered":"https:\/\/www.hydraulic-cylinders.net\/product\/bucket-cylinder-for-xcmg-small-excavator-xe75\/"},"modified":"2025-01-19T14:33:38","modified_gmt":"2025-01-19T14:33:38","slug":"bucket-cylinder-for-xcmg-small-excavator-xe75","status":"publish","type":"product","link":"https:\/\/www.hydraulic-cylinders.net\/da\/vare\/bucket-cylinder-for-xcmg-small-excavator-xe75\/","title":{"rendered":"Skovlcylinder til XCMG lille gravemaskine XE75"},"content":{"rendered":"<h1>Skovlcylinder til XCMG lille gravemaskine XE75<\/h1>\n<h2>Indledning<\/h2>\n<p>Skovlcylinderen er en specialdesignet hydraulisk cylinder, der bruges til at styre skovlens bev\u00e6gelse i tunge maskiner s\u00e5som gravemaskiner, rendegravere og frontl\u00e6ssere. Dens hovedfunktion er at muligg\u00f8re l\u00f8ft, s\u00e6nkning og vipning af skovlen, hvilket letter forskellige materialeh\u00e5ndteringsopgaver. I det hydrauliske system opn\u00e5r skovlcylinderen pr\u00e6cis kontrol over skovlen ved at udnytte tryk\u00e6ndringerne i hydraulikolien, hvilket giver operat\u00f8rer mulighed for effektivt at h\u00e5ndtere tunge belastninger og tilpasse sig komplekse arbejdsmilj\u00f8er og forskellige driftskrav.<\/p>\n<p><img decoding=\"async\" src=\"https:\/\/www.hydraulic-cylinders.net\/wp-content\/uploads\/2025\/01\/songte-company-2.webp\"><\/p>\n<h2>Funktioner<\/h2>\n<ul>\n<li>H\u00f8j styrke og holdbarhed: Skovlcylinderen, der typisk er fremstillet af h\u00f8jstyrkest\u00e5l eller aluminium, kan modst\u00e5 h\u00f8jt tryk og tunge belastninger og tilpasse sig barske arbejdsmilj\u00f8er. Designet tager ogs\u00e5 h\u00f8jde for slidstyrke og korrosionsbestandighed, hvilket forl\u00e6nger dens levetid.<\/li>\n<li>Effektiv hydraulisk drift: Ved at udnytte trykket fra hydraulikolien opn\u00e5r skovlcylinderen j\u00e6vne forl\u00e6ngelses- og sammentr\u00e6kningsbev\u00e6gelser, hvilket muligg\u00f8r hurtig reaktion p\u00e5 styrekommandoer og giver kraftige skubbe- og tr\u00e6kkr\u00e6fter, hvilket g\u00f8r den velegnet til h\u00e5ndtering af tunge belastninger og komplekse driftsopgaver.<\/li>\n<li>Forskellige typer: Skovlcylinderen kan v\u00e6lges som enkeltvirkende (hydraulisk kun anvendt i \u00e9n retning) eller dobbeltvirkende (hydraulisk anvendt i begge retninger) cylinder, der opfylder forskellige driftskrav. Nogle modeller er teleskopiske, hvilket giver mulighed for st\u00f8rre udtr\u00e6k uden at \u00f8ge de udvendige dimensioner, hvilket g\u00f8r dem velegnede til applikationer med begr\u00e6nset plads.<\/li>\n<li>Udskiftning af andre hydrauliske cylindre: Vores produkt kan perfekt erstatte forskellige hydrauliske cylindre og tilbyder et p\u00e5lideligt alternativ.<\/li>\n<\/ul>\n<p><img decoding=\"async\" src=\"https:\/\/www.hydraulic-cylinders.net\/wp-content\/uploads\/2025\/01\/songte-cylinder-head-with-all-kinds-excavator-models.webp\"><\/p>\n<h2>Applikationer<\/h2>\n<p>Skovlcylinderen finder anvendelse i forskellige typer udstyr:<\/p>\n<ul>\n<li>Entrepren\u00f8rudstyr: Det spiller en afg\u00f8rende rolle i gravemaskiner til gravning, lastning og flytning af jord eller affald. I rendegravere hj\u00e6lper skovlcylinderen med b\u00e5de gravning og l\u00f8ft.<\/li>\n<li>Landbrugsmaskiner: Bruges i frontl\u00e6ssere til at udgrave, l\u00f8fte og transportere jord, h\u00f8 og andre materialer.<\/li>\n<li>Gravemaskiner: Skovlcylinderen muligg\u00f8r gravefunktionen ved at lade skovlen tr\u00e6nge ned i jorden.<\/li>\n<li>L\u00e6ssere: I frontl\u00e6ssere hj\u00e6lper skovlcylinderen med at h\u00e6ve og losse gods effektivt.<\/li>\n<\/ul>\n<h2>Designovervejelser og udv\u00e6lgelseskriterier<\/h2>\n<ul>\n<li>B\u00e6reevne: Cylinderdesignet tager h\u00f8jde for evnen til at modst\u00e5 tunge belastninger og tryk.<\/li>\n<li>T\u00e6tning: Der anvendes forskellige t\u00e6tningskomponenter, s\u00e5som stempelt\u00e6tninger og stangt\u00e6tninger. Disse t\u00e6tninger er lavet af slidst\u00e6rke materialer som polyurethan og nitrilgummi. Cylinderhuset og gevindendefladerne gennemg\u00e5r en fin forarbejdning for at forbedre slidstyrken.<\/li>\n<li>Holdbarhed: Skovlcylinderen er designet til at v\u00e6re holdbar, hvilket sikrer en lang levetid.<\/li>\n<li>Sikkerhed: Der tages hensyn til sikkerhedshensyn under designprocessen.<\/li>\n<li>Vedligeholdelsesvenlighed: Cylinderen er designet til nem vedligeholdelse og reparation.<\/li>\n<\/ul>\n<p><img decoding=\"async\" src=\"https:\/\/www.hydraulic-cylinders.net\/wp-content\/uploads\/2025\/01\/songte-oil-pipes-and-spare-parts.webp\"><\/p>\n<h2>T\u00e6tning og sm\u00f8ring<\/h2>\n<p>Skovlcylinderen anvender forskellige t\u00e6tningskomponenter, herunder stempelt\u00e6tninger og stangt\u00e6tninger, som er lavet af slidst\u00e6rke materialer som polyurethan og nitrilgummi. Cylinderhuset og gevindfladerne er fint forarbejdet for at forbedre slidstyrken. Regelm\u00e6ssig sm\u00f8ring med den passende m\u00e6ngde hydraulikolie er n\u00f8dvendig for at sikre problemfri drift og lang levetid.<\/p>\n<h2>Regelm\u00e6ssig inspektion og forebyggende vedligeholdelse<\/h2>\n<ul>\n<li>Inspicer regelm\u00e6ssigt skovlcylinderen for tegn p\u00e5 slid, skader eller l\u00e6kage.<\/li>\n<li>S\u00f8rg for korrekt sm\u00f8ring af alle bev\u00e6gelige dele.<\/li>\n<li>Udskift pakninger og andre komponenter efter behov for at opretholde optimal ydeevne.<\/li>\n<\/ul>\n<h2>Korrekt installationsvejledning<\/h2>\n<p>Ved montering af skovlcylinderen er det vigtigt at:<\/p>\n<ul>\n<li>S\u00f8rg for korrekt justering af cylinderen.<\/li>\n<li>Brug passende monteringsbeslag til at fastg\u00f8re cylinderen.<\/li>\n<\/ul>\n<h2>Vedligeholdelsesopgaver<\/h2>\n<p>Almindelige vedligeholdelsesopgaver for skovlcylinderen omfatter:<\/p>\n<ul>\n<li>Regelm\u00e6ssig inspektion<\/li>\n<li>Korrekt sm\u00f8ring<\/li>\n<li>Udskiftning af pakning<\/li>\n<li>Kalibreringskontrol<\/li>\n<\/ul>\n<p>Korrekt installation, sm\u00f8ring og justering er afg\u00f8rende for cylinderens levetid. Der b\u00f8r gives korrekt vejledning i justering under installationsprocessen. Anbefalede inspektions-, reparations- og udskiftningsprocedurer er tilg\u00e6ngelige, sammen med tips til at forl\u00e6nge spandcylinderens levetid.<\/p>\n<p><img decoding=\"async\" src=\"https:\/\/www.hydraulic-cylinders.net\/wp-content\/uploads\/2025\/01\/songte-chushion-collar.webp\"><\/p>\n<h2>Sikkerhedshensyn og milj\u00f8faktorer<\/h2>\n<p>N\u00e5r man bruger skovlcylinderen, er det af st\u00f8rste vigtighed at overholde sikkerhedsforanstaltningerne for at forhindre ulykker og sikre f\u00f8rerens velbefindende. Milj\u00f8faktorer b\u00f8r ogs\u00e5 tages i betragtning for at minimere enhver negativ p\u00e5virkning.<\/p>\n<h2>Fejldiagnose og almindelige problemer<\/h2>\n<p>Almindelige fejl og deres fejlfindingsmetoder for skovlcylinderen er:<\/p>\n<ul>\n<li>L\u00e6kage: Unders\u00f8g pakninger og fittings for skader, og udskift dem efter behov.<\/li>\n<li>D\u00e5rlig ydeevne: Kontroller for blokeringer eller begr\u00e6nsninger i det hydrauliske system, og ret problemet.<\/li>\n<li>Us\u00e6dvanlige lyde: Unders\u00f8g for l\u00f8se eller slidte komponenter, og sp\u00e6nd eller udskift dem i overensstemmelse hermed.<\/li>\n<\/ul>\n<p>At give tips og l\u00f8sninger til fejlh\u00e5ndtering hj\u00e6lper l\u00e6serne med effektivt at diagnosticere og l\u00f8se problemer. Forebyggende foranstaltninger b\u00f8r ogs\u00e5 foresl\u00e5s for at minimere potentielle problemer.<\/p>\n<p><img decoding=\"async\" src=\"https:\/\/www.hydraulic-cylinders.net\/wp-content\/uploads\/2025\/01\/songte-bushings-with-all-kinds-of-excavator-models.webp\"><\/p>\n<h2>Om vores virksomhed<\/h2>\n<p>Vi er en producent, der specialiserer sig i produktion af hydrauliske udskiftningscylindre. Med en bred vifte af produkter er vi blevet en af \u200b\u200bde f\u00f8rende producenter og engrosdistribut\u00f8rer af hydrauliske cylindre p\u00e5 b\u00e5de indenlandske og internationale markeder. Vi overholder principperne om fremragende kvalitet og bruger industrialiserede produktionsstyringsstrategier i vores veludstyrede produktionsv\u00e6rksted. Ved hj\u00e6lp af teknisk talent, avanceret digitalt produktionsudstyr og professionelle testsystemer forbedrer vi l\u00f8bende vores produktionsplatform, perfektionerer produktionsruten for produktkvalitet og besidder st\u00e6rke kreative evner. Vi sigter mod at im\u00f8dekomme forskellige kundebehov med h\u00f8j effektivitet, pr\u00e6cision og kvalitet.<\/p>\n<p><img decoding=\"async\" src=\"https:\/\/www.hydraulic-cylinders.net\/wp-content\/uploads\/2025\/01\/songte-company-3.webp\"><\/p>\n<p>Derudover er vi stolte af:<\/p>\n<ul>\n<li>Professionalitet<\/li>\n<li>Internationale certificeringer<\/li>\n<li>Tilpasningstjenester<\/li>\n<li>Avanceret produktionsudstyr<\/li>\n<li>Eftersalgsservice<\/li>\n<\/ul>\n<p>Ved at s\u00f8rge for en logisk organisering af artiklen, bruge underoverskrifter for nem navigation, inkorporere relevante billeder eller diagrammer for at forbedre forst\u00e5elsen og sikre et klart og pr\u00e6cist indhold, der er egnet til l\u00e6sere med varierende tekniske vidensniveauer, sigter vi mod at levere en informativ og omfattende artikel.<\/p>\n<p>Forfatter: lyl<\/p>","protected":false},"excerpt":{"rendered":"<p>Bucket Cylinder For XCMG Small Excavator XE75 Introduction The bucket cylinder is a specially designed hydraulic cylinder used to control the movement of the bucket in heavy machinery such as excavators, backhoe loaders, and front-end loaders. Its main function is to enable the lifting, lowering, and tilting of the bucket, facilitating various material handling tasks. [&hellip;]<\/p>","protected":false},"featured_media":14761,"comment_status":"open","ping_status":"closed","template":"","meta":{"_et_pb_use_builder":"","_et_pb_old_content":"","_et_gb_content_width":""},"product_brand":[],"product_cat":[1494],"product_tag":[1495,1496],"class_list":{"0":"post-15461","1":"product","2":"type-product","3":"status-publish","4":"has-post-thumbnail","6":"product_cat-bucket-cylinders","7":"product_tag-bucket-cylinders","8":"product_tag-hydraulic-cylinders","10":"first","11":"instock","12":"shipping-taxable","13":"product-type-simple"},"amp_enabled":true,"_links":{"self":[{"href":"https:\/\/www.hydraulic-cylinders.net\/da\/wp-json\/wp\/v2\/product\/15461","targetHints":{"allow":["GET"]}}],"collection":[{"href":"https:\/\/www.hydraulic-cylinders.net\/da\/wp-json\/wp\/v2\/product"}],"about":[{"href":"https:\/\/www.hydraulic-cylinders.net\/da\/wp-json\/wp\/v2\/types\/product"}],"replies":[{"embeddable":true,"href":"https:\/\/www.hydraulic-cylinders.net\/da\/wp-json\/wp\/v2\/comments?post=15461"}],"wp:featuredmedia":[{"embeddable":true,"href":"https:\/\/www.hydraulic-cylinders.net\/da\/wp-json\/wp\/v2\/media\/14761"}],"wp:attachment":[{"href":"https:\/\/www.hydraulic-cylinders.net\/da\/wp-json\/wp\/v2\/media?parent=15461"}],"wp:term":[{"taxonomy":"product_brand","embeddable":true,"href":"https:\/\/www.hydraulic-cylinders.net\/da\/wp-json\/wp\/v2\/product_brand?post=15461"},{"taxonomy":"product_cat","embeddable":true,"href":"https:\/\/www.hydraulic-cylinders.net\/da\/wp-json\/wp\/v2\/product_cat?post=15461"},{"taxonomy":"product_tag","embeddable":true,"href":"https:\/\/www.hydraulic-cylinders.net\/da\/wp-json\/wp\/v2\/product_tag?post=15461"}],"curies":[{"name":"wp","href":"https:\/\/api.w.org\/{rel}","templated":true}]}}