{"id":15464,"date":"2025-01-19T14:33:49","date_gmt":"2025-01-19T14:33:49","guid":{"rendered":"https:\/\/www.hydraulic-cylinders.net\/product\/bucket-cylinder-for-xcmg-small-excavator-xe40\/"},"modified":"2025-01-19T14:33:51","modified_gmt":"2025-01-19T14:33:51","slug":"bucket-cylinder-for-xcmg-small-excavator-xe40","status":"publish","type":"product","link":"https:\/\/www.hydraulic-cylinders.net\/da\/vare\/bucket-cylinder-for-xcmg-small-excavator-xe40\/","title":{"rendered":"Skovlcylinder til XCMG lille gravemaskine XE40"},"content":{"rendered":"<p><!DOCTYPE html><br \/>\n<html><br \/>\n<head><br \/>\n<title>Skovlcylinder til XCMG lille gravemaskine XE40<\/title><br \/>\n<\/head><br \/>\n<body><\/p>\n<h1>Skovlcylinder til XCMG lille gravemaskine XE40<\/h1>\n<h2>Indledning<\/h2>\n<p>Skovlcylinderen er en specialdesignet hydraulisk cylinder, der bruges til at styre skovlens bev\u00e6gelse i tunge maskiner s\u00e5som gravemaskiner, rendegravere og hjull\u00e6ssere. Dens hovedfunktion er at muligg\u00f8re l\u00f8ft, s\u00e6nkning og vipning af skovlen, hvilket g\u00f8r det lettere at udf\u00f8re forskellige materialeh\u00e5ndteringsopgaver. I det hydrauliske system opn\u00e5r skovlcylinderen pr\u00e6cis kontrol over skovlen ved at udnytte tryk\u00e6ndringerne i hydraulikolien, hvilket giver operat\u00f8rerne mulighed for effektivt at h\u00e5ndtere tunge belastninger og tilpasse sig komplekse arbejdsmilj\u00f8er og forskellige jobkrav.<\/p>\n<p><img decoding=\"async\" src=\"https:\/\/www.hydraulic-cylinders.net\/wp-content\/uploads\/2025\/01\/songte-company-2.webp\" alt=\"Billede af spandcylinder\"><\/p>\n<h2>Funktioner<\/h2>\n<ul>\n<li>H\u00f8j styrke og holdbarhed: Typisk fremstillet af h\u00f8jstyrkest\u00e5l eller aluminium, kan den modst\u00e5 h\u00f8jt tryk og tunge belastninger og tilpasse sig barske arbejdsmilj\u00f8er. Designet tager h\u00f8jde for slidstyrke og korrosionsbestandighed for at forl\u00e6nge dens levetid.<\/li>\n<li>Effektiv hydraulisk drift: Ved at udnytte trykket fra hydraulikolien opn\u00e5r den j\u00e6vn ud- og indtr\u00e6kning, reagerer hurtigt p\u00e5 styrekommandoer, leverer kraftige skubbe- og tr\u00e6kkr\u00e6fter og er velegnet til h\u00e5ndtering af tunge belastninger og komplekse arbejdsopgaver.<\/li>\n<li>Forskellige typer: Den kan v\u00e6lges som enkeltvirkende (hydraulisk anvendt i \u00e9n retning) eller dobbeltvirkende (hydraulisk anvendt i begge retninger) cylindre i henhold til kravene, der opfylder forskellige driftsbehov. Nogle modeller er teleskopiske, hvilket muligg\u00f8r st\u00f8rre udtr\u00e6k uden at \u00f8ge de udvendige dimensioner, velegnede til applikationer med begr\u00e6nset plads.<\/li>\n<li>Perfekt udskiftning: Vores produkter kan perfekt erstatte disse hydrauliske cylindre.<\/li>\n<\/ul>\n<p><img decoding=\"async\" src=\"https:\/\/www.hydraulic-cylinders.net\/wp-content\/uploads\/2025\/01\/songte-cylinder-head-with-all-kinds-excavator-models.webp\" alt=\"Produktbillede\"><\/p>\n<h2>Applikationer<\/h2>\n<ul>\n<li>Entrepren\u00f8rudstyr: De findes i gravemaskiner og er afg\u00f8rende for at grave, l\u00e6sse og flytte jord eller affald. I rendegravere hj\u00e6lper skovlcylinderen med b\u00e5de at grave og l\u00f8fte.<\/li>\n<li>Landbrugsmaskiner: Bruges i frontl\u00e6ssere til at udgrave, l\u00f8fte og transportere jord, h\u00f8 og andre materialer.<\/li>\n<li>Gravemaskiner: Skovlcylinderen muligg\u00f8r gravehandlinger ved at lade skovlen tr\u00e6nge ned i jorden.<\/li>\n<li>Hjull\u00e6ssere: Frontl\u00e6ssere hj\u00e6lper med at l\u00f8fte og t\u00f8mme gods effektivt.<\/li>\n<\/ul>\n<h2>Designovervejelser og udv\u00e6lgelseskriterier<\/h2>\n<ul>\n<li>B\u00e6reevne: Diskuter evnen til at modst\u00e5 belastninger og tryk.<\/li>\n<li>T\u00e6tning: Forklar vigtigheden af \u200b\u200bat bruge forskellige t\u00e6tningskomponenter s\u00e5som stempelt\u00e6tninger og stangt\u00e6tninger lavet af slidst\u00e6rke materialer som polyurethan og nitrilgummi.<\/li>\n<li>Holdbarhed: Diskuter den fine overfladebehandling af cylinderhuset og gevindenderne for at forbedre slidstyrken.<\/li>\n<li>Sikkerhed: Diskuter sikkerhedshensyn i designet, s\u00e5som p\u00e5lidelige l\u00e5semekanismer og trykaflastningsventiler.<\/li>\n<li>Vedligeholdelsesvenlighed: Diskuter, hvor let vedligeholdelse er, og tilg\u00e6ngeligheden af \u200b\u200breservedele.<\/li>\n<\/ul>\n<p><img decoding=\"async\" src=\"https:\/\/www.hydraulic-cylinders.net\/wp-content\/uploads\/2025\/01\/songte-oil-pipes-and-spare-parts.webp\" alt=\"Produktbillede\"><\/p>\n<h2>T\u00e6tning og sm\u00f8ring<\/h2>\n<p>Skovlcylinderen anvender forskellige t\u00e6tninger, s\u00e5som stempelt\u00e6tninger og stangt\u00e6tninger, der er lavet af slidst\u00e6rke materialer som polyurethan og nitrilgummi. Cylinderhuset og gevindenderne er fint behandlet for at forbedre slidstyrken. Regelm\u00e6ssig sm\u00f8ring med passende hydraulikolie er n\u00f8dvendig for at sikre problemfri drift og forl\u00e6nge cylinderens levetid.<\/p>\n<h2>Inspektion og forebyggende vedligeholdelse<\/h2>\n<ul>\n<li>Regelm\u00e6ssig inspektion: Fremh\u00e6v vigtigheden af \u200b\u200bregelm\u00e6ssig visuel inspektion for tegn p\u00e5 skader eller l\u00e6kage.<\/li>\n<li>Korrekt sm\u00f8ring: Diskuter behovet for periodisk sm\u00f8ring for at opretholde en problemfri drift.<\/li>\n<li>Udskiftning af pakninger: Forklar vigtigheden af \u200b\u200bat udskifte slidte pakninger for at forhindre l\u00e6kage og opretholde optimal ydeevne.<\/li>\n<li>Kalibreringstjek: Anbefal periodiske kalibreringstjek for at sikre n\u00f8jagtig drift.<\/li>\n<\/ul>\n<p><img decoding=\"async\" src=\"https:\/\/www.hydraulic-cylinders.net\/wp-content\/uploads\/2025\/01\/songte-chushion-collar.webp\" alt=\"Produktbillede\"><\/p>\n<h2>Sikkerhedshensyn og milj\u00f8faktorer<\/h2>\n<p>N\u00e5r man bruger skovlcylinderen, er det vigtigt at f\u00f8lge sikkerhedsforanstaltninger for at forhindre ulykker og sikre operat\u00f8rernes og milj\u00f8ets velbefindende. Sikkerhedsforanstaltninger s\u00e5som at b\u00e6re passende beskyttelsesudstyr og overholde driftsretningslinjer skal tages i betragtning.<\/p>\n<h2>Fejlfinding og almindelige problemer<\/h2>\n<p>H\u00e5ndter potentielle problemer og giv tips og l\u00f8sninger til fejlfinding for at hj\u00e6lpe l\u00e6serne med at diagnosticere og l\u00f8se problemer effektivt. Tilbyd forebyggende foranstaltninger for at minimere potentielle problemer og sikre problemfri drift.<\/p>\n<p><img decoding=\"async\" src=\"https:\/\/www.hydraulic-cylinders.net\/wp-content\/uploads\/2025\/01\/songte-bushings-with-all-kinds-of-excavator-models.webp\" alt=\"Produktbillede\"><\/p>\n<h2>Konklusion<\/h2>\n<p>Vores virksomhed er en f\u00f8rende producent og engrosdistribut\u00f8r af hydrauliske cylindre p\u00e5 det indenlandske og internationale marked. Vi tilbyder et komplet produktsortiment og str\u00e6ber efter fremragende kvalitet. Med vores h\u00f8jt kvalificerede tekniske team, avancerede produktionsudstyr og professionelle testsystemer forbedrer vi l\u00f8bende vores produktionskapaciteter, produktkvalitet og produktionseffektivitet for at im\u00f8dekomme vores kunders forskellige behov.<\/p>\n<p><img decoding=\"async\" src=\"https:\/\/www.hydraulic-cylinders.net\/wp-content\/uploads\/2025\/01\/songte-company-3.webp\" alt=\"Virksomhedens image\"><\/p>\n<h3>Om vores virksomhed<\/h3>\n<ul>\n<li>Professionalisme: Fremh\u00e6v virksomhedens ekspertise og erfaring inden for produktion af hydrauliske cylindre.<\/li>\n<li>Internationale certificeringer: Diskuter eventuelle relevante certificeringer, som virksomheden har opn\u00e5et for at sikre produktkvalitet og overholdelse af branchestandarder.<\/li>\n<li>Tilpasningstjenester: Fremh\u00e6v virksomhedens evne til at levere skr\u00e6ddersyede l\u00f8sninger, der opfylder specifikke kundekrav.<\/li>\n<li>Produktionsudstyr: Beskriv det avancerede produktionsudstyr, som virksomheden anvender for at sikre produkter af h\u00f8j kvalitet.<\/li>\n<li>Eftersalgsservice: Diskuter virksomhedens engagement i at yde fremragende eftersalgsservice, herunder udskiftning af dele og reparation.<\/li>\n<\/ul>\n<p>Forfatter: lyl<\/p>\n<p><img decoding=\"async\" src=\"https:\/\/hzpt.com\/wp-content\/uploads\/2024\/11\/songte-company-1.webp\" alt=\"Virksomhedens image\"><\/p>\n<p><\/body><br \/>\n<\/html><\/p>","protected":false},"excerpt":{"rendered":"<p>Bucket Cylinder For XCMG Small Excavator XE40 Bucket Cylinder For XCMG Small Excavator XE40 Introduction The bucket cylinder is a specially designed hydraulic cylinder used to control the movement of the bucket in heavy machinery such as excavators, backhoe loaders, and wheel loaders. Its main function is to enable the lifting, lowering, and tilting of [&hellip;]<\/p>","protected":false},"featured_media":14787,"comment_status":"open","ping_status":"closed","template":"","meta":{"_et_pb_use_builder":"","_et_pb_old_content":"","_et_gb_content_width":""},"product_brand":[],"product_cat":[1494],"product_tag":[1495,1496],"class_list":{"0":"post-15464","1":"product","2":"type-product","3":"status-publish","4":"has-post-thumbnail","6":"product_cat-bucket-cylinders","7":"product_tag-bucket-cylinders","8":"product_tag-hydraulic-cylinders","10":"first","11":"instock","12":"shipping-taxable","13":"product-type-simple"},"amp_enabled":true,"_links":{"self":[{"href":"https:\/\/www.hydraulic-cylinders.net\/da\/wp-json\/wp\/v2\/product\/15464","targetHints":{"allow":["GET"]}}],"collection":[{"href":"https:\/\/www.hydraulic-cylinders.net\/da\/wp-json\/wp\/v2\/product"}],"about":[{"href":"https:\/\/www.hydraulic-cylinders.net\/da\/wp-json\/wp\/v2\/types\/product"}],"replies":[{"embeddable":true,"href":"https:\/\/www.hydraulic-cylinders.net\/da\/wp-json\/wp\/v2\/comments?post=15464"}],"wp:featuredmedia":[{"embeddable":true,"href":"https:\/\/www.hydraulic-cylinders.net\/da\/wp-json\/wp\/v2\/media\/14787"}],"wp:attachment":[{"href":"https:\/\/www.hydraulic-cylinders.net\/da\/wp-json\/wp\/v2\/media?parent=15464"}],"wp:term":[{"taxonomy":"product_brand","embeddable":true,"href":"https:\/\/www.hydraulic-cylinders.net\/da\/wp-json\/wp\/v2\/product_brand?post=15464"},{"taxonomy":"product_cat","embeddable":true,"href":"https:\/\/www.hydraulic-cylinders.net\/da\/wp-json\/wp\/v2\/product_cat?post=15464"},{"taxonomy":"product_tag","embeddable":true,"href":"https:\/\/www.hydraulic-cylinders.net\/da\/wp-json\/wp\/v2\/product_tag?post=15464"}],"curies":[{"name":"wp","href":"https:\/\/api.w.org\/{rel}","templated":true}]}}