{"id":15468,"date":"2025-01-19T14:34:05","date_gmt":"2025-01-19T14:34:05","guid":{"rendered":"https:\/\/www.hydraulic-cylinders.net\/product\/bucket-cylinder-for-xcmg-middle-excavator-xe200c\/"},"modified":"2025-01-19T14:34:07","modified_gmt":"2025-01-19T14:34:07","slug":"bucket-cylinder-for-xcmg-middle-excavator-xe200c","status":"publish","type":"product","link":"https:\/\/www.hydraulic-cylinders.net\/da\/vare\/bucket-cylinder-for-xcmg-middle-excavator-xe200c\/","title":{"rendered":"Skovlcylinder til XCMG mellemgraver XE200C"},"content":{"rendered":"<h1>Skovlcylinder til XCMG mellemgraver XE200C<\/h1>\n<h2>Indledning<\/h2>\n<p>Skovlcylinderen til XCMG mellemgravemaskinen XE200C er en type specialiseret hydraulisk cylinder, der prim\u00e6rt bruges til at styre bev\u00e6gelsen af \u200b\u200bskovle i tunge maskiner s\u00e5som gravemaskiner, rendegravere og frontl\u00e6ssere. Dens prim\u00e6re funktion er at g\u00f8re det muligt for skovlen at l\u00f8fte, s\u00e6nke og vippe, hvilket g\u00f8r det lettere at h\u00e5ndtere forskellige materialeh\u00e5ndteringsopgaver. I det hydrauliske system opn\u00e5r skovlcylinderen pr\u00e6cis kontrol over skovlens bev\u00e6gelse gennem \u00e6ndringer i hydraulikolietrykket, hvilket g\u00f8r det muligt for operat\u00f8rer at h\u00e5ndtere tunge l\u00e6s effektivt og tilpasse sig komplekse arbejdsmilj\u00f8er og forskellige driftskrav.<\/p>\n<p><img decoding=\"async\" src=\"https:\/\/www.hydraulic-cylinders.net\/wp-content\/uploads\/2025\/01\/songte-company-2.webp\" alt=\"Billede af spandcylinder\"><\/p>\n<h2>Funktioner<\/h2>\n<ul>\n<li>H\u00f8j styrke og holdbarhed \u2013 Generelt fremstillet af h\u00f8jstyrkest\u00e5l eller aluminium, i stand til at modst\u00e5 h\u00f8jt tryk og tunge belastninger, og designet med hensyntagen til slidstyrke og korrosionsbestandighed for at forl\u00e6nge levetiden.<\/li>\n<li>Effektiv hydraulisk drift \u2013 Udnyttelse af hydraulisk olietryk til at opn\u00e5 j\u00e6vne forl\u00e6ngelses- og sammentr\u00e6kningsbev\u00e6gelser, i stand til hurtigt at reagere p\u00e5 kontrolkommandoer, levere kraftige skubbe- og tr\u00e6kkr\u00e6fter og v\u00e6re egnet til h\u00e5ndtering af tunge belastninger og komplekse driftsopgaver.<\/li>\n<li>Forskellige typer \u2013 Kan v\u00e6lge enkeltvirkende (hydraulisk anvendt i kun \u00e9n retning) eller dobbeltvirkende (hydraulisk anvendt i begge retninger) cylindre i henhold til krav for at opfylde forskellige driftsbehov. Nogle modeller er teleskopiske, hvilket giver mulighed for st\u00f8rre udvidelse uden at \u00f8ge de ydre dimensioner og er velegnede til applikationer med begr\u00e6nset plads.<\/li>\n<li>Perfekt udskiftning \u2013 Vores produkt kan perfekt erstatte andre hydrauliske cylindre.<\/li>\n<\/ul>\n<p><img decoding=\"async\" src=\"https:\/\/www.hydraulic-cylinders.net\/wp-content\/uploads\/2025\/01\/songte-cylinder-head-with-all-kinds-excavator-models.webp\" alt=\"Billede af udskiftning af spandcylinder\"><\/p>\n<h2>Applikationer<\/h2>\n<h3>Entrepren\u00f8rudstyr<\/h3>\n<p>I gravemaskiner er de afg\u00f8rende for at grave, l\u00e6sse og flytte jord eller affald. I rendegravere hj\u00e6lper skovlcylindre b\u00e5de med udgravning og l\u00f8ft. I frontl\u00e6ssere hj\u00e6lper de med at l\u00f8fte og vippe laster effektivt.<\/p>\n<h3>Landbrugsmaskiner<\/h3>\n<p>Bruges til frontl\u00e6ssere, skovling, l\u00f8ft og transport af jord, h\u00f8 og andre materialer. I gravemaskiner opn\u00e5r skovlcylindre gravefunktion ved at lade skovlen tr\u00e6nge ned i jorden. I frontl\u00e6ssere hj\u00e6lper de med at l\u00f8fte og t\u00f8mme gods.<\/p>\n<p><img decoding=\"async\" src=\"https:\/\/www.hydraulic-cylinders.net\/wp-content\/uploads\/2025\/01\/songte-chushion-collar.webp\" alt=\"Billede af anvendelser af skovlcylinder\"><\/p>\n<h2>Produktdesign og udv\u00e6lgelseskriterier<\/h2>\n<ul>\n<li>B\u00e6reevne \u2013 H\u00f8j b\u00e6reevne til at modst\u00e5 tunge belastninger.<\/li>\n<li>T\u00e6tning \u2013 Passende t\u00e6tning af cylinderen for at forhindre l\u00e6kage af hydraulikolie.<\/li>\n<li>Holdbarhed \u2013 Lang levetid og modstandsdygtighed over for slid og korrosion.<\/li>\n<li>Sikkerhed \u2013 Sikker drift og beskyttelse mod skader for\u00e5rsaget af eksterne faktorer.<\/li>\n<li>Vedligeholdelsesvenlighed \u2013 Nem vedligeholdelse og reparation af cylinderen.<\/li>\n<\/ul>\n<p><img decoding=\"async\" src=\"https:\/\/www.hydraulic-cylinders.net\/wp-content\/uploads\/2025\/01\/songte-oil-pipes-and-spare-parts.webp\" alt=\"Billede af design af spandcylinder\"><\/p>\n<h2>Forsegling og sm\u00f8ring af produktet<\/h2>\n<p>Skovlcylinderen bruger forskellige t\u00e6tningskomponenter s\u00e5som stempelt\u00e6tninger og stangt\u00e6tninger lavet af slidst\u00e6rke materialer som polyurethan og nitrilgummi. Cylinderhuset og gevindenden er fint forarbejdet for at forbedre slidstyrken. Tils\u00e6t regelm\u00e6ssigt en passende m\u00e6ngde hydraulikolie til sm\u00f8ring.<\/p>\n<h2>Regelm\u00e6ssig inspektion og forebyggende vedligeholdelsesforanstaltninger<\/h2>\n<ul>\n<li>Regelm\u00e6ssig inspektion \u2013 Inspicer og vedligehold cylinderen regelm\u00e6ssigt for at sikre, at den fungerer korrekt.<\/li>\n<li>Sm\u00f8ring \u2013 Passende sm\u00f8ring for at undg\u00e5 skader p\u00e5 grund af friktion mellem bev\u00e6gelige dele.<\/li>\n<li>Udskiftning af pakninger \u2013 Regelm\u00e6ssig udskiftning af pakningerne for at forhindre l\u00e6kage af hydraulikolie.<\/li>\n<li>Kalibreringskontrol \u2013 Regelm\u00e6ssig kalibreringskontrol for at sikre n\u00f8jagtighed af cylinderens drift.<\/li>\n<\/ul>\n<p><img decoding=\"async\" src=\"https:\/\/www.hydraulic-cylinders.net\/wp-content\/uploads\/2025\/01\/songte-bushings-with-all-kinds-of-excavator-models.webp\" alt=\"Billede af vedligeholdelse af spandcylinder\"><\/p>\n<h2>Sikkerhedshensyn og milj\u00f8faktorer<\/h2>\n<p>N\u00e5r du bruger skovlcylinderen, er det afg\u00f8rende at f\u00f8lge sikkerhedsforanstaltningerne. S\u00f8rg for eksempel for, at alle hydrauliske og elektriske forbindelser er sikre. Overvej ogs\u00e5 milj\u00f8faktorer som temperatur og luftfugtighed.<\/p>\n<h2>Fejlfinding og almindelige problemer<\/h2>\n<ul>\n<li>Langsom drift \u2013 Kontroller for utilstr\u00e6kkelig hydraulikolie eller snavsede filtre.<\/li>\n<li>L\u00e6kage \u2013 Unders\u00f8g pakningerne, og udskift dem om n\u00f8dvendigt.<\/li>\n<li>St\u00f8jende drift \u2013 Unders\u00f8g cylinderen for beskadigede eller slidte komponenter.<\/li>\n<\/ul>\n<h2>Virksomhedsintroduktion<\/h2>\n<p>Vi er producent af hydrauliske cylindre og en af \u200b\u200bde f\u00f8rende produktions- og engrosdistribut\u00f8rer af hydrauliske cylindre p\u00e5 det indenlandske og internationale marked. Vi overholder fremragende kvalitet og bruger industrialiserede produktionsstyringsstrategier i vores sofistikerede produktionsv\u00e6rksteder. Vi forbedrer l\u00f8bende vores produktionsplatform, perfektionerer vores produktionslinje med produktkvalitet og har en st\u00e6rk produktionsevne. Vi sigter mod at tilfredsstille kundernes forskellige behov med principperne om h\u00f8j effektivitet, h\u00f8j pr\u00e6cision og h\u00f8j kvalitet.<\/p>\n<p><img decoding=\"async\" src=\"https:\/\/hzpt.com\/wp-content\/uploads\/2024\/11\/songte-company-1.webp\" alt=\"Billede af spandcylinderfirma\"><\/p>\n<h3>Professionalitet<\/h3>\n<p>Vi har et team af h\u00f8jt kvalificerede fagfolk med mange \u00e5rs praktisk erfaring i branchen.<\/p>\n<h3>International certificering<\/h3>\n<p>Vores produkter har internationale certificeringer som CE, ISO9001 og SGS, blandt andre.<\/p>\n<h3>Tilpasset service<\/h3>\n<p>Vi tilbyder skr\u00e6ddersyede tjenester, herunder design, fremstilling, emballering og forsendelse, for at im\u00f8dekomme kundespecifikke behov.<\/p>\n<h3>Produktionsudstyr<\/h3>\n<p>Vi bruger avanceret produktionsudstyr s\u00e5som CNC-bearbejdningscentre, automatiske svejsemaskiner og testb\u00e6nke til hydrauliske cylindre, blandt andet.<\/p>\n<h3>Eftersalgsservice<\/h3>\n<p>Vi tilbyder eftersalgsservice s\u00e5som vedligeholdelse, reparation og udskiftning af dele samt ombygning af hydrauliske cylindre for at forbedre deres levetid.<\/p>\n<p>Forfatter: lyl<\/p>","protected":false},"excerpt":{"rendered":"<p>Bucket Cylinder For XCMG Middle Excavator XE200C Introduction The bucket cylinder for XCMG middle excavator XE200C is a type of specialized hydraulic cylinder mainly used for controlling the movement of shovels in heavy machinery such as excavators, backhoe excavators, and front-end loaders. Its primary function is to enable the shovel to lift, lower, and tilt, [&hellip;]<\/p>","protected":false},"featured_media":14780,"comment_status":"open","ping_status":"closed","template":"","meta":{"_et_pb_use_builder":"","_et_pb_old_content":"","_et_gb_content_width":""},"product_brand":[],"product_cat":[1494],"product_tag":[1495,1496],"class_list":{"0":"post-15468","1":"product","2":"type-product","3":"status-publish","4":"has-post-thumbnail","6":"product_cat-bucket-cylinders","7":"product_tag-bucket-cylinders","8":"product_tag-hydraulic-cylinders","10":"first","11":"instock","12":"shipping-taxable","13":"product-type-simple"},"amp_enabled":true,"_links":{"self":[{"href":"https:\/\/www.hydraulic-cylinders.net\/da\/wp-json\/wp\/v2\/product\/15468","targetHints":{"allow":["GET"]}}],"collection":[{"href":"https:\/\/www.hydraulic-cylinders.net\/da\/wp-json\/wp\/v2\/product"}],"about":[{"href":"https:\/\/www.hydraulic-cylinders.net\/da\/wp-json\/wp\/v2\/types\/product"}],"replies":[{"embeddable":true,"href":"https:\/\/www.hydraulic-cylinders.net\/da\/wp-json\/wp\/v2\/comments?post=15468"}],"wp:featuredmedia":[{"embeddable":true,"href":"https:\/\/www.hydraulic-cylinders.net\/da\/wp-json\/wp\/v2\/media\/14780"}],"wp:attachment":[{"href":"https:\/\/www.hydraulic-cylinders.net\/da\/wp-json\/wp\/v2\/media?parent=15468"}],"wp:term":[{"taxonomy":"product_brand","embeddable":true,"href":"https:\/\/www.hydraulic-cylinders.net\/da\/wp-json\/wp\/v2\/product_brand?post=15468"},{"taxonomy":"product_cat","embeddable":true,"href":"https:\/\/www.hydraulic-cylinders.net\/da\/wp-json\/wp\/v2\/product_cat?post=15468"},{"taxonomy":"product_tag","embeddable":true,"href":"https:\/\/www.hydraulic-cylinders.net\/da\/wp-json\/wp\/v2\/product_tag?post=15468"}],"curies":[{"name":"wp","href":"https:\/\/api.w.org\/{rel}","templated":true}]}}