{"id":15471,"date":"2025-01-19T14:34:17","date_gmt":"2025-01-19T14:34:17","guid":{"rendered":"https:\/\/www.hydraulic-cylinders.net\/product\/bucket-cylinder-for-xcmg-middle-excavator-xe240\/"},"modified":"2025-01-19T14:34:19","modified_gmt":"2025-01-19T14:34:19","slug":"bucket-cylinder-for-xcmg-middle-excavator-xe240","status":"publish","type":"product","link":"https:\/\/www.hydraulic-cylinders.net\/da\/vare\/bucket-cylinder-for-xcmg-middle-excavator-xe240\/","title":{"rendered":"Skovlcylinder til XCMG mellemgraver XE240"},"content":{"rendered":"<h1> Skovlcylinder til XCMG mellemgraver XE240 <\/h1>\n<h2>Indledning<\/h2>\n<p>Skovlcylinderen til XCMG mellemgravemaskinen XE240 er en specialdesignet hydraulisk cylinder, der bruges til at styre skovlens bev\u00e6gelse i tunge maskiner s\u00e5som gravemaskiner, rendegravere og frontl\u00e6ssere. Dens hovedfunktion er at g\u00f8re det muligt for skovlen at l\u00f8fte, s\u00e6nke og vippe, hvilket g\u00f8r den ideel til forskellige materialeh\u00e5ndteringsopgaver. I det hydrauliske system opn\u00e5r skovlcylinderen pr\u00e6cis kontrol over skovlen gennem \u00e6ndringer i hydraulikoliens tryk, hvilket g\u00f8r det muligt for operat\u00f8rer effektivt at h\u00e5ndtere tunge belastninger og tilpasse sig komplekse arbejdsmilj\u00f8er og forskellige driftskrav.<\/p>\n<p><img decoding=\"async\" src=\"https:\/\/www.hydraulic-cylinders.net\/wp-content\/uploads\/2025\/01\/songte-company-2.webp\" alt=\"Spandens cylinder\" \/><\/p>\n<h2>Funktioner<\/h2>\n<ul>\n<li>H\u00f8j styrke og holdbarhed: Normalt lavet af h\u00f8jstyrkest\u00e5l eller aluminium, kan det modst\u00e5 h\u00f8jt tryk og tunge belastninger, tilpasse sig barske arbejdsmilj\u00f8er og er designet med hensyntagen til slidstyrke og korrosionsbestandighed, hvilket forl\u00e6nger dets levetid.<\/li>\n<li>Effektiv hydraulisk drift: Udnytter trykket fra hydraulikolien til at opn\u00e5 j\u00e6vn forl\u00e6ngelse og sammentr\u00e6kning, hvilket giver en kraftig skubbe- og tr\u00e6kkraft, der er velegnet til h\u00e5ndtering af tunge belastninger og komplekse driftsopgaver.<\/li>\n<li>Forskellige typer: Den kan v\u00e6lges efter behov for enkeltvirkende (hydraulik i kun \u00e9n retning) eller dobbeltvirkende (hydraulik i begge retninger) cylindre for at im\u00f8dekomme forskellige driftsbehov. Nogle modeller er teleskopiske, hvilket muligg\u00f8r st\u00f8rre udtr\u00e6k uden at \u00f8ge de ydre dimensioner, og er velegnede til pladsbegr\u00e6nsede anvendelser.<\/li>\n<li>Perfekt erstatning for hydrauliske cylindre: Vores produkter kan perfekt erstatte disse hydrauliske cylindre for at spare omkostninger og forbedre effektiviteten.<\/li>\n<li>Customizable: Can be customized according to the customer&#8217;s requirements to meet specific operational needs.<\/li>\n<\/ul>\n<p><img decoding=\"async\" src=\"https:\/\/www.hydraulic-cylinders.net\/wp-content\/uploads\/2025\/01\/songte-cylinder-head-with-all-kinds-excavator-models.webp\" alt=\"Skovlcylindermodeller\" \/><\/p>\n<h2>Applikationer<\/h2>\n<p>Skovlcylindre bruges almindeligvis i forskellige omr\u00e5der og anvendelser, s\u00e5som:<\/p>\n<h3>Entrepren\u00f8rudstyr<\/h3>\n<p>I gravemaskiner er de afg\u00f8rende for at grave, l\u00e6sse og flytte jord eller affald. I rendegravere hj\u00e6lper skovlcylinderen med b\u00e5de at grave og l\u00f8fte. I frontl\u00e6ssere hj\u00e6lper de med at l\u00f8fte og t\u00f8mme gods effektivt.<\/p>\n<h3>Landbrugsmaskiner<\/h3>\n<p>Bruges i frontl\u00e6ssere til at udgrave, l\u00f8fte og transportere jord, h\u00f8 og andre materialer. I gravemaskiner opn\u00e5r skovlcylinderen gravefunktionen ved at lade skovlen tr\u00e6nge ned i jorden. Cylinderen hj\u00e6lper ogs\u00e5 med vipning og t\u00f8mning i frontl\u00e6ssere, hvilket g\u00f8r den mere effektiv.<\/p>\n<h2>Designovervejelser og udv\u00e6lgelseskriterier<\/h2>\n<p>Designhensyn til skovlcylindre omfatter b\u00e6reevne, t\u00e6tning, holdbarhed, sikkerhed og vedligeholdelsesvenlighed. Nogle af de vigtigste designhensyn og udv\u00e6lgelseskriterier er:<\/p>\n<ul>\n<li>\n<h3>B\u00e6reevne:<\/h3>\n<p> Cylinderen skal v\u00e6re lavet af h\u00f8jstyrkematerialer for at modst\u00e5 det h\u00f8je tryk og de tunge belastninger, der kr\u00e6ves til forskellige anvendelser.<\/li>\n<li>\n<h3>Forsegling:<\/h3>\n<p> En r\u00e6kke forskellige t\u00e6tninger, s\u00e5som stempelt\u00e6tninger og stangt\u00e6tninger, bruges til at sikre, at hydraulikv\u00e6sken ikke l\u00e6kker ud af cylinderen.<\/li>\n<li>\n<h3>Holdbarhed:<\/h3>\n<p> Cylinderen skal v\u00e6re konstrueret til at modst\u00e5 slid og korrosion for at forl\u00e6nge dens levetid.<\/li>\n<li>\n<h3>Sikkerhed:<\/h3>\n<p> Cylinderen b\u00f8r v\u00e6re konstrueret til at sikre sikker drift, f.eks. ved brug af st\u00f8dd\u00e6mpningsanordninger for at reducere st\u00f8d og sikkerhedsventiler for at forhindre overbelastning.<\/li>\n<li>\n<h3>Vedligeholdelsesevne:<\/h3>\n<p> Cylinderen b\u00f8r designes med nem vedligeholdelse i tankerne, s\u00e5som nem adskillelse og genmontering og brug af let udskiftelige dele.<\/li>\n<\/ul>\n<p><img decoding=\"async\" src=\"https:\/\/www.hydraulic-cylinders.net\/wp-content\/uploads\/2025\/01\/songte-oil-pipes-and-spare-parts.webp\" alt=\"Dele af spandcylinder\" \/><\/p>\n<h2>T\u00e6tning og sm\u00f8ring<\/h2>\n<p>Skovlcylinderen bruger forskellige t\u00e6tninger, s\u00e5som stempelt\u00e6tninger og stangt\u00e6tninger, for at sikre, at hydraulikv\u00e6ske ikke l\u00e6kker. T\u00e6tningerne er typisk lavet af slidst\u00e6rke materialer s\u00e5som polyurethan og nitrilgummi. Cylinderhuset og gevindfladerne er fint behandlet for at forbedre slidstyrken. Cylinderen kr\u00e6ver regelm\u00e6ssig sm\u00f8ring med hydraulikolie for at opretholde en j\u00e6vn drift og forhindre slitage.<\/p>\n<h2>Vedligeholdelse og reparation<\/h2>\n<p>Skovlcylinderen kr\u00e6ver regelm\u00e6ssig vedligeholdelse for at sikre optimal ydeevne og forl\u00e6nget levetid. Nogle almindelige vedligeholdelsesopgaver omfatter:<\/p>\n<ul>\n<li>Regelm\u00e6ssig inspektion: Inspicer cylinderen for l\u00e6kager, slitage og tegn p\u00e5 skader.<\/li>\n<li>Korrekt sm\u00f8ring: Sm\u00f8r cylinderen med den passende m\u00e6ngde hydraulikolie med j\u00e6vne mellemrum.<\/li>\n<li>Udskiftning af pakninger: Udskift slidte eller beskadigede pakninger for at forhindre l\u00e6kager og sikre problemfri drift.<\/li>\n<li>Kalibreringstjek: Kontroller cylinderen for korrekt kalibrering for at sikre n\u00f8jagtig drift.<\/li>\n<\/ul>\n<p><img decoding=\"async\" src=\"https:\/\/www.hydraulic-cylinders.net\/wp-content\/uploads\/2025\/01\/songte-chushion-collar.webp\" alt=\"Spancylinderkrave\" \/><\/p>\n<h2>Sikkerhedshensyn og milj\u00f8faktorer<\/h2>\n<p>N\u00e5r man bruger skovlcylinderen, er det vigtigt at f\u00f8lge sikkerhedsforanstaltninger for at forhindre ulykker og skader. Sikkerhedsforanstaltninger omfatter korrekt installation, brug af personlige v\u00e6rnemidler og tilstr\u00e6kkelig tr\u00e6ning af operat\u00f8rer. Det er ogs\u00e5 vigtigt at overveje milj\u00f8faktorer, s\u00e5som korrekt bortskaffelse af hydraulikv\u00e6ske og minimering af milj\u00f8p\u00e5virkningen.<\/p>\n<h2>Fejlfinding og almindelige problemer<\/h2>\n<p>Almindelige problemer med skovlcylindre omfatter l\u00e6kager, slitage og skader. Hvis nogen af \u200b\u200bdisse problemer opst\u00e5r, er det vigtigt at diagnosticere og reparere dem omg\u00e5ende for at forhindre yderligere skader. Tips og l\u00f8sninger til fejlfinding omfatter:<\/p>\n<ul>\n<li>Ut\u00e6t cylinder: Kontroller pakninger og udskift dem om n\u00f8dvendigt.<\/li>\n<li>Cylinderen tr\u00e6kker sig ikke ud eller ind: Kontroller hydraulikv\u00e6skeniveau og -tryk, og udskift beskadigede dele om n\u00f8dvendigt.<\/li>\n<li>For meget st\u00f8j eller vibrationer: Kontroller for l\u00f8se eller beskadigede dele, og udskift dem om n\u00f8dvendigt.<\/li>\n<\/ul>\n<p><img decoding=\"async\" src=\"https:\/\/www.hydraulic-cylinders.net\/wp-content\/uploads\/2025\/01\/songte-bushings-with-all-kinds-of-excavator-models.webp\" alt=\"Skovlcylinderb\u00f8sninger\" \/><\/p>\n<h2>Om vores virksomhed<\/h2>\n<p>Vi er en producent af hydrauliske udskiftningscylindre med en bred vifte af produkter, og vi er blevet en af \u200b\u200bde f\u00f8rende producenter og engrosdistribut\u00f8rer af hydrauliske cylindre p\u00e5 det indenlandske og internationale marked. Vi f\u00f8lger principperne om ekspertise og s\u00e6tter vores lid til industrialiserede produktionsstyringsstrategier i fine produktionsv\u00e6rksteder. Vores virksomhed forbedrer l\u00f8bende produktionsplatformen gennem anvendelse af teknologisk talent, digitalt avanceret produktionsudstyr og professionelle testsystemer. Vi har st\u00e6rke produktionskapaciteter og leverer effektive, h\u00f8jpr\u00e6cisions- og kvalitetsprodukter for at im\u00f8dekomme vores kunders forskellige behov.<\/p>\n<p>Vores virksomhed tilbyder professionel, international certificering, skr\u00e6ddersyede tjenester, produktionsudstyr og eftersalgsservice. Vi er forpligtet til at levere produkter og tjenester af h\u00f8j kvalitet til vores kunder.<\/p>\n<p><img decoding=\"async\" src=\"https:\/\/www.hydraulic-cylinders.net\/wp-content\/uploads\/2025\/01\/songte-company-3.webp\" alt=\"Virksomhedens image\" \/><\/p>\n<p>Forfatter lyl.<\/p>","protected":false},"excerpt":{"rendered":"<p>Bucket Cylinder For XCMG Middle Excavator XE240 Introduction The bucket cylinder for XCMG middle excavator XE240 is a specially designed hydraulic cylinder used to control the movement of the bucket in heavy machinery such as excavators, backhoe excavators, and front-end loaders. Its main function is to enable the bucket to lift, lower, and tilt, making [&hellip;]<\/p>","protected":false},"featured_media":14773,"comment_status":"open","ping_status":"closed","template":"","meta":{"_et_pb_use_builder":"","_et_pb_old_content":"","_et_gb_content_width":""},"product_brand":[],"product_cat":[1494],"product_tag":[1495,1496],"class_list":{"0":"post-15471","1":"product","2":"type-product","3":"status-publish","4":"has-post-thumbnail","6":"product_cat-bucket-cylinders","7":"product_tag-bucket-cylinders","8":"product_tag-hydraulic-cylinders","10":"first","11":"instock","12":"shipping-taxable","13":"product-type-simple"},"amp_enabled":true,"_links":{"self":[{"href":"https:\/\/www.hydraulic-cylinders.net\/da\/wp-json\/wp\/v2\/product\/15471","targetHints":{"allow":["GET"]}}],"collection":[{"href":"https:\/\/www.hydraulic-cylinders.net\/da\/wp-json\/wp\/v2\/product"}],"about":[{"href":"https:\/\/www.hydraulic-cylinders.net\/da\/wp-json\/wp\/v2\/types\/product"}],"replies":[{"embeddable":true,"href":"https:\/\/www.hydraulic-cylinders.net\/da\/wp-json\/wp\/v2\/comments?post=15471"}],"wp:featuredmedia":[{"embeddable":true,"href":"https:\/\/www.hydraulic-cylinders.net\/da\/wp-json\/wp\/v2\/media\/14773"}],"wp:attachment":[{"href":"https:\/\/www.hydraulic-cylinders.net\/da\/wp-json\/wp\/v2\/media?parent=15471"}],"wp:term":[{"taxonomy":"product_brand","embeddable":true,"href":"https:\/\/www.hydraulic-cylinders.net\/da\/wp-json\/wp\/v2\/product_brand?post=15471"},{"taxonomy":"product_cat","embeddable":true,"href":"https:\/\/www.hydraulic-cylinders.net\/da\/wp-json\/wp\/v2\/product_cat?post=15471"},{"taxonomy":"product_tag","embeddable":true,"href":"https:\/\/www.hydraulic-cylinders.net\/da\/wp-json\/wp\/v2\/product_tag?post=15471"}],"curies":[{"name":"wp","href":"https:\/\/api.w.org\/{rel}","templated":true}]}}