{"id":15472,"date":"2025-01-19T14:34:21","date_gmt":"2025-01-19T14:34:21","guid":{"rendered":"https:\/\/www.hydraulic-cylinders.net\/product\/bucket-cylinder-for-xcmg-middle-excavator-xe265c\/"},"modified":"2025-01-19T14:34:23","modified_gmt":"2025-01-19T14:34:23","slug":"bucket-cylinder-for-xcmg-middle-excavator-xe265c","status":"publish","type":"product","link":"https:\/\/www.hydraulic-cylinders.net\/da\/vare\/bucket-cylinder-for-xcmg-middle-excavator-xe265c\/","title":{"rendered":"Skovlcylinder til XCMG mellemgraver XE265C"},"content":{"rendered":"<h1>Skovlcylinder til XCMG mellemgraver XE265C<\/h1>\n<h2>Indledning<\/h2>\n<p>Skovlcylinderen til XCMG mellemgravemaskinen XE265C er en specialdesignet hydraulisk cylinder, der bruges til at styre skovlens bev\u00e6gelse i tunge maskiner s\u00e5som gravemaskiner, rendegravere og frontl\u00e6ssere. Dens hovedfunktion er at g\u00f8re det muligt for skovlen at l\u00f8fte, s\u00e6nke og vippe, hvilket g\u00f8r den praktisk til forskellige materialeh\u00e5ndteringsopgaver. I det hydrauliske system opn\u00e5r skovlcylinderen pr\u00e6cis kontrol over skovlen gennem \u00e6ndringer i hydraulikolietrykket, hvilket giver f\u00f8reren mulighed for effektivt at h\u00e5ndtere tunge l\u00e6s og tilpasse sig komplekse arbejdsmilj\u00f8er og forskellige driftsbehov.<\/p>\n<p><img decoding=\"async\" src=\"https:\/\/www.hydraulic-cylinders.net\/wp-content\/uploads\/2025\/01\/songte-company-2.webp\" alt=\"Billede af spandcylinder\"><\/p>\n<h2>Funktioner<\/h2>\n<ul>\n<li><strong>H\u00f8j styrke og holdbarhed:<\/strong> Den er typisk fremstillet af h\u00f8jstyrkest\u00e5l eller aluminium og kan modst\u00e5 h\u00f8jt tryk og tunge belastninger, og den tilpasser sig barske arbejdsmilj\u00f8er. Designet tager h\u00f8jde for slidstyrke og korrosionsbestandighed, hvilket forl\u00e6nger dens levetid.<\/li>\n<li><strong>Effektiv hydraulisk drift:<\/strong> Ved at udnytte trykket fra hydraulikolien opn\u00e5r den j\u00e6vne ud- og tilbagetr\u00e6kningsbev\u00e6gelser, hvilket muligg\u00f8r hurtig reaktion p\u00e5 kontrolkommandoer og leverer kraftige skubbe- og tr\u00e6kkr\u00e6fter, der er velegnede til h\u00e5ndtering af tunge belastninger og komplekse opgaver.<\/li>\n<li><strong>Forskellige typer:<\/strong> F\u00e5s med enkeltvirkende (hydraulisk kun anvendt i \u00e9n retning) eller dobbeltvirkende (hydraulisk anvendt i begge retninger) cylindre for at im\u00f8dekomme forskellige driftsbehov. Nogle modeller er teleskopiske, hvilket giver mulighed for st\u00f8rre udtr\u00e6k uden at \u00f8ge de udvendige dimensioner og er velegnede til applikationer med begr\u00e6nset plads.<\/li>\n<li><strong>Udskiftning af andre hydrauliske cylindre:<\/strong> Vores produkt kan perfekt erstatte forskellige hydrauliske cylindre.<\/li>\n<\/ul>\n<p><img decoding=\"async\" src=\"https:\/\/www.hydraulic-cylinders.net\/wp-content\/uploads\/2025\/01\/songte-cylinder-head-with-all-kinds-excavator-models.webp\" alt=\"Produktbillede\"><\/p>\n<h2>Applikationer<\/h2>\n<p>Skovlcylinderen finder anvendelse i forskellige industrier og udstyr, herunder:<\/p>\n<h3>Entrepren\u00f8rudstyr<\/h3>\n<p>I gravemaskiner er de afg\u00f8rende for at grave, l\u00e6sse og flytte jord eller affald. I rendegravere hj\u00e6lper skovlcylinderen med b\u00e5de at grave og l\u00f8fte.<\/p>\n<h3>Landbrugsmaskiner<\/h3>\n<p>Anvendes i frontl\u00e6ssere til at udgrave, l\u00f8fte og transportere jord, h\u00f8 og andre materialer.<\/p>\n<h3>Gravemaskiner<\/h3>\n<p>Skovlcylinderen muligg\u00f8r gravehandlinger ved at lade skovlen tr\u00e6nge ned i jorden.<\/p>\n<h3>L\u00e6ssere<\/h3>\n<p>I frontl\u00e6ssere hj\u00e6lper de med at l\u00f8fte og t\u00f8mme gods effektivt.<\/p>\n<p><img decoding=\"async\" src=\"https:\/\/www.hydraulic-cylinders.net\/wp-content\/uploads\/2025\/01\/songte-oil-pipes-and-spare-parts.webp\" alt=\"Produktbillede\"><\/p>\n<h2>Designovervejelser og udv\u00e6lgelseskriterier<\/h2>\n<p>N\u00e5r det kommer til designhensyn, skal der tages h\u00f8jde for flere vigtige faktorer:<\/p>\n<h3>B\u00e6reevne:<\/h3>\n<p>Cylinderen skal v\u00e6re konstrueret til at modst\u00e5 de forventede belastninger og kr\u00e6fter i applikationen, hvilket sikrer sikker og p\u00e5lidelig drift.<\/p>\n<h3>Forsegling:<\/h3>\n<p>Forskellige t\u00e6tningselementer, s\u00e5som stempelt\u00e6tninger og stangt\u00e6tninger, b\u00f8r anvendes for at sikre effektiv t\u00e6tning og forhindre l\u00e6kager.<\/p>\n<h3>Holdbarhed:<\/h3>\n<p>Cylinderen b\u00f8r konstrueres med materialer og overfladebehandlinger, der forbedrer slidstyrken og korrosionsbestandigheden og forl\u00e6nger dens levetid.<\/p>\n<h3>Sikkerhed:<\/h3>\n<p>Designfunktioner b\u00f8r prioritere operat\u00f8rsikkerhed, herunder foranstaltninger til at forhindre uventede bev\u00e6gelser og sikre korrekte l\u00e5semekanismer.<\/p>\n<h3>Vedligeholdelsesevne:<\/h3>\n<p>Cylinderen skal v\u00e6re designet til nem vedligeholdelse, med tilg\u00e6ngelige komponenter og klare instruktioner til demontering, inspektion og reparation.<\/p>\n<p><img decoding=\"async\" src=\"https:\/\/www.hydraulic-cylinders.net\/wp-content\/uploads\/2025\/01\/songte-chushion-collar.webp\" alt=\"Produktbillede\"><\/p>\n<h2>T\u00e6tning og sm\u00f8ring<\/h2>\n<p>Skovlcylinderen anvender forskellige t\u00e6tningskomponenter, s\u00e5som stempelt\u00e6tninger og stangt\u00e6tninger, som er lavet af slidst\u00e6rke materialer som polyurethan og nitrilgummi. Cylinderhuset og gevindfladerne gennemg\u00e5r en finbehandling for at forbedre slidstyrken. Regelm\u00e6ssig sm\u00f8ring med den passende m\u00e6ngde hydraulikolie er n\u00f8dvendig for at sikre problemfri drift og lang levetid.<\/p>\n<h2>Inspektion og forebyggende vedligeholdelse<\/h2>\n<p>Regelm\u00e6ssige inspektioner og forebyggende vedligeholdelsesforanstaltninger er afg\u00f8rende for korrekt funktion og levetid af skovlcylinderen. Nogle anbefalede opgaver inkluderer:<\/p>\n<ul>\n<li>Regelm\u00e6ssig kontrol for l\u00e6kager, unormale lyde og tegn p\u00e5 slid eller skader.<\/li>\n<li>P\u00e5f\u00f8r passende sm\u00f8ring som anvist i vedligeholdelsesmanualen.<\/li>\n<li>Udskiftning af pakninger n\u00e5r det er n\u00f8dvendigt for at opretholde optimal ydeevne.<\/li>\n<li>Udf\u00f8relse af kalibreringskontroller for at sikre n\u00f8jagtig drift.<\/li>\n<\/ul>\n<p><img decoding=\"async\" src=\"https:\/\/www.hydraulic-cylinders.net\/wp-content\/uploads\/2025\/01\/songte-bushings-with-all-kinds-of-excavator-models.webp\" alt=\"Produktbillede\"><\/p>\n<h2>Sikkerhedshensyn og milj\u00f8faktorer<\/h2>\n<p>Det er af st\u00f8rste vigtighed at sikre, at der er sikkerhedsforanstaltninger p\u00e5 plads, n\u00e5r man arbejder med skovlcylinderen. Operat\u00f8rer skal f\u00f8lge alle sikkerhedsretningslinjer og bruge passende personlige v\u00e6rnemidler. Derudover b\u00f8r milj\u00f8faktorer som temperatur, fugtighed og eksponering for kemikalier tages i betragtning for at forhindre negative virkninger p\u00e5 cylinderens ydeevne.<\/p>\n<h2>Fejlfinding og almindelige problemer<\/h2>\n<p>N\u00e5r du st\u00f8der p\u00e5 problemer med skovlcylinderen, kan f\u00f8lgende fejlfindingstips og l\u00f8sninger hj\u00e6lpe med at diagnosticere og l\u00f8se problemer effektivt. Derudover b\u00f8r der tr\u00e6ffes forebyggende foranstaltninger for at minimere potentielle problemer.<\/p>\n<p><img decoding=\"async\" src=\"https:\/\/www.hydraulic-cylinders.net\/wp-content\/uploads\/2025\/01\/songte-company-1.webp\" alt=\"Produktbillede\"><\/p>\n<h2>Om vores virksomhed<\/h2>\n<p>Vi er producent af hydrauliske udskiftningscylindre og tilbyder en bred vifte af produkter. Vi er en af \u200b\u200bde f\u00f8rende producenter og engrosdistribut\u00f8rer af hydrauliske cylindre p\u00e5 det indenlandske og internationale marked. Med fokus p\u00e5 fremragende kvalitet og industrialiserede produktionsstyringsstrategier i vores sofistikerede produktionsv\u00e6rksted forbedrer vi l\u00f8bende vores produktionsplatform, forfiner vores produktionsruter med fokus p\u00e5 produktkvalitet og har en st\u00e6rk innovationskapacitet. Vores principper om h\u00f8j effektivitet, pr\u00e6cision og h\u00f8j kvalitet g\u00f8r det muligt for os at im\u00f8dekomme vores kunders forskellige behov.<\/p>\n<p><img decoding=\"async\" src=\"https:\/\/www.hydraulic-cylinders.net\/wp-content\/uploads\/2025\/01\/songte-company-3.webp\" alt=\"Virksomhedens image\"><\/p>\n<p>Vi er stolte af:<\/p>\n<ul>\n<li>Professionalitet og ekspertise inden for hydrauliske cylindre<\/li>\n<li>Internationale certificeringer og overholdelse af standarder<\/li>\n<li>Tilpasningstjenester for at opfylde specifikke krav<\/li>\n<li>Avanceret produktionsudstyr og -faciliteter<\/li>\n<li>Omfattende eftersalgsservice<\/li>\n<\/ul>\n<p>Vores engagement i ekspertise har etableret os som en betroet leverand\u00f8r i branchen.<\/p>\n<p>Forfatter: lyl<\/p>","protected":false},"excerpt":{"rendered":"<p>Bucket Cylinder For XCMG Middle Excavator XE265C Introduction The bucket cylinder for XCMG middle excavator XE265C is a specially designed hydraulic cylinder used to control the movement of the bucket in heavy machinery such as excavators, backhoe loaders, and front loaders. Its main function is to enable the bucket to lift, lower, and tilt, making [&hellip;]<\/p>","protected":false},"featured_media":14771,"comment_status":"open","ping_status":"closed","template":"","meta":{"_et_pb_use_builder":"","_et_pb_old_content":"","_et_gb_content_width":""},"product_brand":[],"product_cat":[1494],"product_tag":[1495,1496],"class_list":{"0":"post-15472","1":"product","2":"type-product","3":"status-publish","4":"has-post-thumbnail","6":"product_cat-bucket-cylinders","7":"product_tag-bucket-cylinders","8":"product_tag-hydraulic-cylinders","10":"first","11":"instock","12":"shipping-taxable","13":"product-type-simple"},"amp_enabled":true,"_links":{"self":[{"href":"https:\/\/www.hydraulic-cylinders.net\/da\/wp-json\/wp\/v2\/product\/15472","targetHints":{"allow":["GET"]}}],"collection":[{"href":"https:\/\/www.hydraulic-cylinders.net\/da\/wp-json\/wp\/v2\/product"}],"about":[{"href":"https:\/\/www.hydraulic-cylinders.net\/da\/wp-json\/wp\/v2\/types\/product"}],"replies":[{"embeddable":true,"href":"https:\/\/www.hydraulic-cylinders.net\/da\/wp-json\/wp\/v2\/comments?post=15472"}],"wp:featuredmedia":[{"embeddable":true,"href":"https:\/\/www.hydraulic-cylinders.net\/da\/wp-json\/wp\/v2\/media\/14771"}],"wp:attachment":[{"href":"https:\/\/www.hydraulic-cylinders.net\/da\/wp-json\/wp\/v2\/media?parent=15472"}],"wp:term":[{"taxonomy":"product_brand","embeddable":true,"href":"https:\/\/www.hydraulic-cylinders.net\/da\/wp-json\/wp\/v2\/product_brand?post=15472"},{"taxonomy":"product_cat","embeddable":true,"href":"https:\/\/www.hydraulic-cylinders.net\/da\/wp-json\/wp\/v2\/product_cat?post=15472"},{"taxonomy":"product_tag","embeddable":true,"href":"https:\/\/www.hydraulic-cylinders.net\/da\/wp-json\/wp\/v2\/product_tag?post=15472"}],"curies":[{"name":"wp","href":"https:\/\/api.w.org\/{rel}","templated":true}]}}