{"id":15483,"date":"2025-01-19T14:35:12","date_gmt":"2025-01-19T14:35:12","guid":{"rendered":"https:\/\/www.hydraulic-cylinders.net\/product\/bucket-cylinder-for-xcmg-large-excavator-xe500m\/"},"modified":"2025-01-19T14:35:14","modified_gmt":"2025-01-19T14:35:14","slug":"bucket-cylinder-for-xcmg-large-excavator-xe500m","status":"publish","type":"product","link":"https:\/\/www.hydraulic-cylinders.net\/da\/vare\/bucket-cylinder-for-xcmg-large-excavator-xe500m\/","title":{"rendered":"Skovlcylinder til XCMG stor gravemaskine XE500M"},"content":{"rendered":"<h1>Skovlcylinder til XCMG stor gravemaskine XE500M<\/h1>\n<h2>Indledning<\/h2>\n<h3>Definition<\/h3>\n<p>En skovlcylinder er en specialdesignet hydraulisk cylinder, der bruges til at styre skovlens bev\u00e6gelse i tunge maskiner s\u00e5som gravemaskiner, rendegravere og frontl\u00e6ssere. Dens hovedfunktion er at l\u00f8fte, s\u00e6nke og vippe skovlen, hvilket g\u00f8r det lettere at h\u00e5ndtere forskellige materialeh\u00e5ndteringsopgaver. I det hydrauliske system styrer skovlcylinderen skovlens pr\u00e6cise bev\u00e6gelse gennem \u00e6ndringer i hydraulikolietrykket, hvilket g\u00f8r det muligt for operat\u00f8rer at h\u00e5ndtere tunge l\u00e6s effektivt og tilpasse sig komplekse arbejdsmilj\u00f8er og forskellige jobkrav.<\/p>\n<p><center><img decoding=\"async\" src=\"https:\/\/www.hydraulic-cylinders.net\/wp-content\/uploads\/2025\/01\/songte-company-2.webp\"><\/center><\/p>\n<h3>Funktioner<\/h3>\n<ul>\n<li><strong>H\u00f8j styrke og holdbarhed:<\/strong> Skovlcylinderen, der typisk er lavet af h\u00f8jstyrkest\u00e5l eller aluminium, kan modst\u00e5 h\u00f8je tryk og tunge belastninger og tilpasse sig barske arbejdsmilj\u00f8er. Designet tager ogs\u00e5 h\u00f8jde for slidstyrke og korrosionsbestandighed, hvilket forl\u00e6nger levetiden.<\/li>\n<li><strong>Effektiv hydraulisk drift:<\/strong> Bruger hydraulisk olietryk til at opn\u00e5 j\u00e6vne forl\u00e6ngelses- og sammentr\u00e6kningsbev\u00e6gelser, reagerer hurtigt p\u00e5 kontrolkommandoer, leverer kraftige tr\u00e6k- og skubbekr\u00e6fter og er egnet til h\u00e5ndtering af tunge belastninger og komplekse driftsopgaver.<\/li>\n<li><strong>Forskellige typer:<\/strong> Skovlcylindrene kan v\u00e6re enkeltvirkende (brug hydraulik i kun \u00e9n retning) eller dobbeltvirkende (brug hydraulik i to retninger) afh\u00e6ngigt af driftskravene. Nogle modeller er teleskopiske, hvilket giver mulighed for st\u00f8rre udtr\u00e6k uden at \u00f8ge de udvendige dimensioner og er velegnede til applikationer med begr\u00e6nset plads.<\/li>\n<li><strong>Nem at udskifte:<\/strong> Vores produkter er perfekte alternativer til disse hydrauliske cylindre. <\/li>\n<\/ul>\n<p><center><img decoding=\"async\" src=\"https:\/\/www.hydraulic-cylinders.net\/wp-content\/uploads\/2025\/01\/songte-cylinder-head-with-all-kinds-excavator-models.webp\"><\/center><\/p>\n<h3>Anvendelse<\/h3>\n<p>Skovlcylinderen bruges i vid udstr\u00e6kning i forskellige industrier, herunder:<\/p>\n<ul>\n<li><strong>Entrepren\u00f8rudstyr:<\/strong> I gravemaskiner er de afg\u00f8rende for at grave, l\u00e6sse og flytte jord eller affald. I rendegravere hj\u00e6lper skovlcylinderen med b\u00e5de gravning og l\u00f8ft. <\/li>\n<li><strong>Landbrugsmaskiner:<\/strong> Anvendes i frontl\u00e6ssere til at opgrave, l\u00f8fte og transportere jord, h\u00f8 og andre materialer. <\/li>\n<li><strong>Gravemaskiner:<\/strong> Skovlcylinderen tillader skovlen at tr\u00e6nge ned i jorden for at udf\u00f8re udgravningsbev\u00e6gelsen. <\/li>\n<li><strong>L\u00e6ssere:<\/strong> I frontl\u00e6ssere hj\u00e6lper skovlcylindre med at l\u00f8fte og t\u00f8mme gods effektivt.<\/li>\n<\/ul>\n<h3>Designovervejelser og udv\u00e6lgelseskriterier<\/h3>\n<p>Ved design af skovlcylinderen tages der hensyn til flere faktorer, herunder:<\/p>\n<ul>\n<li><strong>B\u00e6reevne:<\/strong> Skovlcylinderen skal kunne b\u00e6re maskineriets og det materiales lastekapacitet. <\/li>\n<li><strong>Forsegling og holdbarhed:<\/strong> Skovlcylinderen kr\u00e6ver robust t\u00e6tning for at forhindre l\u00e6kage og sikre langvarig brug, idet der tages hensyn til milj\u00f8faktorer som temperatur og kemikalier. <\/li>\n<li><strong>Sikkerhed:<\/strong> Skovlcylinderen skal installeres sikkert, og der skal v\u00e6re truffet foranstaltninger for at forhindre ulykker s\u00e5som uventede bev\u00e6gelser eller overbelastning.<\/li>\n<li><strong>Opretholdelse:<\/strong> Skovlcylinderen skal serviceres regelm\u00e6ssigt for at sikre optimal ydeevne, herunder olieskift, udskiftning af pakninger og kalibreringskontroller. <\/li>\n<\/ul>\n<p><center><img decoding=\"async\" src=\"https:\/\/www.hydraulic-cylinders.net\/wp-content\/uploads\/2025\/01\/songte-oil-pipes-and-spare-parts.webp\"><\/center><\/p>\n<h3>T\u00e6tning og sm\u00f8ring<\/h3>\n<p>Skovlcylinderen bruger forskellige t\u00e6tningskomponenter, s\u00e5som stempelt\u00e6tninger, stangt\u00e6tninger osv., der er lavet af slidst\u00e6rke materialer som polyurethan og NBR. Cylinderhuset og gevindenden gennemg\u00e5r finbearbejdning for at forbedre slidstyrken. Regelm\u00e6ssig tils\u00e6tning af passende m\u00e6ngder hydraulikolie til sm\u00f8ring af cylinderen er n\u00f8dvendig for at opretholde optimal ydeevne.<\/p>\n<h3>Vedligeholdelse og reparation<\/h3>\n<p>Regelm\u00e6ssig vedligeholdelse s\u00e5som sm\u00f8ring, udskiftning af pakninger og kalibreringskontroller er afg\u00f8rende for at sikre cylinderens levetid. Det anbefales at bruge passende monteringsbeslag til at fastg\u00f8re cylinderen sikkert p\u00e5 plads, og korrekt justering af cylinderen er afg\u00f8rende. <\/p>\n<h3>Sikkerheds- og milj\u00f8hensyn<\/h3>\n<p>N\u00e5r man bruger skovlcylinderen, er det afg\u00f8rende at f\u00f8lge sikkerhedsretningslinjerne for at forhindre ulykker og beskytte milj\u00f8et. Brug af passende personlige v\u00e6rnemidler s\u00e5som handsker og beskyttelsesbriller samt korrekt bortskaffelse af hydraulikolie er nogle af de v\u00e6sentlige sikkerheds- og milj\u00f8foranstaltninger, der skal overvejes.<\/p>\n<p><center><img decoding=\"async\" src=\"https:\/\/www.hydraulic-cylinders.net\/wp-content\/uploads\/2025\/01\/songte-chushion-collar.webp\"><\/center><\/p>\n<h3>Fejldiagnose og fejlfinding<\/h3>\n<p>Nogle almindelige problemer med skovlcylinderen omfatter oliel\u00e6kager, utilstr\u00e6kkelig kraft og langsom bev\u00e6gelse. Det er vigtigt at diagnosticere problemet pr\u00e6cist for at kunne anvende passende l\u00f8sninger. Regelm\u00e6ssig vedligeholdelse kan hj\u00e6lpe med at forhindre potentielle problemer.<\/p>\n<h3>Om vores virksomhed<\/h3>\n<p>Vi er en producent af udskiftningsprodukter til hydrauliske cylindre med et komplet produktsortiment. Vi er blevet en af \u200b\u200bde f\u00f8rende producenter og distribut\u00f8rer af hydrauliske cylindre p\u00e5 det indenlandske og internationale marked. Vores produkter f\u00f8lger princippet om fremragende kvalitet og er baseret p\u00e5 en industrialiseret produktionsstyringsstrategi i vores sofistikerede produktionsv\u00e6rksted, der inkorporerer brugen af \u200b\u200bteknologiske talenter, digitalt avanceret produktionsudstyr og professionelle testsystemer. Vores effektive, pr\u00e6cise og h\u00f8jkvalitetsprincipper opfylder vores kunders forskellige behov.<\/p>\n<p>Vores virksomhed tilbyder professionelle tjenester over hele verden, herunder internationale certificeringer, kundeservice, avanceret produktionsudstyr og eftersalgsservice.<\/p>\n<p><center><img decoding=\"async\" src=\"https:\/\/hzpt.com\/wp-content\/uploads\/2024\/11\/songte-company-1.webp\"><\/center><\/p>\n<h4>Forfatter: lyl<\/h4>","protected":false},"excerpt":{"rendered":"<p>Bucket Cylinder For XCMG Large Excavator XE500M Introduction Definition A bucket cylinder is a specially designed hydraulic cylinder used to control the movement of the bucket in heavy machinery such as excavators, backhoe loaders, and front-end loaders. Its main function is to lift, lower, and tilt the bucket, making it easier to handle various material [&hellip;]<\/p>","protected":false},"featured_media":14780,"comment_status":"open","ping_status":"closed","template":"","meta":{"_et_pb_use_builder":"","_et_pb_old_content":"","_et_gb_content_width":""},"product_brand":[],"product_cat":[1494],"product_tag":[1495,1496],"class_list":{"0":"post-15483","1":"product","2":"type-product","3":"status-publish","4":"has-post-thumbnail","6":"product_cat-bucket-cylinders","7":"product_tag-bucket-cylinders","8":"product_tag-hydraulic-cylinders","10":"first","11":"instock","12":"shipping-taxable","13":"product-type-simple"},"amp_enabled":true,"_links":{"self":[{"href":"https:\/\/www.hydraulic-cylinders.net\/da\/wp-json\/wp\/v2\/product\/15483","targetHints":{"allow":["GET"]}}],"collection":[{"href":"https:\/\/www.hydraulic-cylinders.net\/da\/wp-json\/wp\/v2\/product"}],"about":[{"href":"https:\/\/www.hydraulic-cylinders.net\/da\/wp-json\/wp\/v2\/types\/product"}],"replies":[{"embeddable":true,"href":"https:\/\/www.hydraulic-cylinders.net\/da\/wp-json\/wp\/v2\/comments?post=15483"}],"wp:featuredmedia":[{"embeddable":true,"href":"https:\/\/www.hydraulic-cylinders.net\/da\/wp-json\/wp\/v2\/media\/14780"}],"wp:attachment":[{"href":"https:\/\/www.hydraulic-cylinders.net\/da\/wp-json\/wp\/v2\/media?parent=15483"}],"wp:term":[{"taxonomy":"product_brand","embeddable":true,"href":"https:\/\/www.hydraulic-cylinders.net\/da\/wp-json\/wp\/v2\/product_brand?post=15483"},{"taxonomy":"product_cat","embeddable":true,"href":"https:\/\/www.hydraulic-cylinders.net\/da\/wp-json\/wp\/v2\/product_cat?post=15483"},{"taxonomy":"product_tag","embeddable":true,"href":"https:\/\/www.hydraulic-cylinders.net\/da\/wp-json\/wp\/v2\/product_tag?post=15483"}],"curies":[{"name":"wp","href":"https:\/\/api.w.org\/{rel}","templated":true}]}}