{"id":15484,"date":"2025-01-19T14:35:16","date_gmt":"2025-01-19T14:35:16","guid":{"rendered":"https:\/\/www.hydraulic-cylinders.net\/product\/bucket-cylinder-for-xcmg-large-excavator-xe700c\/"},"modified":"2025-01-19T14:35:18","modified_gmt":"2025-01-19T14:35:18","slug":"bucket-cylinder-for-xcmg-large-excavator-xe700c","status":"publish","type":"product","link":"https:\/\/www.hydraulic-cylinders.net\/da\/vare\/bucket-cylinder-for-xcmg-large-excavator-xe700c\/","title":{"rendered":"Skovlcylinder til XCMG stor gravemaskine XE700C"},"content":{"rendered":"<h1>Skovlcylinder til XCMG stor gravemaskine XE700C<\/h1>\n<h2>Indledning<\/h2>\n<h3>Definition<\/h3>\n<p>En skovlcylinder er en specialdesignet hydraulisk cylinder, der bruges til at styre bev\u00e6gelsen af \u200b\u200ben skovl i tunge maskiner s\u00e5som gravemaskiner, rendegravere og frontl\u00e6ssere. Dens hovedfunktion er at g\u00f8re det muligt for skovlen at l\u00f8fte, s\u00e6nke og vippe, hvilket g\u00f8r det lettere at h\u00e5ndtere forskellige materialeh\u00e5ndteringsopgaver. I det hydrauliske system bruger skovlcylinderen \u00e6ndringer i hydraulikolietrykket til at opn\u00e5 pr\u00e6cis kontrol over skovlen, hvilket giver operat\u00f8rer mulighed for effektivt at h\u00e5ndtere tunge l\u00e6s, tilpasse sig komplekse arbejdsmilj\u00f8er og forskellige arbejdskrav.<\/p>\n<p><img decoding=\"async\" src=\"https:\/\/www.hydraulic-cylinders.net\/wp-content\/uploads\/2025\/01\/songte-company-2.webp\" alt=\"billede af spandcylinder\"><\/p>\n<h3>Funktioner<\/h3>\n<ul>\n<li>H\u00f8j styrke og holdbarhed: Typisk fremstillet af h\u00f8jstyrkest\u00e5l eller aluminium, i stand til at modst\u00e5 h\u00f8jt tryk og tunge belastninger, egnet til barske arbejdsmilj\u00f8er, designet med slidstyrke og korrosionsbestandighed i tankerne, hvilket forl\u00e6nger levetiden.<\/li>\n<li>Effektiv hydraulisk drift: udnytter hydraulikolietrykket til at opn\u00e5 j\u00e6vn ud- og indtr\u00e6kning, reagerer hurtigt p\u00e5 styrekommandoer, giver kraftig skubbe- og tr\u00e6kkraft, er velegnet til h\u00e5ndtering af tunge belastninger og komplekse opgaver.<\/li>\n<li>Forskellige typer: Cylinderen kan v\u00e6re enkeltvirkende (kun hydraulisk i \u00e9n retning) eller dobbeltvirkende (hydraulisk i begge retninger) afh\u00e6ngigt af behovet. Nogle modeller er teleskopiske, hvilket muligg\u00f8r st\u00f8rre udtr\u00e6k uden at \u00f8ge de udvendige dimensioner og er velegnede til applikationer med begr\u00e6nset plads.<\/li>\n<li>Kompatibilitet: Vores produkt kan perfekt erstatte disse hydrauliske cylindre.<\/li>\n<li>Mulighed for tilpasning: Vi kan tilpasse produktet i henhold til kundens specifikke krav.<\/li>\n<\/ul>\n<p><img decoding=\"async\" src=\"https:\/\/www.hydraulic-cylinders.net\/wp-content\/uploads\/2025\/01\/songte-cylinder-head-with-all-kinds-excavator-models.webp\" alt=\"billede af skovlcylinderhoved\"><\/p>\n<h3>Applikationer<\/h3>\n<p>Skovlcylinderen anvendes i vid udstr\u00e6kning inden for mange forskellige omr\u00e5der, nogle af anvendelserne er:<\/p>\n<ul>\n<li>Entrepren\u00f8rudstyr: I gravemaskiner er de afg\u00f8rende for at grave, l\u00e6sse og flytte jord eller affald. I rendegravere hj\u00e6lper skovlcylinderen med b\u00e5de gravning og l\u00f8ft. <\/li>\n<li>Landbrugsmaskiner: bruges i frontl\u00e6ssere til at skovle, l\u00f8fte og transportere jord, h\u00f8 og andre materialer.<\/li>\n<li>Gravemaskiner: Skovlcylinderen tillader skovlen at tr\u00e6nge ned i jorden for at udf\u00f8re gravearbejdet.<\/li>\n<li>L\u00e6ssere: I frontl\u00e6ssere hj\u00e6lper de med effektivt at l\u00f8fte og t\u00f8mme last.<\/li>\n<\/ul>\n<h3>Designovervejelser og udv\u00e6lgelseskriterier<\/h3>\n<ul>\n<li>B\u00e6reevne: Cylinderen skal kunne modst\u00e5 den belastning, den vil blive udsat for.<\/li>\n<li>T\u00e6tning: Forskellige t\u00e6tningselementer s\u00e5som stempelt\u00e6tninger og stangt\u00e6tninger skal anvendes for at forhindre l\u00e6kage af hydraulisk v\u00e6ske.<\/li>\n<li>Holdbarhed: Cylinderen skal designes med slidstyrke og korrosionsbestandighed i tankerne for at forl\u00e6nge dens levetid.<\/li>\n<li>Sikkerhed: Cylinderen skal v\u00e6re konstrueret med sikkerhed i tankerne for at forhindre ulykker.<\/li>\n<li>Vedligeholdelsesvenlighed: Cylinderen skal v\u00e6re nem at vedligeholde for at minimere nedetid.<\/li>\n<\/ul>\n<p><img decoding=\"async\" src=\"https:\/\/www.hydraulic-cylinders.net\/wp-content\/uploads\/2025\/01\/songte-oil-pipes-and-spare-parts.webp\" alt=\"billede af olier\u00f8r og reservedele\"><\/p>\n<h3>T\u00e6tning og sm\u00f8ring<\/h3>\n<p>Forskellige t\u00e6tningselementer, s\u00e5som stempelt\u00e6tninger og stangt\u00e6tninger, skal anvendes for at forhindre l\u00e6kage af hydraulisk v\u00e6ske. T\u00e6tningerne er lavet af slidst\u00e6rke materialer som polyurethan og nitrilgummi. Cylinderhuset og gevindfladerne er fint forarbejdet for at forbedre slidstyrken. Regelm\u00e6ssig tils\u00e6tning af passende hydraulikolie er n\u00f8dvendig for sm\u00f8ring.<\/p>\n<h3>Vedligeholdelse og reparation<\/h3>\n<p>Regelm\u00e6ssig inspektion og forebyggende vedligeholdelse er afg\u00f8rende for at sikre cylinderens levetid. Nogle almindelige vedligeholdelsesopgaver omfatter regelm\u00e6ssig inspektion, passende sm\u00f8ring, udskiftning af pakninger og kalibreringstjek. Korrekt installation, sm\u00f8ring og justering er ogs\u00e5 afg\u00f8rende i vedligeholdelsesprocessen. Korrekt justeringsvejledning under installationen og brug af passende monteringsbeslag til at fastg\u00f8re cylinderen anbefales. Vi tilbyder ogs\u00e5 reservedele og ombygningstjenester for at forl\u00e6nge cylinderens levetid.<\/p>\n<p><img decoding=\"async\" src=\"https:\/\/www.hydraulic-cylinders.net\/wp-content\/uploads\/2025\/01\/songte-chushion-collar.webp\" alt=\"billede af pudekrave\"><\/p>\n<h3>Sikkerhedshensyn og milj\u00f8faktorer<\/h3>\n<p>Ved brug af skovlcylinderen skal der tr\u00e6ffes sikkerhedsforanstaltninger for at forhindre ulykker. Operat\u00f8rer skal v\u00e6re opl\u00e6rt i korrekt brug og vedligeholdelse. Milj\u00f8faktorer som temperatur og fugtighed b\u00f8r ogs\u00e5 tages i betragtning i design- og udv\u00e6lgelsesprocessen.<\/p>\n<h3>Fejlfinding og almindelige problemer<\/h3>\n<p>Nogle almindelige problemer med skovlcylindre omfatter l\u00e6kage, utilstr\u00e6kkeligt tryk og langsom drift. Disse problemer kan ofte l\u00f8ses gennem korrekt vedligeholdelse og reparation, s\u00e5som udskiftning af pakninger og p\u00e5fyldning af hydraulikv\u00e6ske. Derudover kan forebyggende foranstaltninger s\u00e5som regelm\u00e6ssig inspektion hj\u00e6lpe med at reducere sandsynligheden for, at disse problemer opst\u00e5r i f\u00f8rste omgang.<\/p>\n<p><img decoding=\"async\" src=\"https:\/\/www.hydraulic-cylinders.net\/wp-content\/uploads\/2025\/01\/songte-bushings-with-all-kinds-of-excavator-models.webp\" alt=\"billede af b\u00f8sninger\"><\/p>\n<h2>Vores virksomhed<\/h2>\n<p>Vi er en producent af hydrauliske udskiftningscylindre, der tilbyder en bred vifte af produkter og er blevet en af \u200b\u200bde f\u00f8rende producenter og grossister af hydrauliske cylindre p\u00e5 det indenlandske og internationale marked. Vi overholder princippet om fremragende kvalitet, bygger p\u00e5 den industrielle produktionsstyringsstrategi fra et sofistikeret produktionsv\u00e6rksted, forbedrer l\u00f8bende v\u00e6rkstedets produktionsplatform, perfektionerer produktionslinjens produktkvalitet og har st\u00e6rke kreative evner. Vores produkter er kendetegnet ved h\u00f8j effektivitet, h\u00f8j pr\u00e6cision og h\u00f8j kvalitet og kan fuldt ud im\u00f8dekomme kundernes forskellige behov.<\/p>\n<h3>Professionalitet<\/h3>\n<p>Vores virksomhed har et team af professionelle med omfattende erfaring inden for hydrauliske cylindre, og vi bruger kun den nyeste teknologi og udstyr. Vi er forpligtet til at levere produkter og tjenester af h\u00f8j kvalitet til vores kunder.<\/p>\n<h3>International certificering<\/h3>\n<p>Vores produkter er certificeret i henhold til internationale kvalitetsstandarder, hvilket sikrer, at vores kunder kun modtager produkter af h\u00f8jeste kvalitet.<\/p>\n<h3>Tilpasningstjenester<\/h3>\n<p>Vi tilbyder skr\u00e6ddersyede produkter i henhold til kundens specifikke krav og leverer skr\u00e6ddersyede l\u00f8sninger til unikke applikationer.<\/p>\n<h3>Produktionsudstyr<\/h3>\n<p>Vi bruger kun det nyeste og mest avancerede produktionsudstyr i vores produktionsproces, hvilket sikrer, at vores produkter er af h\u00f8jeste kvalitet.<\/p>\n<h3>Eftersalgsservice<\/h3>\n<p>Vi er forpligtet til at yde fremragende eftersalgsservice, herunder installationsvejledning og teknisk support, for at sikre, at vores kunder er fuldt ud tilfredse med vores produkter.<\/p>\n<p><img decoding=\"async\" src=\"https:\/\/hzpt.com\/wp-content\/uploads\/2024\/11\/songte-company-1.webp\" alt=\"virksomhedens image\"><\/p>\n<p>Forfatter: LYL<\/p>","protected":false},"excerpt":{"rendered":"<p>Bucket Cylinder For XCMG Large Excavator XE700C Introduction Definition A bucket cylinder is a specially designed hydraulic cylinder used to control the movement of a bucket in heavy machinery such as excavators, backhoes, and front loaders. Its main function is to enable the bucket to lift, lower, and tilt, making it easier to handle various [&hellip;]<\/p>","protected":false},"featured_media":14778,"comment_status":"open","ping_status":"closed","template":"","meta":{"_et_pb_use_builder":"","_et_pb_old_content":"","_et_gb_content_width":""},"product_brand":[],"product_cat":[1494],"product_tag":[1495,1496],"class_list":{"0":"post-15484","1":"product","2":"type-product","3":"status-publish","4":"has-post-thumbnail","6":"product_cat-bucket-cylinders","7":"product_tag-bucket-cylinders","8":"product_tag-hydraulic-cylinders","10":"first","11":"instock","12":"shipping-taxable","13":"product-type-simple"},"amp_enabled":true,"_links":{"self":[{"href":"https:\/\/www.hydraulic-cylinders.net\/da\/wp-json\/wp\/v2\/product\/15484","targetHints":{"allow":["GET"]}}],"collection":[{"href":"https:\/\/www.hydraulic-cylinders.net\/da\/wp-json\/wp\/v2\/product"}],"about":[{"href":"https:\/\/www.hydraulic-cylinders.net\/da\/wp-json\/wp\/v2\/types\/product"}],"replies":[{"embeddable":true,"href":"https:\/\/www.hydraulic-cylinders.net\/da\/wp-json\/wp\/v2\/comments?post=15484"}],"wp:featuredmedia":[{"embeddable":true,"href":"https:\/\/www.hydraulic-cylinders.net\/da\/wp-json\/wp\/v2\/media\/14778"}],"wp:attachment":[{"href":"https:\/\/www.hydraulic-cylinders.net\/da\/wp-json\/wp\/v2\/media?parent=15484"}],"wp:term":[{"taxonomy":"product_brand","embeddable":true,"href":"https:\/\/www.hydraulic-cylinders.net\/da\/wp-json\/wp\/v2\/product_brand?post=15484"},{"taxonomy":"product_cat","embeddable":true,"href":"https:\/\/www.hydraulic-cylinders.net\/da\/wp-json\/wp\/v2\/product_cat?post=15484"},{"taxonomy":"product_tag","embeddable":true,"href":"https:\/\/www.hydraulic-cylinders.net\/da\/wp-json\/wp\/v2\/product_tag?post=15484"}],"curies":[{"name":"wp","href":"https:\/\/api.w.org\/{rel}","templated":true}]}}