{"id":15491,"date":"2025-01-19T14:35:51","date_gmt":"2025-01-19T14:35:51","guid":{"rendered":"https:\/\/www.hydraulic-cylinders.net\/product\/bucket-cylinder-for-xcmg-wheel-excavator-et110\/"},"modified":"2025-01-19T14:35:53","modified_gmt":"2025-01-19T14:35:53","slug":"bucket-cylinder-for-xcmg-wheel-excavator-et110","status":"publish","type":"product","link":"https:\/\/www.hydraulic-cylinders.net\/da\/vare\/bucket-cylinder-for-xcmg-wheel-excavator-et110\/","title":{"rendered":"Skovlcylinder til XCMG-hjulgraver ET110"},"content":{"rendered":"<h1>Skovlcylinder til XCMG-hjulgraver ET110<\/h1>\n<h2>Indledning<\/h2>\n<p>En skovlcylinder er en hydraulisk cylinder, der er specielt designet til at styre skovlens bev\u00e6gelse i tunge maskiner s\u00e5som gravemaskiner, rendegravere og frontl\u00e6ssere. Dens hovedfunktion er at give skovlen mulighed for at l\u00f8fte, s\u00e6nke og vippe, hvilket g\u00f8r det lettere at h\u00e5ndtere en r\u00e6kke forskellige materialer til transportopgaver. I et hydraulisk system opn\u00e5r skovlcylinderen pr\u00e6cis kontrol over skovlen ved \u00e6ndringer i hydraulikolietrykket, hvilket giver operat\u00f8rerne mulighed for effektivt at h\u00e5ndtere tunge l\u00e6s og tilpasse sig komplekse arbejdsmilj\u00f8er og forskellige jobkrav.<\/p>\n<p><img decoding=\"async\" src=\"https:\/\/www.hydraulic-cylinders.net\/wp-content\/uploads\/2025\/01\/songte-company-2.webp\" alt=\"Spandens cylinder\"><\/p>\n<h2>Funktioner<\/h2>\n<ul>\n<li>H\u00f8j styrke og holdbarhed: Typisk fremstillet af h\u00f8jstyrkest\u00e5l eller aluminium, kan den modst\u00e5 h\u00f8jt tryk og tunge belastninger og tilpasse sig barske arbejdsmilj\u00f8er. Designet tager h\u00f8jde for slidstyrke og korrosionsbestandighed, hvilket forl\u00e6nger dens levetid.<\/li>\n<li>Effektiv hydraulisk drift: Ved at bruge trykket fra hydraulikolien til at opn\u00e5 j\u00e6vn ekspansion og sammentr\u00e6kning, kan den hurtigt reagere p\u00e5 styrekommandoer og levere kraftige skubbe- og tr\u00e6kkr\u00e6fter, der er velegnede til h\u00e5ndtering af tunge belastninger og komplekse arbejdsopgaver.<\/li>\n<li>Forskellige typer: Enkeltvirkende (hydraulisk anvendt i kun \u00e9n retning) eller dobbeltvirkende (hydraulisk anvendt i begge retninger) cylindre kan v\u00e6lges efter behov for at im\u00f8dekomme forskellige driftsbehov. Nogle modeller er teleskopiske, hvilket giver mulighed for st\u00f8rre udvidelse uden at \u00f8ge de udvendige dimensioner og er velegnede til applikationer med begr\u00e6nset plads.<\/li>\n<li>Perfekt udskiftning: Vores produkt kan perfekt erstatte disse hydrauliske cylindre.<\/li>\n<li>Tilpasset design: Vi tilbyder tilpassede l\u00f8sninger i henhold til kundens krav og specifikationer, herunder st\u00f8rrelse, slagl\u00e6ngde, trykklassificering, monteringstype og mere.<\/li>\n<\/ul>\n<p><img decoding=\"async\" src=\"https:\/\/www.hydraulic-cylinders.net\/wp-content\/uploads\/2025\/01\/songte-cylinder-head-with-all-kinds-excavator-models.webp\" alt=\"Topstykke\"><\/p>\n<h2>Anvendelse<\/h2>\n<p>Skovlcylinderen bruges i vid udstr\u00e6kning i forskellige tunge maskiner, herunder:<\/p>\n<h3>Entrepren\u00f8rudstyr<\/h3>\n<p>I gravemaskiner er de afg\u00f8rende for at grave, l\u00e6sse og flytte jord eller affald. I rendegravere hj\u00e6lper skovlcylinderen med at grave og l\u00f8fte. <\/p>\n<h3>Landbrugsmaskiner<\/h3>\n<p>Bruges i frontl\u00e6ssere til at opgrave, l\u00f8fte og transportere jord, h\u00f8 og andre materialer. I gravemaskiner muligg\u00f8r skovlcylindre gravehandlinger ved at lade skovlen tr\u00e6nge ned i jorden. I frontl\u00e6ssere hj\u00e6lper de med effektivt at l\u00f8fte og t\u00f8mme last.<\/p>\n<p><img decoding=\"async\" src=\"https:\/\/www.hydraulic-cylinders.net\/wp-content\/uploads\/2025\/01\/songte-bushings-with-all-kinds-of-excavator-models.webp\" alt=\"B\u00f8sninger\"><\/p>\n<h2>Designovervejelser og udv\u00e6lgelseskriterier<\/h2>\n<p>Ved design og valg af skovlcylindre skal forskellige faktorer tages i betragtning, herunder:<\/p>\n<h3>B\u00e6reevne<\/h3>\n<p>Cylinderen skal kunne modst\u00e5 den maksimale belastning, den uds\u00e6ttes for, uden at svigte.<\/p>\n<h3>Forsegling<\/h3>\n<p>Forskellige t\u00e6tninger, s\u00e5som stempelt\u00e6tninger og stangt\u00e6tninger, bruges til at forhindre l\u00e6kage og kontaminering af hydraulisk v\u00e6ske. T\u00e6tningsmaterialer som polyurethan og nitrilgummi v\u00e6lges for deres slidstyrke og holdbarhed.<\/p>\n<h3>Holdbarhed<\/h3>\n<p>Cylindermaterialet b\u00f8r v\u00e6lges ud fra dets evne til at modst\u00e5 st\u00f8d, slid og korrosion.<\/p>\n<h3>Sikkerhed<\/h3>\n<p>Designet skal tage h\u00f8jde for sikkerhedshensyn, herunder risikoen for cylinderfejl og konsekvenserne af et s\u00e5dant fejl.<\/p>\n<h3>Opretholdelse<\/h3>\n<p>Designet skal v\u00e6re nemt at vedligeholde, med dele, der er lette at f\u00e5 adgang til og udskifte.<\/p>\n<p><img decoding=\"async\" src=\"https:\/\/www.hydraulic-cylinders.net\/wp-content\/uploads\/2025\/01\/songte-oil-pipes-and-spare-parts.webp\" alt=\"Olier\u00f8r og reservedele\"><\/p>\n<h2>T\u00e6tning og sm\u00f8ring<\/h2>\n<p>Skovlcylinderen bruger forskellige t\u00e6tninger for at forhindre l\u00e6kager af hydraulisk v\u00e6ske og minimere kontaminering. Stempelt\u00e6tninger og stangt\u00e6tninger er typisk lavet af slidst\u00e6rke materialer s\u00e5som polyurethan og nitrilgummi. Cylinderhuset og gevindenden er pr\u00e6cist forarbejdet for at forbedre slidstyrken. Regelm\u00e6ssig sm\u00f8ring med passende hydraulikolie er n\u00f8dvendig for at sikre problemfri drift og forl\u00e6nge levetiden.<\/p>\n<h2>Inspektion og forebyggende vedligeholdelse<\/h2>\n<p>Regelm\u00e6ssig inspektion og forebyggende vedligeholdelse kan hj\u00e6lpe med at identificere og h\u00e5ndtere potentielle problemer, f\u00f8r de for\u00e5rsager skade eller fejl. Tre almindelige vedligeholdelsesopgaver omfatter:<\/p>\n<ul>\n<li>Regelm\u00e6ssige kontroller<\/li>\n<li>Korrekt sm\u00f8ring<\/li>\n<li>Udskiftning af pakning og kalibreringskontrol<\/li>\n<\/ul>\n<p>Korrekt installation er afg\u00f8rende for cylinderens levetid. Det anbefales at justere cylinderen korrekt under installationen og bruge passende monteringsbeslag til at fastg\u00f8re cylinderen p\u00e5 plads. Der gives en foresl\u00e5et inspektions-, reparations- og udskiftningsprocedure, som inkluderer udskiftning af dele og genopbygning for at forbedre cylinderens levetid.<\/p>\n<p><img decoding=\"async\" src=\"https:\/\/www.hydraulic-cylinders.net\/wp-content\/uploads\/2025\/01\/songte-chushion-collar.webp\" alt=\"Pudekrave\"><\/p>\n<h2>Sikkerhedshensyn og milj\u00f8faktorer<\/h2>\n<p>N\u00e5r man bruger skovlcylinderen, skal der tr\u00e6ffes sikkerhedsforanstaltninger for at forhindre ulykker. Disse foranstaltninger omfatter brug af passende sikkerhedsudstyr, korrekt driftsprocedure og regelm\u00e6ssig inspektion for at holde udstyret i god stand. Milj\u00f8faktorer, s\u00e5som temperatur og fugtighed, kan ogs\u00e5 p\u00e5virke hydrauliske cylindres ydeevne. Drift inden for det anbefalede temperaturomr\u00e5de og fugtighedsniveau kan bidrage til at sikre optimal ydeevne og forhindre skader.<\/p>\n<h2>Fejlfinding og almindelige problemer<\/h2>\n<p>Almindelige problemer, der kan opst\u00e5 med skovlcylinderen, omfatter l\u00e6kager, skader og forkert betjening. Der gives tips og l\u00f8sninger til fejlfinding for at hj\u00e6lpe l\u00e6serne med at diagnosticere og l\u00f8se problemer effektivt. Forebyggende foranstaltninger anbefales ogs\u00e5 for at minimere potentielle problemer og sikre korrekt vedligeholdelse.<\/p>\n<p><img decoding=\"async\" src=\"https:\/\/hzpt.com\/wp-content\/uploads\/2024\/11\/songte-company-1.webp\" alt=\"Selskab\"><\/p>\n<h2>Om os<\/h2>\n<p>Vi er producent af hydrauliske udskiftningscylindre. Vores produktsortiment er komplet, hvilket g\u00f8r os til en af \u200b\u200bde f\u00f8rende producenter og grossister af hydrauliske cylindre p\u00e5 det indenlandske og internationale marked. Vi overholder principperne om fremragende kvalitet og en industrialiseret produktionsstyringsstrategi baseret p\u00e5 brugen af \u200b\u200bteknisk talent, digitalt avanceret produktionsudstyr og professionelle testsystemer. Vi forbedrer l\u00f8bende v\u00e6rkstedets produktionsplatform, forbedrer produktkvaliteten og har st\u00e6rke kreative evner til at im\u00f8dekomme forskellige kundebehov med h\u00f8j effektivitet, h\u00f8j pr\u00e6cision og h\u00f8j kvalitet. <\/p>\n<p>Vi tilbyder skr\u00e6ddersyede tjenester, international certificering og specialiseret eftersalgsservice. Vores produktionsudstyr er topmoderne, og vi tilbyder en komplet vifte af vedligeholdelses- og reparationstjenester. <\/p>\n<p><img decoding=\"async\" src=\"https:\/\/www.hydraulic-cylinders.net\/wp-content\/uploads\/2025\/01\/songte-company-3.webp\" alt=\"Selskab\"><\/p>\n<p><em>Forfatter: lyl<\/em><\/p>","protected":false},"excerpt":{"rendered":"<p>Bucket Cylinder For XCMG Wheel Excavator ET110 Introduction A bucket cylinder is a hydraulic cylinder specially designed to control the movement of the bucket in heavy machinery such as excavators, backhoes, and front-end loaders. Its main function is to allow the bucket to lift, lower, and tilt, making it easier to handle a variety of [&hellip;]<\/p>","protected":false},"featured_media":14761,"comment_status":"open","ping_status":"closed","template":"","meta":{"_et_pb_use_builder":"","_et_pb_old_content":"","_et_gb_content_width":""},"product_brand":[],"product_cat":[1494],"product_tag":[1495,1496],"class_list":{"0":"post-15491","1":"product","2":"type-product","3":"status-publish","4":"has-post-thumbnail","6":"product_cat-bucket-cylinders","7":"product_tag-bucket-cylinders","8":"product_tag-hydraulic-cylinders","10":"first","11":"instock","12":"shipping-taxable","13":"product-type-simple"},"amp_enabled":true,"_links":{"self":[{"href":"https:\/\/www.hydraulic-cylinders.net\/da\/wp-json\/wp\/v2\/product\/15491","targetHints":{"allow":["GET"]}}],"collection":[{"href":"https:\/\/www.hydraulic-cylinders.net\/da\/wp-json\/wp\/v2\/product"}],"about":[{"href":"https:\/\/www.hydraulic-cylinders.net\/da\/wp-json\/wp\/v2\/types\/product"}],"replies":[{"embeddable":true,"href":"https:\/\/www.hydraulic-cylinders.net\/da\/wp-json\/wp\/v2\/comments?post=15491"}],"wp:featuredmedia":[{"embeddable":true,"href":"https:\/\/www.hydraulic-cylinders.net\/da\/wp-json\/wp\/v2\/media\/14761"}],"wp:attachment":[{"href":"https:\/\/www.hydraulic-cylinders.net\/da\/wp-json\/wp\/v2\/media?parent=15491"}],"wp:term":[{"taxonomy":"product_brand","embeddable":true,"href":"https:\/\/www.hydraulic-cylinders.net\/da\/wp-json\/wp\/v2\/product_brand?post=15491"},{"taxonomy":"product_cat","embeddable":true,"href":"https:\/\/www.hydraulic-cylinders.net\/da\/wp-json\/wp\/v2\/product_cat?post=15491"},{"taxonomy":"product_tag","embeddable":true,"href":"https:\/\/www.hydraulic-cylinders.net\/da\/wp-json\/wp\/v2\/product_tag?post=15491"}],"curies":[{"name":"wp","href":"https:\/\/api.w.org\/{rel}","templated":true}]}}