{"id":15494,"date":"2025-01-19T14:36:02","date_gmt":"2025-01-19T14:36:02","guid":{"rendered":"https:\/\/www.hydraulic-cylinders.net\/product\/bucket-cylinder-for-zoomlion-small-excavator-ze150\/"},"modified":"2025-01-19T14:36:04","modified_gmt":"2025-01-19T14:36:04","slug":"bucket-cylinder-for-zoomlion-small-excavator-ze150","status":"publish","type":"product","link":"https:\/\/www.hydraulic-cylinders.net\/da\/vare\/bucket-cylinder-for-zoomlion-small-excavator-ze150\/","title":{"rendered":"Skovlcylinder til Zoomlion lille gravemaskine ZE150"},"content":{"rendered":"<p>&lt;h1&gt;Skovlcylinder til Zoomlion lille gravemaskine ZE150&lt;\/h1&gt;<\/p>\n<p>&lt;h2&gt;Indledning&lt;\/h2&gt;<br \/>\n&lt;p&gt;Skovlcylinderen er en specialdesignet hydraulisk cylinder, der bruges til at styre skovlens bev&aelig;gelse i tunge maskiner s&aring;som gravemaskiner, rendegravere og frontl&aelig;ssere. Dens hovedfunktion er at muligg&oslash;re l&oslash;ft, s&aelig;nkning og vipning af skovlen, hvilket g&oslash;r den praktisk til forskellige materialeh&aring;ndteringsopgaver. I det hydrauliske system opn&aring;r skovlcylinderen pr&aelig;cis kontrol over skovlen ved hj&aelig;lp af tryk&aelig;ndringen i hydraulikolien, hvilket giver operat&oslash;rerne mulighed for effektivt at h&aring;ndtere tunge belastninger og tilpasse sig komplekse arbejdsmilj&oslash;er og forskellige jobkrav.&lt;\/p&gt;<\/p>\n<p>&lt;img src=&quot;&rdquo;https:\/\/www.hydraulic-cylinders.net\/wp-content\/uploads\/2025\/01\/songte-company-2.webp&rdquo;&quot; alt=&quot;&amp;quot;Spand&quot; cylinder image&rdquo;&gt;<\/p>\n<p>&lt;h2&gt;Funktioner&lt;\/h2&gt;<br \/>\n<ul><br \/>\n  <li>H\u00f8j styrke og holdbarhed: Typisk fremstillet af h\u00f8jstyrkest\u00e5l eller aluminium, kan den modst\u00e5 h\u00f8jt tryk og tunge belastninger og tilpasse sig barske arbejdsmilj\u00f8er. Designet tager h\u00f8jde for slidstyrke og korrosionsbestandighed for at forl\u00e6nge levetiden.<\/li><br \/>\n  <li>Effektiv hydraulisk drift: Ved at udnytte trykket fra hydraulikolien til at opn\u00e5 en j\u00e6vn teleskopisk bev\u00e6gelse, kan den reagere hurtigt p\u00e5 styrekommandoer og levere kraftige skubbe- og tr\u00e6kkr\u00e6fter, der er egnede til h\u00e5ndtering af tunge belastninger og komplekse opgaver.<\/li><br \/>\n  <li>Forskellige typer: Enkeltvirkende (hydraulisk anvendt i kun \u00e9n retning) eller dobbeltvirkende (hydraulisk anvendt i begge retninger) cylindre kan v\u00e6lges efter behov. Nogle modeller er teleskopiske, hvilket muligg\u00f8r st\u00f8rre udtr\u00e6k uden at \u00f8ge de udvendige dimensioner, velegnede til applikationer med begr\u00e6nset plads.<\/li><br \/>\n  <li>Udskiftning af andre hydrauliske cylindre: Vores produkt kan perfekt erstatte disse hydrauliske cylindre.<\/li><br \/>\n<\/ul><\/p>\n<p>&lt;img src=&quot;&rdquo;https:\/\/www.hydraulic-cylinders.net\/wp-content\/uploads\/2025\/01\/songte-cylinder-head-with-all-kinds-excavator-models.webp&rdquo;&quot; alt=&quot;&amp;quot;Udskiftning&quot; cylinder image&rdquo;&gt;<\/p>\n<p>&lt;h2&gt;Applikationer&lt;\/h2&gt;<br \/>\n<ul><br \/>\n  <li>Entrepren\u00f8rudstyr: Essentielt for gravemaskiner til gravning, lastning og flytning af jord eller affald. I rendegravere hj\u00e6lper skovlcylindre med b\u00e5de gravning og l\u00f8ft.<\/li><br \/>\n  <li>Landbrugsmaskiner: Bruges i frontl\u00e6ssere til at udgrave, l\u00f8fte og transportere jord, h\u00f8 og andre materialer.<\/li><br \/>\n  <li>Gravemaskiner: Skovlcylindere muligg\u00f8r gravefunktioner ved at lade skovlen tr\u00e6nge ned i jorden.<\/li><br \/>\n  <li>L\u00e6ssere: Frontl\u00e6ssere hj\u00e6lper med at l\u00f8fte og losse gods effektivt.<\/li><br \/>\n<\/ul><\/p>\n<p>&lt;h2&gt;Designovervejelser og udv&aelig;lgelseskriterier&lt;\/h2&gt;<br \/>\n&lt;p&gt;Ved design af skovlcylindre skal flere n&oslash;glefaktorer tages i betragtning, herunder b&aelig;reevne, t&aelig;tning, holdbarhed, sikkerhed og vedligeholdelsesvenlighed.&lt;\/p&gt;<\/p>\n<p>&lt;img src=&quot;&rdquo;https:\/\/www.hydraulic-cylinders.net\/wp-content\/uploads\/2025\/01\/songte-oil-pipes-and-spare-parts.webp&rdquo;&quot; alt=&quot;&amp;quot;Design&quot; considerations image&rdquo;&gt;<\/p>\n<p>&lt;h2&gt;T&aelig;tning og sm&oslash;ring&lt;\/h2&gt;<br \/>\n&lt;p&gt;Der anvendes forskellige t&aelig;tninger, s&aring;som stempelt&aelig;tninger og stangt&aelig;tninger, som er lavet af slidst&aelig;rke materialer som polyurethan og nitrilgummi. Cylinderhuset og gevindfladerne er fint forarbejdet for at forbedre slidstyrken. Regelm&aelig;ssig sm&oslash;ring med den passende m&aelig;ngde hydraulikolie er n&oslash;dvendig.&lt;\/p&gt;<\/p>\n<p>&lt;h2&gt;Regelm&aelig;ssig inspektion og forebyggende vedligeholdelse&lt;\/h2&gt;<br \/>\n&lt;p&gt;Regelm&aelig;ssige inspektioner og forebyggende vedligeholdelsesforanstaltninger b&oslash;r implementeres for at sikre optimal ydeevne og levetid for skovlcylinderen. Disse foranstaltninger omfatter korrekt inspektion og sm&oslash;ring, udskiftning af pakninger om n&oslash;dvendigt og kalibrering af cylinderen.&lt;\/p&gt;<\/p>\n<p>&lt;h2&gt;Vejledning til korrekt produktinstallation&lt;\/h2&gt;<br \/>\n&lt;p&gt;Korrekt installation er afg&oslash;rende for, at skovlcylinderen fungerer effektivt. Det anbefales at justere cylinderen korrekt under installationsprocessen og bruge passende installationsbeslag til at fastg&oslash;re cylinderen.&lt;\/p&gt;<\/p>\n<p>&lt;img src=&quot;&rdquo;https:\/\/www.hydraulic-cylinders.net\/wp-content\/uploads\/2025\/01\/songte-chushion-collar.webp&rdquo;&quot; alt=&quot;&amp;quot;Installation&quot; guide image&rdquo;&gt;<\/p>\n<p>&lt;h2&gt;Vedligeholdelsesopgaver&lt;\/h2&gt;<br \/>\n&lt;p&gt;Almindelige vedligeholdelsesopgaver for skovlcylinderen omfatter regelm&aelig;ssige inspektioner, passende sm&oslash;ring, udskiftning af pakninger og kalibreringskontroller. Korrekt installation, sm&oslash;ring og justering l&aelig;gges v&aelig;gt p&aring; for optimal ydeevne. Anbefalede inspektions-, reparations- og udskiftningsprocedurer samt tips til at forl&aelig;nge cylinderens levetid b&oslash;r gives.&lt;\/p&gt;<\/p>\n<p>&lt;img src=&quot;&rdquo;https:\/\/www.hydraulic-cylinders.net\/wp-content\/uploads\/2025\/01\/songte-bushings-with-all-kinds-of-excavator-models.webp&rdquo;&quot; alt=&quot;&amp;quot;Opretholdelse&quot; tasks image&rdquo;&gt;<\/p>\n<p>&lt;h2&gt;Sikkerhedshensyn og milj&oslash;faktorer&lt;\/h2&gt;<br \/>\n&lt;p&gt;N&aring;r man bruger skovlcylinderen, er sikkerhedsforanstaltninger af st&oslash;rste vigtighed. Det er n&oslash;dvendigt at tr&aelig;ffe sikkerhedsforanstaltninger ved h&aring;ndtering af tungt maskineri og betjening af hydrauliske systemer. Milj&oslash;m&aelig;ssige faktorer b&oslash;r ogs&aring; tages i betragtning for at sikre korrekt bortskaffelse og h&aring;ndtering af hydrauliske v&aelig;sker.&lt;\/p&gt;<\/p>\n<p>&lt;h2&gt;Fejldiagnose og almindelige problemer&lt;\/h2&gt;<br \/>\n&lt;p&gt;Det er vigtigt at diskutere fejldiagnose og almindelige problemer relateret til skovlcylinderen. Det er n&oslash;dvendigt at give tips til fejlfinding og l&oslash;sninger for at hj&aelig;lpe l&aelig;serne med effektivt at diagnosticere og l&oslash;se problemer. Forebyggende foranstaltninger b&oslash;r n&aelig;vnes for at minimere potentielle problemer.&lt;\/p&gt;<\/p>\n<p>&lt;img src=&quot;&rdquo;https:\/\/www.hydraulic-cylinders.net\/wp-content\/uploads\/2025\/01\/songte-company-1.webp&rdquo;&quot; alt=&quot;&amp;quot;Fejl&quot; diagnosis image&rdquo;&gt;<\/p>\n<p>&lt;h2&gt;Virksomhedsintroduktion&lt;\/h2&gt;<br \/>\n&lt;p&gt;Vi er en f&oslash;rende producent og engrosdistribut&oslash;r af hydrauliske cylindre p&aring; det indenlandske og internationale marked. Vores virksomhed tilbyder en bred vifte af produkter og f&oslash;lger en produktionsstyringsstrategi, der l&aelig;gger v&aelig;gt p&aring; fremragende kvalitet og fine fremstillingsprocesser. Med fokus p&aring; teknologisk talent, avanceret produktionsudstyr og professionelle testsystemer forbedrer vi l&oslash;bende vores produktionsplatforme og produktionsruter med produktkvalitet. Vi har en st&aelig;rk kreativ evne og prioriterer effektivitet, pr&aelig;cision og h&oslash;j kvalitet for at im&oslash;dekomme forskellige kundebehov.&lt;\/p&gt;<\/p>\n<p>&lt;img src=&quot;&rdquo;https:\/\/www.hydraulic-cylinders.net\/wp-content\/uploads\/2025\/01\/songte-company-3.webp&rdquo;&quot; alt=&quot;&amp;quot;Selskab&quot; introduction image&rdquo;&gt;<\/p>\n<p>&lt;p&gt;Vores virksomhed er kendt for sin professionalisme, internationale certificeringer, skr&aelig;ddersyede tjenester, produktionsudstyr og eftersalgsservice. &lt;\/p&gt;<\/p>\n<p>&lt;p&gt;Forfatter: lyl&lt;\/p&gt;<\/p>","protected":false},"excerpt":{"rendered":"<p>&lt;h1&gt;Skovlcylinder til Zoomlion lille gravemaskine ZE150&lt;\/h1&gt; &lt;h2&gt;Indledning&lt;\/h2&gt; &lt;p&gt;The bucket cylinder is a specially designed hydraulic cylinder used to control the movement of the bucket in heavy machinery such as excavators, backhoe loaders, and front loaders. Its main function is to enable the lifting, lowering, and tilting of the bucket, making it convenient for various [&hellip;]<\/p>","protected":false},"featured_media":14787,"comment_status":"open","ping_status":"closed","template":"","meta":{"_et_pb_use_builder":"","_et_pb_old_content":"","_et_gb_content_width":""},"product_brand":[],"product_cat":[1494],"product_tag":[1495,1496],"class_list":{"0":"post-15494","1":"product","2":"type-product","3":"status-publish","4":"has-post-thumbnail","6":"product_cat-bucket-cylinders","7":"product_tag-bucket-cylinders","8":"product_tag-hydraulic-cylinders","10":"first","11":"instock","12":"shipping-taxable","13":"product-type-simple"},"amp_enabled":true,"_links":{"self":[{"href":"https:\/\/www.hydraulic-cylinders.net\/da\/wp-json\/wp\/v2\/product\/15494","targetHints":{"allow":["GET"]}}],"collection":[{"href":"https:\/\/www.hydraulic-cylinders.net\/da\/wp-json\/wp\/v2\/product"}],"about":[{"href":"https:\/\/www.hydraulic-cylinders.net\/da\/wp-json\/wp\/v2\/types\/product"}],"replies":[{"embeddable":true,"href":"https:\/\/www.hydraulic-cylinders.net\/da\/wp-json\/wp\/v2\/comments?post=15494"}],"wp:featuredmedia":[{"embeddable":true,"href":"https:\/\/www.hydraulic-cylinders.net\/da\/wp-json\/wp\/v2\/media\/14787"}],"wp:attachment":[{"href":"https:\/\/www.hydraulic-cylinders.net\/da\/wp-json\/wp\/v2\/media?parent=15494"}],"wp:term":[{"taxonomy":"product_brand","embeddable":true,"href":"https:\/\/www.hydraulic-cylinders.net\/da\/wp-json\/wp\/v2\/product_brand?post=15494"},{"taxonomy":"product_cat","embeddable":true,"href":"https:\/\/www.hydraulic-cylinders.net\/da\/wp-json\/wp\/v2\/product_cat?post=15494"},{"taxonomy":"product_tag","embeddable":true,"href":"https:\/\/www.hydraulic-cylinders.net\/da\/wp-json\/wp\/v2\/product_tag?post=15494"}],"curies":[{"name":"wp","href":"https:\/\/api.w.org\/{rel}","templated":true}]}}