{"id":15496,"date":"2025-01-19T14:36:11","date_gmt":"2025-01-19T14:36:11","guid":{"rendered":"https:\/\/www.hydraulic-cylinders.net\/product\/bucket-cylinder-for-zoomlion-middle-excavator-ze205e\/"},"modified":"2025-01-19T14:36:13","modified_gmt":"2025-01-19T14:36:13","slug":"bucket-cylinder-for-zoomlion-middle-excavator-ze205e","status":"publish","type":"product","link":"https:\/\/www.hydraulic-cylinders.net\/da\/vare\/bucket-cylinder-for-zoomlion-middle-excavator-ze205e\/","title":{"rendered":"Skovlcylinder til Zoomlion mellemgraver ZE205E"},"content":{"rendered":"<h1>Skovlcylinder til Zoomlion mellemgraver ZE205E<\/h1>\n<h2>Indledning<\/h2>\n<p>Skovlcylinderen er en specialdesignet hydraulisk cylinder, der prim\u00e6rt bruges til at styre skovlens bev\u00e6gelse i tunge maskiner s\u00e5som gravemaskiner, rendegravere og frontl\u00e6ssere. Dens hovedfunktion er at g\u00f8re det muligt for skovlen at l\u00f8fte, s\u00e6nke og vippe, hvilket g\u00f8r det lettere at h\u00e5ndtere en r\u00e6kke forskellige materialeh\u00e5ndteringsopgaver. I det hydrauliske system opn\u00e5r skovlcylinderen pr\u00e6cis kontrol over skovlen gennem \u00e6ndringer i hydraulikolietrykket, hvilket g\u00f8r det muligt for operat\u00f8rer effektivt at h\u00e5ndtere tunge l\u00e6s og tilpasse sig komplekse arbejdsmilj\u00f8er og forskellige driftsbehov.<\/p>\n<p><img decoding=\"async\" src=\"https:\/\/www.hydraulic-cylinders.net\/wp-content\/uploads\/2025\/01\/songte-company-2.webp\" alt=\"Billede af spandcylinder\"><\/p>\n<h2>Funktioner<\/h2>\n<ul>\n<li>H\u00f8j styrke og holdbarhed: Normalt lavet af h\u00f8jstyrkest\u00e5l eller aluminium, kan det modst\u00e5 h\u00f8jt tryk og tunge belastninger, tilpasse sig barske arbejdsmilj\u00f8er og er designet til at tage hensyn til slidstyrke og korrosionsbestandighed for at forl\u00e6nge dets levetid.<\/li>\n<li>Effektiv hydraulisk betjening: J\u00e6vne ud- og tilbagetr\u00e6kningsbev\u00e6gelser opn\u00e5s ved hj\u00e6lp af hydraulisk olietryk, hvilket giver kraftige skubbe- og tr\u00e6kkr\u00e6fter og er velegnede til h\u00e5ndtering af tunge belastninger og komplekse driftsopgaver.<\/li>\n<li>Forskellige typer: Enkeltvirkende (hydraulisk anvendt kun i \u00e9n retning) eller dobbeltvirkende (hydraulisk anvendt i begge retninger) cylindre kan v\u00e6lges efter behov for at im\u00f8dekomme forskellige driftsbehov. Nogle modeller er teleskopiske, hvilket giver mulighed for st\u00f8rre udtr\u00e6k uden at \u00f8ge de udvendige dimensioner, og er velegnede til applikationer med begr\u00e6nset plads.<\/li>\n<li>Udskiftelig: Vores produkt kan perfekt erstatte disse hydrauliske cylindre.<\/li>\n<\/ul>\n<p><img decoding=\"async\" src=\"https:\/\/www.hydraulic-cylinders.net\/wp-content\/uploads\/2025\/01\/songte-cylinder-head-with-all-kinds-excavator-models.webp\" alt=\"Produktbillede\"><\/p>\n<h2>Applikationer<\/h2>\n<ul>\n<li>Entrepren\u00f8rudstyr: I gravemaskiner er de afg\u00f8rende for udgravning, lastning og flytning af jord eller affald. I rendegravere hj\u00e6lper skovlcylinderen med b\u00e5de udgravning og l\u00f8ft. <\/li>\n<li>Landbrugsmaskiner: Bruges til frontl\u00e6ssere, opgravning, l\u00f8ft og transport af jord, h\u00f8 og andre materialer. <\/li>\n<li>Gravemaskiner: Skovlcylinderen muligg\u00f8r gravefunktion ved at lade skovlen tr\u00e6nge ned i jorden. <\/li>\n<li>Frontl\u00e6ssere: Frontl\u00e6ssere hj\u00e6lper effektivt med b\u00e5de at l\u00f8fte og t\u00f8mme varer.<\/li>\n<\/ul>\n<h2>Designovervejelser og udv\u00e6lgelseskriterier<\/h2>\n<ul>\n<li>B\u00e6reevne: Cylinderen skal v\u00e6re i stand til at b\u00e6re lasten under hensyntagen til milj\u00f8faktorer og driftsforhold.<\/li>\n<li>T\u00e6tning: Cylinderen skal v\u00e6re t\u00e6tnet for at forhindre l\u00e6kage og sikre korrekt drift. <\/li>\n<li>Holdbarhed: Cylinderen skal v\u00e6re modstandsdygtig over for slid og korrosion og v\u00e6re designet med materialer og bel\u00e6gninger, der forl\u00e6nger dens levetid.<\/li>\n<li>Sikkerhed: Cylinderen skal designes og installeres med sikkerhed i tankerne for at forhindre ulykker og sikre korrekt drift.<\/li>\n<li>Vedligeholdelse: Cylinderen skal v\u00e6re konstrueret til nem vedligeholdelse, med udskiftelige dele og nem adgang til reparation og inspektion.<\/li>\n<\/ul>\n<p><img decoding=\"async\" src=\"https:\/\/www.hydraulic-cylinders.net\/wp-content\/uploads\/2025\/01\/songte-oil-pipes-and-spare-parts.webp\" alt=\"Designbillede\"><\/p>\n<h2>T\u00e6tning og sm\u00f8ring<\/h2>\n<p>Der anvendes forskellige t\u00e6tningselementer s\u00e5som stempelt\u00e6tninger og stangt\u00e6tninger, og slidst\u00e6rke materialer s\u00e5som polyurethan og nitrilgummi er valgt til t\u00e6tningselementerne. Cylinderhuset og gevindenden er fint forarbejdet for at forbedre slidstyrken. Regelm\u00e6ssig p\u00e5fyldning af hydraulikolie er n\u00f8dvendig for at sikre korrekt sm\u00f8ring.<\/p>\n<p><img decoding=\"async\" src=\"https:\/\/www.hydraulic-cylinders.net\/wp-content\/uploads\/2025\/01\/songte-chushion-collar.webp\" alt=\"Forseglingsbillede\"><\/p>\n<h2>Vedligeholdelse og reparation<\/h2>\n<ul>\n<li>Regelm\u00e6ssig inspektion: Cylinderen skal inspiceres regelm\u00e6ssigt for at sikre korrekt funktion og opdage potentielle problemer.<\/li>\n<li>Sm\u00f8ring: Korrekt sm\u00f8ring er n\u00f8dvendig for at sikre problemfri drift og forl\u00e6nge cylinderens levetid.<\/li>\n<li>Udskiftning af pakninger: Slidte eller beskadigede pakninger skal udskiftes omg\u00e5ende for at forhindre l\u00e6kage og sikre korrekt drift.<\/li>\n<\/ul>\n<p> Korrekt installation er afg\u00f8rende for cylinderens ydeevne og levetid. Cylinderen skal justeres korrekt og fastg\u00f8res med passende monteringsbeslag. Der gives anbefalede inspektions-, reparations- og udskiftningsprocedurer for at forl\u00e6nge cylinderens levetid.<\/p>\n<p><img decoding=\"async\" src=\"https:\/\/hzpt.com\/wp-content\/uploads\/2024\/11\/songte-company-1.webp\" alt=\"Vedligeholdelsesbillede\"><\/p>\n<h2>Sikkerheds- og milj\u00f8hensyn<\/h2>\n<p>Sikkerhedsforanstaltninger er af st\u00f8rste vigtighed ved brug af hydrauliske cylindre. Korrekt installation, vedligeholdelse og betjening skal f\u00f8lges for at forhindre ulykker. Milj\u00f8faktorer som temperatur og fugtighed kan p\u00e5virke cylinderens ydeevne og b\u00f8r tages i betragtning under installation og betjening.<\/p>\n<p><img decoding=\"async\" src=\"https:\/\/www.hydraulic-cylinders.net\/wp-content\/uploads\/2025\/01\/songte-bushings-with-all-kinds-of-excavator-models.webp\" alt=\"Sikkerhedsbillede\"><\/p>\n<h2>Fejlfinding og almindelige problemer<\/h2>\n<ul>\n<li>Hyppig l\u00e6kage: Det kan skyldes slidte pakninger eller beskadigede cylindre.<\/li>\n<li>Hyppig cylinderfejl: Det kan skyldes forkert installation, forkert justering eller forkert betjening.<\/li>\n<li>Unormal st\u00f8j under drift: Det kan skyldes slid eller beskadigelse af interne komponenter s\u00e5som lejer eller pakninger.<\/li>\n<\/ul>\n<p>Regelm\u00e6ssig inspektion og vedligeholdelse kan hj\u00e6lpe med at forhindre disse problemer. Der gives tips til fejlfinding og l\u00f8sninger for at hj\u00e6lpe l\u00e6serne med at diagnosticere og l\u00f8se problemer. Forebyggende foranstaltninger anbefales for at minimere potentielle problemer.<\/p>\n<p><img decoding=\"async\" src=\"https:\/\/www.hydraulic-cylinders.net\/wp-content\/uploads\/2025\/01\/songte-company-3.webp\" alt=\"Virksomhedens image\"><\/p>\n<h2>Om os<\/h2>\n<p>Vi er en producent af hydrauliske udskiftningscylindre, der tilbyder en bred vifte af produkter og er blevet en af \u200b\u200bde f\u00f8rende producenter og engrosdistribut\u00f8rer af hydrauliske cylindre b\u00e5de nationalt og internationalt. Vi overholder princippet om fremragende kvalitet og s\u00e6tter vores afh\u00e6ngighed af industrialiseringsstrategien for produktionsstyring i et sofistikeret produktionsv\u00e6rksted. Vi forbedrer l\u00f8bende v\u00e6rkstedets produktionsplatform ved hj\u00e6lp af tekniske talenter, digitalt avanceret produktionsudstyr og professionelle testsystemer, og forbedrer produktkvaliteten og produktionsruten. Vi har st\u00e6rke kreative evner med h\u00f8j effektivitet, pr\u00e6cision og kvalitet for at im\u00f8dekomme kundernes forskellige behov.<\/p>\n<p>Vi tilbyder skr\u00e6ddersyede tjenester, bruger internationalt certificerede produkter og leverer professionel eftersalgsservice, herunder udskiftning af dele og reparation, for at forbedre produktets levetid.<\/p>\n<p><img decoding=\"async\" src=\"https:\/\/www.hydraulic-cylinders.net\/wp-content\/uploads\/2025\/01\/songte-company-1.webp\" alt=\"Om os Billede\"><\/p>\n<p>Forfatter: lyl.<\/p>","protected":false},"excerpt":{"rendered":"<p>Bucket Cylinder For Zoomlion Middle Excavator ZE205E Introduction The bucket cylinder is a specially designed hydraulic cylinder mainly used to control the movement of the bucket in heavy machinery such as excavators, backhoe loaders, and front loaders. Its main function is to enable the bucket to lift, lower, and tilt, making it easier to handle [&hellip;]<\/p>","protected":false},"featured_media":14784,"comment_status":"open","ping_status":"closed","template":"","meta":{"_et_pb_use_builder":"","_et_pb_old_content":"","_et_gb_content_width":""},"product_brand":[],"product_cat":[1494],"product_tag":[1495,1496],"class_list":{"0":"post-15496","1":"product","2":"type-product","3":"status-publish","4":"has-post-thumbnail","6":"product_cat-bucket-cylinders","7":"product_tag-bucket-cylinders","8":"product_tag-hydraulic-cylinders","10":"first","11":"instock","12":"shipping-taxable","13":"product-type-simple"},"amp_enabled":true,"_links":{"self":[{"href":"https:\/\/www.hydraulic-cylinders.net\/da\/wp-json\/wp\/v2\/product\/15496","targetHints":{"allow":["GET"]}}],"collection":[{"href":"https:\/\/www.hydraulic-cylinders.net\/da\/wp-json\/wp\/v2\/product"}],"about":[{"href":"https:\/\/www.hydraulic-cylinders.net\/da\/wp-json\/wp\/v2\/types\/product"}],"replies":[{"embeddable":true,"href":"https:\/\/www.hydraulic-cylinders.net\/da\/wp-json\/wp\/v2\/comments?post=15496"}],"wp:featuredmedia":[{"embeddable":true,"href":"https:\/\/www.hydraulic-cylinders.net\/da\/wp-json\/wp\/v2\/media\/14784"}],"wp:attachment":[{"href":"https:\/\/www.hydraulic-cylinders.net\/da\/wp-json\/wp\/v2\/media?parent=15496"}],"wp:term":[{"taxonomy":"product_brand","embeddable":true,"href":"https:\/\/www.hydraulic-cylinders.net\/da\/wp-json\/wp\/v2\/product_brand?post=15496"},{"taxonomy":"product_cat","embeddable":true,"href":"https:\/\/www.hydraulic-cylinders.net\/da\/wp-json\/wp\/v2\/product_cat?post=15496"},{"taxonomy":"product_tag","embeddable":true,"href":"https:\/\/www.hydraulic-cylinders.net\/da\/wp-json\/wp\/v2\/product_tag?post=15496"}],"curies":[{"name":"wp","href":"https:\/\/api.w.org\/{rel}","templated":true}]}}