{"id":15502,"date":"2025-01-19T14:36:35","date_gmt":"2025-01-19T14:36:35","guid":{"rendered":"https:\/\/www.hydraulic-cylinders.net\/product\/bucket-cylinder-for-zoomlion-middle-excavator-ze210e-9\/"},"modified":"2025-01-19T14:36:42","modified_gmt":"2025-01-19T14:36:42","slug":"bucket-cylinder-for-zoomlion-middle-excavator-ze210e-9","status":"publish","type":"product","link":"https:\/\/www.hydraulic-cylinders.net\/da\/vare\/bucket-cylinder-for-zoomlion-middle-excavator-ze210e-9\/","title":{"rendered":"Skovlcylinder til Zoomlion mellemgraver ZE210E-9"},"content":{"rendered":"<p>Skovlcylinder til Zoomlion mellemgraver ZE210E-9<\/p>\n<h2>Indledning<\/h2>\n<h3>Definition af spandcylinderen<\/h3>\n<p>En skovlcylinder er en specialiseret hydraulisk cylinder, der er designet til at styre bev\u00e6gelsen af \u200b\u200ben skovl i tunge maskiner s\u00e5som gravemaskiner, rendegravere og frontl\u00e6ssere. Dens hovedfunktion er at g\u00f8re det muligt for skovlen at l\u00f8fte, s\u00e6nke og vippe, hvilket g\u00f8r det lettere at udf\u00f8re forskellige materialeh\u00e5ndteringsopgaver. I det hydrauliske system opn\u00e5r skovlcylinderen pr\u00e6cis kontrol over skovlen gennem \u00e6ndringer i hydraulikolietrykket, hvilket g\u00f8r det muligt for operat\u00f8rer effektivt at h\u00e5ndtere tunge l\u00e6s og tilpasse sig komplekse arbejdsmilj\u00f8er og forskellige jobkrav.<\/p>\n<p><img decoding=\"async\" src=\"https:\/\/www.hydraulic-cylinders.net\/wp-content\/uploads\/2025\/01\/songte-company-2.webp\" alt=\"Billede af spandcylinder\"><\/p>\n<h2>Produktfunktioner<\/h2>\n<h3>H\u00f8j styrke og holdbarhed<\/h3>\n<ul>\n<li>Typisk fremstillet af h\u00f8jstyrkest\u00e5l eller aluminium, i stand til at modst\u00e5 h\u00f8jt tryk og tunge belastninger, tilpasser sig barske arbejdsmilj\u00f8er, designet med slidstyrke og korrosionsbestandighed i tankerne, hvilket forl\u00e6nger levetiden.<\/li>\n<\/ul>\n<h3>Effektiv hydraulisk drift<\/h3>\n<ul>\n<li>Udnytter hydraulisk olietryk til at opn\u00e5 j\u00e6vn ud- og indtr\u00e6kning, er i stand til hurtigt at reagere p\u00e5 driftskommandoer, hvilket giver en kraftig skubbe- og tr\u00e6kkraft, velegnet til h\u00e5ndtering af tunge belastninger og komplekse opgaver.<\/li>\n<\/ul>\n<h3>Forskellige typer<\/h3>\n<ul>\n<li>Enkeltvirkende (hydraulisk anvendt i \u00e9n retning) eller dobbeltvirkende (hydraulisk anvendt i begge retninger) cylindre kan v\u00e6lges efter driftsbehov. Nogle modeller er teleskopiske, hvilket giver mulighed for st\u00f8rre udtr\u00e6k uden at \u00f8ge de udvendige dimensioner og er velegnede til applikationer med begr\u00e6nset plads.<\/li>\n<\/ul>\n<h3>Direkte erstatning<\/h3>\n<ul>\n<li>Vores produkt kan perfekt erstatte disse hydrauliske cylindre.<\/li>\n<\/ul>\n<p><img decoding=\"async\" src=\"https:\/\/www.hydraulic-cylinders.net\/wp-content\/uploads\/2025\/01\/songte-cylinder-head-with-all-kinds-excavator-models.webp\" alt=\"Erstatningsbillede\"><\/p>\n<h2>Applikationsscener<\/h2>\n<p>Skovlcylinderen anvendes hovedsageligt i entrepren\u00f8r- og landbrugsmaskiner med anvendelser inden for:<\/p>\n<ul>\n<li>Gravemaskiner: Skovlcylinderen muligg\u00f8r gravearbejde ved at lade skovlen tr\u00e6nge ned i jorden.<\/li>\n<li>L\u00e6ssere: I frontl\u00e6ssere hj\u00e6lper det med at l\u00f8fte og vippe laster effektivt.<\/li>\n<li>Landbrugsmaskiner: Bruges til frontl\u00e6ssere, det hj\u00e6lper med at l\u00f8fte og transportere jord, h\u00f8 og andre materialer.<\/li>\n<\/ul>\n<p>Hver applikation er beskrevet detaljeret nedenfor:<\/p>\n<h3>Entrepren\u00f8rudstyr<\/h3>\n<p>I gravemaskiner er de afg\u00f8rende for at grave, l\u00e6sse og flytte jord eller affald. I rendegravere hj\u00e6lper skovlcylinderen med udgravning og l\u00f8ft. I frontl\u00e6ssere hj\u00e6lper de med at l\u00f8fte og vippe laster effektivt.<\/p>\n<h3>Landbrugsmaskiner<\/h3>\n<p>Bruges til frontl\u00e6ssere, hj\u00e6lper den med at l\u00f8fte og transportere jord, h\u00f8 og andre materialer.<\/p>\n<h3>Gravemaskiner<\/h3>\n<p>Skovlcylinderen muligg\u00f8r udgravning ved at lade skovlen tr\u00e6nge ned i jorden.<\/p>\n<h2>Design- og udv\u00e6lgelseskriterier<\/h2>\n<p>Designhensyn til skovlcylindre omfatter b\u00e6reevne, t\u00e6tning, holdbarhed, sikkerhed og vedligeholdelsesvenlighed. Hvert punkt diskuteres nedenfor:<\/p>\n<h3>B\u00e6reevne<\/h3>\n<p>Skovlcylinderen skal v\u00e6re konstrueret til at modst\u00e5 tunge belastninger og h\u00f8jt tryk, tilpasse sig barske arbejdsmilj\u00f8er og forl\u00e6nge levetiden.<\/p>\n<h3>Forsegling<\/h3>\n<p>Forskellige t\u00e6tningselementer, s\u00e5som stempelt\u00e6tninger og stangt\u00e6tninger, anvendes til at forhindre l\u00e6kage af hydraulisk olie. T\u00e6tningerne er lavet af slidst\u00e6rke materialer som polyurethan og nitrilgummi, mens cylinderhuset og gevindenden gennemg\u00e5r finbearbejdning for at forbedre slidstyrken.<\/p>\n<h3>Holdbarhed<\/h3>\n<p>Cylinderhuset skal v\u00e6re lavet af h\u00f8jstyrkematerialer s\u00e5som st\u00e5l eller aluminium, designet til slid- og korrosionsbestandighed, hvilket forl\u00e6nger levetiden.<\/p>\n<h3>Sikkerhed<\/h3>\n<p>Skovlcylinderen b\u00f8r designes med sikkerhed i tankerne, med funktioner som sikkerhedsventiler for at forhindre overbelastning og overtryk.<\/p>\n<h3>Vedligeholdelsesevne<\/h3>\n<p>Skovlcylinderen skal v\u00e6re konstrueret til nem vedligeholdelse, med funktioner som nem demontering for reparation, udskiftning og inspektion.<\/p>\n<p><img decoding=\"async\" src=\"https:\/\/www.hydraulic-cylinders.net\/wp-content\/uploads\/2025\/01\/songte-oil-pipes-and-spare-parts.webp\" alt=\"Reservedele billede\"><\/p>\n<h2>T\u00e6tning og sm\u00f8ring<\/h2>\n<p>Forskellige t\u00e6tningselementer, s\u00e5som stempelt\u00e6tninger og stangt\u00e6tninger, bruges til at forhindre l\u00e6kage af hydraulisk olie. T\u00e6tningerne er lavet af slidst\u00e6rke materialer som polyurethan og nitrilgummi, mens cylinderhuset og gevindenden gennemg\u00e5r finbearbejdning for at forbedre slidstyrken. Regelm\u00e6ssig sm\u00f8ring er n\u00f8dvendig for at cylinderen kan fungere problemfrit.<\/p>\n<h2>Opretholdelse<\/h2>\n<p>Regelm\u00e6ssig vedligeholdelse af skovlcylinderen er afg\u00f8rende for at sikre optimal ydeevne og forl\u00e6nge levetiden. Tre almindelige vedligeholdelsesopgaver diskuteres nedenfor:<\/p>\n<h3>Regelm\u00e6ssig inspektion<\/h3>\n<p>Regelm\u00e6ssig inspektion af cylinderen og dens komponenter er vigtig for at identificere slitage og skader, der kan p\u00e5virke dens funktion, og sikre rettidig udskiftning og reparation.<\/p>\n<h3>Sm\u00f8ring<\/h3>\n<p>Cylinderen kr\u00e6ver regelm\u00e6ssig sm\u00f8ring for at sikre problemfri drift. S\u00f8rg for at sm\u00f8re alle bev\u00e6gelige dele grundigt.<\/p>\n<h3>Udskiftning af pakning og kalibreringskontrol<\/h3>\n<p>Pakninger b\u00f8r udskiftes med j\u00e6vne mellemrum for at forhindre l\u00e6kage af hydraulikolie. Det er ogs\u00e5 vigtigt at kontrollere cylinderens kalibrering for at sikre, at den fungerer korrekt.<\/p>\n<p><img decoding=\"async\" src=\"https:\/\/www.hydraulic-cylinders.net\/wp-content\/uploads\/2025\/01\/songte-chushion-collar.webp\" alt=\"Vedligeholdelsesbillede\"><\/p>\n<h2>Sikkerheds- og milj\u00f8hensyn<\/h2>\n<p>Sikkerhedsforanstaltninger er afg\u00f8rende ved betjening af skovlcylinderen. Korrekt tr\u00e6ning og overholdelse af sikkerhedsretningslinjer kan reducere risikoen for ulykker og skader. Milj\u00f8hensyn b\u00f8r ogs\u00e5 tages i betragtning ved brug af cylinderen, s\u00e5som korrekt bortskaffelse af hydrauliske v\u00e6sker og minimering af risikoen for oliespild.<\/p>\n<p><img decoding=\"async\" src=\"https:\/\/hzpt.com\/wp-content\/uploads\/2024\/11\/songte-company-1.webp\" alt=\"Milj\u00f8billede\"><\/p>\n<h2>Fejldiagnose og fejlfinding<\/h2>\n<p>Almindelige fejl, der kan opst\u00e5 med skovlcylinderen, omfatter l\u00e6kager, kontaminering og brudte pakninger. Disse fejl kan f\u00f8re til reduceret ydeevne og endda udstyrsfejl. Fejlfindingstrin, s\u00e5som at identificere \u00e5rsagen til fejlen og tr\u00e6ffe korrigerende foranstaltninger, kan hj\u00e6lpe med at l\u00f8se disse problemer hurtigt og effektivt.<\/p>\n<p><img decoding=\"async\" src=\"https:\/\/www.hydraulic-cylinders.net\/wp-content\/uploads\/2025\/01\/songte-bushings-with-all-kinds-of-excavator-models.webp\" alt=\"Fejlfindingsbillede\"><\/p>\n<h2>Virksomhedsintroduktion<\/h2>\n<p>Vi er en producent af hydrauliske cylindre, der specialiserer sig i udskiftningscylindre. Med et komplet produktsortiment er vi blevet en af \u200b\u200bde f\u00f8rende producenter og engrosdistribut\u00f8rer af hydrauliske cylindre p\u00e5 det indenlandske og internationale marked. Vi overholder principperne om fremragende kvalitet, bruger industrialiserede produktionsstyringsstrategier i fint fremstillede produktionsv\u00e6rksteder og forbedrer l\u00f8bende vores produktionsplatform, forbedrer vores produktionslinjer af produktkvalitet og har st\u00e6rke kreative evner. Vores virksomhed opfylder forskellige kundebehov med h\u00f8j effektivitet, h\u00f8j pr\u00e6cision og produkter af h\u00f8j kvalitet.<\/p>\n<p><img decoding=\"async\" src=\"https:\/\/www.hydraulic-cylinders.net\/wp-content\/uploads\/2025\/01\/songte-company-3.webp\" alt=\"Virksomhedens image\"><\/p>\n<h3>Professionalitet<\/h3>\n<p>Vores virksomhed har et professionelt team med omfattende erfaring inden for design og fremstilling af hydrauliske cylindre, hvilket sikrer h\u00f8j kvalitet og p\u00e5lidelighed.<\/p>\n<h3>International certificering<\/h3>\n<p>Vi har opn\u00e5et internationale certificeringer som ISO 9001 og CE, hvilket sikrer produktkvalitet og -sikkerhed.<\/p>\n<h3>Tilpasningstjenester<\/h3>\n<p>Vi tilbyder tilpasningstjenester, hvor vi skr\u00e6ddersyr produkter til vores kunders specifikke behov.<\/p>\n<h3>Produktionsudstyr<\/h3>\n<p>Vores virksomhed anvender avanceret digitalt produktionsudstyr, s\u00e5som CNC-drejeb\u00e6nke og fr\u00e6semaskiner, for at sikre produktkvalitet og pr\u00e6cision.<\/p>\n<h3>Eftersalgsservice<\/h3>\n<p>Vi tilbyder omfattende eftersalgsservice, s\u00e5som reservedele og reparationer, for at forl\u00e6nge levetiden p\u00e5 vores produkter.<\/p>\n<p>Forfatter: lyl.<\/p>","protected":false},"excerpt":{"rendered":"<p>Bucket Cylinder For Zoomlion Middle Excavator ZE210E-9 Introduction Defining the Bucket Cylinder A bucket cylinder is a specialized hydraulic cylinder designed to control the movement of a bucket in heavy machinery such as excavators, backhoe excavators, and front-end loaders. Its main function is to enable the bucket to lift, lower, and tilt, making it easier [&hellip;]<\/p>","protected":false},"featured_media":14771,"comment_status":"open","ping_status":"closed","template":"","meta":{"_et_pb_use_builder":"","_et_pb_old_content":"","_et_gb_content_width":""},"product_brand":[],"product_cat":[1494],"product_tag":[1495,1496],"class_list":{"0":"post-15502","1":"product","2":"type-product","3":"status-publish","4":"has-post-thumbnail","6":"product_cat-bucket-cylinders","7":"product_tag-bucket-cylinders","8":"product_tag-hydraulic-cylinders","10":"first","11":"instock","12":"shipping-taxable","13":"product-type-simple"},"amp_enabled":true,"_links":{"self":[{"href":"https:\/\/www.hydraulic-cylinders.net\/da\/wp-json\/wp\/v2\/product\/15502","targetHints":{"allow":["GET"]}}],"collection":[{"href":"https:\/\/www.hydraulic-cylinders.net\/da\/wp-json\/wp\/v2\/product"}],"about":[{"href":"https:\/\/www.hydraulic-cylinders.net\/da\/wp-json\/wp\/v2\/types\/product"}],"replies":[{"embeddable":true,"href":"https:\/\/www.hydraulic-cylinders.net\/da\/wp-json\/wp\/v2\/comments?post=15502"}],"wp:featuredmedia":[{"embeddable":true,"href":"https:\/\/www.hydraulic-cylinders.net\/da\/wp-json\/wp\/v2\/media\/14771"}],"wp:attachment":[{"href":"https:\/\/www.hydraulic-cylinders.net\/da\/wp-json\/wp\/v2\/media?parent=15502"}],"wp:term":[{"taxonomy":"product_brand","embeddable":true,"href":"https:\/\/www.hydraulic-cylinders.net\/da\/wp-json\/wp\/v2\/product_brand?post=15502"},{"taxonomy":"product_cat","embeddable":true,"href":"https:\/\/www.hydraulic-cylinders.net\/da\/wp-json\/wp\/v2\/product_cat?post=15502"},{"taxonomy":"product_tag","embeddable":true,"href":"https:\/\/www.hydraulic-cylinders.net\/da\/wp-json\/wp\/v2\/product_tag?post=15502"}],"curies":[{"name":"wp","href":"https:\/\/api.w.org\/{rel}","templated":true}]}}