{"id":15506,"date":"2025-01-19T14:36:57","date_gmt":"2025-01-19T14:36:57","guid":{"rendered":"https:\/\/www.hydraulic-cylinders.net\/product\/bucket-cylinder-for-zoomlion-large-excavator-ze520e\/"},"modified":"2025-01-19T14:36:59","modified_gmt":"2025-01-19T14:36:59","slug":"bucket-cylinder-for-zoomlion-large-excavator-ze520e","status":"publish","type":"product","link":"https:\/\/www.hydraulic-cylinders.net\/da\/vare\/bucket-cylinder-for-zoomlion-large-excavator-ze520e\/","title":{"rendered":"Skovlcylinder til Zoomlion stor gravemaskine ZE520E"},"content":{"rendered":"<h1>Skovlcylinder til Zoomlion stor gravemaskine ZE520E<\/h1>\n<h2>Indledning<\/h2>\n<p>Skovlcylinderen til Zoomlions store gravemaskine ZE520E er en specialdesignet hydraulisk cylinder, der prim\u00e6rt bruges til at styre skovlens bev\u00e6gelse i tunge maskiner s\u00e5som gravemaskiner, rendegravere og frontl\u00e6ssere. Dens hovedfunktion er at g\u00f8re det muligt for skovlen at l\u00f8fte, s\u00e6nke og vippe, hvilket g\u00f8r det lettere at h\u00e5ndtere forskellige materialeh\u00e5ndteringsopgaver. I det hydrauliske system styrer skovlcylinderen skovlens pr\u00e6cise bev\u00e6gelse gennem \u00e6ndringer i hydraulikolietrykket, hvilket g\u00f8r det muligt for f\u00f8reren at h\u00e5ndtere tunge l\u00e6s effektivt og tilpasse sig komplekse arbejdsmilj\u00f8er og forskellige driftsbehov.<\/p>\n<p><img decoding=\"async\" src=\"https:\/\/www.hydraulic-cylinders.net\/wp-content\/uploads\/2025\/01\/songte-company-2.webp\" alt=\"Skovlcylinder til Zoomlion stor gravemaskine ZE520E\"><\/p>\n<h2>Funktioner<\/h2>\n<ul>\n<li>H\u00f8j styrke og holdbarhed: Typisk lavet af h\u00f8jstyrkest\u00e5l eller aluminium, kan den modst\u00e5 h\u00f8jt tryk og tunge belastninger, tilpasse sig barske arbejdsmilj\u00f8er og er designet med slidstyrke og korrosionsbestandighed for at forl\u00e6nge levetiden.<\/li>\n<li>Effektiv hydraulisk drift: J\u00e6vn forl\u00e6ngelse og sammentr\u00e6kning opn\u00e5s ved hj\u00e6lp af hydraulisk olietryk, kan reagere hurtigt p\u00e5 styrekommandoer, giver kraftige skubbe- og tr\u00e6kkr\u00e6fter, velegnet til h\u00e5ndtering af tunge belastninger og komplekse arbejdsopgaver.<\/li>\n<li>Forskellige typer: Enkeltvirkende (hydraulisk bruges kun i \u00e9n retning) eller dobbeltvirkende (hydraulisk bruges i begge retninger) cylindre kan v\u00e6lges efter behov for at im\u00f8dekomme forskellige driftsm\u00e6ssige behov. Nogle modeller er teleskopiske, hvilket giver mulighed for st\u00f8rre udtr\u00e6k uden at \u00f8ge de udvendige dimensioner, velegnede til pladsbegr\u00e6nsede applikationer.<\/li>\n<li>Udskiftelig: Vores produkter kan perfekt erstatte disse hydrauliske cylindre.<\/li>\n<\/ul>\n<p><img decoding=\"async\" src=\"https:\/\/www.hydraulic-cylinders.net\/wp-content\/uploads\/2025\/01\/songte-cylinder-head-with-all-kinds-excavator-models.webp\" alt=\"Skovlcylinder til Zoomlion stor gravemaskine ZE520E\"><\/p>\n<h2>Applikationer<\/h2>\n<p>Skovlcylinderen til Zoomlion stor gravemaskine ZE520E kan bruges i forskellige omr\u00e5der, herunder:<\/p>\n<ul>\n<li>Entrepren\u00f8rudstyr: I gravemaskiner er de afg\u00f8rende for at grave, l\u00e6sse og flytte jord eller affald. I rendegravere hj\u00e6lper skovlcylindre med gravning og l\u00f8ft. <\/li>\n<li>Landbrugsmaskiner: Anvendes til frontl\u00e6ssere, til opsamling, l\u00f8ft og transport af jord, h\u00f8 og andre materialer. <\/li>\n<li>Gravemaskiner: Skovlcylindere muligg\u00f8r gravefunktion ved at lade skovlen tr\u00e6nge ned i jorden.<\/li>\n<li>L\u00e6ssere: I frontl\u00e6ssere hj\u00e6lper de med at l\u00f8fte og vippe last effektivt.<\/li>\n<\/ul>\n<h2>Designovervejelser og udv\u00e6lgelseskriterier<\/h2>\n<p>N\u00e5r det kommer til designovervejelser, skal n\u00f8glefaktorer som b\u00e6reevne, t\u00e6tning, holdbarhed, sikkerhed og vedligeholdelsesvenlighed tages i betragtning ved valg af skovlcylinder. <\/p>\n<ul>\n<li>B\u00e6reevne: Cylinderen skal kunne modst\u00e5 h\u00f8jt tryk og tunge belastninger for at sikre korrekt drift.<\/li>\n<li>T\u00e6tning: Brugen af \u200b\u200bforskellige t\u00e6tninger, s\u00e5som stempelt\u00e6tninger og stangt\u00e6tninger lavet af slidst\u00e6rke materialer som polyurethan og nitrilgummi, kan hj\u00e6lpe med at forhindre oliel\u00e6kage og kontaminering.<\/li>\n<li>Holdbarhed: Cylinderens overflade b\u00f8r bearbejdes pr\u00e6cist for at forbedre slidstyrken og korrosionsbestandigheden og forl\u00e6nge levetiden.<\/li>\n<li>Sikkerhed: Cylinderens design skal v\u00e6re sikkert at bruge, hvilket minimerer risikoen for ulykker og skader.<\/li>\n<li>Vedligeholdelse: Adgang til vigtige dele skal v\u00e6re let, hvilket muligg\u00f8r effektiv og rettidig udskiftning og reparation.<\/li>\n<\/ul>\n<p><img decoding=\"async\" src=\"https:\/\/www.hydraulic-cylinders.net\/wp-content\/uploads\/2025\/01\/songte-oil-pipes-and-spare-parts.webp\" alt=\"Skovlcylinder til Zoomlion stor gravemaskine ZE520E\"><\/p>\n<h2>T\u00e6tning og sm\u00f8ring<\/h2>\n<p>Skovlcylinderen til Zoomlions store gravemaskine ZE520E bruger forskellige t\u00e6tningskomponenter, s\u00e5som stempelt\u00e6tninger og stangt\u00e6tninger, lavet af slidst\u00e6rke materialer som polyurethan og nitrilgummi, for at forhindre oliel\u00e6kage og kontaminering. Cylinderens overflade er pr\u00e6cist forarbejdet for at forbedre slidstyrken og korrosionsbestandigheden og forl\u00e6nge levetiden. Regelm\u00e6ssig sm\u00f8ring med den passende m\u00e6ngde hydraulikolie er n\u00f8dvendig for at forhindre slitage fra friktion og sikre korrekt drift.<\/p>\n<p><img decoding=\"async\" src=\"https:\/\/www.hydraulic-cylinders.net\/wp-content\/uploads\/2025\/01\/songte-chushion-collar.webp\" alt=\"Skovlcylinder til Zoomlion stor gravemaskine ZE520E\"><\/p>\n<h2>Vedligeholdelse og fejlfinding<\/h2>\n<p>Regelm\u00e6ssig vedligeholdelse er afg\u00f8rende for at sikre, at skovlcylinderen fungerer korrekt og forl\u00e6nger dens levetid. Almindelige vedligeholdelsesopgaver omfatter regelm\u00e6ssige kontroller, passende sm\u00f8ring, udskiftning af pakninger og kalibreringskontroller. Korrekt installation, sm\u00f8ring og justering er afg\u00f8rende for at sikre, at skovlcylinderen fungerer effektivt. Vigtigheden af \u200b\u200bkorrekt justering og brug af passende monteringsbeslag til at fastg\u00f8re cylinderen kan ikke overvurderes. Anbefalede inspektions-, reparations- og udskiftningsprocedurer er tilg\u00e6ngelige, og der tilbydes reservedele og reparationstjenester samt tips til at \u00f8ge cylinderens levetid. <\/p>\n<p><img decoding=\"async\" src=\"https:\/\/www.hydraulic-cylinders.net\/wp-content\/uploads\/2025\/01\/songte-bushings-with-all-kinds-of-excavator-models.webp\" alt=\"Skovlcylinder til Zoomlion stor gravemaskine ZE520E\"><\/p>\n<h2>Sikkerhedshensyn og milj\u00f8faktorer<\/h2>\n<p>Sikker drift af cylinderen er afg\u00f8rende, og der b\u00f8r altid tr\u00e6ffes sikkerhedsforanstaltninger ved installation, drift og vedligeholdelse af cylinderen. Regelm\u00e6ssige inspektioner og forebyggende vedligeholdelse kan hj\u00e6lpe med at reducere potentielle problemer og sikre sikker drift. Milj\u00f8faktorer som temperatur, fugtighed og terr\u00e6n skal tages i betragtning for at sikre korrekt drift og forhindre skader p\u00e5 cylinderen.<\/p>\n<h2>Om vores virksomhed<\/h2>\n<p>Vi er en producent af hydrauliske cylindre, der specialiserer sig i udskiftning af hydrauliske cylindre. Vores virksomhed tilbyder et komplet produktsortiment og er blevet en af \u200b\u200bde f\u00f8rende producenter og grossister af hydrauliske cylindre p\u00e5 det indenlandske og internationale marked. Vi f\u00f8lger fremragende kvalitet og bruger strategier for industriel produktionsstyring baseret p\u00e5 sofistikerede produktionsv\u00e6rksteder, forbedrer l\u00f8bende vores produktionsplatform og perfektionerer produktionslinjer af h\u00f8j kvalitet. Vi har en st\u00e6rk kreativ evne og leverer effektive, pr\u00e6cise og h\u00f8jkvalitetstjenester for at im\u00f8dekomme forskellige kunders behov. <\/p>\n<p><img decoding=\"async\" src=\"https:\/\/hzpt.com\/wp-content\/uploads\/2024\/11\/songte-company-1.webp\" alt=\"Skovlcylinder til Zoomlion stor gravemaskine ZE520E\"><\/p>\n<ul>\n<li>Professionalisme, international certificering og skr\u00e6ddersyede tjenester<\/li>\n<li>Produktionsudstyr og eftersalgsservice<\/li>\n<\/ul>\n<p>Forfatter: lyl<\/p>","protected":false},"excerpt":{"rendered":"<p>Bucket Cylinder For Zoomlion Large Excavator ZE520E Introduction The bucket cylinder for Zoomlion large excavator ZE520E is a specially designed hydraulic cylinder that is mainly used to control the movement of the bucket in heavy machinery such as excavators, backhoe loaders, and front-end loaders. Its main function is to enable the bucket to lift, lower, [&hellip;]<\/p>","protected":false},"featured_media":14761,"comment_status":"open","ping_status":"closed","template":"","meta":{"_et_pb_use_builder":"","_et_pb_old_content":"","_et_gb_content_width":""},"product_brand":[],"product_cat":[1494],"product_tag":[1495,1496],"class_list":{"0":"post-15506","1":"product","2":"type-product","3":"status-publish","4":"has-post-thumbnail","6":"product_cat-bucket-cylinders","7":"product_tag-bucket-cylinders","8":"product_tag-hydraulic-cylinders","10":"first","11":"instock","12":"shipping-taxable","13":"product-type-simple"},"amp_enabled":true,"_links":{"self":[{"href":"https:\/\/www.hydraulic-cylinders.net\/da\/wp-json\/wp\/v2\/product\/15506","targetHints":{"allow":["GET"]}}],"collection":[{"href":"https:\/\/www.hydraulic-cylinders.net\/da\/wp-json\/wp\/v2\/product"}],"about":[{"href":"https:\/\/www.hydraulic-cylinders.net\/da\/wp-json\/wp\/v2\/types\/product"}],"replies":[{"embeddable":true,"href":"https:\/\/www.hydraulic-cylinders.net\/da\/wp-json\/wp\/v2\/comments?post=15506"}],"wp:featuredmedia":[{"embeddable":true,"href":"https:\/\/www.hydraulic-cylinders.net\/da\/wp-json\/wp\/v2\/media\/14761"}],"wp:attachment":[{"href":"https:\/\/www.hydraulic-cylinders.net\/da\/wp-json\/wp\/v2\/media?parent=15506"}],"wp:term":[{"taxonomy":"product_brand","embeddable":true,"href":"https:\/\/www.hydraulic-cylinders.net\/da\/wp-json\/wp\/v2\/product_brand?post=15506"},{"taxonomy":"product_cat","embeddable":true,"href":"https:\/\/www.hydraulic-cylinders.net\/da\/wp-json\/wp\/v2\/product_cat?post=15506"},{"taxonomy":"product_tag","embeddable":true,"href":"https:\/\/www.hydraulic-cylinders.net\/da\/wp-json\/wp\/v2\/product_tag?post=15506"}],"curies":[{"name":"wp","href":"https:\/\/api.w.org\/{rel}","templated":true}]}}