{"id":15511,"date":"2025-01-19T14:37:16","date_gmt":"2025-01-19T14:37:16","guid":{"rendered":"https:\/\/www.hydraulic-cylinders.net\/product\/bucket-cylinder-for-zoomlion-large-excavator-ze1250e\/"},"modified":"2025-01-19T14:37:18","modified_gmt":"2025-01-19T14:37:18","slug":"bucket-cylinder-for-zoomlion-large-excavator-ze1250e","status":"publish","type":"product","link":"https:\/\/www.hydraulic-cylinders.net\/da\/vare\/bucket-cylinder-for-zoomlion-large-excavator-ze1250e\/","title":{"rendered":"Skovlcylinder til Zoomlion stor gravemaskine ZE1250E"},"content":{"rendered":"<h1>Skovlcylinder til Zoomlion stor gravemaskine ZE1250E<\/h1>\n<h2>Indledning<\/h2>\n<h3>Definition<\/h3>\n<p>En skovlcylinder er en type hydraulisk cylinder, der er specielt designet til at styre skovlens bev\u00e6gelse i tunge maskiner s\u00e5som gravemaskiner, rendegravere og frontl\u00e6ssere. Dens prim\u00e6re funktion er at g\u00f8re det muligt at l\u00f8fte, s\u00e6nke og vippe skovlen, hvilket g\u00f8r det lettere for maskinen at h\u00e5ndtere en r\u00e6kke forskellige materialer. I det hydrauliske system styrer skovlcylinderen skovlens pr\u00e6cise bev\u00e6gelse gennem \u00e6ndringer i hydraulikolietrykket, hvilket giver f\u00f8reren mulighed for effektivt at h\u00e5ndtere tunge l\u00e6s og tilpasse sig komplekse arbejdsmilj\u00f8er og forskellige driftsbehov.<\/p>\n<p><img decoding=\"async\" src=\"https:\/\/www.hydraulic-cylinders.net\/wp-content\/uploads\/2025\/01\/songte-company-2.webp\" alt=\"Billede af spandcylinder\"><\/p>\n<h2>Produktfunktioner<\/h2>\n<h3>H\u00f8j styrke og holdbarhed<\/h3>\n<p>Skovlcylindre er typisk lavet af h\u00f8jstyrkest\u00e5l eller aluminium, hvilket g\u00f8r dem i stand til at modst\u00e5 h\u00f8jt tryk og tunge belastninger, tilpasse sig barske arbejdsmilj\u00f8er og er designet med slid- og korrosionsbestandighed i tankerne, hvilket forl\u00e6nger deres levetid.<\/p>\n<h3>Effektiv hydraulisk drift<\/h3>\n<p>Skovlcylinderen bruger hydraulisk olietryk til at opn\u00e5 j\u00e6vn ud- og indtr\u00e6kning, hvilket g\u00f8r den i stand til at reagere hurtigt p\u00e5 styrekommandoer, yde kraftige skubbe- og tr\u00e6kkr\u00e6fter og v\u00e6re egnet til h\u00e5ndtering af tunge belastninger og komplekse driftsopgaver.<\/p>\n<h3>Forskellige typer<\/h3>\n<p>Skovlcylindre kan v\u00e6re enkeltvirkende (hydraulisk bruges kun i \u00e9n retning) eller dobbeltvirkende (hydraulisk bruges i begge retninger) afh\u00e6ngigt af de operationelle behov. Nogle modeller er teleskopiske, hvilket giver mulighed for st\u00f8rre udtr\u00e6k uden at \u00f8ge de udvendige dimensioner, hvilket g\u00f8r dem velegnede til pladsbegr\u00e6nsede applikationer.<\/p>\n<h3>Produkttilg\u00e6ngelighed<\/h3>\n<p>Vores virksomhed producerer og leverer en r\u00e6kke modeller af skovlcylindere, der perfekt kan erstatte disse hydrauliske cylindre.<\/p>\n<p><img decoding=\"async\" src=\"https:\/\/www.hydraulic-cylinders.net\/wp-content\/uploads\/2025\/01\/songte-cylinder-head-with-all-kinds-excavator-models.webp\" alt=\"Skovlcylindermodeller\"><\/p>\n<h2>Applikationer<\/h2>\n<h3>Entrepren\u00f8rudstyr<\/h3>\n<p>I gravemaskiner er de afg\u00f8rende for at grave, l\u00e6sse og flytte jord eller affald. I rendegravere hj\u00e6lper skovlcylinderen med at grave og l\u00f8fte. I frontl\u00e6ssere hj\u00e6lper de med at l\u00f8fte og t\u00f8mme last effektivt.<\/p>\n<h3>Landbrugsmaskiner<\/h3>\n<p>Bruges til frontl\u00e6ssere til at udgrave, l\u00f8fte og transportere jord, h\u00f8 og andre materialer. I gravemaskiner muligg\u00f8r skovlcylinderen gravefunktioner ved at lade skovlen tr\u00e6nge ned i jorden.<\/p>\n<h2>Designovervejelser og udv\u00e6lgelseskriterier<\/h2>\n<h3>B\u00e6reevne<\/h3>\n<p>Skovlcylinderens evne til at b\u00e6re belastninger er en kritisk designm\u00e6ssig overvejelse. Den skal kunne modst\u00e5 de kr\u00e6fter, der genereres af skovlen og de materialer, den transporterer.<\/p>\n<h3>Forsegling<\/h3>\n<p>Skovlcylinderens t\u00e6tning er afg\u00f8rende, fordi hvis cylinderen ikke er ordentligt t\u00e6tnet, kan hydraulikolien l\u00e6kke, og cylinderens funktion kan blive kompromitteret. Stempelt\u00e6tningsringen, stangt\u00e6tningsringen og andre t\u00e6tningselementer skal v\u00e6re lavet af materialer, der er modstandsdygtige over for slid og korrosion.<\/p>\n<h3>Holdbarhed<\/h3>\n<p>Skovlcylinderens holdbarhed er et afg\u00f8rende aspekt af dens design. Cylinderen skal kunne modst\u00e5 barske milj\u00f8forhold, s\u00e5som ekstreme temperaturer, fugt, saltvand og andre \u00e6tsende stoffer, uden at opleve betydelig slitage eller skade.<\/p>\n<h3>Sikkerhed<\/h3>\n<p>Skovlcylinderen skal v\u00e6re designet med sikkerhed i tankerne. Sikkerhedsfunktioner s\u00e5som trykaflastningsventiler, kontraventiler og andre sikkerhedsanordninger b\u00f8r installeres for at forhindre, at cylinderen overbelastes eller for\u00e5rsager ulykker.<\/p>\n<h3>Opretholdelse<\/h3>\n<p>Skovlcylinderen skal v\u00e6re designet til nem vedligeholdelse. Den skal v\u00e6re let at f\u00e5 adgang til, skille ad og samle igen, s\u00e5 vedligeholdelsespersonalet nemt kan inspicere, udskifte eller reparere dele.<\/p>\n<p><img decoding=\"async\" src=\"https:\/\/www.hydraulic-cylinders.net\/wp-content\/uploads\/2025\/01\/songte-oil-pipes-and-spare-parts.webp\" alt=\"Dele af spandcylinder\"><\/p>\n<h2>T\u00e6tning og sm\u00f8ring<\/h2>\n<p>Forskellige t\u00e6tninger, s\u00e5som stempelt\u00e6tningsringe og stangt\u00e6tningsringe, lavet af slidst\u00e6rke materialer som polyurethan og nitrilgummi, bruges til at t\u00e6tne skovlcylinderen. Cylinderhuset og gevindportens overflade gennemg\u00e5r fin bearbejdning for at forbedre slidstyrken. Tilstr\u00e6kkelig hydraulikolie tils\u00e6ttes regelm\u00e6ssigt for at sm\u00f8re cylinderen og opretholde en j\u00e6vn drift.<\/p>\n<h2>Inspektion og forebyggende vedligeholdelsesforanstaltninger<\/h2>\n<p>Regelm\u00e6ssig vedligeholdelse, sm\u00f8ring og udskiftning af slidte pakninger er vigtige vedligeholdelsesopgaver for skovlcylindre. Korrekt installation, sm\u00f8ring og justering af cylinderen er afg\u00f8rende for dens ydeevne. Under installationsprocessen anbefales det at justere cylinderen korrekt og bruge passende monteringsbeslag til at fastg\u00f8re den. Vi anbefaler ogs\u00e5 at f\u00f8lge de anbefalede inspektions-, reparations- og udskiftningsprocedurer for at forl\u00e6nge cylinderens levetid.<\/p>\n<p><img decoding=\"async\" src=\"https:\/\/www.hydraulic-cylinders.net\/wp-content\/uploads\/2025\/01\/songte-chushion-collar.webp\" alt=\"Spancylinderkrave\"><\/p>\n<h2>Sikkerheds- og milj\u00f8hensyn<\/h2>\n<p>Ved brug af skovlcylindre skal der tr\u00e6ffes sikkerhedsforanstaltninger for at undg\u00e5 ulykker. Operat\u00f8rer b\u00f8r tr\u00e6nes for at sikre, at de forst\u00e5r den korrekte betjening og sikkerhedsprocedurer. Korrekt bortskaffelse af brugt hydraulikolie, filtre og andre komponenter er afg\u00f8rende for at minimere milj\u00f8p\u00e5virkningen.<\/p>\n<h2>Fejlfinding og almindelige problemer<\/h2>\n<p>De mest almindelige problemer med skovlcylindre er l\u00e6kager, defekte pakninger og skader p\u00e5 cylinderen. Regelm\u00e6ssig inspektion og vedligeholdelse kan hj\u00e6lpe med at forhindre disse problemer. N\u00e5r der opst\u00e5r problemer, er det vigtigt at diagnosticere og reparere dem hurtigt for at forhindre yderligere skader, der kan f\u00f8re til udstyrsfejl.<\/p>\n<p><img decoding=\"async\" src=\"https:\/\/www.hydraulic-cylinders.net\/wp-content\/uploads\/2025\/01\/songte-bushings-with-all-kinds-of-excavator-models.webp\" alt=\"Skovlcylinderb\u00f8sninger\"><\/p>\n<h2>Om vores virksomhed<\/h2>\n<p>Vi er en producent af hydrauliske udskiftningscylindre, der tilbyder en bred vifte af produkter og er blevet en af \u200b\u200bde f\u00f8rende producenter og grossister af hydrauliske cylindre p\u00e5 b\u00e5de indenlandske og internationale markeder. Vi overholder princippet om fremragende kvalitet, bruger industrialiserede produktionsstyringsstrategier i fine produktionsv\u00e6rksteder og forbedrer l\u00f8bende produktionsplatformen og produktkvaliteten med hensyn til teknologiske talenter, digitalt avanceret produktionsudstyr og professionelle testsystemer. Vores produkter er effektive, pr\u00e6cise og af h\u00f8j kvalitet og opfylder forskellige kunders behov.<\/p>\n<p><strong>Specialitet:<\/strong> Vores virksomhed specialiserer sig i produktion af hydrauliske udskiftningscylindre.<\/p>\n<p><strong>International certificering:<\/strong> Vores produkter er certificeret i henhold til internationale standarder, s\u00e5som ISO, SGS og CE.<\/p>\n<p><strong>Tilpasningstjeneste:<\/strong> Vi tilbyder tilpasningstjenester, der matcher kundens specifikationer.<\/p>\n<p><strong>Produktionsudstyr:<\/strong> Vi har avanceret produktionsudstyr, s\u00e5som CNC-drejeb\u00e6nke, CNC-bearbejdningscentre og testudstyr.<\/p>\n<p><strong>Eftersalgsservice:<\/strong> Vi tilbyder kunder teknisk support, garantiservice og fjernteknisk assistance. <\/p>\n<p><img decoding=\"async\" src=\"https:\/\/hzpt.com\/wp-content\/uploads\/2024\/11\/songte-company-1.webp\" alt=\"Virksomhedens image\"><\/p>\n<p>Forfatter: lyl<\/p>","protected":false},"excerpt":{"rendered":"<p>Bucket Cylinder For Zoomlion Large Excavator ZE1250E Introduction Definition A bucket cylinder is a type of hydraulic cylinder specially designed for controlling the movement of the bucket in heavy machinery such as excavators, backhoes, and front-end loaders. Its primary function is to enable the bucket to be lifted, lowered, and tilted, making it easier for [&hellip;]<\/p>","protected":false},"featured_media":14784,"comment_status":"open","ping_status":"closed","template":"","meta":{"_et_pb_use_builder":"","_et_pb_old_content":"","_et_gb_content_width":""},"product_brand":[],"product_cat":[1494],"product_tag":[1495,1496],"class_list":{"0":"post-15511","1":"product","2":"type-product","3":"status-publish","4":"has-post-thumbnail","6":"product_cat-bucket-cylinders","7":"product_tag-bucket-cylinders","8":"product_tag-hydraulic-cylinders","10":"first","11":"instock","12":"shipping-taxable","13":"product-type-simple"},"amp_enabled":true,"_links":{"self":[{"href":"https:\/\/www.hydraulic-cylinders.net\/da\/wp-json\/wp\/v2\/product\/15511","targetHints":{"allow":["GET"]}}],"collection":[{"href":"https:\/\/www.hydraulic-cylinders.net\/da\/wp-json\/wp\/v2\/product"}],"about":[{"href":"https:\/\/www.hydraulic-cylinders.net\/da\/wp-json\/wp\/v2\/types\/product"}],"replies":[{"embeddable":true,"href":"https:\/\/www.hydraulic-cylinders.net\/da\/wp-json\/wp\/v2\/comments?post=15511"}],"wp:featuredmedia":[{"embeddable":true,"href":"https:\/\/www.hydraulic-cylinders.net\/da\/wp-json\/wp\/v2\/media\/14784"}],"wp:attachment":[{"href":"https:\/\/www.hydraulic-cylinders.net\/da\/wp-json\/wp\/v2\/media?parent=15511"}],"wp:term":[{"taxonomy":"product_brand","embeddable":true,"href":"https:\/\/www.hydraulic-cylinders.net\/da\/wp-json\/wp\/v2\/product_brand?post=15511"},{"taxonomy":"product_cat","embeddable":true,"href":"https:\/\/www.hydraulic-cylinders.net\/da\/wp-json\/wp\/v2\/product_cat?post=15511"},{"taxonomy":"product_tag","embeddable":true,"href":"https:\/\/www.hydraulic-cylinders.net\/da\/wp-json\/wp\/v2\/product_tag?post=15511"}],"curies":[{"name":"wp","href":"https:\/\/api.w.org\/{rel}","templated":true}]}}