{"id":15515,"date":"2025-01-19T14:37:32","date_gmt":"2025-01-19T14:37:32","guid":{"rendered":"https:\/\/www.hydraulic-cylinders.net\/product\/bucket-cylinder-for-sunward-small-excavator-swe150elr\/"},"modified":"2025-01-19T14:37:34","modified_gmt":"2025-01-19T14:37:34","slug":"bucket-cylinder-for-sunward-small-excavator-swe150elr","status":"publish","type":"product","link":"https:\/\/www.hydraulic-cylinders.net\/da\/vare\/bucket-cylinder-for-sunward-small-excavator-swe150elr\/","title":{"rendered":"Skovlcylinder til Sunward lille gravemaskine SWE150ELR"},"content":{"rendered":"<h1>Skovlcylinder til Sunward lille gravemaskine SWE150ELR<\/h1>\n<h2>Indledning<\/h2>\n<p>Skovlcylinderen til den lille Sunward-gravemaskine SWE150ELR er en specialdesignet hydraulisk cylinder, der bruges til at styre skovlens bev\u00e6gelse i tunge maskiner s\u00e5som gravemaskiner, rendegravere og frontl\u00e6ssere. Dens hovedfunktion er at g\u00f8re det muligt for skovlen at l\u00f8fte, s\u00e6nke og vippe, hvilket g\u00f8r den praktisk til forskellige materialeh\u00e5ndteringsopgaver. I det hydrauliske system opn\u00e5r skovlcylinderen pr\u00e6cis kontrol over skovlen ved hj\u00e6lp af tryk\u00e6ndringer i hydraulikolien, hvilket g\u00f8r det muligt for operat\u00f8rer at h\u00e5ndtere tunge l\u00e6s effektivt og tilpasse sig komplekse arbejdsmilj\u00f8er og forskellige jobkrav.<\/p>\n<p><img decoding=\"async\" src=\"https:\/\/www.hydraulic-cylinders.net\/wp-content\/uploads\/2025\/01\/songte-company-2.webp\" alt=\"Produktbillede\"><\/p>\n<h2>Funktioner<\/h2>\n<ul>\n<li><strong>H\u00f8j styrke og holdbarhed:<\/strong> Den er normalt lavet af h\u00f8jstyrkest\u00e5l eller aluminium og kan modst\u00e5 h\u00f8jt tryk og tunge belastninger og tilpasse sig barske arbejdsforhold. Designet tager h\u00f8jde for slidstyrke og korrosionsbestandighed, hvilket forl\u00e6nger levetiden.<\/li>\n<li><strong>Effektiv hydraulisk drift:<\/strong> Den udnytter trykket fra hydraulikolien til at opn\u00e5 j\u00e6vne ud- og tilbagetr\u00e6kningsbev\u00e6gelser, hvilket muligg\u00f8r hurtig reaktion p\u00e5 styrekommandoer og giver kraftige skubbe- og tr\u00e6kkr\u00e6fter, der er velegnede til h\u00e5ndtering af tunge belastninger og komplekse arbejdsopgaver.<\/li>\n<li><strong>Forskellige typer:<\/strong> Skovlcylinderen kan v\u00e6lges som enkeltvirkende (hydraulisk kun anvendt i \u00e9n retning) eller dobbeltvirkende (hydraulisk anvendt i begge retninger) baseret p\u00e5 behovene for at im\u00f8dekomme forskellige driftskrav. Nogle modeller er teleskopiske, hvilket muligg\u00f8r st\u00f8rre udtr\u00e6k uden at \u00f8ge de udvendige dimensioner og er velegnede til applikationer med begr\u00e6nset plads.<\/li>\n<li><strong>Udskiftningskapacitet:<\/strong> Vores produkter kan perfekt erstatte disse hydrauliske cylindre.<\/li>\n<\/ul>\n<p><img decoding=\"async\" src=\"https:\/\/www.hydraulic-cylinders.net\/wp-content\/uploads\/2025\/01\/songte-cylinder-head-with-all-kinds-excavator-models.webp\" alt=\"Produktudskiftningsbillede\"><\/p>\n<h2>Applikationer<\/h2>\n<p>Skovlcylinderen finder anvendelse i forskelligt udstyr:<\/p>\n<ul>\n<li><strong>Entrepren\u00f8rudstyr:<\/strong> Den spiller en afg\u00f8rende rolle i gravemaskiner til gravning, lastning og flytning af jord eller affald. I rendegravere hj\u00e6lper skovlcylinderen med b\u00e5de gravning og l\u00f8ft.<\/li>\n<li><strong>Landbrugsmaskiner:<\/strong> Anvendes i frontl\u00e6ssere til at udgrave, l\u00f8fte og transportere jord, h\u00f8 og andre materialer.<\/li>\n<li><strong>Gravemaskiner:<\/strong> Skovlcylinderen muligg\u00f8r gravehandlinger ved at lade skovlen tr\u00e6nge ned i jorden.<\/li>\n<li><strong>L\u00e6ssere:<\/strong> I frontl\u00e6ssere hj\u00e6lper de med effektiv l\u00f8ft og t\u00f8mning af gods.<\/li>\n<\/ul>\n<h2>Designovervejelser og udv\u00e6lgelseskriterier<\/h2>\n<p>Ved design af skovlcylindre tages der hensyn til flere faktorer:<\/p>\n<ul>\n<li><strong>B\u00e6reevne:<\/strong> Cylinderen er konstrueret til at modst\u00e5 den kr\u00e6vede belastning uden at opleve deformation eller svigt.<\/li>\n<li><strong>Forsegling:<\/strong> Forskellige t\u00e6tningskomponenter s\u00e5som stempelt\u00e6tninger og stangt\u00e6tninger bruges til at sikre det hydrauliske systems integritet og forhindre l\u00e6kage.<\/li>\n<li><strong>Holdbarhed:<\/strong> Cylinderen er designet til at modst\u00e5 p\u00e5virkningen fra kontinuerlig brug og modst\u00e5 slitage.<\/li>\n<li><strong>Sikkerhed:<\/strong> Der er indbygget sikkerhedsfunktioner for at forhindre ulykker og sikre f\u00f8rerens velbefindende under drift.<\/li>\n<li><strong>Vedligeholdelsesevne:<\/strong> Designet muligg\u00f8r nem vedligeholdelse og reparationer, hvilket reducerer nedetid og maksimerer produktiviteten.<\/li>\n<\/ul>\n<p><img decoding=\"async\" src=\"https:\/\/www.hydraulic-cylinders.net\/wp-content\/uploads\/2025\/01\/songte-oil-pipes-and-spare-parts.webp\" alt=\"Billede af t\u00e6tningskomponenter\"><\/p>\n<h2>T\u00e6tning og sm\u00f8ring<\/h2>\n<p>Skovlcylinderen anvender forskellige t\u00e6tningskomponenter, s\u00e5som stempelt\u00e6tninger og stangt\u00e6tninger, som er lavet af slidst\u00e6rke materialer som polyurethan og nitrilgummi. Cylinderhuset og gevindenderne gennemg\u00e5r en fin overfladebehandling for at forbedre slidstyrken. Regelm\u00e6ssig sm\u00f8ring med den passende m\u00e6ngde hydraulikolie er n\u00f8dvendig for at sikre problemfri drift.<\/p>\n<h2>Regelm\u00e6ssig inspektion og forebyggende vedligeholdelse<\/h2>\n<ul>\n<li>Inspicer regelm\u00e6ssigt skovlcylinderen for tegn p\u00e5 slid, l\u00e6kage eller skader.<\/li>\n<li>S\u00f8rg for korrekt sm\u00f8ring af alle bev\u00e6gelige dele.<\/li>\n<li>Udskift t\u00e6tninger og pakninger med j\u00e6vne mellemrum for at bevare cylinderens integritet.<\/li>\n<\/ul>\n<h2>Korrekt produktinstallation<\/h2>\n<p>Korrekt installation af skovlcylinderen er afg\u00f8rende for optimal ydeevne:<\/p>\n<ul>\n<li>Giv vejledning i korrekt justering af cylinderen under installationen.<\/li>\n<li>Det anbefales at bruge passende monteringsbeslag til at fastg\u00f8re cylinderen.<\/li>\n<li>Giv instruktioner til de anbefalede procedurer for inspektion, reparation og udskiftning.<\/li>\n<li>Tilbyd reservedele og reparationstjenester for at forl\u00e6nge cylinderens levetid.<\/li>\n<\/ul>\n<p><img decoding=\"async\" src=\"https:\/\/www.hydraulic-cylinders.net\/wp-content\/uploads\/2025\/01\/songte-chushion-collar.webp\" alt=\"Billede af installationsvejledning\"><\/p>\n<h2>Sikkerhedshensyn og milj\u00f8faktorer<\/h2>\n<p>Vigtigheden af \u200b\u200bsikkerhedsforanstaltninger ved brug af skovlcylinderen b\u00f8r ikke overses. Der b\u00f8r tr\u00e6ffes passende sikkerhedsforanstaltninger for at sikre operat\u00f8rernes velbefindende og forhindre ulykker. Milj\u00f8faktorer som temperatur og eksponering for \u00e6tsende elementer b\u00f8r ogs\u00e5 tages i betragtning.<\/p>\n<h2>Fejlfinding og almindelige problemer<\/h2>\n<p>N\u00e5r du foretager fejlfinding af problemer med skovlcylinderen, skal du overveje f\u00f8lgende:<\/p>\n<ul>\n<li>Giv tips og l\u00f8sninger til effektiv diagnosticering og l\u00f8sning af problemer.<\/li>\n<li>Foresl\u00e5 forebyggende foranstaltninger for at minimere potentielle problemer.<\/li>\n<\/ul>\n<p><img decoding=\"async\" src=\"https:\/\/www.hydraulic-cylinders.net\/wp-content\/uploads\/2025\/01\/songte-bushings-with-all-kinds-of-excavator-models.webp\" alt=\"Billede af tips til fejlfinding\"><\/p>\n<p>Husk at organisere artiklen logisk, bruge underoverskrifter for nem navigation, inkorporere relevante billeder eller diagrammer for at forbedre forst\u00e5elsen, og s\u00f8rg for, at indholdet er klart, pr\u00e6cist og egnet til l\u00e6sere med forskellige niveauer af teknisk viden.<\/p>\n<h2>Om vores virksomhed<\/h2>\n<p>Vi er en producent af hydrauliske udskiftningscylindre og tilbyder en bred vifte af produkter. Vi er blevet en af \u200b\u200bde f\u00f8rende producenter og engrosdistribut\u00f8rer af hydrauliske cylindre p\u00e5 det indenlandske og internationale marked. Vores virksomhed f\u00f8lger en strategi med industrialiseret produktionsstyring, der bygger p\u00e5 fremragende kvalitet, avanceret produktionsudstyr og professionelle testsystemer. Vi forbedrer l\u00f8bende vores produktionsplatform og produktkvalitetsproduktionsruter og besidder st\u00e6rke kreative evner. Vi str\u00e6ber efter at im\u00f8dekomme forskellige kundebehov med h\u00f8j effektivitet, pr\u00e6cision og kvalitet.<\/p>\n<p><img decoding=\"async\" src=\"https:\/\/www.hydraulic-cylinders.net\/wp-content\/uploads\/2025\/01\/songte-company-3.webp\" alt=\"Virksomhedens image\"><\/p>\n<h3>Professionalitet:<\/h3>\n<p>Vi prioriterer professionalisme i alle aspekter af vores drift, fra produktdesign til kundeservice.<\/p>\n<h3>Internationale certificeringer:<\/h3>\n<p>Vi overholder internationale certificeringer og standarder, hvilket sikrer kvaliteten og p\u00e5lideligheden af \u200b\u200bvores produkter.<\/p>\n<h3>Tilpasningstjenester:<\/h3>\n<p>Vi tilbyder tilpasningstjenester for at im\u00f8dekomme specifikke kundekrav og leverer skr\u00e6ddersyede l\u00f8sninger.<\/p>\n<h3>Produktionsudstyr:<\/h3>\n<p>Vi anvender avanceret produktionsudstyr og teknologi for at sikre pr\u00e6cisionen og kvaliteten af \u200b\u200bvores produkter.<\/p>\n<h3>Eftersalgsservice:<\/h3>\n<p>Vi tilbyder omfattende eftersalgsservice, herunder vedligeholdelse, reparation og udskiftning af komponenter, hvilket sikrer kundetilfredshed og forl\u00e6nget produktlevetid.<\/p>\n<p><img decoding=\"async\" src=\"https:\/\/hzpt.com\/wp-content\/uploads\/2024\/11\/songte-company-1.webp\" alt=\"Virksomhedens image\"><\/p>\n<p>Forfatter: lyl<\/p>","protected":false},"excerpt":{"rendered":"<p>Bucket Cylinder For Sunward Small Excavator SWE150ELR Introduction The bucket cylinder for Sunward small excavator SWE150ELR is a specially designed hydraulic cylinder that is used to control the movement of the bucket in heavy machinery such as excavators, backhoe loaders, and front loaders. Its main function is to enable the bucket to lift, lower, and [&hellip;]<\/p>","protected":false},"featured_media":14776,"comment_status":"open","ping_status":"closed","template":"","meta":{"_et_pb_use_builder":"","_et_pb_old_content":"","_et_gb_content_width":""},"product_brand":[],"product_cat":[1494],"product_tag":[1495,1496],"class_list":{"0":"post-15515","1":"product","2":"type-product","3":"status-publish","4":"has-post-thumbnail","6":"product_cat-bucket-cylinders","7":"product_tag-bucket-cylinders","8":"product_tag-hydraulic-cylinders","10":"first","11":"instock","12":"shipping-taxable","13":"product-type-simple"},"amp_enabled":true,"_links":{"self":[{"href":"https:\/\/www.hydraulic-cylinders.net\/da\/wp-json\/wp\/v2\/product\/15515","targetHints":{"allow":["GET"]}}],"collection":[{"href":"https:\/\/www.hydraulic-cylinders.net\/da\/wp-json\/wp\/v2\/product"}],"about":[{"href":"https:\/\/www.hydraulic-cylinders.net\/da\/wp-json\/wp\/v2\/types\/product"}],"replies":[{"embeddable":true,"href":"https:\/\/www.hydraulic-cylinders.net\/da\/wp-json\/wp\/v2\/comments?post=15515"}],"wp:featuredmedia":[{"embeddable":true,"href":"https:\/\/www.hydraulic-cylinders.net\/da\/wp-json\/wp\/v2\/media\/14776"}],"wp:attachment":[{"href":"https:\/\/www.hydraulic-cylinders.net\/da\/wp-json\/wp\/v2\/media?parent=15515"}],"wp:term":[{"taxonomy":"product_brand","embeddable":true,"href":"https:\/\/www.hydraulic-cylinders.net\/da\/wp-json\/wp\/v2\/product_brand?post=15515"},{"taxonomy":"product_cat","embeddable":true,"href":"https:\/\/www.hydraulic-cylinders.net\/da\/wp-json\/wp\/v2\/product_cat?post=15515"},{"taxonomy":"product_tag","embeddable":true,"href":"https:\/\/www.hydraulic-cylinders.net\/da\/wp-json\/wp\/v2\/product_tag?post=15515"}],"curies":[{"name":"wp","href":"https:\/\/api.w.org\/{rel}","templated":true}]}}