{"id":15517,"date":"2025-01-19T14:37:46","date_gmt":"2025-01-19T14:37:46","guid":{"rendered":"https:\/\/www.hydraulic-cylinders.net\/product\/bucket-cylinder-for-sunward-small-excavator-swe80e\/"},"modified":"2025-01-19T14:37:48","modified_gmt":"2025-01-19T14:37:48","slug":"bucket-cylinder-for-sunward-small-excavator-swe80e","status":"publish","type":"product","link":"https:\/\/www.hydraulic-cylinders.net\/da\/vare\/bucket-cylinder-for-sunward-small-excavator-swe80e\/","title":{"rendered":"Skovlcylinder til Sunward lille gravemaskine SWE80E"},"content":{"rendered":"<h1>Skovlcylinder til Sunward lille gravemaskine SWE80E<\/h1>\n<h2>Indledning<\/h2>\n<p>Skovlcylinderen til den lille Sunward-gravemaskine SWE80E er en specialdesignet hydraulisk cylinder, der styrer skovlens bev\u00e6gelse i tunge maskiner s\u00e5som gravemaskiner, rendegravere og frontl\u00e6ssere. Dens hovedfunktion er at g\u00f8re det muligt at l\u00f8fte, s\u00e6nke og vippe skovlen, hvilket g\u00f8r det lettere at h\u00e5ndtere forskellige materialeh\u00e5ndteringsopgaver. I det hydrauliske system opn\u00e5r skovlcylinderen pr\u00e6cis kontrol over skovlen ved at variere trykket i hydraulikolien, hvilket giver f\u00f8reren mulighed for effektivt at h\u00e5ndtere tunge l\u00e6s og tilpasse sig komplekse arbejdsmilj\u00f8er og forskellige driftsbehov.<\/p>\n<p><img decoding=\"async\" src=\"https:\/\/www.hydraulic-cylinders.net\/wp-content\/uploads\/2025\/01\/songte-company-2.webp\"><\/p>\n<h2>Funktioner<\/h2>\n<ul>\n<li>H\u00f8j styrke og holdbarhed: Typisk lavet af h\u00f8jstyrkest\u00e5l eller aluminium, kan den modst\u00e5 h\u00f8jt tryk og tunge belastninger, tilpasse sig barske arbejdsmilj\u00f8er og er designet til slid- og korrosionsbestandighed for at forl\u00e6nge levetiden.<\/li>\n<li>Effektiv hydraulisk drift: Ved at udnytte trykket fra hydraulikolien til at opn\u00e5 en j\u00e6vn teleskopisk bev\u00e6gelse, kan den hurtigt reagere p\u00e5 styrekommandoer, yde kraftig skubbe- og tr\u00e6kkraft og er velegnet til h\u00e5ndtering af tunge belastninger og komplekse opgaver.<\/li>\n<li>Forskellige typer: Enkeltvirkende (hydraulisk anvendes kun i \u00e9n retning) eller dobbeltvirkende (hydraulisk anvendes i begge retninger) cylindre kan v\u00e6lges efter behov for at im\u00f8dekomme forskellige driftsbehov. Nogle modeller er teleskopiske, hvilket muligg\u00f8r st\u00f8rre udtr\u00e6k uden at \u00f8ge de udvendige dimensioner, hvilket g\u00f8r dem velegnede til pladsbegr\u00e6nsede applikationer.<\/li>\n<li>Nem at installere: Vores virksomheds produkter kan perfekt erstatte disse hydrauliske cylindre.<\/li>\n<\/ul>\n<p><img decoding=\"async\" src=\"https:\/\/www.hydraulic-cylinders.net\/wp-content\/uploads\/2025\/01\/songte-cylinder-head-with-all-kinds-excavator-models.webp\"><\/p>\n<h2>Applikationer<\/h2>\n<p>Skovlcylinderen bruges i vid udstr\u00e6kning i forskellige tunge maskiner, s\u00e5som:<\/p>\n<ul>\n<li>Entrepren\u00f8rudstyr: I gravemaskiner er de afg\u00f8rende for udgravning, lastning og flytning af jord eller affald. I rendegravere hj\u00e6lper skovlcylindre med b\u00e5de gravning og l\u00f8ft. I frontl\u00e6ssere hj\u00e6lper de med at l\u00f8fte og t\u00f8mme last effektivt.<\/li>\n<li>Landbrugsmaskiner: Bruges i frontl\u00e6ssere, hvor de skovler, l\u00f8fter og transporterer jord, h\u00f8 og andre materialer. I gravemaskiner g\u00f8r skovlcylindre det muligt for skovlen at tr\u00e6nge ned i jorden under udgravning.<\/li>\n<\/ul>\n<h2>Designovervejelser og udv\u00e6lgelseskriterier<\/h2>\n<p>Ved design af skovlcylindre er f\u00f8lgende vigtige overvejelser:<\/p>\n<ul>\n<li>B\u00e6reevne: Cylinderen skal kunne modst\u00e5 de belastninger, den vil blive udsat for under brug.<\/li>\n<li>T\u00e6tning: Diverse t\u00e6tningselementer, s\u00e5som stempelt\u00e6tninger, stangt\u00e6tninger osv., b\u00f8r v\u00e6re lavet af slidst\u00e6rke materialer s\u00e5som polyurethan eller nitrilgummi.<\/li>\n<li>Holdbarhed: Cylinderhuset og gevindfladerne b\u00f8r finbearbejdes for at forbedre slidstyrken.<\/li>\n<li>Sikkerhed: Cylinderen skal v\u00e6re konstrueret til at forhindre ulykker og sikre operat\u00f8rernes sikkerhed.<\/li>\n<li>Vedligeholdelsesvenlighed: Cylinderen skal v\u00e6re designet til nem vedligeholdelse og reparation.<\/li>\n<\/ul>\n<p><img decoding=\"async\" src=\"https:\/\/www.hydraulic-cylinders.net\/wp-content\/uploads\/2025\/01\/songte-oil-pipes-and-spare-parts.webp\"><\/p>\n<h2>T\u00e6tning og sm\u00f8ring<\/h2>\n<p>Skovlcylindre bruger forskellige t\u00e6tningselementer, s\u00e5som stempelt\u00e6tninger og stangt\u00e6tninger, som er lavet af slidst\u00e6rke materialer som polyurethan eller nitrilgummi for at sikre deres holdbarhed. Cylinderhuset og gevindfladerne er fint forarbejdet for at forbedre slidstyrken. Regelm\u00e6ssig tils\u00e6tning af passende hydraulikolie kan ogs\u00e5 forbedre sm\u00f8ringen.<\/p>\n<h2>Vedligeholdelse og reparation<\/h2>\n<p>Regelm\u00e6ssig inspektion, korrekt sm\u00f8ring, udskiftning af pakninger og kalibreringskontroller er almindelige vedligeholdelsesopgaver. Korrekt installation, sm\u00f8ring og justering er afg\u00f8rende. Under installationen anbefales det at give korrekt vejledning til justering af cylinderen og bruge passende monteringsbeslag til at fastg\u00f8re cylinderen. Der gives anbefalede inspektions-, reparations- og udskiftningsprocedurer samt tips til at \u00f8ge cylinderens levetid.<\/p>\n<p><img decoding=\"async\" src=\"https:\/\/www.hydraulic-cylinders.net\/wp-content\/uploads\/2025\/01\/songte-chushion-collar.webp\"><\/p>\n<h2>Sikkerhedshensyn og milj\u00f8faktorer<\/h2>\n<p>N\u00e5r man bruger skovlcylindre, er sikkerhedsforanstaltninger af st\u00f8rste vigtighed. Operat\u00f8rer b\u00f8r v\u00e6re korrekt uddannet til at betjene udstyret sikkert og effektivt. Milj\u00f8faktorer, s\u00e5som temperatur, fugtighed og st\u00f8v, b\u00f8r ogs\u00e5 tages i betragtning.<\/p>\n<h2>Fejlfinding og almindelige problemer<\/h2>\n<p>Almindelige problemer med skovlcylindre omfatter oliel\u00e6kage, d\u00e5rlig sm\u00f8ring og beskadigelse af t\u00e6tningselementerne. Der gives fejlfindingstips og l\u00f8sninger for at hj\u00e6lpe l\u00e6serne med effektivt at diagnosticere og l\u00f8se problemer. Forebyggende foranstaltninger foresl\u00e5s ogs\u00e5 for at minimere potentielle problemer.<\/p>\n<p><img decoding=\"async\" src=\"https:\/\/www.hydraulic-cylinders.net\/wp-content\/uploads\/2025\/01\/songte-bushings-with-all-kinds-of-excavator-models.webp\"><\/p>\n<h2>Om vores virksomhed<\/h2>\n<p>Vores virksomhed er producent af hydrauliske udskiftningscylindre. Vi tilbyder et komplet produktsortiment og er blevet en af \u200b\u200bde f\u00f8rende producenter og grossister af hydrauliske cylindre p\u00e5 det indenlandske og internationale marked. Vi overholder princippet om fremragende kvalitet og s\u00e6tter vores referencer til den industrielle produktionsstyringsstrategi fra fine produktionsv\u00e6rksteder. Vi forbedrer l\u00f8bende produktionsplatformen i vores v\u00e6rksteder, perfektionerer vores produktionslinje med produktkvalitet og har en st\u00e6rk produktionsevne til at im\u00f8dekomme vores kunders forskellige behov med h\u00f8j effektivitet, h\u00f8j pr\u00e6cision og h\u00f8j kvalitet.<\/p>\n<p>Vores virksomhed tilbyder professionel, international certificering, skr\u00e6ddersyede tjenester, produktionsudstyr og eftersalgsservice.<\/p>\n<p><img decoding=\"async\" src=\"https:\/\/hzpt.com\/wp-content\/uploads\/2024\/11\/songte-company-1.webp\"><\/p>\n<p>Forfatter: lyl.<\/p>","protected":false},"excerpt":{"rendered":"<p>Bucket Cylinder For Sunward Small Excavator SWE80E Introduction The bucket cylinder for Sunward small excavator SWE80E is a specially designed hydraulic cylinder that controls the movement of the bucket in heavy machinery such as excavators, backhoe excavators, and front-end loaders. Its main function is to enable the bucket to be lifted, lowered, and tilted, making [&hellip;]<\/p>","protected":false},"featured_media":14771,"comment_status":"open","ping_status":"closed","template":"","meta":{"_et_pb_use_builder":"","_et_pb_old_content":"","_et_gb_content_width":""},"product_brand":[],"product_cat":[1494],"product_tag":[1495,1496],"class_list":{"0":"post-15517","1":"product","2":"type-product","3":"status-publish","4":"has-post-thumbnail","6":"product_cat-bucket-cylinders","7":"product_tag-bucket-cylinders","8":"product_tag-hydraulic-cylinders","10":"first","11":"instock","12":"shipping-taxable","13":"product-type-simple"},"amp_enabled":true,"_links":{"self":[{"href":"https:\/\/www.hydraulic-cylinders.net\/da\/wp-json\/wp\/v2\/product\/15517","targetHints":{"allow":["GET"]}}],"collection":[{"href":"https:\/\/www.hydraulic-cylinders.net\/da\/wp-json\/wp\/v2\/product"}],"about":[{"href":"https:\/\/www.hydraulic-cylinders.net\/da\/wp-json\/wp\/v2\/types\/product"}],"replies":[{"embeddable":true,"href":"https:\/\/www.hydraulic-cylinders.net\/da\/wp-json\/wp\/v2\/comments?post=15517"}],"wp:featuredmedia":[{"embeddable":true,"href":"https:\/\/www.hydraulic-cylinders.net\/da\/wp-json\/wp\/v2\/media\/14771"}],"wp:attachment":[{"href":"https:\/\/www.hydraulic-cylinders.net\/da\/wp-json\/wp\/v2\/media?parent=15517"}],"wp:term":[{"taxonomy":"product_brand","embeddable":true,"href":"https:\/\/www.hydraulic-cylinders.net\/da\/wp-json\/wp\/v2\/product_brand?post=15517"},{"taxonomy":"product_cat","embeddable":true,"href":"https:\/\/www.hydraulic-cylinders.net\/da\/wp-json\/wp\/v2\/product_cat?post=15517"},{"taxonomy":"product_tag","embeddable":true,"href":"https:\/\/www.hydraulic-cylinders.net\/da\/wp-json\/wp\/v2\/product_tag?post=15517"}],"curies":[{"name":"wp","href":"https:\/\/api.w.org\/{rel}","templated":true}]}}