{"id":15538,"date":"2025-01-19T14:39:22","date_gmt":"2025-01-19T14:39:22","guid":{"rendered":"https:\/\/www.hydraulic-cylinders.net\/product\/bucket-cylinder-for-lishide-middle-excavator-sc200-8\/"},"modified":"2025-01-19T14:39:24","modified_gmt":"2025-01-19T14:39:24","slug":"bucket-cylinder-for-lishide-middle-excavator-sc200-8","status":"publish","type":"product","link":"https:\/\/www.hydraulic-cylinders.net\/da\/vare\/bucket-cylinder-for-lishide-middle-excavator-sc200-8\/","title":{"rendered":"Skovlcylinder til Lishide mellemgraver SC200.8"},"content":{"rendered":"<h2>Skovlcylinder til Lishide mellemgraver SC200.8<\/h2>\n<h3>Indledning<\/h3>\n<p>En skovlcylinder er en specialdesignet hydraulisk cylinder, der bruges til at styre bev\u00e6gelserne af skovle i tunge maskiner s\u00e5som gravemaskiner, rendegravere og frontl\u00e6ssere. Dens hovedfunktion er at l\u00f8fte, s\u00e6nke og vippe skovlen, hvilket g\u00f8r det lettere at h\u00e5ndtere en r\u00e6kke forskellige materialer. I det hydrauliske system opn\u00e5r skovlcylinderen pr\u00e6cis kontrol over skovlen ved at \u00e6ndre trykket i hydraulikolien, hvilket giver operat\u00f8rerne mulighed for effektivt at h\u00e5ndtere tunge genstande og tilpasse sig komplekse arbejdsmilj\u00f8er og varierede driftsbehov.<\/p>\n<p><img decoding=\"async\" src=\"https:\/\/www.hydraulic-cylinders.net\/wp-content\/uploads\/2025\/01\/songte-company-2.webp\" alt=\"Spandens cylinder\" \/><\/p>\n<h3>Funktioner<\/h3>\n<ul>\n<li><strong>H\u00f8j styrke og holdbarhed:<\/strong> Typisk fremstillet af h\u00f8jstyrkest\u00e5l eller aluminium, i stand til at modst\u00e5 h\u00f8jt tryk og tunge belastninger, og designet med slidstyrke og korrosionsbestandighed i tankerne, hvilket forl\u00e6nger deres levetid.<\/li>\n<li><strong>Effektiv hydraulisk drift:<\/strong> Bruger trykket fra hydraulikolien til at opn\u00e5 j\u00e6vn ud- og indtr\u00e6kning, reagerer hurtigt p\u00e5 betjeningskommandoer, leverer kraftige skubbe- og tr\u00e6kkr\u00e6fter og er velegnet til h\u00e5ndtering af tunge belastninger og komplekse opgaver.<\/li>\n<li><strong>Forskellige typer:<\/strong> Enkeltvirkende (hydraulisk i kun \u00e9n retning) eller dobbeltvirkende (hydraulisk i begge retninger) cylindre kan v\u00e6lges efter behov for at opfylde forskellige driftskrav. Nogle modeller er teleskopiske, hvilket giver mulighed for st\u00f8rre udtr\u00e6k uden at \u00f8ge de ydre dimensioner, hvilket er velegnet til applikationer med begr\u00e6nset plads.<\/li>\n<li><strong>Produktudskiftning:<\/strong> Vores produkter kan perfekt erstatte disse hydrauliske cylindre.<\/li>\n<\/ul>\n<p><img decoding=\"async\" src=\"https:\/\/www.hydraulic-cylinders.net\/wp-content\/uploads\/2025\/01\/songte-cylinder-head-with-all-kinds-excavator-models.webp\" alt=\"Skovlcylindermodeller\" \/><\/p>\n<h3>Applikationer<\/h3>\n<p>Skovlcylindre bruges almindeligvis i en r\u00e6kke forskellige tunge maskiner, herunder:<\/p>\n<ul>\n<li><strong>Entrepren\u00f8rudstyr:<\/strong> I gravemaskiner er de afg\u00f8rende for at grave, l\u00e6sse og flytte jord eller affald. I rendegravere hj\u00e6lper skovlcylindre med at grave og l\u00f8fte. <\/li>\n<li><strong>Landbrugsmaskiner:<\/strong> Bruges i frontl\u00e6ssere til at udgrave, l\u00f8fte og transportere jord, h\u00f8 og andre materialer. <\/li>\n<li><strong>Gravemaskiner:<\/strong> Skovlcylindere muligg\u00f8r gravearbejde ved at lade skovlen tr\u00e6nge ned i jorden. <\/li>\n<li><strong>L\u00e6ssere:<\/strong> I frontl\u00e6ssere hj\u00e6lper de med at h\u00e6ve og vippe last effektivt.<\/li>\n<\/ul>\n<h3>Designovervejelser og udv\u00e6lgelseskriterier<\/h3>\n<p>Ved design af skovlcylindre skal der tages h\u00f8jde for flere vigtige overvejelser, s\u00e5som b\u00e6reevne, t\u00e6tning, holdbarhed, sikkerhed og vedligeholdelsesvenlighed. <\/p>\n<ul>\n<li><strong>B\u00e6reevne:<\/strong> Skovlcylinderen skal kunne modst\u00e5 arbejdsbelastningen uden deformation eller svigt.<\/li>\n<li><strong>Forsegling:<\/strong> En r\u00e6kke forskellige t\u00e6tninger, s\u00e5som stempelt\u00e6tninger og stangt\u00e6tninger, lavet af slidst\u00e6rke materialer som polyurethan og nitrilgummi, anvendes til at sikre korrekt t\u00e6tning og forhindre l\u00e6kage.<\/li>\n<li><strong>Holdbarhed:<\/strong> Cylinderhuset, stempelstangen og andre komponenter skal v\u00e6re lavet af materialer af h\u00f8j kvalitet og gennemg\u00e5 en omhyggelig overfladebehandling for at forbedre slidstyrken, korrosionsbestandigheden og forl\u00e6nge levetiden.<\/li>\n<li><strong>Sikkerhed:<\/strong> Skovlcylinderen skal v\u00e6re konstrueret med sikkerhedsfunktioner for at forhindre ulykker under drift, s\u00e5som trykaflastningsventiler, sikkerhedsl\u00e5se og bufferanordninger.<\/li>\n<li><strong>Vedligeholdelsesevne:<\/strong> Nem adgang til cylinderen for vedligeholdelse og reparation er afg\u00f8rende. Komponenterne skal v\u00e6re lette at fjerne, og der skal v\u00e6re en bekvem afmonterings- og monteringsproces.<\/li>\n<\/ul>\n<p><img decoding=\"async\" src=\"https:\/\/www.hydraulic-cylinders.net\/wp-content\/uploads\/2025\/01\/songte-oil-pipes-and-spare-parts.webp\" alt=\"Reservedele\" \/><\/p>\n<h3>T\u00e6tning og sm\u00f8ring<\/h3>\n<p>Forskellige t\u00e6tningskomponenter s\u00e5som stempelt\u00e6tninger og stangt\u00e6tninger lavet af slidst\u00e6rke materialer som polyurethan og nitrilgummi anvendes i skovlcylindre for at sikre korrekt t\u00e6tning og forhindre l\u00e6kage. Cylinderhuset, stempelstangen og andre komponenter gennemg\u00e5r en omhyggelig overfladebehandling for at forbedre slidstyrken og korrosionsbestandigheden. Regelm\u00e6ssig efterfyldning af hydraulikolie er n\u00f8dvendig for at sm\u00f8re cylinderen og opretholde korrekt funktion.<\/p>\n<h3>Vedligeholdelse og fejlfinding<\/h3>\n<p>Regelm\u00e6ssig inspektion, korrekt sm\u00f8ring og udskiftning af slidte pakninger er almindelige vedligeholdelsesopgaver for skovlcylindre. Derudover:<\/p>\n<ul>\n<li><strong>Korrekt installation:<\/strong> Korrekt justering og brug af passende monteringsbeslag er afg\u00f8rende for at sikre optimal ydeevne og forl\u00e6nge skovlcylinderens levetid.<\/li>\n<li><strong>Tjek-ups:<\/strong> Regelm\u00e6ssige kontroller s\u00e5som kalibreringstjek og udskiftning af pakninger anbefales for at opretholde skovlcylinderens effektivitet og sikkerhed.<\/li>\n<li><strong>Genopbygning:<\/strong> Hvis der opst\u00e5r alvorlig skade, kan skovlcylinderen genopbygges ved hj\u00e6lp af reservedele for at genoprette dens ydeevne.<\/li>\n<\/ul>\n<p><img decoding=\"async\" src=\"https:\/\/www.hydraulic-cylinders.net\/wp-content\/uploads\/2025\/01\/songte-chushion-collar.webp\" alt=\"Pudekrave\" \/><\/p>\n<h3>Sikkerheds- og milj\u00f8hensyn<\/h3>\n<p>Der skal tr\u00e6ffes passende sikkerhedsforanstaltninger ved betjening af skovlcylindre, herunder at b\u00e6re beskyttelsesudstyr, f\u00f8lge producentens anvisninger og overholde sikkerhedsforskrifterne. Derudover skal der tr\u00e6ffes passende milj\u00f8foranstaltninger, s\u00e5som korrekt bortskaffelse af affald, for at afb\u00f8de enhver milj\u00f8p\u00e5virkning.<\/p>\n<h3>Almindelige problemer og fejlfinding<\/h3>\n<p>De mest almindelige problemer med skovlcylinderen omfatter l\u00e6kager, slid p\u00e5 pakninger og d\u00e5rlig ydeevne. Fejlfindingsmetoder omfatter kontrol af hydraulisk tryk, inspektion af pakninger og udskiftning af slidte dele.<\/p>\n<p><img decoding=\"async\" src=\"https:\/\/www.hydraulic-cylinders.net\/wp-content\/uploads\/2025\/01\/songte-bushings-with-all-kinds-of-excavator-models.webp\" alt=\"B\u00f8sninger\" \/><\/p>\n<h3>Om vores virksomhed<\/h3>\n<p>Vi er en producent, der producerer skovlcylindre, der erstatter eksisterende hydrauliske cylindre. Vores virksomhed tilbyder en bred vifte af produkter, hvilket g\u00f8r os til en af \u200b\u200bde f\u00f8rende producenter og engrosdistribut\u00f8rer af hydrauliske cylindre p\u00e5 indenlandske og internationale markeder. Vi f\u00f8lger fremragende kvalitet og bygger p\u00e5 den industrielle produktionsstyringsstrategi fra fine produktionsv\u00e6rksteder, hvor vi konstant forbedrer effektiviteten, pr\u00e6cisionen og kvaliteten af \u200b\u200bvores produktionsplatforme. Med en st\u00e6rk kreativ evne opfylder vi vores kunders forskellige behov med principperne om h\u00f8j effektivitet, h\u00f8j pr\u00e6cision og h\u00f8j kvalitet.<\/p>\n<ul>\n<li><strong>Professionalitet:<\/strong> Vores virksomhed har et professionelt team dedikeret til forskning og udvikling, produktion og salg af hydrauliske cylindre. <\/li>\n<li><strong>International certificering:<\/strong> Vores produkter har best\u00e5et ISO 9001-certificeringen, hvilket sikrer, at de lever op til internationale standarder for kvalitetsstyringssystemer.<\/li>\n<li><strong>Tilpassede tjenester:<\/strong> Vi tilbyder skr\u00e6ddersyede tjenester, der im\u00f8dekommer vores kunders specifikke behov.<\/li>\n<li><strong>Produktionsudstyr:<\/strong> Vores virksomhed bruger avanceret udstyr s\u00e5som CNC-maskiner og automatiske svejsemaskiner, der sikrer n\u00f8jagtigheden og pr\u00e6cisionen af \u200b\u200bvores produkter.<\/li>\n<li><strong>Eftersalgsservice:<\/strong> Vi tilbyder eftersalgsservice s\u00e5som reservedele og ombygningsservice, hvilket sikrer vores produkters levetid.<\/li>\n<\/ul>\n<p><img decoding=\"async\" src=\"https:\/\/hzpt.com\/wp-content\/uploads\/2024\/11\/songte-company-1.webp\" alt=\"Selskab\" \/><\/p>\n<p>Forfatter: lyl.<\/p>","protected":false},"excerpt":{"rendered":"<p>Bucket Cylinder For Lishide Middle Excavator SC200.8 Introduction A bucket cylinder is a specially designed hydraulic cylinder used to control the movements of buckets in heavy machinery such as excavators, backhoe excavators, and front loaders. Its main function is to lift, lower, and tilt the bucket, making it easier to handle a variety of materials. [&hellip;]<\/p>","protected":false},"featured_media":14788,"comment_status":"open","ping_status":"closed","template":"","meta":{"_et_pb_use_builder":"","_et_pb_old_content":"","_et_gb_content_width":""},"product_brand":[],"product_cat":[1494],"product_tag":[1495,1496],"class_list":{"0":"post-15538","1":"product","2":"type-product","3":"status-publish","4":"has-post-thumbnail","6":"product_cat-bucket-cylinders","7":"product_tag-bucket-cylinders","8":"product_tag-hydraulic-cylinders","10":"first","11":"instock","12":"shipping-taxable","13":"product-type-simple"},"amp_enabled":true,"_links":{"self":[{"href":"https:\/\/www.hydraulic-cylinders.net\/da\/wp-json\/wp\/v2\/product\/15538","targetHints":{"allow":["GET"]}}],"collection":[{"href":"https:\/\/www.hydraulic-cylinders.net\/da\/wp-json\/wp\/v2\/product"}],"about":[{"href":"https:\/\/www.hydraulic-cylinders.net\/da\/wp-json\/wp\/v2\/types\/product"}],"replies":[{"embeddable":true,"href":"https:\/\/www.hydraulic-cylinders.net\/da\/wp-json\/wp\/v2\/comments?post=15538"}],"wp:featuredmedia":[{"embeddable":true,"href":"https:\/\/www.hydraulic-cylinders.net\/da\/wp-json\/wp\/v2\/media\/14788"}],"wp:attachment":[{"href":"https:\/\/www.hydraulic-cylinders.net\/da\/wp-json\/wp\/v2\/media?parent=15538"}],"wp:term":[{"taxonomy":"product_brand","embeddable":true,"href":"https:\/\/www.hydraulic-cylinders.net\/da\/wp-json\/wp\/v2\/product_brand?post=15538"},{"taxonomy":"product_cat","embeddable":true,"href":"https:\/\/www.hydraulic-cylinders.net\/da\/wp-json\/wp\/v2\/product_cat?post=15538"},{"taxonomy":"product_tag","embeddable":true,"href":"https:\/\/www.hydraulic-cylinders.net\/da\/wp-json\/wp\/v2\/product_tag?post=15538"}],"curies":[{"name":"wp","href":"https:\/\/api.w.org\/{rel}","templated":true}]}}