{"id":15540,"date":"2025-01-19T14:39:30","date_gmt":"2025-01-19T14:39:30","guid":{"rendered":"https:\/\/www.hydraulic-cylinders.net\/product\/bucket-cylinder-for-lishide-middle-excavator-sc240-8\/"},"modified":"2025-01-19T14:39:32","modified_gmt":"2025-01-19T14:39:32","slug":"bucket-cylinder-for-lishide-middle-excavator-sc240-8","status":"publish","type":"product","link":"https:\/\/www.hydraulic-cylinders.net\/da\/vare\/bucket-cylinder-for-lishide-middle-excavator-sc240-8\/","title":{"rendered":"Skovlcylinder til Lishide mellemgraver SC240.8"},"content":{"rendered":"<h1>Skovlcylinder til Lishide mellemgraver SC240.8<\/h1>\n<h2>Indledning<\/h2>\n<p>En skovlcylinder er en specialdesignet hydraulisk cylinder, der prim\u00e6rt bruges til at styre bev\u00e6gelsen af \u200b\u200bskovle i tunge maskiner s\u00e5som gravemaskiner, rendegravere og frontl\u00e6ssere. Dens prim\u00e6re funktion er at g\u00f8re det muligt for skovlen at l\u00f8fte, s\u00e6nke og vippe, hvilket g\u00f8r det lettere at h\u00e5ndtere forskellige materialeh\u00e5ndteringsopgaver. I det hydrauliske system opn\u00e5r skovlcylinderen pr\u00e6cis kontrol over skovlen ved hj\u00e6lp af tryk\u00e6ndringen i hydraulikolien, hvilket giver operat\u00f8rerne mulighed for effektivt at h\u00e5ndtere tunge genstande og tilpasse sig komplekse arbejdsmilj\u00f8er og forskellige jobkrav.<\/p>\n<p><img decoding=\"async\" src=\"https:\/\/www.hydraulic-cylinders.net\/wp-content\/uploads\/2025\/01\/songte-company-2.webp\" alt=\"Skovlcylinder til Lishide mellemgraver SC240.8\"><\/p>\n<h2>Funktioner<\/h2>\n<ul>\n<li>H\u00f8j styrke og holdbarhed: Normalt lavet af h\u00f8jstyrkest\u00e5l eller aluminium, i stand til at modst\u00e5 h\u00f8jt tryk og tunge belastninger, egnet til barske arbejdsmilj\u00f8er, designet med slidstyrke og korrosionsbestandighed i tankerne samt forl\u00e6nget levetid.<\/li>\n<li>Effektiv hydraulisk betjening: Opn\u00e5r j\u00e6vne ud- og tilbagetr\u00e6kningsbev\u00e6gelser ved hj\u00e6lp af hydraulisk tryk, reagerer hurtigt p\u00e5 styrekommandoer, giver kraftig skubbe- og tr\u00e6kkraft og er velegnet til h\u00e5ndtering af tunge genstande og komplekse opgaver.<\/li>\n<li>Forskellige typer: Enkeltvirkende (hydraulisk i kun \u00e9n retning) eller dobbeltvirkende (hydraulisk i to retninger) cylindre kan v\u00e6lges efter behov for at opfylde forskellige driftskrav. Nogle modeller er teleskopiske, hvilket muligg\u00f8r st\u00f8rre udtr\u00e6k uden at \u00f8ge de udvendige dimensioner, og er velegnede til pladsbegr\u00e6nsede anvendelser.<\/li>\n<li>Perfekt erstatning: Vores produkt kan perfekt erstatte disse hydrauliske cylindre.<\/li>\n<\/ul>\n<p><img decoding=\"async\" src=\"https:\/\/www.hydraulic-cylinders.net\/wp-content\/uploads\/2025\/01\/songte-cylinder-head-with-all-kinds-excavator-models.webp\" alt=\"Skovlcylinder til Lishide mellemgraver SC240.8\"><\/p>\n<h2>Applikationer<\/h2>\n<p>Skovlcylinderen bruges i vid udstr\u00e6kning inden for forskellige omr\u00e5der, herunder:<\/p>\n<ul>\n<li>Entrepren\u00f8rudstyr: I gravemaskiner er de afg\u00f8rende for at grave, l\u00e6sse og flytte jord eller affald. I rendegravere hj\u00e6lper skovlcylinderen b\u00e5de med at grave og l\u00f8fte. <\/li>\n<li>Landbrugsmaskiner: Bruges i frontl\u00e6ssere til at udgrave, l\u00f8fte og transportere jord, h\u00f8 og andre materialer.<\/li>\n<li>Gravemaskiner: Skovlcylinderen opn\u00e5r gravefunktion ved at lade skovlen tr\u00e6nge ned i jorden.<\/li>\n<li>L\u00e6ssere: I frontl\u00e6ssere hj\u00e6lper det med effektivt at l\u00f8fte og t\u00f8mme gods.<\/li>\n<\/ul>\n<h2>Designovervejelser og udv\u00e6lgelseskriterier<\/h2>\n<p>Ved design af skovlcylinderen er de vigtigste faktorer, der skal overvejes, dens b\u00e6reevne, t\u00e6tning, holdbarhed, sikkerhed og vedligeholdelsesvenlighed. <\/p>\n<ul>\n<li>B\u00e6reevne: Skovlcylinderen skal kunne modst\u00e5 h\u00f8jt tryk og tunge belastninger.<\/li>\n<li>T\u00e6tning: Diverse t\u00e6tningselementer, s\u00e5som stempelt\u00e6tningsringe og stangt\u00e6tningsringe, b\u00f8r v\u00e6re lavet af slidst\u00e6rke materialer s\u00e5som polyurethan og nitrilgummi. Cylinderhuset og gevindoverfladen b\u00f8r v\u00e6re fint bearbejdet for at forbedre slidstyrken, og regelm\u00e6ssig efterfyldning af passende hydraulikolie er n\u00f8dvendig for sm\u00f8ring.<\/li>\n<li>Holdbarhed: Skovlcylinderen b\u00f8r designes med slidstyrke og korrosionsbestandighed i tankerne for at forl\u00e6nge dens levetid.<\/li>\n<li>Sikkerhed: Korrekt installation og vedligeholdelse er afg\u00f8rende for at sikre, at cylinderen fungerer sikkert og p\u00e5lideligt. <\/li>\n<li>Vedligeholdelse: Regelm\u00e6ssig inspektion, sm\u00f8ring og udskiftning af pakninger er afg\u00f8rende for at opretholde cylinderens ydeevne og forl\u00e6nge dens levetid.<\/li>\n<\/ul>\n<p><img decoding=\"async\" src=\"https:\/\/www.hydraulic-cylinders.net\/wp-content\/uploads\/2025\/01\/songte-oil-pipes-and-spare-parts.webp\" alt=\"Skovlcylinder til Lishide mellemgraver SC240.8\"><\/p>\n<h2>T\u00e6tning og sm\u00f8ring<\/h2>\n<p>Diverse t\u00e6tningselementer s\u00e5som stempelt\u00e6tningsringe og stangt\u00e6tningsringe b\u00f8r v\u00e6re lavet af slidst\u00e6rke materialer s\u00e5som polyurethan og nitrilgummi for at sikre effektiv t\u00e6tning. Cylinderhuset og gevindenden b\u00f8r v\u00e6re fint bearbejdet for at forbedre slidstyrken. Regelm\u00e6ssig efterfyldning af passende hydraulikolie er n\u00f8dvendig for sm\u00f8ring, og passende sm\u00f8ring og t\u00e6tning vil bidrage til at forl\u00e6nge cylinderens levetid.<\/p>\n<h2>Vedligeholdelse og reparation<\/h2>\n<p>F\u00f8lgende er almindelige vedligeholdelsesopgaver for skovlcylinderen:<\/p>\n<ul>\n<li>Regelm\u00e6ssig inspektion<\/li>\n<li>Korrekt sm\u00f8ring<\/li>\n<li>Udskiftning af pakning<\/li>\n<li>Kalibreringskontrol<\/li>\n<\/ul>\n<p>Korrekt installation og justering er afg\u00f8rende for, at cylinderen fungerer korrekt, og der b\u00f8r gives korrekt vejledning i justering under installationen. Det anbefales at bruge passende monteringsbeslag til at fastg\u00f8re cylinderen. Vi tilbyder ogs\u00e5 reservedele og ombygningsservice for at forl\u00e6nge cylinderens levetid.<\/p>\n<p><img decoding=\"async\" src=\"https:\/\/www.hydraulic-cylinders.net\/wp-content\/uploads\/2025\/01\/songte-chushion-collar.webp\" alt=\"Skovlcylinder til Lishide mellemgraver SC240.8\"><\/p>\n<h2>Sikkerhedshensyn og milj\u00f8faktorer<\/h2>\n<p>Ved brug af skovlcylinderen skal der tr\u00e6ffes sikkerhedsforanstaltninger s\u00e5som korrekt installation, regelm\u00e6ssig inspektion og vedligeholdelse for at sikre sikker og p\u00e5lidelig drift. Korrekt bortskaffelse af brugt hydraulikolie er ogs\u00e5 n\u00f8dvendig for at forhindre milj\u00f8forurening.<\/p>\n<h2>Fejlfinding og almindelige problemer<\/h2>\n<p>F\u00f8lgende er almindelige problemer og tips til fejlfinding og l\u00f8sning af problemer ved brug af skovlcylinderen:<\/p>\n<ul>\n<li>Ut\u00e6thed: Kontroller pakningen, stempelstangen og cylinderhuset, og udskift den beskadigede del efter behov.<\/li>\n<li>D\u00e5rlig ydeevne: Kontroller det hydrauliske systems tryk, volumen og oliekvalitet, og juster eller udskift systemkomponenterne efter behov.<\/li>\n<li>Unormal st\u00f8j: Kontroller cylinderens montering, t\u00e6tning og sm\u00f8ring, og reparer eller udskift den beskadigede del efter behov.<\/li>\n<\/ul>\n<p>Forebyggende foranstaltninger som regelm\u00e6ssig inspektion, korrekt installation og vedligeholdelse kan hj\u00e6lpe med at minimere potentielle problemer.<\/p>\n<p><img decoding=\"async\" src=\"https:\/\/www.hydraulic-cylinders.net\/wp-content\/uploads\/2025\/01\/songte-bushings-with-all-kinds-of-excavator-models.webp\" alt=\"Skovlcylinder til Lishide mellemgraver SC240.8\"><\/p>\n<h2>Om vores virksomhed<\/h2>\n<p>Vi specialiserer os i produktion af hydrauliske udskiftningscylindre, og vores produkter d\u00e6kker en bred vifte af typer, hvilket g\u00f8r os til en af \u200b\u200bde f\u00f8rende producenter og grossister af hydrauliske cylindre p\u00e5 b\u00e5de indenlandske og internationale markeder. Vi overholder princippet om fremragende kvalitet og bruger industrialiserede produktionsstyringsstrategier i fint udformede produktionsv\u00e6rksteder. Vi forbedrer l\u00f8bende produktionsplatformen, perfektionerer produktkvaliteten og har en st\u00e6rk kreativ evne til at im\u00f8dekomme kundernes forskellige behov med h\u00f8j effektivitet, n\u00f8jagtighed og kvalitet. <\/p>\n<p>Vi tilbyder professionel, international certificering, skr\u00e6ddersyede tjenester, avanceret produktionsudstyr og eftersalgsservice for fuldt ud at im\u00f8dekomme vores kunders behov.<\/p>\n<p><img decoding=\"async\" src=\"https:\/\/hzpt.com\/wp-content\/uploads\/2024\/11\/songte-company-1.webp\" alt=\"Skovlcylinder til Lishide mellemgraver SC240.8\"><\/p>\n<p><em>Forfatter: lyl<\/em><\/p>","protected":false},"excerpt":{"rendered":"<p>Bucket Cylinder for Lishide Middle Excavator SC240.8 Introduction A bucket cylinder is a specially designed hydraulic cylinder mainly used to control the movement of buckets in heavy machinery such as excavators, backhoe loaders, and front loaders. Its primary function is to enable the bucket to lift, lower, and tilt, making it easier to handle various [&hellip;]<\/p>","protected":false},"featured_media":14785,"comment_status":"open","ping_status":"closed","template":"","meta":{"_et_pb_use_builder":"","_et_pb_old_content":"","_et_gb_content_width":""},"product_brand":[],"product_cat":[1494],"product_tag":[1495,1496],"class_list":{"0":"post-15540","1":"product","2":"type-product","3":"status-publish","4":"has-post-thumbnail","6":"product_cat-bucket-cylinders","7":"product_tag-bucket-cylinders","8":"product_tag-hydraulic-cylinders","10":"first","11":"instock","12":"shipping-taxable","13":"product-type-simple"},"amp_enabled":true,"_links":{"self":[{"href":"https:\/\/www.hydraulic-cylinders.net\/da\/wp-json\/wp\/v2\/product\/15540","targetHints":{"allow":["GET"]}}],"collection":[{"href":"https:\/\/www.hydraulic-cylinders.net\/da\/wp-json\/wp\/v2\/product"}],"about":[{"href":"https:\/\/www.hydraulic-cylinders.net\/da\/wp-json\/wp\/v2\/types\/product"}],"replies":[{"embeddable":true,"href":"https:\/\/www.hydraulic-cylinders.net\/da\/wp-json\/wp\/v2\/comments?post=15540"}],"wp:featuredmedia":[{"embeddable":true,"href":"https:\/\/www.hydraulic-cylinders.net\/da\/wp-json\/wp\/v2\/media\/14785"}],"wp:attachment":[{"href":"https:\/\/www.hydraulic-cylinders.net\/da\/wp-json\/wp\/v2\/media?parent=15540"}],"wp:term":[{"taxonomy":"product_brand","embeddable":true,"href":"https:\/\/www.hydraulic-cylinders.net\/da\/wp-json\/wp\/v2\/product_brand?post=15540"},{"taxonomy":"product_cat","embeddable":true,"href":"https:\/\/www.hydraulic-cylinders.net\/da\/wp-json\/wp\/v2\/product_cat?post=15540"},{"taxonomy":"product_tag","embeddable":true,"href":"https:\/\/www.hydraulic-cylinders.net\/da\/wp-json\/wp\/v2\/product_tag?post=15540"}],"curies":[{"name":"wp","href":"https:\/\/api.w.org\/{rel}","templated":true}]}}