{"id":15545,"date":"2025-01-19T14:39:56","date_gmt":"2025-01-19T14:39:56","guid":{"rendered":"https:\/\/www.hydraulic-cylinders.net\/product\/bucket-cylinder-for-lishide-large-excavator-sc360-8\/"},"modified":"2025-01-19T14:39:58","modified_gmt":"2025-01-19T14:39:58","slug":"bucket-cylinder-for-lishide-large-excavator-sc360-8","status":"publish","type":"product","link":"https:\/\/www.hydraulic-cylinders.net\/da\/vare\/bucket-cylinder-for-lishide-large-excavator-sc360-8\/","title":{"rendered":"Skovlcylinder til Lishide stor gravemaskine SC360.8"},"content":{"rendered":"<p><!DOCTYPE html><br \/>\n<html><br \/>\n<head><br \/>\n  <title>Skovlcylinder til Lishide stor gravemaskine SC360.8<\/title><br \/>\n<\/head><br \/>\n<body><\/p>\n<h1>Skovlcylinder til Lishide stor gravemaskine SC360.8<\/h1>\n<h2>Indledning<\/h2>\n<p>Skovlcylinderen er en specialdesignet hydraulisk cylinder, der bruges til at styre skovlens bev\u00e6gelse i tunge maskiner s\u00e5som gravemaskiner, rendegravere og frontl\u00e6ssere. Dens hovedfunktion er at tillade skovlen at l\u00f8fte, s\u00e6nke og vippe, hvilket g\u00f8r den praktisk til forskellige materialeh\u00e5ndteringsopgaver. I det hydrauliske system opn\u00e5r skovlcylinderen pr\u00e6cis kontrol over skovlen ved at udnytte tryk\u00e6ndringerne i hydraulikolien, hvilket g\u00f8r det muligt for operat\u00f8rer effektivt at h\u00e5ndtere tunge belastninger og tilpasse sig komplekse arbejdsmilj\u00f8er og forskellige driftskrav.<\/p>\n<p>  <img decoding=\"async\" src=\"https:\/\/www.hydraulic-cylinders.net\/wp-content\/uploads\/2025\/01\/songte-company-2.webp\" alt=\"Billede af spandcylinder\"><\/p>\n<h2>Funktioner<\/h2>\n<ul>\n<li>H\u00f8j styrke og holdbarhed: Normalt lavet af h\u00f8jstyrkest\u00e5l eller aluminium, kan den modst\u00e5 h\u00f8jt tryk og tunge belastninger og tilpasse sig barske arbejdsmilj\u00f8er. Designet tager h\u00f8jde for slidstyrke og korrosionsbestandighed, hvilket forl\u00e6nger dens levetid.<\/li>\n<li>Effektiv hydraulisk drift: Udnytter hydraulikolietrykket til at opn\u00e5 j\u00e6vne teleskopbev\u00e6gelser, hvilket muligg\u00f8r hurtig reaktion p\u00e5 styrekommandoer, giver kraftige skubbe- og tr\u00e6kkr\u00e6fter, velegnet til h\u00e5ndtering af tunge belastninger og komplekse driftsopgaver.<\/li>\n<li>Forskellige typer: V\u00e6lg mellem enkeltvirkende (hydraulisk kun anvendt i \u00e9n retning) eller dobbeltvirkende (hydraulisk anvendt i begge retninger) cylindre alt efter dine behov. Nogle modeller er teleskopiske, hvilket giver mulighed for st\u00f8rre udtr\u00e6k uden at \u00f8ge de udvendige dimensioner og er velegnede til applikationer med begr\u00e6nset plads.<\/li>\n<li>Perfekt udskiftning: Vores produkter kan perfekt erstatte disse hydrauliske cylindre.<\/li>\n<\/ul>\n<p>  <img decoding=\"async\" src=\"https:\/\/www.hydraulic-cylinders.net\/wp-content\/uploads\/2025\/01\/songte-cylinder-head-with-all-kinds-excavator-models.webp\" alt=\"Udskiftningscylinderbillede\"><\/p>\n<h2>Applikationer<\/h2>\n<ul>\n<li>Entrepren\u00f8rudstyr: De findes i gravemaskiner og er afg\u00f8rende for udgravning, l\u00e6sning og flytning af jord eller affald. I rendegravere hj\u00e6lper skovlcylinderen med b\u00e5de udgravning og l\u00f8ft.<\/li>\n<li>Landbrugsmaskiner: Bruges i frontl\u00e6ssere til at udgrave, l\u00f8fte og transportere jord, h\u00f8 og andre materialer.<\/li>\n<li>Gravemaskiner: Skovlcylinderen muligg\u00f8r gravehandlinger ved at lade skovlen tr\u00e6nge ned i jorden.<\/li>\n<li>L\u00e6ssere: Frontl\u00e6ssere hj\u00e6lper med effektivt at l\u00f8fte og vippe gods.<\/li>\n<\/ul>\n<h2>Designovervejelser og udv\u00e6lgelseskriterier<\/h2>\n<ul>\n<li>B\u00e6reevne: Diskuter cylinderens evne til at b\u00e6re belastninger.<\/li>\n<li>T\u00e6tning: Diskuter vigtigheden af \u200b\u200bkorrekt t\u00e6tning for at forhindre l\u00e6kager og sikre effektiv drift.<\/li>\n<li>Holdbarhed: Diskuter designm\u00e6ssige overvejelser vedr\u00f8rende holdbarhed, herunder slidstyrke og korrosionsbestandighed.<\/li>\n<li>Sikkerhed: Diskuter sikkerhedsovervejelserne i forbindelse med designet af cylinderen.<\/li>\n<li>Vedligeholdelse: Diskuter vedligeholdelsesaspekterne, herunder reparation og udskiftning af komponenter.<\/li>\n<\/ul>\n<p>  <img decoding=\"async\" src=\"https:\/\/www.hydraulic-cylinders.net\/wp-content\/uploads\/2025\/01\/songte-oil-pipes-and-spare-parts.webp\" alt=\"Hydrauliske cylinderkomponenter\"><\/p>\n<h2>T\u00e6tning og sm\u00f8ring<\/h2>\n<p>Forskellige pakninger, s\u00e5som stempelpakninger og stangpakninger, anvendes til t\u00e6tning. Disse pakninger er lavet af slidst\u00e6rke materialer s\u00e5som polyurethan og nitrilgummi. Cylinderhuset og gevindfladerne er fint behandlet for at forbedre slidstyrken. Regelm\u00e6ssig sm\u00f8ring med den passende m\u00e6ngde hydraulikolie er n\u00f8dvendig for at sikre problemfri drift.<\/p>\n<h2>Regelm\u00e6ssig inspektion og forebyggende vedligeholdelsesforanstaltninger<\/h2>\n<ul>\n<li>Regelm\u00e6ssig inspektion af cylinderens tilstand og ydeevne.<\/li>\n<li>Korrekt sm\u00f8ring for at opretholde problemfri drift.<\/li>\n<li>Udskiftning af pakninger og kalibreringskontroller efter behov.<\/li>\n<\/ul>\n<p>  <img decoding=\"async\" src=\"https:\/\/www.hydraulic-cylinders.net\/wp-content\/uploads\/2025\/01\/songte-chushion-collar.webp\" alt=\"Billede af pudekrave\"><\/p>\n<h2>Sikkerhedshensyn og milj\u00f8faktorer<\/h2>\n<p>Diskuter vigtigheden af \u200b\u200bsikkerhedsforanstaltninger ved arbejde med hydrauliske cylindre, og overvej milj\u00f8faktorer.<\/p>\n<p>  <img decoding=\"async\" src=\"https:\/\/www.hydraulic-cylinders.net\/wp-content\/uploads\/2025\/01\/songte-bushings-with-all-kinds-of-excavator-models.webp\" alt=\"B\u00f8sninger Billede\"><\/p>\n<h2>Fejlfinding og almindelige problemer<\/h2>\n<p>Diskuter almindelige problemer, der kan opst\u00e5 med skovlcylinderen, og giv tips til fejlfinding og l\u00f8sninger, der kan hj\u00e6lpe l\u00e6serne med effektivt at diagnosticere og l\u00f8se problemer. Giv ogs\u00e5 forebyggende foranstaltninger for at minimere potentielle problemer.<\/p>\n<h2>Virksomhedsoversigt<\/h2>\n<p>Vi er en producent af hydrauliske udskiftningscylindre og tilbyder en bred vifte af produkter. Vi er blevet en af \u200b\u200bde f\u00f8rende producenter og engrosdistribut\u00f8rer af hydrauliske cylindre p\u00e5 det indenlandske og internationale marked. Vi overholder principperne om fremragende kvalitet og bruger industrialiserede produktionsstyringsstrategier i vores raffinerede produktionsv\u00e6rksteder. Med vores brug af tekniske talenter, avanceret digitalt produktionsudstyr og professionelle testsystemer forbedrer vi l\u00f8bende vores produktionsplatform, forfiner vores produktionsruter inden for produktkvalitet og har st\u00e6rke innovative evner. Vi str\u00e6ber efter at im\u00f8dekomme forskellige kundebehov med effektivitet, pr\u00e6cision og h\u00f8j kvalitet.<\/p>\n<p>  <img decoding=\"async\" src=\"https:\/\/www.hydraulic-cylinders.net\/wp-content\/uploads\/2025\/01\/songte-company-3.webp\" alt=\"Virksomhedens image\"><\/p>\n<h2>Virksomhedsoplysninger<\/h2>\n<ul>\n<li>Professionalisme: Fremh\u00e6v virksomhedens professionalisme.<\/li>\n<li>Internationale certificeringer: Diskuter eventuelle internationale certificeringer, som virksomheden har opn\u00e5et.<\/li>\n<li>Tilpasningstjenester: Fremh\u00e6v virksomhedens evne til at levere tilpassede tjenester.<\/li>\n<li>Produktionsudstyr: Beskriv det avancerede produktionsudstyr, som virksomheden bruger.<\/li>\n<li>Eftersalgsservice: Beskriv virksomhedens eftersalgsservice og support.<\/li>\n<\/ul>\n<p><\/body><br \/>\n<\/html><\/p>","protected":false},"excerpt":{"rendered":"<p>Bucket Cylinder For Lishide Large Excavator SC360.8 Bucket Cylinder For Lishide Large Excavator SC360.8 Introduction The bucket cylinder is a specially designed hydraulic cylinder used to control the movement of the bucket in heavy machinery such as excavators, backhoe loaders, and front-end loaders. Its main function is to allow the bucket to lift, lower, and [&hellip;]<\/p>","protected":false},"featured_media":14776,"comment_status":"open","ping_status":"closed","template":"","meta":{"_et_pb_use_builder":"","_et_pb_old_content":"","_et_gb_content_width":""},"product_brand":[],"product_cat":[1494],"product_tag":[1495,1496],"class_list":{"0":"post-15545","1":"product","2":"type-product","3":"status-publish","4":"has-post-thumbnail","6":"product_cat-bucket-cylinders","7":"product_tag-bucket-cylinders","8":"product_tag-hydraulic-cylinders","10":"first","11":"instock","12":"shipping-taxable","13":"product-type-simple"},"amp_enabled":true,"_links":{"self":[{"href":"https:\/\/www.hydraulic-cylinders.net\/da\/wp-json\/wp\/v2\/product\/15545","targetHints":{"allow":["GET"]}}],"collection":[{"href":"https:\/\/www.hydraulic-cylinders.net\/da\/wp-json\/wp\/v2\/product"}],"about":[{"href":"https:\/\/www.hydraulic-cylinders.net\/da\/wp-json\/wp\/v2\/types\/product"}],"replies":[{"embeddable":true,"href":"https:\/\/www.hydraulic-cylinders.net\/da\/wp-json\/wp\/v2\/comments?post=15545"}],"wp:featuredmedia":[{"embeddable":true,"href":"https:\/\/www.hydraulic-cylinders.net\/da\/wp-json\/wp\/v2\/media\/14776"}],"wp:attachment":[{"href":"https:\/\/www.hydraulic-cylinders.net\/da\/wp-json\/wp\/v2\/media?parent=15545"}],"wp:term":[{"taxonomy":"product_brand","embeddable":true,"href":"https:\/\/www.hydraulic-cylinders.net\/da\/wp-json\/wp\/v2\/product_brand?post=15545"},{"taxonomy":"product_cat","embeddable":true,"href":"https:\/\/www.hydraulic-cylinders.net\/da\/wp-json\/wp\/v2\/product_cat?post=15545"},{"taxonomy":"product_tag","embeddable":true,"href":"https:\/\/www.hydraulic-cylinders.net\/da\/wp-json\/wp\/v2\/product_tag?post=15545"}],"curies":[{"name":"wp","href":"https:\/\/api.w.org\/{rel}","templated":true}]}}