{"id":15548,"date":"2025-01-19T14:40:09","date_gmt":"2025-01-19T14:40:09","guid":{"rendered":"https:\/\/www.hydraulic-cylinders.net\/product\/bucket-cylinder-for-lishide-large-excavator-sc330-8\/"},"modified":"2025-01-19T14:40:11","modified_gmt":"2025-01-19T14:40:11","slug":"bucket-cylinder-for-lishide-large-excavator-sc330-8","status":"publish","type":"product","link":"https:\/\/www.hydraulic-cylinders.net\/da\/vare\/bucket-cylinder-for-lishide-large-excavator-sc330-8\/","title":{"rendered":"Skovlcylinder til Lishide stor gravemaskine SC330.8"},"content":{"rendered":"<h1>Skovlcylinder til Lishide stor gravemaskine SC330.8<\/h1>\n<h2>Indledning<\/h2>\n<p>Skovlcylinderen er en specialdesignet hydraulisk cylinder, der prim\u00e6rt bruges til at styre skovlens bev\u00e6gelse i tunge maskiner s\u00e5som gravemaskiner, rendegravere og frontl\u00e6ssere. Dens hovedfunktion er at g\u00f8re det muligt for skovlen at l\u00f8fte, s\u00e6nke og vippe, hvilket g\u00f8r det lettere at udf\u00f8re forskellige materialeh\u00e5ndteringsopgaver. I det hydrauliske system opn\u00e5r skovlcylinderen pr\u00e6cis kontrol over skovlen ved at variere trykket i hydraulikolien, hvilket g\u00f8r det muligt for operat\u00f8rer effektivt at h\u00e5ndtere tunge l\u00e6s og tilpasse sig komplekse arbejdsmilj\u00f8er og forskellige jobkrav.<\/p>\n<p><img decoding=\"async\" src=\"https:\/\/www.hydraulic-cylinders.net\/wp-content\/uploads\/2025\/01\/songte-company-2.webp\"><\/p>\n<h2>Funktioner<\/h2>\n<ul>\n<li>H\u00f8j styrke og holdbarhed: Skovlcylinderen, der typisk er lavet af h\u00f8jstyrkest\u00e5l eller aluminium, kan modst\u00e5 h\u00f8jt tryk og tunge belastninger og tilpasse sig barske arbejdsforhold. Den er designet med hensyntagen til slidstyrke og korrosionsbestandighed for at forl\u00e6nge dens levetid.<\/li>\n<li>Effektiv hydraulisk drift: Ved at udnytte trykket fra hydraulikolien opn\u00e5r skovlcylinderen j\u00e6vne teleskopbev\u00e6gelser, hvilket muligg\u00f8r hurtig reaktion p\u00e5 styrekommandoer og giver kraftige skubbe- og tr\u00e6kkr\u00e6fter. Den er velegnet til h\u00e5ndtering af tunge l\u00e6s og komplekse arbejdsopgaver.<\/li>\n<li>Mangfoldighed af typer: Skovlcylinderen kan v\u00e6lges som enkeltvirkende (hydraulisk kun anvendt i \u00e9n retning) eller dobbeltvirkende (hydraulisk anvendt i begge retninger) cylindre i henhold til specifikke driftsbehov. Nogle modeller er teleskopiske, hvilket giver mulighed for st\u00f8rre udtr\u00e6k uden at \u00f8ge de udvendige dimensioner, hvilket g\u00f8r dem velegnede til applikationer med begr\u00e6nset plads.<\/li>\n<li>Perfekt erstatning for hydrauliske cylindre: Vores produkt kan perfekt erstatte disse hydrauliske cylindre.<\/li>\n<\/ul>\n<p><img decoding=\"async\" src=\"https:\/\/www.hydraulic-cylinders.net\/wp-content\/uploads\/2025\/01\/songte-cylinder-head-with-all-kinds-excavator-models.webp\"><\/p>\n<h2>Applikationer<\/h2>\n<ul>\n<li>Entrepren\u00f8rudstyr: De findes i gravemaskiner og er afg\u00f8rende for at grave, l\u00e6sse og flytte jord eller affald. I rendegravere hj\u00e6lper skovlcylinderen med b\u00e5de udgravning og l\u00f8ft.<\/li>\n<li>Landbrugsmaskiner: De bruges i frontl\u00e6ssere og letter opsamling, l\u00f8ft og transport af jord, h\u00f8 og andre materialer.<\/li>\n<li>Gravemaskiner: Skovlcylinderen muligg\u00f8r gravehandlinger ved at lade skovlen tr\u00e6nge ned i jorden.<\/li>\n<li>L\u00e6ssere: Frontl\u00e6ssere hj\u00e6lper med at l\u00f8fte og vippe gods effektivt.<\/li>\n<\/ul>\n<h2>Designovervejelser og udv\u00e6lgelseskriterier<\/h2>\n<ul>\n<li>B\u00e6reevne: Diskuter cylinderens evne til at h\u00e5ndtere tunge belastninger.<\/li>\n<li>T\u00e6tning: Unders\u00f8g vigtigheden af \u200b\u200beffektiv t\u00e6tning for at forhindre l\u00e6kage.<\/li>\n<li>Holdbarhed: Diskuter de designaspekter, der bidrager til cylinderens levetid.<\/li>\n<li>Sikkerhed: Diskuter sikkerhedsovervejelserne i forbindelse med designet af skovlcylinderen.<\/li>\n<li>Vedligeholdelsesvenlighed: Diskuter hvor let det er at vedligeholde og reparere cylinderen.<\/li>\n<\/ul>\n<p><img decoding=\"async\" src=\"https:\/\/www.hydraulic-cylinders.net\/wp-content\/uploads\/2025\/01\/songte-oil-pipes-and-spare-parts.webp\"><\/p>\n<h2>T\u00e6tning og sm\u00f8ring<\/h2>\n<p>Skovlcylinderen anvender forskellige t\u00e6tninger, s\u00e5som stempelt\u00e6tninger og stangt\u00e6tninger, som er lavet af slidst\u00e6rke materialer som polyurethan og nitrilgummi. Cylinderhuset og gevindfladerne er fint behandlet for at forbedre slidstyrken. Regelm\u00e6ssig sm\u00f8ring med den passende m\u00e6ngde hydraulikolie er n\u00f8dvendig for at sikre problemfri drift.<\/p>\n<h2>Regelm\u00e6ssig inspektion og forebyggende vedligeholdelse<\/h2>\n<ul>\n<li>Regelm\u00e6ssig inspektion: Diskuter vigtigheden af \u200b\u200bregelm\u00e6ssigt at inspicere skovlcylinderen for tegn p\u00e5 slid eller skader.<\/li>\n<li>Korrekt sm\u00f8ring: Fremh\u00e6v vigtigheden af \u200b\u200bat anvende korrekt sm\u00f8ring for at sikre optimal ydeevne.<\/li>\n<li>Udskiftning af pakninger: Giv vejledning i, hvorn\u00e5r og hvordan slidte pakninger skal udskiftes.<\/li>\n<li>Kalibreringstjek: Diskuter behovet for periodiske kalibreringstjek for at opretholde n\u00f8jagtig drift.<\/li>\n<\/ul>\n<p><img decoding=\"async\" src=\"https:\/\/www.hydraulic-cylinders.net\/wp-content\/uploads\/2025\/01\/songte-chushion-collar.webp\"><\/p>\n<h2>Sikkerhedshensyn og milj\u00f8faktorer<\/h2>\n<p>Fremh\u00e6v vigtigheden af \u200b\u200bat implementere sikkerhedsforanstaltninger ved brug af skovlcylinderen og tage hensyn til milj\u00f8faktorer for at sikre sikker og b\u00e6redygtig drift.<\/p>\n<h2>Fejlfinding og almindelige problemer<\/h2>\n<p>Giv tips til fejlfinding og l\u00f8sninger p\u00e5 almindelige problemer, der kan opst\u00e5 ved brug af skovlcylinderen. S\u00f8rg for forebyggende foranstaltninger for at minimere potentielle problemer.<\/p>\n<p><img decoding=\"async\" src=\"https:\/\/www.hydraulic-cylinders.net\/wp-content\/uploads\/2025\/01\/songte-bushings-with-all-kinds-of-excavator-models.webp\"><\/p>\n<p>Husk at organisere artiklen logisk, bruge underoverskrifter for nem navigation, inkorporere relevante billeder eller diagrammer for at forbedre forst\u00e5elsen, og sikre indholdets klarhed, pr\u00e6cision og egnethed til l\u00e6sere med varierende tekniske vidensniveauer.<\/p>\n<h2>Om vores virksomhed<\/h2>\n<p>Vi er producent af hydrauliske udskiftningscylindre og tilbyder en bred vifte af produkter. Vi er en af \u200b\u200bde f\u00f8rende producenter og engrosdistribut\u00f8rer af hydrauliske cylindre p\u00e5 indenlandske og internationale markeder. Vi overholder principperne om fremragende kvalitet og bruger industrialiserede produktionsstyringsstrategier i vores raffinerede produktionsv\u00e6rksted. Ved at anvende tekniske talenter, avanceret digitalt produktionsudstyr og professionelle testsystemer forbedrer vi konstant vores produktionsplatform, forfiner produktionsruten for produktkvalitet og har st\u00e6rke kreative evner. Vi str\u00e6ber efter at im\u00f8dekomme kundernes forskellige behov med principper for h\u00f8j effektivitet, h\u00f8j pr\u00e6cision og h\u00f8j kvalitet.<\/p>\n<p><img decoding=\"async\" src=\"https:\/\/www.hydraulic-cylinders.net\/wp-content\/uploads\/2025\/01\/songte-company-3.webp\"><\/p>\n<h3>Professionalitet<\/h3>\n<p>Diskuter virksomhedens engagement i professionalisme i fremstillingen af \u200b\u200bhydrauliske cylindre.<\/p>\n<h3>Internationale certificeringer<\/h3>\n<p>Fremh\u00e6v de internationale certificeringer, som vores virksomhed har opn\u00e5et for at sikre produktkvalitet og p\u00e5lidelighed.<\/p>\n<h3>Tilpasningstjenester<\/h3>\n<p>Fremh\u00e6v virksomhedens evne til at levere skr\u00e6ddersyede hydrauliske cylindre, der opfylder specifikke kundekrav.<\/p>\n<h3>Produktionsudstyr<\/h3>\n<p>Giv et overblik over det avancerede produktionsudstyr og de faciliteter, der anvendes i vores fremstillingsprocesser.<\/p>\n<h3>Eftersalgsservice<\/h3>\n<p>Diskuter den omfattende eftersalgsservice, som vores virksomhed tilbyder for at sikre kundetilfredshed.<\/p>\n<p>Forfatter: lyl<\/p>","protected":false},"excerpt":{"rendered":"<p>Bucket Cylinder For Lishide Large Excavator SC330.8 Introduction The bucket cylinder is a specially designed hydraulic cylinder that is primarily used to control the movement of the bucket in heavy machinery such as excavators, backhoe loaders, and front-end loaders. Its main function is to enable the bucket to lift, lower, and tilt, making it easier [&hellip;]<\/p>","protected":false},"featured_media":14769,"comment_status":"open","ping_status":"closed","template":"","meta":{"_et_pb_use_builder":"","_et_pb_old_content":"","_et_gb_content_width":""},"product_brand":[],"product_cat":[1494],"product_tag":[1495,1496],"class_list":{"0":"post-15548","1":"product","2":"type-product","3":"status-publish","4":"has-post-thumbnail","6":"product_cat-bucket-cylinders","7":"product_tag-bucket-cylinders","8":"product_tag-hydraulic-cylinders","10":"first","11":"instock","12":"shipping-taxable","13":"product-type-simple"},"amp_enabled":true,"_links":{"self":[{"href":"https:\/\/www.hydraulic-cylinders.net\/da\/wp-json\/wp\/v2\/product\/15548","targetHints":{"allow":["GET"]}}],"collection":[{"href":"https:\/\/www.hydraulic-cylinders.net\/da\/wp-json\/wp\/v2\/product"}],"about":[{"href":"https:\/\/www.hydraulic-cylinders.net\/da\/wp-json\/wp\/v2\/types\/product"}],"replies":[{"embeddable":true,"href":"https:\/\/www.hydraulic-cylinders.net\/da\/wp-json\/wp\/v2\/comments?post=15548"}],"wp:featuredmedia":[{"embeddable":true,"href":"https:\/\/www.hydraulic-cylinders.net\/da\/wp-json\/wp\/v2\/media\/14769"}],"wp:attachment":[{"href":"https:\/\/www.hydraulic-cylinders.net\/da\/wp-json\/wp\/v2\/media?parent=15548"}],"wp:term":[{"taxonomy":"product_brand","embeddable":true,"href":"https:\/\/www.hydraulic-cylinders.net\/da\/wp-json\/wp\/v2\/product_brand?post=15548"},{"taxonomy":"product_cat","embeddable":true,"href":"https:\/\/www.hydraulic-cylinders.net\/da\/wp-json\/wp\/v2\/product_cat?post=15548"},{"taxonomy":"product_tag","embeddable":true,"href":"https:\/\/www.hydraulic-cylinders.net\/da\/wp-json\/wp\/v2\/product_tag?post=15548"}],"curies":[{"name":"wp","href":"https:\/\/api.w.org\/{rel}","templated":true}]}}