{"id":1555,"date":"2023-09-28T08:49:11","date_gmt":"2023-09-28T08:49:11","guid":{"rendered":"https:\/\/hydraulic-cylinders.net\/?post_type=product&#038;p=1555"},"modified":"2025-04-11T01:52:22","modified_gmt":"2025-04-11T01:52:22","slug":"mobile-crane-outrigger-cylinder","status":"publish","type":"product","link":"https:\/\/www.hydraulic-cylinders.net\/da\/vare\/mobile-crane-outrigger-cylinder\/","title":{"rendered":"Mobilkrans udriggercylinder"},"content":{"rendered":"<h1 style=\"text-align: center;\"><strong>Mobilkrans udriggercylinder<\/strong><\/h1>\n<p><img loading=\"lazy\" decoding=\"async\" class=\"aligncenter wp-image-1556\" src=\"https:\/\/hydraulic-cylinders.net\/wp-content\/uploads\/2023\/09\/outrigger-expansion-cylinder-1-300x300.webp\" alt=\"\" width=\"400\" height=\"400\" \/><\/p>\n<p>Mobilkranens udriggercylinder er en kritisk komponent i mobile kransystemer og er designet til at give stabilitet og sikkerhed under l\u00f8fteoperationer. Denne hydrauliske cylinder er specielt konstrueret til at forl\u00e6nge og tr\u00e6kke kranens udriggerbj\u00e6lker ind, hvilket sikrer et solidt fundament og forhindrer v\u00e6ltning eller ustabilitet.<\/p>\n<p>Mobilkranens udriggercylinder sikrer stabilitet og sikkerhed under l\u00f8fteoperationer. Med sin robuste konstruktion, hydrauliske ud- og indtr\u00e6k, stabilitetsforbedring og indbyggede sikkerhedsfunktioner giver denne hydrauliske cylinder kranf\u00f8rere mulighed for at etablere et sikkert fundament og forhindre v\u00e6ltning eller ustabilitet under h\u00e5ndtering af tunge l\u00e6s. Ved at f\u00f8lge korrekte brugsmetoder og overholde anbefalede vedligeholdelsespraksis kan operat\u00f8rer maksimere levetiden og ydeevnen af \u200b\u200bmobilkranens udriggercylinder, hvilket bidrager til sikrere og mere effektive l\u00f8fteoperationer. V\u00e6lg denne essentielle hydrauliske komponent for at \u00f8ge stabiliteten og sikkerheden af \u200b\u200bdin mobilkran, hvilket muligg\u00f8r vellykket og problemfri l\u00f8ft i nye h\u00f8jder.<\/p>\n<p>Mobilkranens udriggercylinder, n\u00f8gleegenskaber:<\/p>\n<ol>\n<li>Robust konstruktion:<\/li>\n<\/ol>\n<ul>\n<li>Mobilkranens udriggercylinder er konstrueret af materialer af h\u00f8j kvalitet, hvilket sikrer holdbarhed og p\u00e5lidelighed selv under kr\u00e6vende arbejdsforhold.<\/li>\n<li>Den er designet til at modst\u00e5 tunge belastninger, vibrationer og eksponering for milj\u00f8m\u00e6ssige elementer, hvilket giver langvarig ydeevne.<\/li>\n<\/ul>\n<ol start=\"2\">\n<li>Hydraulisk forl\u00e6ngelse og tilbagetr\u00e6kning:<\/li>\n<\/ol>\n<ul>\n<li>Denne cylinder bruger hydraulisk kraft til at forl\u00e6nge og tr\u00e6kke mobilkranens udriggerbj\u00e6lker ind.<\/li>\n<li>Det hydrauliske system muligg\u00f8r pr\u00e6cis kontrol og j\u00e6vn betjening, hvilket muligg\u00f8r hurtig ops\u00e6tning og justering af udriggerne.<\/li>\n<\/ul>\n<ol start=\"3\">\n<li>Stabilitetsforbedring:<\/li>\n<\/ol>\n<ul>\n<li>Ved at forl\u00e6nge udriggerbj\u00e6lkerne \u00f8ger mobilkranens udriggercylinder kranens stabilitet betydeligt under l\u00f8fteoperationer.<\/li>\n<li>Det giver en bredere st\u00f8ttebase, hvilket minimerer risikoen for at v\u00e6lte eller v\u00e6lte, is\u00e6r ved h\u00e5ndtering af tunge l\u00e6s eller betjening i uj\u00e6vnt terr\u00e6n.<\/li>\n<\/ul>\n<ol start=\"4\">\n<li>Sikkerhedsfunktioner:<\/li>\n<\/ol>\n<ul>\n<li>St\u00f8ttebenscylinderen er udstyret med sikkerhedsmekanismer s\u00e5som l\u00e5sestifter eller ventiler til at fastg\u00f8re de udstrakte st\u00f8ttebensbj\u00e6lker p\u00e5 plads.<\/li>\n<li>Disse funktioner forhindrer utilsigtet tilbagetr\u00e6kning og sikrer kranens stabilitet under hele l\u00f8ftet.<\/li>\n<\/ul>\n<h2><strong>Parameter for mobilkranudriggercylinder:<\/strong><\/h2>\n<table border=\"1\" cellspacing=\"0\" cellpadding=\"0\">\n<tbody>\n<tr>\n<td>Produktnavn<\/td>\n<td>Mobilkrans udriggercylinder<\/td>\n<\/tr>\n<tr>\n<td>Funktioner:<\/td>\n<td>B\u00e6r v\u00e6gten af \u200b\u200bhele udstyret, n\u00e5r kranen l\u00f8ftes<\/td>\n<\/tr>\n<tr>\n<td>Borediameter:<\/td>\n<td>70 mm ~ 360 mm<\/td>\n<\/tr>\n<tr>\n<td>Stangdiameter:<\/td>\n<td>45 mm ~ 320 mm<br \/>\nSlagl\u00e6ngde\u2264800 mm<\/td>\n<\/tr>\n<tr>\n<td>Tryk:<\/td>\n<td>Maksimum 42 MPa<\/td>\n<\/tr>\n<tr>\n<td>Anvendelser af udriggercylinder:<\/td>\n<td>Mobilkran<\/td>\n<\/tr>\n<\/tbody>\n<\/table>\n<h2><strong>Identifikationsdiagram for mobilkran:<\/strong><\/h2>\n<p><img loading=\"lazy\" decoding=\"async\" class=\"alignnone wp-image-1551 size-full\" src=\"https:\/\/hydraulic-cylinders.net\/wp-content\/uploads\/2023\/09\/mobile-crane-cylinder-construction-1.webp\" alt=\"\" width=\"1418\" height=\"946\" srcset=\"https:\/\/hydraulic-cylinders.net\/wp-content\/uploads\/2023\/09\/mobile-crane-cylinder-construction-1.webp 1418w, https:\/\/hydraulic-cylinders.net\/wp-content\/uploads\/2023\/09\/mobile-crane-cylinder-construction-1-1280x854.webp 1280w, https:\/\/hydraulic-cylinders.net\/wp-content\/uploads\/2023\/09\/mobile-crane-cylinder-construction-1-980x654.webp 980w, https:\/\/hydraulic-cylinders.net\/wp-content\/uploads\/2023\/09\/mobile-crane-cylinder-construction-1-480x320.webp 480w\" sizes=\"(min-width: 0px) and (max-width: 480px) 480px, (min-width: 481px) and (max-width: 980px) 980px, (min-width: 981px) and (max-width: 1280px) 1280px, (min-width: 1281px) 1418px, 100vw\" \/><\/p>\n<h2><strong>Brugsmetode for mobilkranens udriggercylinder<\/strong><strong>:<\/strong><\/h2>\n<ol>\n<li><strong>Vurdering af stedet:<\/strong><\/li>\n<\/ol>\n<ul>\n<li>F\u00f8r udriggerne anvendes, skal arbejdsomr\u00e5det grundigt vurderes for at identificere eventuelle potentielle farer eller udfordringer.<\/li>\n<li>S\u00f8rg for, at jorden er stabil og i stand til at b\u00e6re kranens v\u00e6gt og l\u00f8ftebelastninger.<\/li>\n<\/ul>\n<ol start=\"2\">\n<li><strong>Bliv fortrolig med kontroller:<\/strong><\/li>\n<\/ol>\n<ul>\n<li>Forst\u00e5 de styremekanismer og driftsprocedurer, der er specifikke for din mobilkranmodel.<\/li>\n<li>Identific\u00e9r de betjeningselementer, der er ansvarlige for at forl\u00e6nge og tr\u00e6kke st\u00f8ttebenenes bj\u00e6lker ind.<\/li>\n<\/ul>\n<ol start=\"3\">\n<li><strong>Udskydning af st\u00f8ttebenene:<\/strong><\/li>\n<\/ol>\n<ul>\n<li>Aktiver betjeningselementet for at forl\u00e6nge mobilkranens udriggercylinder, s\u00e5 udriggerbj\u00e6lkerne kan n\u00e5 deres udstrakte position.<\/li>\n<li>Overv\u00e5g positionen af \u200b\u200budriggerbj\u00e6lkerne, og s\u00f8rg for, at de er korrekt justeret og sikkert l\u00e5st p\u00e5 plads.<\/li>\n<\/ul>\n<ol start=\"4\">\n<li><strong>Indtr\u00e6kning af udriggerne:<\/strong><\/li>\n<\/ol>\n<ul>\n<li>N\u00e5r l\u00f8fteoperationen er f\u00e6rdig, aktiveres betjeningsorganet for at tr\u00e6kke st\u00f8ttebenene tilbage.<\/li>\n<li>S\u00f8rg for, at udriggerne tr\u00e6kkes j\u00e6vnt og ensartet ind, og at de flugter med kranens karosseri, for at sikre sikker transport.<\/li>\n<\/ul>\n<h2><strong>Hvordan udlufter man en traktors hydrauliske system?<\/strong><\/h2>\n<p>Det er afg\u00f8rende at udlufte traktorens hydrauliske system for at opretholde optimal ydeevne og forhindre problemer som reduceret respons og uregelm\u00e6ssig adf\u00e6rd. Her er en trinvis vejledning i, hvordan man udlufter traktorens hydrauliske system:<\/p>\n<ol>\n<li><strong>Identificer bl\u00f8dningspunkter:<\/strong>\n<ul>\n<li>Bestem de steder i det hydrauliske system, hvor luft kan samle sig. Almindelige udluftningspunkter omfatter udluftningsventiler, udluftningsskruer eller fittings med aftagelige h\u00e6tter.<\/li>\n<li>Se traktorens manual eller producentens retningslinjer for specifikke oplysninger om udluftningspunkter.<\/li>\n<\/ul>\n<\/li>\n<li><strong>Forbered systemet:<\/strong>\n<ul>\n<li>S\u00f8rg for, at traktoren er slukket, og at det hydrauliske tryk er helt udlignet.<\/li>\n<li>Find hydraulikv\u00e6skebeholderen, og kontroller v\u00e6skestanden. Hold v\u00e6skestanden inden for det anbefalede omr\u00e5de.<\/li>\n<\/ul>\n<\/li>\n<li><strong>Start ved det laveste punkt:<\/strong>\n<ul>\n<li>Start udluftningsprocessen p\u00e5 det laveste punkt i det hydrauliske system, hvor luft kan samle sig.<\/li>\n<li>L\u00f8sn udluftningsventilen, eller fjern fittingh\u00e6tten for at blotl\u00e6gge udluftningsskruen.<\/li>\n<\/ul>\n<\/li>\n<li><strong>\u00c5bn udluftningspunktet:<\/strong>\n<ul>\n<li>Brug et passende v\u00e6rkt\u00f8j, s\u00e5som en skruen\u00f8gle eller skruetr\u00e6kker, til langsomt at \u00e5bne udluftningsventilen eller l\u00f8sne udluftningsskruen.<\/li>\n<li>V\u00e6r forsigtig med ikke at fjerne ventilen eller skruen helt, da det kan resultere i v\u00e6skel\u00e6kage.<\/li>\n<\/ul>\n<\/li>\n<li><strong>Rens luften:<\/strong>\n<ul>\n<li>N\u00e5r udluftningspunktet \u00e5bnes, kan luftbobler begynde at slippe ud sammen med hydraulikv\u00e6sken.<\/li>\n<li>Lad luften slippe ud af systemet, indtil der observeres en j\u00e6vn v\u00e6skestr\u00f8m uden luftbobler.<\/li>\n<li>Hav en beholder eller et absorberende materiale klar til at opsamle eventuel v\u00e6ske, der m\u00e5tte spildes under denne proces.<\/li>\n<\/ul>\n<\/li>\n<li><strong>Luk udluftningspunktet:<\/strong>\n<ul>\n<li>N\u00e5r luften er udluftet, skal du lukke udluftningsventilen eller stramme udluftningsskruen forsvarligt.<\/li>\n<li>S\u00f8rg for, at ventilen eller skruen er korrekt forseglet for at forhindre yderligere luftindtr\u00e6ngning.<\/li>\n<\/ul>\n<\/li>\n<li><strong>G\u00e5 til n\u00e6ste udluftningspunkt:<\/strong>\n<ul>\n<li>Forts\u00e6t til det n\u00e6sth\u00f8jeste punkt i systemet, hvor luft kan samle sig, og gentag trin 4-6.<\/li>\n<li>Forts\u00e6t med at udlufte systemet ved hvert identificeret udluftningspunkt, og arbejd dig op til det h\u00f8jeste punkt.<\/li>\n<\/ul>\n<\/li>\n<li><strong>Kontroller v\u00e6skeniveau:<\/strong>\n<ul>\n<li>Under hele udluftningsprocessen skal v\u00e6skeniveauet i beholderen overv\u00e5ges, og der skal efterfyldes om n\u00f8dvendigt.<\/li>\n<li>Brug den anbefalede hydraulikv\u00e6ske, der er angivet i traktorens manual eller af producenten.<\/li>\n<\/ul>\n<\/li>\n<li><strong>Test og verific\u00e9r:<\/strong>\n<ul>\n<li>Efter udluftning af alle de identificerede punkter, start traktoren og betjen det hydrauliske system for at sikre korrekt funktion.<\/li>\n<li>Tjek for tegn p\u00e5 svampet reaktion, unormale lyde eller uregelm\u00e6ssig adf\u00e6rd.<\/li>\n<li>Hvis problemerne forts\u00e6tter, skal du gentage udluftningsprocessen eller kontakte en kvalificeret tekniker for yderligere assistance.<\/li>\n<\/ul>\n<\/li>\n<\/ol>\n<h2><strong>Fabrikkens kapacitet og kapacitet:<\/strong><\/h2>\n<h3>(1) Samling<\/h3>\n<p>Vi har en f\u00f8rsteklasses uafh\u00e6ngig forsknings- og udviklingsplatform til montering. V\u00e6rkstedet for produktion af hydrauliske cylindre har fire halvautomatiske l\u00f8ftecylindermonteringslinjer og en automatisk vippecylindermonteringslinje med en designm\u00e6ssig \u00e5rlig produktionskapacitet p\u00e5 1 million enheder. Det specielle cylinderv\u00e6rksted er udstyret med forskellige specifikationer for et halvautomatisk reng\u00f8ringsmonteringssystem med en designm\u00e6ssig \u00e5rlig produktionskapacitet p\u00e5 200.000 og udstyret med ber\u00f8mt CNC-bearbejdningsudstyr, et bearbejdningscenter, et specialudstyr til h\u00f8jpr\u00e6cisionscylinderbearbejdning, en robotsvejsemaskine, en automatisk reng\u00f8ringsmaskine, en automatisk cylindermonteringsmaskine og en automatisk malingslinje. Eksisterende kritisk udstyr p\u00e5 mere end 300 s\u00e6t (s\u00e6t). Optimal allokering og effektiv udnyttelse af udstyrsressourcer sikrer produkternes n\u00f8jagtighedskrav og opfylder produkternes h\u00f8je kvalitetsbehov.<\/p>\n<p><img loading=\"lazy\" decoding=\"async\" class=\"alignnone wp-image-626\" src=\"https:\/\/hydraulic-cylinders.net\/wp-content\/uploads\/2023\/08\/hydraulic-cylinder-product-1-300x158.webp\" alt=\"\" width=\"495\" height=\"260\" srcset=\"https:\/\/hydraulic-cylinders.net\/wp-content\/uploads\/2023\/08\/hydraulic-cylinder-product-1-300x158.webp 495w, https:\/\/hydraulic-cylinders.net\/wp-content\/uploads\/2023\/08\/hydraulic-cylinder-product-1-480x252.webp 480w\" sizes=\"(min-width: 0px) and (max-width: 480px) 480px, (min-width: 481px) 495px, 100vw\" \/> <img loading=\"lazy\" decoding=\"async\" class=\"alignnone wp-image-627\" src=\"https:\/\/hydraulic-cylinders.net\/wp-content\/uploads\/2023\/08\/hydraulic-cylinder-product-2-300x189.webp\" alt=\"\" width=\"413\" height=\"260\" \/><\/p>\n<h3>(2) Maskinbearbejdning<\/h3>\n<p>Bearbejdningsv\u00e6rkstedet er udstyret med et specialfremstillet drejecenter til skr\u00e5 skinner, bearbejdningscenter, h\u00f8jhastigheds-honemaskine, svejserobot og andet relateret udstyr, der kan h\u00e5ndtere bearbejdning af cylinderr\u00f8r med en maksimal indre diameter p\u00e5 400 mm og en maksimal l\u00e6ngde p\u00e5 6 meter.<\/p>\n<p><img loading=\"lazy\" decoding=\"async\" class=\"alignnone wp-image-628 size-large\" src=\"https:\/\/hydraulic-cylinders.net\/wp-content\/uploads\/2023\/08\/hydraulic-cylinder-product-3-1024x391.webp\" alt=\"\" width=\"1024\" height=\"391\" srcset=\"https:\/\/hydraulic-cylinders.net\/wp-content\/uploads\/2023\/08\/hydraulic-cylinder-product-3-980x374.webp 980w, https:\/\/hydraulic-cylinders.net\/wp-content\/uploads\/2023\/08\/hydraulic-cylinder-product-3-480x183.webp 480w\" sizes=\"(min-width: 0px) and (max-width: 480px) 480px, (min-width: 481px) and (max-width: 980px) 980px, (min-width: 981px) 1024px, 100vw\" \/><\/p>\n<h3>(3) Svejsning<\/h3>\n<p><img loading=\"lazy\" decoding=\"async\" class=\"alignnone wp-image-629 size-large\" src=\"https:\/\/hydraulic-cylinders.net\/wp-content\/uploads\/2023\/08\/hydraulic-cylinder-product-4-1024x510.webp\" alt=\"\" width=\"1024\" height=\"510\" srcset=\"https:\/\/hydraulic-cylinders.net\/wp-content\/uploads\/2023\/08\/hydraulic-cylinder-product-4-980x488.webp 980w, https:\/\/hydraulic-cylinders.net\/wp-content\/uploads\/2023\/08\/hydraulic-cylinder-product-4-480x239.webp 480w\" sizes=\"(min-width: 0px) and (max-width: 480px) 480px, (min-width: 481px) and (max-width: 980px) 980px, (min-width: 981px) 1024px, 100vw\" \/><\/p>\n<h3>(4) Maling og overfladebehandling<\/h3>\n<p>Med sm\u00e5 og mellemstore cylindriske automatiske vandbaserede malingsbel\u00e6gningslinjer, for at opn\u00e5 automatisk robotp\u00e5fyldning og -afl\u00e6sning samt automatisk spr\u00f8jtning, er den designm\u00e6ssige kapacitet p\u00e5 4000 stykker pr. skift;<br \/>\nVi har ogs\u00e5 en halvautomatisk malingsproduktionslinje til store cylindre drevet af en kabelk\u00e6de med en designkapacitet p\u00e5 60 kasser pr. skift.<\/p>\n<p><img loading=\"lazy\" decoding=\"async\" class=\"alignnone wp-image-630\" src=\"https:\/\/hydraulic-cylinders.net\/wp-content\/uploads\/2023\/08\/hydraulic-cylinder-product-5-300x213.webp\" alt=\"\" width=\"366\" height=\"260\" \/> <img loading=\"lazy\" decoding=\"async\" class=\"alignnone wp-image-631\" src=\"https:\/\/hydraulic-cylinders.net\/wp-content\/uploads\/2023\/08\/hydraulic-cylinder-product-6-300x225.webp\" alt=\"\" width=\"347\" height=\"260\" \/><\/p>\n<h3>(5) Testning<\/h3>\n<p>Vi har f\u00f8rsteklasses inspektionsfaciliteter og testb\u00e6nke for at sikre, at cylinderens ydeevne opfylder kravene.<\/p>\n<p><img loading=\"lazy\" decoding=\"async\" class=\"alignnone wp-image-632\" src=\"https:\/\/hydraulic-cylinders.net\/wp-content\/uploads\/2023\/08\/hydraulic-cylinder-product-8-300x200.webp\" alt=\"\" width=\"389\" height=\"260\" \/><\/p>\n<p>&nbsp;<\/p>\n<p>&nbsp;<\/p>\n<p>Vi er en af \u200b\u200bde bedste producenter af hydrauliske cylindre. Vi kan tilbyde et omfattende udvalg af hydrauliske cylindre. Vi leverer ogs\u00e5 tilsvarende <a href=\"https:\/\/hzpt.com\/agricultural-pto-gearbox\/\" target=\"_blank\" rel=\"noopener\">landbrugsgearkasser<\/a>Vi har eksporteret vores produkter til kunder over hele verden og har opn\u00e5et et godt omd\u00f8mme p\u00e5 grund af vores overlegne produktkvalitet og eftersalgsservice. Vi byder kunder i ind- og udland velkommen til at kontakte os for at forhandle forretninger, udveksle information og <a href=\"https:\/\/www.hydraulic-cylinders.net\/da\/contact-us\/\">samarbejde med os<\/a>!<\/p>","protected":false},"excerpt":{"rendered":"<p>Mobile Crane Outrigger Cylinder The mobile crane outrigger cylinder is a critical component in mobile crane systems, designed to provide stability and safety during lifting operations. This hydraulic cylinder is specifically engineered to extend and retract the outrigger beams of the crane, ensuring a solid foundation and preventing tipping or instability. The mobile crane outrigger [&hellip;]<\/p>","protected":false},"featured_media":1561,"comment_status":"open","ping_status":"closed","template":"","meta":{"_et_pb_use_builder":"","_et_pb_old_content":"","_et_gb_content_width":""},"product_brand":[],"product_cat":[1514,1549],"product_tag":[1380],"class_list":{"0":"post-1555","1":"product","2":"type-product","3":"status-publish","4":"has-post-thumbnail","6":"product_cat-mobile-crane-hydraulic-cylinders","7":"product_cat-single-acting-hydraulic-cylinder","8":"product_tag-hydraulic-cylinder","10":"first","11":"instock","12":"shipping-taxable","13":"product-type-simple"},"amp_enabled":true,"_links":{"self":[{"href":"https:\/\/www.hydraulic-cylinders.net\/da\/wp-json\/wp\/v2\/product\/1555","targetHints":{"allow":["GET"]}}],"collection":[{"href":"https:\/\/www.hydraulic-cylinders.net\/da\/wp-json\/wp\/v2\/product"}],"about":[{"href":"https:\/\/www.hydraulic-cylinders.net\/da\/wp-json\/wp\/v2\/types\/product"}],"replies":[{"embeddable":true,"href":"https:\/\/www.hydraulic-cylinders.net\/da\/wp-json\/wp\/v2\/comments?post=1555"}],"wp:featuredmedia":[{"embeddable":true,"href":"https:\/\/www.hydraulic-cylinders.net\/da\/wp-json\/wp\/v2\/media\/1561"}],"wp:attachment":[{"href":"https:\/\/www.hydraulic-cylinders.net\/da\/wp-json\/wp\/v2\/media?parent=1555"}],"wp:term":[{"taxonomy":"product_brand","embeddable":true,"href":"https:\/\/www.hydraulic-cylinders.net\/da\/wp-json\/wp\/v2\/product_brand?post=1555"},{"taxonomy":"product_cat","embeddable":true,"href":"https:\/\/www.hydraulic-cylinders.net\/da\/wp-json\/wp\/v2\/product_cat?post=1555"},{"taxonomy":"product_tag","embeddable":true,"href":"https:\/\/www.hydraulic-cylinders.net\/da\/wp-json\/wp\/v2\/product_tag?post=1555"}],"curies":[{"name":"wp","href":"https:\/\/api.w.org\/{rel}","templated":true}]}}