{"id":15557,"date":"2025-01-19T14:40:52","date_gmt":"2025-01-19T14:40:52","guid":{"rendered":"https:\/\/www.hydraulic-cylinders.net\/product\/bucket-cylinder-for-lovol-middle-excavator-fr200\/"},"modified":"2025-01-19T14:40:54","modified_gmt":"2025-01-19T14:40:54","slug":"bucket-cylinder-for-lovol-middle-excavator-fr200","status":"publish","type":"product","link":"https:\/\/www.hydraulic-cylinders.net\/da\/vare\/bucket-cylinder-for-lovol-middle-excavator-fr200\/","title":{"rendered":"Skovlcylinder til Lovol mellemgraver FR200"},"content":{"rendered":"<h1>Skovlcylinder til Lovol mellemgraver FR200<\/h1>\n<h2>Produktdefinition<\/h2>\n<p>Skovlcylinderen er en specielt designet hydraulisk cylinder, der bruges til at styre skovlens bev\u00e6gelse i tunge maskiner s\u00e5som gravemaskiner, rendegravere og frontl\u00e6ssere. Dens hovedfunktion er at muligg\u00f8re l\u00f8ft, s\u00e6nkning og vipning af skovlen, hvilket g\u00f8r den praktisk til forskellige materialeh\u00e5ndteringsopgaver. I det hydrauliske system opn\u00e5r skovlcylinderen pr\u00e6cis kontrol over skovlen ved at udnytte tryk\u00e6ndringerne i hydraulikolien, hvilket giver operat\u00f8rer mulighed for effektivt at h\u00e5ndtere tunge belastninger og tilpasse sig komplekse arbejdsmilj\u00f8er og forskellige driftskrav.<\/p>\n<p><img decoding=\"async\" src=\"https:\/\/www.hydraulic-cylinders.net\/wp-content\/uploads\/2025\/01\/songte-company-2.webp\" alt=\"Produktbillede\"><\/p>\n<h2>Produktfunktioner<\/h2>\n<ul>\n<li><strong>H\u00f8j styrke og holdbarhed:<\/strong> Skovlcylinderen, der typisk er fremstillet af h\u00f8jstyrkest\u00e5l eller aluminium, er i stand til at modst\u00e5 h\u00f8jt tryk og tunge belastninger og tilpasser sig barske arbejdsmilj\u00f8er. Dens design tager h\u00f8jde for slidstyrke og korrosionsbestandighed, hvilket forl\u00e6nger dens levetid.<\/li>\n<li><strong>Effektiv hydraulisk drift:<\/strong> Ved at udnytte trykket fra hydraulikolien opn\u00e5r skovlcylinderen j\u00e6vne ud- og indtr\u00e6ksbev\u00e6gelser, hvilket muligg\u00f8r hurtig reaktion p\u00e5 styrekommandoer og giver kraftige skubbe- og tr\u00e6kkr\u00e6fter, der er velegnede til h\u00e5ndtering af tunge belastninger og komplekse driftsopgaver.<\/li>\n<li><strong>Forskellige typer:<\/strong> Skovlcylinderen kan v\u00e6lges som enkeltvirkende (hydraulisk bruges kun i \u00e9n retning) eller dobbeltvirkende (hydraulisk bruges i begge retninger) cylinder efter behov, hvilket im\u00f8dekommer forskellige driftskrav. Nogle modeller er teleskopiske, hvilket giver mulighed for st\u00f8rre udtr\u00e6k uden at \u00f8ge de ydre dimensioner og er velegnede til applikationer med begr\u00e6nset plads.<\/li>\n<li><strong>Perfekt erstatning:<\/strong> Vores produkter kan perfekt erstatte disse hydrauliske cylindre.<\/li>\n<\/ul>\n<p><img decoding=\"async\" src=\"https:\/\/www.hydraulic-cylinders.net\/wp-content\/uploads\/2025\/01\/songte-cylinder-head-with-all-kinds-excavator-models.webp\" alt=\"Produktbillede\"><\/p>\n<h2>Applikationer<\/h2>\n<p>Skovlcylinderen finder anvendelse i forskellige brancher og udstyr:<\/p>\n<ul>\n<li><strong>Entrepren\u00f8rudstyr:<\/strong> De findes i gravemaskiner og er afg\u00f8rende for at grave, l\u00e6sse og flytte jord eller affald. I rendegravere hj\u00e6lper skovlcylinderen med b\u00e5de udgravning og l\u00f8ft.<\/li>\n<li><strong>Landbrugsmaskiner:<\/strong> Anvendes i frontl\u00e6ssere til at opgrave, l\u00f8fte og transportere jord, h\u00f8 og andre materialer.<\/li>\n<li><strong>Gravemaskiner:<\/strong> Skovlcylinderen muligg\u00f8r gravehandlinger ved at lade skovlen tr\u00e6nge ned i jorden.<\/li>\n<li><strong>L\u00e6ssere:<\/strong> I frontl\u00e6ssere hj\u00e6lper de med effektiv l\u00f8ft og t\u00f8mning af gods.<\/li>\n<\/ul>\n<h2>Designovervejelser og udv\u00e6lgelseskriterier<\/h2>\n<p>Ved design af skovlcylindre tages der hensyn til flere faktorer:<\/p>\n<ul>\n<li><strong>B\u00e6reevne:<\/strong> Cylinderen skal kunne modst\u00e5 de forventede belastninger uden at svigte.<\/li>\n<li><strong>Forsegling:<\/strong> Forskellige t\u00e6tningskomponenter s\u00e5som stempelt\u00e6tninger og stangt\u00e6tninger anvendes til at sikre korrekt t\u00e6tning og forhindre l\u00e6kager.<\/li>\n<li><strong>Holdbarhed:<\/strong> Cylinderen er designet til at modst\u00e5 de barske driftsforhold og give langvarig ydeevne.<\/li>\n<li><strong>Sikkerhed:<\/strong> Sikkerhedsfunktioner er indbygget for at forhindre ulykker og sikre beskyttelse af operat\u00f8rer og udstyr.<\/li>\n<li><strong>Vedligeholdelsesevne:<\/strong> Der tages hensyn til at lette vedligeholdelse og reparation af cylinderen.<\/li>\n<\/ul>\n<p><img decoding=\"async\" src=\"https:\/\/www.hydraulic-cylinders.net\/wp-content\/uploads\/2025\/01\/songte-oil-pipes-and-spare-parts.webp\" alt=\"Produktbillede\"><\/p>\n<h2>T\u00e6tning og sm\u00f8ring<\/h2>\n<p>Skovlcylinderen anvender forskellige t\u00e6tninger, s\u00e5som stempelt\u00e6tninger og stangt\u00e6tninger, lavet af slidst\u00e6rke materialer som polyurethan og nitrilgummi. Cylinderhuset og gevindenderne gennemg\u00e5r en finbehandling for at forbedre slidstyrken. Regelm\u00e6ssig sm\u00f8ring med den passende m\u00e6ngde hydraulikolie er n\u00f8dvendig for at sikre problemfri drift.<\/p>\n<h2>Regelm\u00e6ssig inspektion og forebyggende vedligeholdelse<\/h2>\n<p>For at sikre optimal ydeevne og forl\u00e6nge skovlcylinderens levetid b\u00f8r der udf\u00f8res regelm\u00e6ssig inspektion og forebyggende vedligeholdelse. F\u00f8lgende foranstaltninger anbefales:<\/p>\n<ul>\n<li>Unders\u00f8g cylinderen for tegn p\u00e5 skader, l\u00e6kager eller slid.<\/li>\n<li>Properly lubricate the cylinder according to the manufacturer&#8217;s guidelines.<\/li>\n<li>Udskift slidte pakninger, og udf\u00f8r kalibreringskontroller efter behov.<\/li>\n<\/ul>\n<p><img decoding=\"async\" src=\"https:\/\/www.hydraulic-cylinders.net\/wp-content\/uploads\/2025\/01\/songte-chushion-collar.webp\" alt=\"Produktbillede\"><\/p>\n<h2>Sikkerhedshensyn og milj\u00f8faktorer<\/h2>\n<p>N\u00e5r man bruger skovlcylinderen, er det vigtigt at prioritere sikkerhedsforanstaltninger. Sikkerhedsforanstaltninger b\u00f8r f\u00f8lges for at forhindre ulykker og sikre operat\u00f8rers og tilskueres velbefindende. Milj\u00f8faktorer som korrekt affaldsbortskaffelse og overholdelse af regler b\u00f8r ogs\u00e5 tages i betragtning.<\/p>\n<h2>Fejldiagnose og fejlfinding<\/h2>\n<p>I tilf\u00e6lde af fejl eller problemer med skovlcylinderen kan f\u00f8lgende tips og fejlfindingsmetoder hj\u00e6lpe med effektivt at diagnosticere og l\u00f8se problemer. Det er ogs\u00e5 vigtigt at implementere forebyggende foranstaltninger for at minimere potentielle problemer.<\/p>\n<p><img decoding=\"async\" src=\"https:\/\/www.hydraulic-cylinders.net\/wp-content\/uploads\/2025\/01\/songte-bushings-with-all-kinds-of-excavator-models.webp\" alt=\"Produktbillede\"><\/p>\n<h2>Virksomhedsintroduktion<\/h2>\n<p>Vi er en producent, der specialiserer sig i produktion af hydrauliske udskiftningscylindre. Med en bred vifte af produkter er vi blevet en af \u200b\u200bde f\u00f8rende producenter og engrosdistribut\u00f8rer af hydrauliske cylindre p\u00e5 b\u00e5de indenlandske og internationale markeder. Vi overholder principperne om ekspertise og bruger industrialiserede produktionsstyringsstrategier i vores veludstyrede produktionsv\u00e6rksteder. Ved at udnytte tekniske talenter, avanceret produktionsudstyr og professionelle testsystemer forbedrer vi l\u00f8bende vores produktionsplatform, perfektionerer produktionsruten for produktkvalitet og besidder st\u00e6rke innovationskapaciteter til at im\u00f8dekomme forskellige kundebehov med h\u00f8j effektivitet, pr\u00e6cision og kvalitet.<\/p>\n<p><img decoding=\"async\" src=\"https:\/\/www.hydraulic-cylinders.net\/wp-content\/uploads\/2025\/01\/songte-company-3.webp\" alt=\"Virksomhedens image\"><\/p>\n<p>Vores virksomhed er kendt for:<\/p>\n<ul>\n<li>Professionalitet<\/li>\n<li>Internationale certificeringer<\/li>\n<li>Tilpasningstjenester<\/li>\n<li>Produktionsudstyr<\/li>\n<li>Eftersalgsservice<\/li>\n<\/ul>\n<p><em>Forfatter: lyl<\/em><\/p>","protected":false},"excerpt":{"rendered":"<p>Bucket Cylinder For Lovol Middle Excavator FR200 Product Definition The bucket cylinder is a specifically designed hydraulic cylinder used to control the movement of the bucket in heavy machinery such as excavators, backhoe loaders, and front-end loaders. Its main function is to enable the lifting, lowering, and tilting of the bucket, making it convenient for [&hellip;]<\/p>","protected":false},"featured_media":14782,"comment_status":"open","ping_status":"closed","template":"","meta":{"_et_pb_use_builder":"","_et_pb_old_content":"","_et_gb_content_width":""},"product_brand":[],"product_cat":[1494],"product_tag":[1495,1496],"class_list":{"0":"post-15557","1":"product","2":"type-product","3":"status-publish","4":"has-post-thumbnail","6":"product_cat-bucket-cylinders","7":"product_tag-bucket-cylinders","8":"product_tag-hydraulic-cylinders","10":"first","11":"instock","12":"shipping-taxable","13":"product-type-simple"},"amp_enabled":true,"_links":{"self":[{"href":"https:\/\/www.hydraulic-cylinders.net\/da\/wp-json\/wp\/v2\/product\/15557","targetHints":{"allow":["GET"]}}],"collection":[{"href":"https:\/\/www.hydraulic-cylinders.net\/da\/wp-json\/wp\/v2\/product"}],"about":[{"href":"https:\/\/www.hydraulic-cylinders.net\/da\/wp-json\/wp\/v2\/types\/product"}],"replies":[{"embeddable":true,"href":"https:\/\/www.hydraulic-cylinders.net\/da\/wp-json\/wp\/v2\/comments?post=15557"}],"wp:featuredmedia":[{"embeddable":true,"href":"https:\/\/www.hydraulic-cylinders.net\/da\/wp-json\/wp\/v2\/media\/14782"}],"wp:attachment":[{"href":"https:\/\/www.hydraulic-cylinders.net\/da\/wp-json\/wp\/v2\/media?parent=15557"}],"wp:term":[{"taxonomy":"product_brand","embeddable":true,"href":"https:\/\/www.hydraulic-cylinders.net\/da\/wp-json\/wp\/v2\/product_brand?post=15557"},{"taxonomy":"product_cat","embeddable":true,"href":"https:\/\/www.hydraulic-cylinders.net\/da\/wp-json\/wp\/v2\/product_cat?post=15557"},{"taxonomy":"product_tag","embeddable":true,"href":"https:\/\/www.hydraulic-cylinders.net\/da\/wp-json\/wp\/v2\/product_tag?post=15557"}],"curies":[{"name":"wp","href":"https:\/\/api.w.org\/{rel}","templated":true}]}}