{"id":15561,"date":"2025-01-19T14:41:09","date_gmt":"2025-01-19T14:41:09","guid":{"rendered":"https:\/\/www.hydraulic-cylinders.net\/product\/bucket-cylinder-for-lovol-middle-excavator-fr260\/"},"modified":"2025-01-19T14:41:11","modified_gmt":"2025-01-19T14:41:11","slug":"bucket-cylinder-for-lovol-middle-excavator-fr260","status":"publish","type":"product","link":"https:\/\/www.hydraulic-cylinders.net\/da\/vare\/bucket-cylinder-for-lovol-middle-excavator-fr260\/","title":{"rendered":"Skovlcylinder til Lovol mellemgraver FR260"},"content":{"rendered":"<h1>Skovlcylinder til Lovol mellemgraver FR260<\/h1>\n<h2>Indledning<\/h2>\n<p>The Bucket Cylinder for Lovol Middle Excavator FR260 is a specialized hydraulic cylinder designed to control the movement of the shovel bucket in heavy machinery such as excavators, backhoe excavators, and front loaders. Its main function is to allow the bucket to lift, lower, and tilt, facilitating various material handling tasks. In the hydraulic system, the bucket cylinder achieves precise control of the bucket&#8217;s movement through changes in hydraulic oil pressure, enabling operators to efficiently handle heavy loads and adapt to complex work environments and diverse operational requirements.<\/p>\n<p><img loading=\"lazy\" decoding=\"async\" src=\"https:\/\/www.hydraulic-cylinders.net\/wp-content\/uploads\/2025\/01\/songte-company-2.webp\" alt=\"Skovlcylinder til Lovol mellemgraver FR260\" height=\"300\" width=\"400\"><\/p>\n<h2>Funktioner<\/h2>\n<ul>\n<li>H\u00f8j styrke og holdbarhed: Typisk fremstillet af h\u00f8jstyrkest\u00e5l eller aluminium, kan den modst\u00e5 h\u00f8jt tryk og tunge belastninger og tilpasse sig barske arbejdsmilj\u00f8er. Dens design tager h\u00f8jde for slidstyrke og korrosionsbestandighed, hvilket forl\u00e6nger dens levetid.<\/li>\n<li>Effektiv hydraulisk drift: J\u00e6vne forl\u00e6ngelses- og sammentr\u00e6kningsbev\u00e6gelser opn\u00e5s ved hj\u00e6lp af hydraulisk olietryk, hvilket giver st\u00e6rke skubbe- og tr\u00e6kkr\u00e6fter og hurtig reaktion p\u00e5 styrekommandoer, hvilket g\u00f8r den velegnet til h\u00e5ndtering af tunge belastninger og komplekse arbejdsopgaver.<\/li>\n<li>Forskellige typer: Enkeltvirkende (hydraulisk bruges kun i \u00e9n retning) eller dobbeltvirkende (hydraulisk bruges i begge retninger) cylindre kan v\u00e6lges efter driftsbehov. Nogle modeller er teleskopiske, hvilket giver mulighed for st\u00f8rre udtr\u00e6k uden at \u00f8ge de udvendige dimensioner, hvilket g\u00f8r dem velegnede til pladsbegr\u00e6nsede applikationer.<\/li>\n<li>Kan erstatte andre hydrauliske cylindre: Vores produkter kan perfekt erstatte andre hydrauliske cylindre.<\/li>\n<\/ul>\n<p><img loading=\"lazy\" decoding=\"async\" src=\"https:\/\/www.hydraulic-cylinders.net\/wp-content\/uploads\/2025\/01\/songte-cylinder-head-with-all-kinds-excavator-models.webp\" alt=\"Skovlcylinder til Lovol mellemgraver FR260\" height=\"300\" width=\"400\"><\/p>\n<h2>Applikationer<\/h2>\n<p>Skovlcylinderen til Lovol Middle Excavator FR260 bruges i vid udstr\u00e6kning i forskellige tunge maskiner, herunder:<\/p>\n<ul>\n<li>Entrepren\u00f8rudstyr: I gravemaskiner er de afg\u00f8rende for at grave, l\u00e6sse og flytte jord eller affald. I rendegravere hj\u00e6lper skovlcylinderen med b\u00e5de gravning og l\u00f8ft. <\/li>\n<li>Landbrugsmaskiner: Bruges i frontl\u00e6ssere til at udgrave, l\u00f8fte og transportere jord, h\u00f8 og andre materialer. <\/li>\n<li>Gravemaskiner: Skovlcylinderen muligg\u00f8r gravearbejdet ved at lade skovlen tr\u00e6nge ned i jorden. <\/li>\n<li>L\u00e6ssere: Frontl\u00e6ssere hj\u00e6lper med effektivt at l\u00f8fte og vippe laster.<\/li>\n<\/ul>\n<h2>Designovervejelser og udv\u00e6lgelseskriterier<\/h2>\n<p>Ved design af skovlcylinderen til Lovol Middle Excavator FR260 tages der hensyn til forskellige faktorer, herunder:<\/p>\n<ul>\n<li>B\u00e6reevne<\/li>\n<li>Forseglingsevne<\/li>\n<li>Holdbarhed<\/li>\n<li>Sikkerhed<\/li>\n<li>Vedligeholdelsesevne<\/li>\n<\/ul>\n<p><img loading=\"lazy\" decoding=\"async\" src=\"https:\/\/www.hydraulic-cylinders.net\/wp-content\/uploads\/2025\/01\/songte-oil-pipes-and-spare-parts.webp\" alt=\"Skovlcylinder til Lovol mellemgraver FR260\" height=\"300\" width=\"400\"><\/p>\n<h2>T\u00e6tning og sm\u00f8ring<\/h2>\n<p>Forskellige t\u00e6tningskomponenter s\u00e5som stempelt\u00e6tninger, stangt\u00e6tninger osv. er omhyggeligt udvalgt, og t\u00e6tningerne er lavet af slidst\u00e6rke materialer s\u00e5som polyurethan og nitrilgummi. Cylinderhus og gevindflader er fint forarbejdet for at forbedre slidstyrken. Regelm\u00e6ssig tils\u00e6tning af tilstr\u00e6kkelig hydraulikolie er n\u00f8dvendig for sm\u00f8ring.<\/p>\n<h2>Inspektion og forebyggende vedligeholdelsesforanstaltninger<\/h2>\n<p>Regular inspections and preventive maintenance activities such as lubrication, sealing replacement, and calibration checks should be performed to ensure optimal performance. Proper alignment and installation of the cylinder are essential, and suitable mounting brackets should be used to secure the cylinder. Recommended inspection, repair, and replacement procedures, part replacement, and rebuilding services can improve the cylinder&#8217;s service life.<\/p>\n<p><img loading=\"lazy\" decoding=\"async\" src=\"https:\/\/www.hydraulic-cylinders.net\/wp-content\/uploads\/2025\/01\/songte-chushion-collar.webp\" alt=\"Skovlcylinder til Lovol mellemgraver FR260\" height=\"300\" width=\"400\"><\/p>\n<h2>Sikkerheds- og milj\u00f8hensyn<\/h2>\n<p>N\u00e5r skovlcylinderen til Lovol mellemgraver FR260 anvendes, skal der tages sikkerhedsforanstaltninger i betragtning for at sikre sikker drift. Cylinderen skal bortskaffes p\u00e5 en milj\u00f8venlig m\u00e5de efter brug.<\/p>\n<h2>Fejlfinding og almindelige problemer<\/h2>\n<p>Almindelige problemer med skovlcylinderen til Lovol Middle Excavator FR260 inkluderer l\u00e6kage, utilstr\u00e6kkelig tryk- eller tr\u00e6kkraft og beskadigelse af pakningen. Der b\u00f8r gives tips og l\u00f8sninger til fejlfinding for at hj\u00e6lpe med korrekt diagnose og probleml\u00f8sning, og forebyggende foranstaltninger b\u00f8r foresl\u00e5s for at minimere potentielle problemer.<\/p>\n<p><img loading=\"lazy\" decoding=\"async\" src=\"https:\/\/www.hydraulic-cylinders.net\/wp-content\/uploads\/2025\/01\/songte-bushings-with-all-kinds-of-excavator-models.webp\" alt=\"Skovlcylinder til Lovol mellemgraver FR260\" height=\"300\" width=\"400\"><\/p>\n<h2>Om os<\/h2>\n<p>Vi er en producent af udskiftninger til hydrauliske cylindre. Vores virksomhed tilbyder en bred vifte af produkter, hvilket g\u00f8r os til en af \u200b\u200bde f\u00f8rende producenter og grossister af hydrauliske cylindre p\u00e5 b\u00e5de indenlandske og internationale markeder. Vi f\u00f8lger fremragende kvalitetskontrol og anvender industrialiserede produktionsstyringsstrategier baseret p\u00e5 fine produktionsv\u00e6rksteder, hvor vi l\u00f8bende forbedrer vores produktionsplatforme og produktionslinjer med produktkvalitet. Vi har en st\u00e6rk evne til at skabe h\u00f8jeffektive, h\u00f8jpr\u00e6cisions- og kvalitetsprodukter, der opfylder forskellige kundebehov. <\/p>\n<p><img loading=\"lazy\" decoding=\"async\" src=\"https:\/\/hzpt.com\/wp-content\/uploads\/2024\/11\/songte-company-1.webp\" alt=\"Skovlcylinder til Lovol mellemgraver FR260\" height=\"300\" width=\"400\"><\/p>\n<h3>Professionalitet<\/h3>\n<p>Our company has professional technicians and advanced technology in the hydraulic cylinder industry, ensuring high-quality products and services that meet our customers&#8217; needs.<\/p>\n<h3>International certificering<\/h3>\n<p>Vores virksomhed har best\u00e5et forskellige internationale certificeringssystemer, herunder ISO9001, CE og TUV. Vi garanterer produkter og tjenester af h\u00f8j kvalitet til vores kunder.<\/p>\n<h3>Tilpasningstjenester<\/h3>\n<p>Vi tilbyder skr\u00e6ddersyede tjenester til vores produkter for at im\u00f8dekomme forskellige kundekrav.<\/p>\n<h3>Produktionsudstyr<\/h3>\n<p>Vores virksomhed har et komplet s\u00e6t af avanceret digitalt produktions- og testudstyr for at sikre kvaliteten af \u200b\u200bvores produkter.<\/p>\n<h3>Eftersalgsservice<\/h3>\n<p>Vores virksomhed tilbyder et omfattende eftersalgsservicesystem for at sikre kundetilfredshed.<\/p>\n<p>Forfatter: lyl<\/p>","protected":false},"excerpt":{"rendered":"<p>Bucket Cylinder For Lovol Middle Excavator FR260 Introduction The Bucket Cylinder for Lovol Middle Excavator FR260 is a specialized hydraulic cylinder designed to control the movement of the shovel bucket in heavy machinery such as excavators, backhoe excavators, and front loaders. Its main function is to allow the bucket to lift, lower, and tilt, facilitating [&hellip;]<\/p>","protected":false},"featured_media":14773,"comment_status":"open","ping_status":"closed","template":"","meta":{"_et_pb_use_builder":"","_et_pb_old_content":"","_et_gb_content_width":""},"product_brand":[],"product_cat":[1494],"product_tag":[1495,1496],"class_list":{"0":"post-15561","1":"product","2":"type-product","3":"status-publish","4":"has-post-thumbnail","6":"product_cat-bucket-cylinders","7":"product_tag-bucket-cylinders","8":"product_tag-hydraulic-cylinders","10":"first","11":"instock","12":"shipping-taxable","13":"product-type-simple"},"amp_enabled":true,"_links":{"self":[{"href":"https:\/\/www.hydraulic-cylinders.net\/da\/wp-json\/wp\/v2\/product\/15561","targetHints":{"allow":["GET"]}}],"collection":[{"href":"https:\/\/www.hydraulic-cylinders.net\/da\/wp-json\/wp\/v2\/product"}],"about":[{"href":"https:\/\/www.hydraulic-cylinders.net\/da\/wp-json\/wp\/v2\/types\/product"}],"replies":[{"embeddable":true,"href":"https:\/\/www.hydraulic-cylinders.net\/da\/wp-json\/wp\/v2\/comments?post=15561"}],"wp:featuredmedia":[{"embeddable":true,"href":"https:\/\/www.hydraulic-cylinders.net\/da\/wp-json\/wp\/v2\/media\/14773"}],"wp:attachment":[{"href":"https:\/\/www.hydraulic-cylinders.net\/da\/wp-json\/wp\/v2\/media?parent=15561"}],"wp:term":[{"taxonomy":"product_brand","embeddable":true,"href":"https:\/\/www.hydraulic-cylinders.net\/da\/wp-json\/wp\/v2\/product_brand?post=15561"},{"taxonomy":"product_cat","embeddable":true,"href":"https:\/\/www.hydraulic-cylinders.net\/da\/wp-json\/wp\/v2\/product_cat?post=15561"},{"taxonomy":"product_tag","embeddable":true,"href":"https:\/\/www.hydraulic-cylinders.net\/da\/wp-json\/wp\/v2\/product_tag?post=15561"}],"curies":[{"name":"wp","href":"https:\/\/api.w.org\/{rel}","templated":true}]}}