{"id":15565,"date":"2025-01-19T14:41:25","date_gmt":"2025-01-19T14:41:25","guid":{"rendered":"https:\/\/www.hydraulic-cylinders.net\/product\/bucket-cylinder-for-liugong-small-excavator-clg904c\/"},"modified":"2025-01-19T14:41:27","modified_gmt":"2025-01-19T14:41:27","slug":"bucket-cylinder-for-liugong-small-excavator-clg904c","status":"publish","type":"product","link":"https:\/\/www.hydraulic-cylinders.net\/da\/vare\/bucket-cylinder-for-liugong-small-excavator-clg904c\/","title":{"rendered":"Skovlcylinder til Liugong lille gravemaskine CLG904C"},"content":{"rendered":"<h1>Skovlcylinder til Liugong lille gravemaskine CLG904C<\/h1>\n<h2>Indledning<\/h2>\n<p>Skovlcylinderen til Liugong lille gravemaskine CLG904C er en specialdesignet hydraulisk cylinder, der prim\u00e6rt bruges til at styre skovlens bev\u00e6gelse i tunge maskiner s\u00e5som gravemaskiner, rendegravere og frontl\u00e6ssere. Dens hovedfunktion er at g\u00f8re det muligt for skovlen at l\u00f8fte, s\u00e6nke og vippe, hvilket letter forskellige materialeh\u00e5ndteringsopgaver. I det hydrauliske system opn\u00e5r skovlcylinderen pr\u00e6cis kontrol over skovlen gennem \u00e6ndringer i hydraulikolietrykket, hvilket giver f\u00f8reren mulighed for effektivt at h\u00e5ndtere tunge l\u00e6s, tilpasse sig komplekse arbejdsmilj\u00f8er og forskellige driftskrav.<\/p>\n<p><img decoding=\"async\" src=\"https:\/\/www.hydraulic-cylinders.net\/wp-content\/uploads\/2025\/01\/songte-company-2.webp\" alt=\"Billede af spandcylinder\"><\/p>\n<h2>Funktioner<\/h2>\n<ul>\n<li>H\u00f8j styrke og holdbarhed: Typisk fremstillet af h\u00f8jstyrkest\u00e5l eller aluminium, kan den modst\u00e5 h\u00f8jt tryk og tunge belastninger og tilpasse sig barske arbejdsmilj\u00f8er. Designet tager h\u00f8jde for slidstyrke og korrosionsbestandighed, hvilket forl\u00e6nger levetiden.<\/li>\n<li>Effektiv hydraulisk drift: Udnytter hydraulikolietrykket til at opn\u00e5 j\u00e6vne ud- og tilbagetr\u00e6kningsbev\u00e6gelser, er i stand til hurtigt at reagere p\u00e5 kontrolkommandoer, hvilket giver kraftige skubbe- og tr\u00e6kkr\u00e6fter, velegnet til h\u00e5ndtering af tunge belastninger og komplekse opgaver.<\/li>\n<li>Forskellige typer: Enkeltvirkende (hydraulisk anvendt i kun \u00e9n retning) eller dobbeltvirkende (hydraulisk anvendt i begge retninger) cylindre kan v\u00e6lges efter behov for at im\u00f8dekomme forskellige driftsbehov. Nogle modeller er teleskopiske, hvilket muligg\u00f8r st\u00f8rre udtr\u00e6k uden at \u00f8ge de udvendige dimensioner, og er velegnede til applikationer med begr\u00e6nset plads.<\/li>\n<li>Kan bruges som erstatning for lignende hydrauliske cylindre.<\/li>\n<\/ul>\n<p><img decoding=\"async\" src=\"https:\/\/www.hydraulic-cylinders.net\/wp-content\/uploads\/2025\/01\/songte-cylinder-head-with-all-kinds-excavator-models.webp\" alt=\"Billede af udskiftning af spandcylinder\"><\/p>\n<h2>Applikationer<\/h2>\n<p>Skovlcylinderen finder sin anvendelse i forskellige tunge maskiner s\u00e5som:<\/p>\n<ul>\n<li>Entrepren\u00f8rudstyr: I gravemaskiner er de afg\u00f8rende for at grave, l\u00e6sse og flytte jord eller affald. I rendegravere hj\u00e6lper skovlcylinderen med b\u00e5de at grave og l\u00f8fte. <\/li>\n<li>Landbrugsmaskiner: Bruges i frontl\u00e6ssere til at udgrave, l\u00f8fte og transportere jord, h\u00f8 og andre materialer. <\/li>\n<li>Gravemaskiner: Skovlcylindere muligg\u00f8r gravefunktion ved at lade skovlen tr\u00e6nge ned i jorden. <\/li>\n<li>L\u00e6ssere: Frontl\u00e6ssere hj\u00e6lper effektivt med at l\u00f8fte og vippe gods.<\/li>\n<\/ul>\n<p>Hver anvendelse har specifikke krav, og skovlcylinderens designfunktioner bidrager til at opfylde disse krav.<\/p>\n<h2>Designovervejelser og udv\u00e6lgelseskriterier<\/h2>\n<p>Skovlcylinderens design tager h\u00f8jde for forskellige faktorer s\u00e5som b\u00e6reevne, t\u00e6tning, holdbarhed, sikkerhed og vedligeholdelsesvenlighed. Dens komponenter omfatter:<\/p>\n<ul>\n<li>Stempelpakninger<\/li>\n<li>Stangt\u00e6tninger<\/li>\n<li>B\u00e6r ringe<\/li>\n<li>Cylinderl\u00f8b<\/li>\n<li>Endekapper<\/li>\n<li>Stempelstang<\/li>\n<\/ul>\n<p><img decoding=\"async\" src=\"https:\/\/www.hydraulic-cylinders.net\/wp-content\/uploads\/2025\/01\/songte-oil-pipes-and-spare-parts.webp\" alt=\"Billede af komponenter til spandcylinder\"><\/p>\n<h3>B\u00e6reevne<\/h3>\n<p>Cylinderen skal kunne h\u00e5ndtere de maksimale belastninger i applikationen uden at svigte eller deformeres. Det maksimale arbejdstryk er en afg\u00f8rende faktor for at bestemme cylinderens b\u00e6reevne.<\/p>\n<h3>Forsegling<\/h3>\n<p>T\u00e6tning er et afg\u00f8rende aspekt af cylinderens design, da det forhindrer l\u00e6kager og kontaminering af hydraulikv\u00e6ske. Brugen af \u200b\u200bt\u00e6tninger af h\u00f8j kvalitet, s\u00e5som polyurethan eller nitrilgummi, sikrer slidstyrke og lang levetid.<\/p>\n<h3>Holdbarhed<\/h3>\n<p>Cylinderens design b\u00f8r tage hensyn til holdbarhedsfaktorer som slidstyrke, korrosionsbestandighed og slagfasthed for at sikre cylinderens levetid.<\/p>\n<h3>Sikkerhed<\/h3>\n<p>Cylinderen skal v\u00e6re konstrueret med sikkerhedsfunktioner s\u00e5som trykaflastningsventiler for at forhindre katastrofale fejl i tilf\u00e6lde af overbelastning eller systemfejl.<\/p>\n<h3>Vedligeholdelsesevne<\/h3>\n<p>Cylinderens design skal muligg\u00f8re nem adskillelse, vedligeholdelse og genmontering. Reservedele og reparationstjenester af h\u00f8j kvalitet skal v\u00e6re tilg\u00e6ngelige for at muligg\u00f8re hurtige og omkostningseffektive reparationer.<\/p>\n<p><img decoding=\"async\" src=\"https:\/\/www.hydraulic-cylinders.net\/wp-content\/uploads\/2025\/01\/songte-chushion-collar.webp\" alt=\"Billede af sikkerhed i skovlcylinderen\"><\/p>\n<h2>T\u00e6tning og sm\u00f8ring<\/h2>\n<p>Cylinderens t\u00e6tning og sm\u00f8ring er afg\u00f8rende for dens ydeevne og levetid. Cylinderen bruger forskellige t\u00e6tninger, s\u00e5som stempelt\u00e6tninger og stangt\u00e6tninger, for at forhindre l\u00e6kager og kontaminering af hydraulikv\u00e6ske. Cylinderens komponenter er behandlet for at forbedre deres slidstyrke, og de kr\u00e6ver periodisk sm\u00f8ring med hydraulikolie for at sikre problemfri drift.<\/p>\n<h2>Forebyggende vedligeholdelse og reparation<\/h2>\n<p>Regelm\u00e6ssige inspektioner og forebyggende vedligeholdelse er afg\u00f8rende for at sikre cylinderens optimale ydeevne og levetid. Nogle almindelige vedligeholdelsesopgaver omfatter:<\/p>\n<ul>\n<li>Regelm\u00e6ssig kontrol for l\u00e6kager eller skader<\/li>\n<li>Sm\u00f8ring i henhold til producentens anbefalinger<\/li>\n<li>Udskiftning af pakninger og kalibreringstjek<\/li>\n<\/ul>\n<p>Korrekt installation, sm\u00f8ring og justering er afg\u00f8rende for cylinderens optimale ydeevne og levetid. Installationen b\u00f8r omfatte korrekt justering af cylinderen, og der b\u00f8r anvendes korrekte monteringsbeslag til at fastg\u00f8re cylinderen p\u00e5 plads.<\/p>\n<h2>Sikkerheds- og milj\u00f8hensyn<\/h2>\n<p>Brugen af \u200b\u200bcylinderen kr\u00e6ver overholdelse af sikkerhedsretningslinjer for at forhindre personskade eller materielle skader. Brugen af \u200b\u200bcylinderen har ogs\u00e5 en milj\u00f8p\u00e5virkning, og korrekt bortskaffelse, genbrug og genbrug af cylinderkomponenter b\u00f8r praktiseres.<\/p>\n<h2>Fejlfinding og ofte stillede sp\u00f8rgsm\u00e5l<\/h2>\n<p>Ofte stillede sp\u00f8rgsm\u00e5l og tips til fejlfinding omfatter:<\/p>\n<ul>\n<li>Hvordan kan jeg \u00f8ge cylinderens l\u00f8ftekapacitet?<\/li>\n<li>Hvad skal jeg g\u00f8re, hvis der er en l\u00e6kage af hydraulikv\u00e6ske?<\/li>\n<li>Hvad skal jeg g\u00f8re, hvis cylinderen ikke kan tr\u00e6kkes tilbage?<\/li>\n<\/ul>\n<p><img decoding=\"async\" src=\"https:\/\/www.hydraulic-cylinders.net\/wp-content\/uploads\/2025\/01\/songte-bushings-with-all-kinds-of-excavator-models.webp\" alt=\"Billede af fejlfinding af spandcylinder\"><\/p>\n<h2>Om vores virksomhed<\/h2>\n<p>Vi er en producent af hydrauliske cylindre, der specialiserer sig i produktion af hydrauliske udskiftningscylindre. Vores virksomhed tilbyder et komplet produktsortiment, hvilket g\u00f8r os til en af \u200b\u200bde f\u00f8rende producenter og engrosdistribut\u00f8rer af hydrauliske cylindre p\u00e5 det indenlandske og internationale marked. Vi f\u00f8lger princippet om fremragende kvalitet og bruger industrialiserede produktionsstyringsstrategier i fint udformede produktionsv\u00e6rksteder. Ved hj\u00e6lp af avanceret digitalt produktionsudstyr og professionelle testsystemer har vi l\u00f8bende forbedret vores produktionsplatform, perfektioneret produktionsruter for produktkvalitet og opn\u00e5et robuste produktionskapaciteter. Vores produkter er kendetegnet ved h\u00f8j effektivitet, h\u00f8j pr\u00e6cision og h\u00f8je kvalitetsstandarder, der opfylder forskellige kundebehov.<\/p>\n<p><img decoding=\"async\" src=\"https:\/\/hzpt.com\/wp-content\/uploads\/2024\/11\/songte-company-1.webp\" alt=\"Om vores virksomhedsbillede\"><\/p>\n<h3>Professionalitet<\/h3>\n<p>Vores virksomhed har et team af erfarne fagfolk, der er eksperter i design, konstruktion og fremstilling af hydrauliske cylindre.<\/p>\n<h3>International certificering<\/h3>\n<p>Vores produkter er certificeret i henhold til internationale kvalitetsstandarder som ISO9001, CE og SGS, hvilket sikrer den h\u00f8jeste produktkvalitet og kundetilfredshed.<\/p>\n<h3>Tilpasningstjenester<\/h3>\n<p>Vi tilbyder tilpasningstjenester for at im\u00f8dekomme specifikke kundekrav og leverer skr\u00e6ddersyede l\u00f8sninger til forskellige behov inden for hydrauliske cylindre.<\/p>\n<h3>Produktionsudstyr<\/h3>\n<p>Vi bruger avanceret digitalt produktionsudstyr, herunder CNC-maskiner, fr\u00e6semaskiner og drejeb\u00e6nke, hvilket sikrer h\u00f8j kvalitet og pr\u00e6cis produktion.<\/p>\n<h3>Eftersalgsservice<\/h3>\n<p>Vi tilbyder omfattende eftersalgsservice, herunder udskiftning af reservedele, ombygningsservice og teknisk support, hvilket sikrer kundetilfredshed og produktets levetid.<\/p>\n<h3>Forfatter<\/h3>\n<p>Forfatter: lyl<\/p>","protected":false},"excerpt":{"rendered":"<p>Bucket Cylinder For Liugong Small Excavator CLG904C Introduction The bucket cylinder for Liugong small excavator CLG904C is a specially designed hydraulic cylinder primarily used to control the movement of the bucket in heavy machinery such as excavators, backhoe loaders, and front-end loaders. Its main function is to enable the bucket to lift, lower, and tilt, [&hellip;]<\/p>","protected":false},"featured_media":14762,"comment_status":"open","ping_status":"closed","template":"","meta":{"_et_pb_use_builder":"","_et_pb_old_content":"","_et_gb_content_width":""},"product_brand":[],"product_cat":[1494],"product_tag":[1495,1496],"class_list":{"0":"post-15565","1":"product","2":"type-product","3":"status-publish","4":"has-post-thumbnail","6":"product_cat-bucket-cylinders","7":"product_tag-bucket-cylinders","8":"product_tag-hydraulic-cylinders","10":"first","11":"instock","12":"shipping-taxable","13":"product-type-simple"},"amp_enabled":true,"_links":{"self":[{"href":"https:\/\/www.hydraulic-cylinders.net\/da\/wp-json\/wp\/v2\/product\/15565","targetHints":{"allow":["GET"]}}],"collection":[{"href":"https:\/\/www.hydraulic-cylinders.net\/da\/wp-json\/wp\/v2\/product"}],"about":[{"href":"https:\/\/www.hydraulic-cylinders.net\/da\/wp-json\/wp\/v2\/types\/product"}],"replies":[{"embeddable":true,"href":"https:\/\/www.hydraulic-cylinders.net\/da\/wp-json\/wp\/v2\/comments?post=15565"}],"wp:featuredmedia":[{"embeddable":true,"href":"https:\/\/www.hydraulic-cylinders.net\/da\/wp-json\/wp\/v2\/media\/14762"}],"wp:attachment":[{"href":"https:\/\/www.hydraulic-cylinders.net\/da\/wp-json\/wp\/v2\/media?parent=15565"}],"wp:term":[{"taxonomy":"product_brand","embeddable":true,"href":"https:\/\/www.hydraulic-cylinders.net\/da\/wp-json\/wp\/v2\/product_brand?post=15565"},{"taxonomy":"product_cat","embeddable":true,"href":"https:\/\/www.hydraulic-cylinders.net\/da\/wp-json\/wp\/v2\/product_cat?post=15565"},{"taxonomy":"product_tag","embeddable":true,"href":"https:\/\/www.hydraulic-cylinders.net\/da\/wp-json\/wp\/v2\/product_tag?post=15565"}],"curies":[{"name":"wp","href":"https:\/\/api.w.org\/{rel}","templated":true}]}}