{"id":15566,"date":"2025-01-19T14:41:29","date_gmt":"2025-01-19T14:41:29","guid":{"rendered":"https:\/\/www.hydraulic-cylinders.net\/product\/bucket-cylinder-for-liugong-small-excavator-clg906d\/"},"modified":"2025-01-19T14:41:31","modified_gmt":"2025-01-19T14:41:31","slug":"bucket-cylinder-for-liugong-small-excavator-clg906d","status":"publish","type":"product","link":"https:\/\/www.hydraulic-cylinders.net\/da\/vare\/bucket-cylinder-for-liugong-small-excavator-clg906d\/","title":{"rendered":"Skovlcylinder til Liugong lille gravemaskine CLG906d"},"content":{"rendered":"<h1>Skovlcylinder til Liugong lille gravemaskine CLG906d<\/h1>\n<h2>Indledning<\/h2>\n<p>Skovlcylinderen er en specialdesignet hydraulisk cylinder, der prim\u00e6rt bruges til at styre bev\u00e6gelsen af \u200b\u200bskovle i tunge maskiner s\u00e5som gravemaskiner, rendegravere og frontl\u00e6ssere. Dens hovedfunktion er at muligg\u00f8re l\u00f8ft, s\u00e6nkning og vipning af skovle, hvilket g\u00f8r det lettere at h\u00e5ndtere forskellige materialeh\u00e5ndteringsopgaver. I det hydrauliske system opn\u00e5r skovlcylinderen pr\u00e6cis kontrol over skovlen ved at bruge tryk\u00e6ndringer i hydraulikolien, hvilket giver operat\u00f8rer mulighed for effektivt at h\u00e5ndtere tunge belastninger og tilpasse sig komplekse arbejdsmilj\u00f8er og forskellige jobkrav.<\/p>\n<p><img decoding=\"async\" src=\"https:\/\/www.hydraulic-cylinders.net\/wp-content\/uploads\/2025\/01\/songte-company-2.webp\" alt=\"Billede af spandcylinder\"><\/p>\n<h2>Funktioner<\/h2>\n<ul>\n<li>H\u00f8j styrke og holdbarhed: Typisk fremstillet af h\u00f8jstyrkest\u00e5l eller aluminium, kan den modst\u00e5 h\u00f8jt tryk og tunge belastninger og tilpasse sig barske arbejdsmilj\u00f8er. Designhensynene omfatter ogs\u00e5 slidstyrke og korrosionsbestandighed, hvilket forl\u00e6nger dens levetid.<\/li>\n<li>Effektiv hydraulisk drift: Ved at udnytte trykket fra hydraulikolien opn\u00e5r den j\u00e6vne ud- og indtr\u00e6ksbev\u00e6gelser, reagerer hurtigt p\u00e5 kontrolkommandoer og leverer st\u00e6rke skubbe- og tr\u00e6kkr\u00e6fter, der er velegnede til h\u00e5ndtering af tunge belastninger og komplekse opgaver.<\/li>\n<li>Forskellige typer: Den f\u00e5s med enkeltvirkende (hydraulisk kun anvendt i \u00e9n retning) eller dobbeltvirkende (hydraulisk anvendt i begge retninger) cylindre, hvilket giver mulighed for forskellige driftskrav. Nogle modeller er teleskopiske, hvilket muligg\u00f8r st\u00f8rre udtr\u00e6k uden at \u00f8ge de udvendige dimensioner, hvilket g\u00f8r dem velegnede til applikationer med begr\u00e6nset plads.<\/li>\n<li>Perfekt udskiftning: Vores produkt kan perfekt erstatte disse hydrauliske cylindre.<\/li>\n<\/ul>\n<p><img decoding=\"async\" src=\"https:\/\/www.hydraulic-cylinders.net\/wp-content\/uploads\/2025\/01\/songte-cylinder-head-with-all-kinds-excavator-models.webp\" alt=\"Produktbillede\"><\/p>\n<h2>Applikationer<\/h2>\n<p>Skovlcylinderen finder sine anvendelser inden for forskellige omr\u00e5der:<\/p>\n<ul>\n<li>Entrepren\u00f8rudstyr: Det er afg\u00f8rende for gravemaskiner, da de bruges til at grave, l\u00e6sse og flytte jord eller affald. I rendegravere hj\u00e6lper skovlcylinderen med b\u00e5de at grave og l\u00f8fte.<\/li>\n<li>Landbrugsmaskiner: Bruges i frontl\u00e6ssere til at udgrave, l\u00f8fte og transportere jord, h\u00f8 og andre materialer.<\/li>\n<li>Gravemaskiner: Skovlcylinderen muligg\u00f8r gravefunktionen ved at lade skovlen tr\u00e6nge ned i jorden.<\/li>\n<li>L\u00e6ssere: Frontl\u00e6ssere hj\u00e6lper med at l\u00f8fte og vippe gods effektivt.<\/li>\n<\/ul>\n<h2>Designovervejelser og udv\u00e6lgelseskriterier<\/h2>\n<ul>\n<li>B\u00e6reevne: Cylinderen skal v\u00e6re konstrueret til effektivt at h\u00e5ndtere de tilsigtede belastninger og tryk.<\/li>\n<li>T\u00e6tning: Der anvendes forskellige t\u00e6tninger, s\u00e5som stempelt\u00e6tninger og stangt\u00e6tninger, lavet af slidst\u00e6rke materialer som polyurethan og nitrilgummi. Cylinderhuset og gevindendefladerne gennemg\u00e5r fin bearbejdning for at forbedre slidstyrken.<\/li>\n<li>Holdbarhed: Produktet er designet til at modst\u00e5 barske arbejdsforhold og give langvarig ydeevne.<\/li>\n<li>Sikkerhed: Sikkerhedshensyn er afg\u00f8rende i designet for at forhindre ulykker og sikre operat\u00f8rernes velbefindende.<\/li>\n<li>Vedligeholdelsesvenlighed: Cylinderen skal v\u00e6re konstrueret til nem vedligeholdelse og reparation, hvilket muligg\u00f8r hurtig og effektiv service.<\/li>\n<\/ul>\n<p><img decoding=\"async\" src=\"https:\/\/www.hydraulic-cylinders.net\/wp-content\/uploads\/2025\/01\/songte-oil-pipes-and-spare-parts.webp\" alt=\"Produktbillede\"><\/p>\n<h2>T\u00e6tning og sm\u00f8ring<\/h2>\n<p>Skovlcylinderen anvender forskellige typer t\u00e6tninger, s\u00e5som stempelt\u00e6tninger og stangt\u00e6tninger, lavet af slidst\u00e6rke materialer. Cylinderhuset og gevindfladerne gennemg\u00e5r fin bearbejdning for at forbedre slidstyrken. Den kr\u00e6ver periodisk sm\u00f8ring med en passende m\u00e6ngde hydraulikolie for j\u00e6vn drift.<\/p>\n<h2>Regelm\u00e6ssig inspektion og forebyggende vedligeholdelse<\/h2>\n<ul>\n<li>Inspicer regelm\u00e6ssigt cylinderen for tegn p\u00e5 slid, l\u00e6kage eller skader.<\/li>\n<li>S\u00f8rg for korrekt sm\u00f8ring af cylinderen, og udskift pakningerne om n\u00f8dvendigt.<\/li>\n<li>Udf\u00f8r kalibreringstjek for at opretholde optimal ydeevne.<\/li>\n<\/ul>\n<h2>Vejledning til korrekt produktinstallation<\/h2>\n<p>Korrekt installation af skovlcylinderen er afg\u00f8rende for dens ydeevne og levetid. F\u00f8lg disse retningslinjer:<\/p>\n<ul>\n<li>S\u00f8rg for korrekt justering af cylinderen under installationen.<\/li>\n<li>Brug passende monteringsbeslag til at fastg\u00f8re cylinderen.<\/li>\n<li>F\u00f8lg de anbefalede procedurer for inspektion, reparation og udskiftning.<\/li>\n<li>Giv tips og teknikker til at forl\u00e6nge cylinderens levetid.<\/li>\n<\/ul>\n<p><img decoding=\"async\" src=\"https:\/\/www.hydraulic-cylinders.net\/wp-content\/uploads\/2025\/01\/songte-chushion-collar.webp\" alt=\"Produktbillede\"><\/p>\n<h2>Sikkerhedshensyn og milj\u00f8faktorer<\/h2>\n<p>N\u00e5r man bruger skovlcylinderen, er det vigtigt at overholde sikkerhedsforanstaltninger for at forhindre ulykker og sikre operat\u00f8rernes sikkerhed. Milj\u00f8m\u00e6ssige faktorer b\u00f8r ogs\u00e5 tages i betragtning for at minimere enhver negativ p\u00e5virkning af omgivelserne.<\/p>\n<h2>Fejlfinding og almindelige problemer<\/h2>\n<p>Her er nogle almindelige problemer, der kan opst\u00e5 med skovlcylinderen:<\/p>\n<ul>\n<li>Problem 1: L\u00e6kage fra cylinderen<\/li>\n<li>Problem 2: Cylinderen tr\u00e6kkes ikke korrekt ud eller ind<\/li>\n<li>Problem 3: Unormale lyde under drift<\/li>\n<\/ul>\n<p>Giv tips til fejlfinding og l\u00f8sninger, der kan hj\u00e6lpe l\u00e6serne med effektivt at diagnosticere og l\u00f8se problemer. Foresl\u00e5 ogs\u00e5 forebyggende foranstaltninger for at minimere potentielle problemer.<\/p>\n<p><img decoding=\"async\" src=\"https:\/\/www.hydraulic-cylinders.net\/wp-content\/uploads\/2025\/01\/songte-bushings-with-all-kinds-of-excavator-models.webp\" alt=\"Produktbillede\"><\/p>\n<p>Husk at organisere artiklen logisk, bruge underoverskrifter for nem navigation, inkorporere relevante billeder eller diagrammer for at forbedre forst\u00e5elsen, og s\u00f8rg for, at indholdet er klart, pr\u00e6cist og egnet til l\u00e6sere med forskellige niveauer af teknisk viden.<\/p>\n<h2>Om vores virksomhed<\/h2>\n<p>Vi er producent af hydrauliske udskiftningscylindre og en af \u200b\u200bde f\u00f8rende producenter og grossister p\u00e5 det indenlandske og internationale marked. Vores virksomhed f\u00f8lger principperne om ekspertise og anvender industriel produktionsstyring baseret p\u00e5 fine produktionsv\u00e6rksteder. Vi forbedrer l\u00f8bende vores produktionsplatform, forbedrer produktionsruten for produktkvalitet og har st\u00e6rke kreative evner. Med principperne om h\u00f8j effektivitet, h\u00f8j pr\u00e6cision og h\u00f8j kvalitet im\u00f8dekommer vi vores kunders forskellige behov.<\/p>\n<p><img decoding=\"async\" src=\"https:\/\/www.hydraulic-cylinders.net\/wp-content\/uploads\/2025\/01\/songte-company-3.webp\" alt=\"Virksomhedens image\"><\/p>\n<h3>Vores virksomheds h\u00f8jdepunkter:<\/h3>\n<ul>\n<li>Professionalitet<\/li>\n<li>International certificering<\/li>\n<li>Tilpasningstjenester<\/li>\n<li>Produktionsudstyr<\/li>\n<li>Eftersalgsservice<\/li>\n<\/ul>\n<p>Forfatter: lyl<\/p>","protected":false},"excerpt":{"rendered":"<p>Bucket Cylinder For Liugong Small Excavator CLG906d Introduction The bucket cylinder is a specially designed hydraulic cylinder that is primarily used to control the movement of buckets in heavy machinery such as excavators, backhoe loaders, and front-end loaders. Its main function is to enable the lifting, lowering, and tilting of buckets, making it easier to [&hellip;]<\/p>","protected":false},"featured_media":14761,"comment_status":"open","ping_status":"closed","template":"","meta":{"_et_pb_use_builder":"","_et_pb_old_content":"","_et_gb_content_width":""},"product_brand":[],"product_cat":[1494],"product_tag":[1495,1496],"class_list":{"0":"post-15566","1":"product","2":"type-product","3":"status-publish","4":"has-post-thumbnail","6":"product_cat-bucket-cylinders","7":"product_tag-bucket-cylinders","8":"product_tag-hydraulic-cylinders","10":"first","11":"instock","12":"shipping-taxable","13":"product-type-simple"},"amp_enabled":true,"_links":{"self":[{"href":"https:\/\/www.hydraulic-cylinders.net\/da\/wp-json\/wp\/v2\/product\/15566","targetHints":{"allow":["GET"]}}],"collection":[{"href":"https:\/\/www.hydraulic-cylinders.net\/da\/wp-json\/wp\/v2\/product"}],"about":[{"href":"https:\/\/www.hydraulic-cylinders.net\/da\/wp-json\/wp\/v2\/types\/product"}],"replies":[{"embeddable":true,"href":"https:\/\/www.hydraulic-cylinders.net\/da\/wp-json\/wp\/v2\/comments?post=15566"}],"wp:featuredmedia":[{"embeddable":true,"href":"https:\/\/www.hydraulic-cylinders.net\/da\/wp-json\/wp\/v2\/media\/14761"}],"wp:attachment":[{"href":"https:\/\/www.hydraulic-cylinders.net\/da\/wp-json\/wp\/v2\/media?parent=15566"}],"wp:term":[{"taxonomy":"product_brand","embeddable":true,"href":"https:\/\/www.hydraulic-cylinders.net\/da\/wp-json\/wp\/v2\/product_brand?post=15566"},{"taxonomy":"product_cat","embeddable":true,"href":"https:\/\/www.hydraulic-cylinders.net\/da\/wp-json\/wp\/v2\/product_cat?post=15566"},{"taxonomy":"product_tag","embeddable":true,"href":"https:\/\/www.hydraulic-cylinders.net\/da\/wp-json\/wp\/v2\/product_tag?post=15566"}],"curies":[{"name":"wp","href":"https:\/\/api.w.org\/{rel}","templated":true}]}}