{"id":15573,"date":"2025-01-19T14:42:04","date_gmt":"2025-01-19T14:42:04","guid":{"rendered":"https:\/\/www.hydraulic-cylinders.net\/product\/bucket-cylinder-for-liugong-small-excavator-clg915e\/"},"modified":"2025-01-19T14:42:05","modified_gmt":"2025-01-19T14:42:05","slug":"bucket-cylinder-for-liugong-small-excavator-clg915e","status":"publish","type":"product","link":"https:\/\/www.hydraulic-cylinders.net\/da\/vare\/bucket-cylinder-for-liugong-small-excavator-clg915e\/","title":{"rendered":"Skovlcylinder til Liugong lille gravemaskine CLG915E"},"content":{"rendered":"<h2>Skovlcylinder til Liugong lille gravemaskine CLG915E<\/h2>\n<h3>Indledning<\/h3>\n<p>Skovlcylinderen til Liugong lille gravemaskine CLG915E er en specialdesignet hydraulisk cylinder, der prim\u00e6rt bruges til at styre skovlens bev\u00e6gelse i tunge maskiner s\u00e5som gravemaskiner, rendegravere og frontl\u00e6ssere. Dens hovedfunktion er at g\u00f8re det muligt for skovlen at l\u00f8fte, s\u00e6nke og vippe, hvilket g\u00f8r det lettere at h\u00e5ndtere forskellige materialeh\u00e5ndteringsopgaver. I det hydrauliske system opn\u00e5r skovlcylinderen pr\u00e6cis kontrol over skovlen ved at udnytte tryk\u00e6ndringerne i hydraulikolien, hvilket giver operat\u00f8rerne mulighed for effektivt at h\u00e5ndtere tunge belastninger og tilpasse sig komplekse arbejdsmilj\u00f8er og forskellige jobkrav.<\/p>\n<p><img decoding=\"async\" src=\"https:\/\/www.hydraulic-cylinders.net\/wp-content\/uploads\/2025\/01\/songte-company-2.webp\" alt=\"Billede af spandcylinder\"><\/p>\n<h3>Funktioner<\/h3>\n<ul>\n<li><b>H\u00f8j styrke og holdbarhed:<\/b> Skovlcylinderen, der typisk er lavet af h\u00f8jstyrkest\u00e5l eller aluminium, er i stand til at modst\u00e5 h\u00f8jt tryk og tunge belastninger og tilpasser sig barske arbejdsforhold. Dens design tager h\u00f8jde for slidstyrke og korrosionsbestandighed, hvilket forl\u00e6nger dens levetid.<\/li>\n<li><b>Effektiv hydraulisk drift:<\/b> Ved at udnytte trykket fra hydraulikolien opn\u00e5r skovlcylinderen j\u00e6vne ud- og indtr\u00e6ksbev\u00e6gelser, hvilket giver mulighed for hurtig reaktion p\u00e5 styrekommandoer og kraftige skubbe- og tr\u00e6kkr\u00e6fter, hvilket g\u00f8r den velegnet til h\u00e5ndtering af tunge belastninger og komplekse arbejdsopgaver.<\/li>\n<li><b>Alsidige typer:<\/b> Skovlcylinderen kan v\u00e6lges som enkeltvirkende (hydraulisk bruges kun i \u00e9n retning) eller dobbeltvirkende (hydraulisk bruges i begge retninger) cylindre for at im\u00f8dekomme forskellige driftsbehov. Nogle modeller er teleskopiske, hvilket giver mulighed for st\u00f8rre udtr\u00e6k uden at \u00f8ge de udvendige dimensioner, hvilket g\u00f8r dem velegnede til applikationer med begr\u00e6nset plads.<\/li>\n<li><b>Udskiftning af eksisterende cylindre:<\/b> Vores produkter kan perfekt erstatte disse hydrauliske cylindre.<\/li>\n<\/ul>\n<p><img decoding=\"async\" src=\"https:\/\/www.hydraulic-cylinders.net\/wp-content\/uploads\/2025\/01\/songte-cylinder-head-with-all-kinds-excavator-models.webp\" alt=\"Billede af udskiftning af cylinder\"><\/p>\n<h3>Applikationer<\/h3>\n<p>Skovlcylinderen finder sin anvendelse i forskellige udstyr:<\/p>\n<ul>\n<li><b>Entrepren\u00f8rudstyr:<\/b> I gravemaskiner er de afg\u00f8rende for udgravning, lastning og flytning af jord eller affald. I rendegravere hj\u00e6lper skovlcylinderen med b\u00e5de gravning og l\u00f8ft.<\/li>\n<li><b>Landbrugsmaskiner:<\/b> Anvendes i frontl\u00e6ssere til at opgrave, l\u00f8fte og transportere jord, h\u00f8 og andre materialer.<\/li>\n<li><b>Gravemaskiner:<\/b> Skovlcylinderen muligg\u00f8r gravehandlinger ved at lade skovlen tr\u00e6nge ned i jorden.<\/li>\n<li><b>L\u00e6ssere:<\/b> I frontl\u00e6ssere hj\u00e6lper de med effektivt at l\u00f8fte og losse last.<\/li>\n<\/ul>\n<h3>Designovervejelser og udv\u00e6lgelseskriterier<\/h3>\n<p>N\u00e5r det kommer til design af skovlcylindre, skal flere faktorer tages i betragtning:<\/p>\n<ul>\n<li><b>B\u00e6reevne:<\/b> Cylinderen skal kunne modst\u00e5 den n\u00f8dvendige belastning uden at svigte.<\/li>\n<li><b>Forsegling:<\/b> Korrekt valg af t\u00e6tningskomponenter, s\u00e5som stempelt\u00e6tninger og stangt\u00e6tninger, brug af slidst\u00e6rke materialer som polyurethan og nitrilgummi, og pr\u00e6cis overfladebehandling af cylinderhuse og gevindender for at forbedre slidstyrken.<\/li>\n<li><b>Holdbarhed:<\/b> Cylinderen skal v\u00e6re konstrueret til at modst\u00e5 driftsforholdene og give langvarig ydeevne.<\/li>\n<li><b>Sikkerhed:<\/b> Sikkerhedsfunktioner b\u00f8r indarbejdes i designet for at forhindre ulykker og sikre operat\u00f8rens beskyttelse.<\/li>\n<li><b>Vedligeholdelsesevne:<\/b> Der b\u00f8r tages hensyn til, hvordan man letter vedligeholdelse og reparation af cylinderen.<\/li>\n<\/ul>\n<p><img decoding=\"async\" src=\"https:\/\/www.hydraulic-cylinders.net\/wp-content\/uploads\/2025\/01\/songte-oil-pipes-and-spare-parts.webp\" alt=\"Billede af hydrauliske cylinderdele\"><\/p>\n<h3>T\u00e6tning og sm\u00f8ring<\/h3>\n<p>Skovlcylinderen anvender forskellige t\u00e6tningskomponenter, s\u00e5som stempelt\u00e6tninger og stangt\u00e6tninger, som er lavet af slidst\u00e6rke materialer som polyurethan og nitrilgummi. Cylinderhuset og gevindenderne gennemg\u00e5r en pr\u00e6cis overfladebehandling for at forbedre slidstyrken. Regelm\u00e6ssig sm\u00f8ring med den passende m\u00e6ngde hydraulikolie er n\u00f8dvendig for at sikre problemfri drift og lang levetid.<\/p>\n<h3>Regelm\u00e6ssig inspektion og forebyggende vedligeholdelse<\/h3>\n<p>For at sikre optimal ydeevne og levetid for skovlcylinderen b\u00f8r der tr\u00e6ffes regelm\u00e6ssige inspektions- og forebyggende vedligeholdelsesforanstaltninger:<\/p>\n<ul>\n<li>Inspicer og udskift slidte eller beskadigede pakninger og komponenter.<\/li>\n<li>Sm\u00f8r alle bev\u00e6gelige dele ordentligt.<\/li>\n<li>Kontroller og juster cylinderens justering under installationen.<\/li>\n<\/ul>\n<p><img decoding=\"async\" src=\"https:\/\/www.hydraulic-cylinders.net\/wp-content\/uploads\/2025\/01\/songte-chushion-collar.webp\" alt=\"Billede af cylinderinstallation\"><\/p>\n<h3>Sikkerhedshensyn og milj\u00f8faktorer<\/h3>\n<p>N\u00e5r man bruger skovlcylinderen, er det vigtigt at f\u00f8lge sikkerhedsforanstaltninger for at forhindre ulykker og sikre operat\u00f8rens sikkerhed. Milj\u00f8faktorer som temperatur og fugtighed kan ogs\u00e5 p\u00e5virke cylinderens ydeevne og b\u00f8r tages i betragtning.<\/p>\n<h3>Fejlfinding og almindelige problemer<\/h3>\n<p>Almindelige problemer, der kan opst\u00e5 med skovlcylindre, omfatter l\u00e6kage, utilstr\u00e6kkelig str\u00f8m og unormale lyde. Her er nogle tips til fejlfinding og l\u00f8sninger:<\/p>\n<ul>\n<li>Kontroller for synlige l\u00e6kager, og reparer eller udskift beskadigede pakninger.<\/li>\n<li>S\u00f8rg for, at det hydrauliske system har tilstr\u00e6kkeligt tryk og flow.<\/li>\n<li>Hvis der opst\u00e5r unormale lyde, skal du kontrollere for l\u00f8se eller beskadigede komponenter og stramme eller udskifte dem i overensstemmelse hermed.<\/li>\n<\/ul>\n<p><img decoding=\"async\" src=\"https:\/\/www.hydraulic-cylinders.net\/wp-content\/uploads\/2025\/01\/songte-bushings-with-all-kinds-of-excavator-models.webp\" alt=\"Billede af hydrauliske cylinderb\u00f8sninger\"><\/p>\n<p>Regelm\u00e6ssig vedligeholdelse og forebyggende foranstaltninger kan hj\u00e6lpe med at diagnosticere og l\u00f8se problemer effektivt, samt minimere potentielle problemer.<\/p>\n<h3>Om vores virksomhed<\/h3>\n<p>Vi er producent af hydrauliske udskiftningscylindre og tilbyder en bred vifte af produkter. Som en af \u200b\u200bde f\u00f8rende producenter og engrosdistribut\u00f8rer af hydrauliske cylindre p\u00e5 det indenlandske og internationale marked, overholder vi principperne om ekspertise og s\u00e6tter vores lid til industrialiserede produktionsstyringsstrategier i vores raffinerede produktionsv\u00e6rksteder. Ved at udnytte teknologiske talenter, avanceret digitalt produktionsudstyr og professionelle testsystemer forbedrer vi l\u00f8bende vores produktionsplatform og produktkvalitetsproduktionsruter. Vores virksomhed besidder st\u00e6rke kreative evner og sigter mod at im\u00f8dekomme forskellige kundebehov med h\u00f8j effektivitet, pr\u00e6cision og kvalitet.<\/p>\n<p><img decoding=\"async\" src=\"https:\/\/www.hydraulic-cylinders.net\/wp-content\/uploads\/2025\/01\/songte-company-3.webp\" alt=\"Virksomhedens image\"><\/p>\n<p>Vi er stolte af vores professionalisme, internationale certificeringer, skr\u00e6ddersyede tjenester, produktionsudstyr og eftersalgsservice.<\/p>\n<p>Forfatter: lyl<\/p>","protected":false},"excerpt":{"rendered":"<p>Bucket Cylinder For Liugong Small Excavator CLG915E Introduction The bucket cylinder for Liugong small excavator CLG915E is a specially designed hydraulic cylinder that is primarily used to control the movement of the bucket in heavy machinery such as excavators, backhoe loaders, and front-end loaders. Its main function is to enable the bucket to lift, lower, [&hellip;]<\/p>","protected":false},"featured_media":14780,"comment_status":"open","ping_status":"closed","template":"","meta":{"_et_pb_use_builder":"","_et_pb_old_content":"","_et_gb_content_width":""},"product_brand":[],"product_cat":[1494],"product_tag":[1495,1496],"class_list":{"0":"post-15573","1":"product","2":"type-product","3":"status-publish","4":"has-post-thumbnail","6":"product_cat-bucket-cylinders","7":"product_tag-bucket-cylinders","8":"product_tag-hydraulic-cylinders","10":"first","11":"instock","12":"shipping-taxable","13":"product-type-simple"},"amp_enabled":true,"_links":{"self":[{"href":"https:\/\/www.hydraulic-cylinders.net\/da\/wp-json\/wp\/v2\/product\/15573","targetHints":{"allow":["GET"]}}],"collection":[{"href":"https:\/\/www.hydraulic-cylinders.net\/da\/wp-json\/wp\/v2\/product"}],"about":[{"href":"https:\/\/www.hydraulic-cylinders.net\/da\/wp-json\/wp\/v2\/types\/product"}],"replies":[{"embeddable":true,"href":"https:\/\/www.hydraulic-cylinders.net\/da\/wp-json\/wp\/v2\/comments?post=15573"}],"wp:featuredmedia":[{"embeddable":true,"href":"https:\/\/www.hydraulic-cylinders.net\/da\/wp-json\/wp\/v2\/media\/14780"}],"wp:attachment":[{"href":"https:\/\/www.hydraulic-cylinders.net\/da\/wp-json\/wp\/v2\/media?parent=15573"}],"wp:term":[{"taxonomy":"product_brand","embeddable":true,"href":"https:\/\/www.hydraulic-cylinders.net\/da\/wp-json\/wp\/v2\/product_brand?post=15573"},{"taxonomy":"product_cat","embeddable":true,"href":"https:\/\/www.hydraulic-cylinders.net\/da\/wp-json\/wp\/v2\/product_cat?post=15573"},{"taxonomy":"product_tag","embeddable":true,"href":"https:\/\/www.hydraulic-cylinders.net\/da\/wp-json\/wp\/v2\/product_tag?post=15573"}],"curies":[{"name":"wp","href":"https:\/\/api.w.org\/{rel}","templated":true}]}}