{"id":15582,"date":"2025-01-19T14:42:40","date_gmt":"2025-01-19T14:42:40","guid":{"rendered":"https:\/\/www.hydraulic-cylinders.net\/product\/bucket-cylinder-for-liugong-middle-excavator-clg992d-992e\/"},"modified":"2025-01-19T14:42:41","modified_gmt":"2025-01-19T14:42:41","slug":"bucket-cylinder-for-liugong-middle-excavator-clg992d-992e","status":"publish","type":"product","link":"https:\/\/www.hydraulic-cylinders.net\/da\/vare\/bucket-cylinder-for-liugong-middle-excavator-clg992d-992e\/","title":{"rendered":"Skovlcylinder til Liugong mellemgraver CLG992D\/992E"},"content":{"rendered":"<h1>Skovlcylinder til Liugong mellemgraver CLG992D\/992E<\/h1>\n<h2>Indledning<\/h2>\n<p>Skovlcylinderen er en specialdesignet hydraulisk cylinder, der bruges til at styre skovlens bev\u00e6gelse i tunge maskiner s\u00e5som gravemaskiner, rendegravere og frontl\u00e6ssere. Dens hovedfunktion er at muligg\u00f8re l\u00f8ft, s\u00e6nkning og vipning af skovlen, hvilket g\u00f8r den praktisk til forskellige materialeh\u00e5ndteringsopgaver. I det hydrauliske system opn\u00e5r skovlcylinderen pr\u00e6cis kontrol over skovlen gennem \u00e6ndringer i hydraulikolietrykket, hvilket giver f\u00f8reren mulighed for effektivt at h\u00e5ndtere tunge l\u00e6s og tilpasse sig komplekse arbejdsmilj\u00f8er og forskellige driftskrav.<\/p>\n<p><img decoding=\"async\" src=\"https:\/\/www.hydraulic-cylinders.net\/wp-content\/uploads\/2025\/01\/songte-company-2.webp\"><\/p>\n<h2>Funktioner<\/h2>\n<ul>\n<li>H\u00f8j styrke og holdbarhed: Skovlcylinderen, der typisk er lavet af h\u00f8jstyrkest\u00e5l eller aluminium, kan modst\u00e5 h\u00f8jt tryk og tunge belastninger og tilpasse sig barske arbejdsforhold. Designet tager h\u00f8jde for slidstyrke og korrosionsbestandighed for at forl\u00e6nge dens levetid.<\/li>\n<li>Effektiv hydraulisk drift: Ved at udnytte hydraulikolietrykket opn\u00e5r skovlcylinderen j\u00e6vn ud- og indtr\u00e6kning, hvilket giver mulighed for hurtig reaktion p\u00e5 styrekommandoer og giver kraftige skubbe- og tr\u00e6kkr\u00e6fter, der er velegnede til h\u00e5ndtering af tunge belastninger og komplekse opgaver.<\/li>\n<li>Forskellige typer: Skovlcylinderen kan v\u00e6lges som enkeltvirkende (hydraulisk tryk anvendes kun i \u00e9n retning) eller dobbeltvirkende (hydraulisk tryk anvendes i begge retninger) cylindre baseret p\u00e5 de operationelle krav. Nogle modeller er teleskopiske, hvilket giver mulighed for st\u00f8rre udtr\u00e6k uden at \u00f8ge de udvendige dimensioner, og er velegnede til applikationer med begr\u00e6nset plads.<\/li>\n<li>Perfekt udskiftning: Vores produkter kan perfekt erstatte disse hydrauliske cylindre.<\/li>\n<\/ul>\n<p><img decoding=\"async\" src=\"https:\/\/www.hydraulic-cylinders.net\/wp-content\/uploads\/2025\/01\/songte-cylinder-head-with-all-kinds-excavator-models.webp\"><\/p>\n<h2>Applikationer<\/h2>\n<p>Skovlcylinderen finder anvendelse i forskellige brancher og udstyr:<\/p>\n<ul>\n<li>Entrepren\u00f8rudstyr: I gravemaskiner er de afg\u00f8rende for at grave, l\u00e6sse og flytte jord eller affald. I rendegravere hj\u00e6lper skovlcylinderen med b\u00e5de at grave og l\u00f8fte.<\/li>\n<li>Landbrugsmaskiner: Bruges i frontl\u00e6ssere til at udgrave, l\u00f8fte og transportere jord, h\u00f8 og andre materialer.<\/li>\n<li>Gravemaskiner: Skovlcylinderen muligg\u00f8r gravehandlinger ved at lade skovlen tr\u00e6nge ned i jorden.<\/li>\n<li>L\u00e6ssere: Frontl\u00e6ssere hj\u00e6lper med effektiv l\u00f8ft og t\u00f8mning af gods.<\/li>\n<\/ul>\n<h2>Designovervejelser og udv\u00e6lgelseskriterier<\/h2>\n<ul>\n<li>B\u00e6reevne: Skovlcylinderen er designet til at modst\u00e5 den n\u00f8dvendige belastning og det n\u00f8dvendige tryk baseret p\u00e5 den specifikke anvendelse.<\/li>\n<li>T\u00e6tning: Forskellige t\u00e6tninger, s\u00e5som stempelt\u00e6tninger og stangt\u00e6tninger, bruges til at forhindre l\u00e6kage og sikre cylinderens ydeevne. Disse t\u00e6tninger er lavet af slidst\u00e6rke materialer s\u00e5som polyurethan og nitrilgummi.<\/li>\n<li>Holdbarhed: Cylinderhuset og gevindenderne gennemg\u00e5r en pr\u00e6cis behandling for at forbedre slidstyrken.<\/li>\n<li>Sikkerhed: Der tages hensyn til sikker drift af skovlcylinderen og dermed minimeres potentielle risici.<\/li>\n<li>Vedligeholdelsesvenlighed: Designet muligg\u00f8r nem vedligeholdelse og reparation, hvilket reducerer nedetid.<\/li>\n<\/ul>\n<p><img decoding=\"async\" src=\"https:\/\/www.hydraulic-cylinders.net\/wp-content\/uploads\/2025\/01\/songte-oil-pipes-and-spare-parts.webp\"><\/p>\n<h2>T\u00e6tning og sm\u00f8ring<\/h2>\n<p>Skovlcylinderen anvender forskellige t\u00e6tningskomponenter, s\u00e5som stempelt\u00e6tninger og stangt\u00e6tninger, lavet af slidst\u00e6rke materialer som polyurethan og nitrilgummi. Cylinderhuset og gevindenderne er fint behandlet for at forbedre slidstyrken. Regelm\u00e6ssig sm\u00f8ring med passende hydraulikolie er n\u00f8dvendig for at sikre problemfri drift.<\/p>\n<h2>Regelm\u00e6ssig inspektion og forebyggende vedligeholdelse<\/h2>\n<ul>\n<li>Inspicer regelm\u00e6ssigt skovlcylinderen for tegn p\u00e5 slid, skader eller l\u00e6kage.<\/li>\n<li>S\u00f8rg for korrekt sm\u00f8ring i henhold til producentens anvisninger.<\/li>\n<li>Udskift pakningerne efter behov for at opretholde optimal ydeevne.<\/li>\n<li>Udf\u00f8r kalibreringskontroller for at sikre n\u00f8jagtig drift.<\/li>\n<\/ul>\n<h2>Korrekt installationsvejledning<\/h2>\n<p>F\u00f8lg disse retningslinjer, n\u00e5r du monterer skovlcylinderen:<\/p>\n<ul>\n<li>S\u00f8rg for korrekt justering af cylinderen.<\/li>\n<li>Brug passende monteringsbeslag til at fastg\u00f8re cylinderen.<\/li>\n<li>F\u00f8lg de anbefalede procedurer for inspektion, reparation og udskiftning.<\/li>\n<li>Tilbyd ombygningstjenester og reservedele for at forl\u00e6nge spandcylinderens levetid.<\/li>\n<\/ul>\n<p><img decoding=\"async\" src=\"https:\/\/www.hydraulic-cylinders.net\/wp-content\/uploads\/2025\/01\/songte-chushion-collar.webp\"><\/p>\n<h2>Sikkerhedshensyn og milj\u00f8faktorer<\/h2>\n<p>N\u00e5r man bruger skovlcylinderen, er det vigtigt at f\u00f8lge sikkerhedsforanstaltninger for at forhindre ulykker. Milj\u00f8faktorer b\u00f8r ogs\u00e5 tages i betragtning for at sikre cylinderens optimale ydeevne og levetid.<\/p>\n<h2>Fejldiagnose og almindelige problemer<\/h2>\n<p>Almindelige problemer og fejlfindingsmetoder relateret til skovlcylinderen:<\/p>\n<ul>\n<li>Identificer problemet gennem omhyggelig diagnose og observation.<\/li>\n<li>Giv tips og l\u00f8sninger til effektiv problemdiagnose og -l\u00f8sning.<\/li>\n<li>Foresl\u00e5 forebyggende foranstaltninger for at minimere potentielle problemer.<\/li>\n<\/ul>\n<p><img decoding=\"async\" src=\"https:\/\/www.hydraulic-cylinders.net\/wp-content\/uploads\/2025\/01\/songte-bushings-with-all-kinds-of-excavator-models.webp\"><\/p>\n<p>Husk at organisere artiklen logisk, bruge underoverskrifter for nem navigation, inkorporere relevante billeder eller diagrammer for forbedret forst\u00e5else, og s\u00f8rg for, at indholdet er klart, pr\u00e6cist og egnet til l\u00e6sere med varierende tekniske vidensniveauer.<\/p>\n<h2>Om vores virksomhed<\/h2>\n<p>Vi er producent af hydrauliske udskiftningscylindre og en af \u200b\u200bde f\u00f8rende producenter og grossister p\u00e5 det indenlandske og internationale marked. Vores produktsortiment er omfattende, og vi f\u00f8lger en produktionsstyringsstrategi, der l\u00e6gger v\u00e6gt p\u00e5 fremragende kvalitet og er baseret p\u00e5 industrialiseringen af \u200b\u200bvores sofistikerede produktionsv\u00e6rksted. Med vores tekniske ekspertise, avancerede digitale produktionsudstyr og professionelle testsystemer forbedrer vi l\u00f8bende vores produktionsplatform for at producere produkter af h\u00f8j kvalitet og im\u00f8dekomme vores kunders forskellige behov.<\/p>\n<p><img decoding=\"async\" src=\"https:\/\/hzpt.com\/wp-content\/uploads\/2024\/11\/songte-company-1.webp\"><\/p>\n<p>Derudover er vi stolte af vores professionalisme, internationale certificeringer, skr\u00e6ddersyede tjenester, produktionsudstyr og eftersalgsservice.<\/p>\n<p><img decoding=\"async\" src=\"https:\/\/www.hydraulic-cylinders.net\/wp-content\/uploads\/2025\/01\/songte-company-3.webp\"><\/p>\n<p>Forfatter: lyl<\/p>","protected":false},"excerpt":{"rendered":"<p>Bucket Cylinder For Liugong Middle Excavator CLG992D\/992E Introduction The bucket cylinder is a specially designed hydraulic cylinder used to control the movement of the bucket in heavy machinery such as excavators, backhoe loaders, and front-end loaders. Its main function is to enable the lifting, lowering, and tilting of the bucket, making it convenient for various [&hellip;]<\/p>","protected":false},"featured_media":14789,"comment_status":"open","ping_status":"closed","template":"","meta":{"_et_pb_use_builder":"","_et_pb_old_content":"","_et_gb_content_width":""},"product_brand":[],"product_cat":[1494],"product_tag":[1495,1496],"class_list":{"0":"post-15582","1":"product","2":"type-product","3":"status-publish","4":"has-post-thumbnail","6":"product_cat-bucket-cylinders","7":"product_tag-bucket-cylinders","8":"product_tag-hydraulic-cylinders","10":"first","11":"instock","12":"shipping-taxable","13":"product-type-simple"},"amp_enabled":true,"_links":{"self":[{"href":"https:\/\/www.hydraulic-cylinders.net\/da\/wp-json\/wp\/v2\/product\/15582","targetHints":{"allow":["GET"]}}],"collection":[{"href":"https:\/\/www.hydraulic-cylinders.net\/da\/wp-json\/wp\/v2\/product"}],"about":[{"href":"https:\/\/www.hydraulic-cylinders.net\/da\/wp-json\/wp\/v2\/types\/product"}],"replies":[{"embeddable":true,"href":"https:\/\/www.hydraulic-cylinders.net\/da\/wp-json\/wp\/v2\/comments?post=15582"}],"wp:featuredmedia":[{"embeddable":true,"href":"https:\/\/www.hydraulic-cylinders.net\/da\/wp-json\/wp\/v2\/media\/14789"}],"wp:attachment":[{"href":"https:\/\/www.hydraulic-cylinders.net\/da\/wp-json\/wp\/v2\/media?parent=15582"}],"wp:term":[{"taxonomy":"product_brand","embeddable":true,"href":"https:\/\/www.hydraulic-cylinders.net\/da\/wp-json\/wp\/v2\/product_brand?post=15582"},{"taxonomy":"product_cat","embeddable":true,"href":"https:\/\/www.hydraulic-cylinders.net\/da\/wp-json\/wp\/v2\/product_cat?post=15582"},{"taxonomy":"product_tag","embeddable":true,"href":"https:\/\/www.hydraulic-cylinders.net\/da\/wp-json\/wp\/v2\/product_tag?post=15582"}],"curies":[{"name":"wp","href":"https:\/\/api.w.org\/{rel}","templated":true}]}}