{"id":15583,"date":"2025-01-19T14:42:43","date_gmt":"2025-01-19T14:42:43","guid":{"rendered":"https:\/\/www.hydraulic-cylinders.net\/product\/bucket-cylinder-for-liugong-middle-excavator-clg925lc-925ll\/"},"modified":"2025-01-19T14:42:45","modified_gmt":"2025-01-19T14:42:45","slug":"bucket-cylinder-for-liugong-middle-excavator-clg925lc-925ll","status":"publish","type":"product","link":"https:\/\/www.hydraulic-cylinders.net\/da\/vare\/bucket-cylinder-for-liugong-middle-excavator-clg925lc-925ll\/","title":{"rendered":"Skovlcylinder til Liugong mellemgraver CLG925LC\/925LL"},"content":{"rendered":"<h1>Skovlcylinder til Liugong mellemgraver CLG925LC\/925LL<\/h1>\n<h2>Indledning<\/h2>\n<h3>Definition af spandcylinder<\/h3>\n<p>En skovlcylinder er en specialdesignet hydraulisk cylinder, der bruges til at styre bev\u00e6gelsen af \u200b\u200bskovle i tunge maskiner s\u00e5som gravemaskiner, rendegravere og frontl\u00e6ssere. Dens hovedfunktion er at g\u00f8re det muligt for skovlen at l\u00f8fte, s\u00e6nke og vippe, hvilket g\u00f8r det lettere at h\u00e5ndtere forskellige materialeh\u00e5ndteringsopgaver. I det hydrauliske system opn\u00e5r skovlcylinderen pr\u00e6cis kontrol over skovlen gennem \u00e6ndringer i hydraulikolietrykket, hvilket giver operat\u00f8rer mulighed for effektivt at h\u00e5ndtere tunge l\u00e6s, tilpasse sig komplekse arbejdsmilj\u00f8er og forskellige jobkrav.<\/p>\n<p><img decoding=\"async\" src=\"https:\/\/www.hydraulic-cylinders.net\/wp-content\/uploads\/2025\/01\/songte-company-2.webp\"\/><\/p>\n<h3>Funktioner<\/h3>\n<ul>\n<li><strong>H\u00f8j styrke og holdbarhed:<\/strong> Typisk fremstillet af h\u00f8jstyrkest\u00e5l eller aluminium, i stand til at modst\u00e5 h\u00f8jt tryk og tunge belastninger, tilpasningsdygtig til barske arbejdsmilj\u00f8er, designet med slidstyrke og korrosionsbestandighed i tankerne for at forl\u00e6nge levetiden.<\/li>\n<li><strong>Effektiv hydraulisk drift:<\/strong> Udnytter hydraulisk olietryk til at opn\u00e5 j\u00e6vn ud- og indtr\u00e6kning, er i stand til at reagere hurtigt p\u00e5 kontrolkommandoer, giver kraftig skubbe- og tr\u00e6kkraft, velegnet til h\u00e5ndtering af tunge belastninger og komplekse opgaver.<\/li>\n<li><strong>Forskellige typer:<\/strong> Man kan v\u00e6lge enkeltvirkende (kun hydraulik i \u00e9n retning) eller dobbeltvirkende (hydraulik i to retninger) cylindre efter behov for at opfylde forskellige driftskrav. Nogle modeller er teleskopiske, hvilket giver mulighed for st\u00f8rre udtr\u00e6k uden at \u00f8ge de ydre dimensioner og er velegnede til applikationer med begr\u00e6nset plads.<\/li>\n<li><strong>Udskiftning tilg\u00e6ngelig:<\/strong> Vores produkt kan perfekt erstatte disse hydrauliske cylindre.<\/li>\n<\/ul>\n<p><img decoding=\"async\" src=\"https:\/\/www.hydraulic-cylinders.net\/wp-content\/uploads\/2025\/01\/songte-cylinder-head-with-all-kinds-excavator-models.webp\"\/><\/p>\n<h2>Anvendelse<\/h2>\n<p><strong>Entrepren\u00f8rudstyr:<\/strong> De findes i gravemaskiner og er afg\u00f8rende for at grave, l\u00e6sse og flytte jord eller affald. I rendegravere hj\u00e6lper skovlcylindre med b\u00e5de at grave og l\u00f8fte. Landbrugsmaskiner: Bruges til frontl\u00e6ssere, hvor de skovler, l\u00f8fter og transporterer jord, h\u00f8 og andre materialer. Gravemaskiner: Skovlcylindre muligg\u00f8r gravehandlinger ved at lade skovlen tr\u00e6nge ned i jorden. L\u00e6ssemaskiner: I frontl\u00e6ssere hj\u00e6lper de med at l\u00f8fte og vippe gods effektivt.<\/p>\n<h2>Designovervejelser og udv\u00e6lgelseskriterier<\/h2>\n<h3>Vigtige overvejelser<\/h3>\n<ul>\n<li><strong>B\u00e6reevne:<\/strong> Cylinderen skal v\u00e6re konstrueret til at kunne modst\u00e5 en bestemt belastning uden at svigte.<\/li>\n<li><strong>Forsegling:<\/strong> Cylinderen skal v\u00e6re ordentligt t\u00e6tnet for at forhindre, at hydraulikolien l\u00e6kker fra cylinderen.<\/li>\n<li><strong>Holdbarhed:<\/strong> Cylinderen skal v\u00e6re holdbar nok til at modst\u00e5 de barske arbejdsmilj\u00f8er, den kan blive udsat for.<\/li>\n<li><strong>Sikkerhed:<\/strong> Cylinderen skal designes med sikkerhed i tankerne for at forhindre ulykker.<\/li>\n<li><strong>Vedligeholdelsesevne:<\/strong> Cylinderen skal v\u00e6re let at vedligeholde for regelm\u00e6ssig vedligeholdelse.<\/li>\n<\/ul>\n<p><img decoding=\"async\" src=\"https:\/\/www.hydraulic-cylinders.net\/wp-content\/uploads\/2025\/01\/songte-oil-pipes-and-spare-parts.webp\"\/><\/p>\n<h3>T\u00e6tning og sm\u00f8ring<\/h3>\n<p>Forskellige t\u00e6tningselementer s\u00e5som stempelt\u00e6tninger, stangt\u00e6tninger osv. anvendes i skovlcylindre, hvor t\u00e6tningselementerne er lavet af slidst\u00e6rke materialer som polyurethan, nitrilgummi osv. Cylinderhuset og gevindenden har gennemg\u00e5et en fin overfladebehandling for at forbedre slidstyrken. Regelm\u00e6ssig p\u00e5fyldning af hydraulikolie er n\u00f8dvendig for at sm\u00f8re cylinderen og sikre en problemfri drift.<\/p>\n<h2>Vedligeholdelse og fejlfinding<\/h2>\n<h3>Regelm\u00e6ssig inspektion og forebyggende vedligeholdelse<\/h3>\n<p>Regelm\u00e6ssig inspektion og vedligeholdelse af cylinderen er afg\u00f8rende for at forl\u00e6nge cylinderens levetid. Almindelige vedligeholdelsesopgaver omfatter regelm\u00e6ssig sm\u00f8ring, udskiftning af pakninger og kalibreringskontroller. Korrekt installation er vigtig, og det anbefales at bruge passende monteringsbeslag til at fastg\u00f8re cylinderen. Anbefalede inspektions-, reparations- og udskiftningsprocedurer kan bidrage til at forl\u00e6nge cylinderens levetid.<\/p>\n<p><img decoding=\"async\" src=\"https:\/\/www.hydraulic-cylinders.net\/wp-content\/uploads\/2025\/01\/songte-chushion-collar.webp\"\/><\/p>\n<h3>Sikkerhedshensyn<\/h3>\n<p>Sikkerhedsforanstaltninger er vigtige ved brug af hydrauliske cylindre. Det er vigtigt at f\u00f8lge korrekte installationsprocedurer og bruge passende personlige v\u00e6rnemidler ved h\u00e5ndtering af cylindre.<\/p>\n<h3>Fejlfinding<\/h3>\n<p>Almindelige problemer med skovlcylindre omfatter l\u00e6kager, skader p\u00e5 cylinderhuset og funktionsfejl i hydraulikken. Det er vigtigt at identificere kilden til problemet og tr\u00e6ffe passende korrigerende foranstaltninger.<\/p>\n<p><img decoding=\"async\" src=\"https:\/\/www.hydraulic-cylinders.net\/wp-content\/uploads\/2025\/01\/songte-bushings-with-all-kinds-of-excavator-models.webp\"\/><\/p>\n<h2>Om vores virksomhed<\/h2>\n<p>Vi er en producent af hydrauliske udskiftningscylindre med et komplet produktsortiment. Vi er blevet en af \u200b\u200bde f\u00f8rende producenter og engrosdistribut\u00f8rer af hydrauliske cylindre p\u00e5 b\u00e5de indenlandske og internationale markeder. Vi f\u00f8lger en politik om fremragende kvalitet og bygger p\u00e5 den industrielle produktionsstyringsstrategi, der anvendes i raffinerede v\u00e6rksteder. Vi forbedrer konstant v\u00e6rkstedets produktionsplatform, forfiner produktionsruten for produktkvalitet og har st\u00e6rke kreative evner. Med principperne om effektivitet, n\u00f8jagtighed og h\u00f8j kvalitet kan vi im\u00f8dekomme kundernes forskellige behov.<\/p>\n<h3>Professionalitet<\/h3>\n<p>Vi har etableret et team af yderst professionelt og erfarent teknisk personale, som g\u00f8r det muligt for os at levere professionelle og skr\u00e6ddersyede tjenester, der im\u00f8dekommer vores kunders forskellige behov.<\/p>\n<h3>International certificering<\/h3>\n<p>Vi har opn\u00e5et internationale certificeringer s\u00e5som ISO9001, CE og TUV-certificering, hvilket sikrer, at vores produkter lever op til de h\u00f8jeste internationale standarder.<\/p>\n<h3>Tilpasningstjenester<\/h3>\n<p>Vi tilbyder skr\u00e6ddersyede tjenester for at im\u00f8dekomme vores kunders specifikke behov, s\u00e5som tilpasning af cylinderst\u00f8rrelse, form og materiale i henhold til kundens krav.<\/p>\n<h3>Produktionsudstyr<\/h3>\n<p>Vi bruger avanceret produktionsudstyr og teknologi for at sikre kvaliteten og holdbarheden af \u200b\u200bvores hydrauliske cylindre.<\/p>\n<h3>Eftersalgsservice<\/h3>\n<p>Vi tilbyder fremragende eftersalgsservice s\u00e5som reparation, udskiftning og ombygning for at sikre vores produkters langsigtede ydeevne.<\/p>\n<p><img decoding=\"async\" src=\"https:\/\/hzpt.com\/wp-content\/uploads\/2024\/11\/songte-company-1.webp\"\/><\/p>\n<p>Forfatter: lyl<\/p>","protected":false},"excerpt":{"rendered":"<p>Bucket Cylinder For Liugong Middle Excavator CLG925LC\/925LL Introduction Defining Bucket Cylinder A bucket cylinder is a specially designed hydraulic cylinder used to control the movement of buckets in heavy machinery such as excavators, backhoe loaders, and front-end loaders. Its main function is to enable the bucket to lift, lower, and tilt, making it easier to [&hellip;]<\/p>","protected":false},"featured_media":14788,"comment_status":"open","ping_status":"closed","template":"","meta":{"_et_pb_use_builder":"","_et_pb_old_content":"","_et_gb_content_width":""},"product_brand":[],"product_cat":[1494],"product_tag":[1495,1496],"class_list":{"0":"post-15583","1":"product","2":"type-product","3":"status-publish","4":"has-post-thumbnail","6":"product_cat-bucket-cylinders","7":"product_tag-bucket-cylinders","8":"product_tag-hydraulic-cylinders","10":"first","11":"instock","12":"shipping-taxable","13":"product-type-simple"},"amp_enabled":true,"_links":{"self":[{"href":"https:\/\/www.hydraulic-cylinders.net\/da\/wp-json\/wp\/v2\/product\/15583","targetHints":{"allow":["GET"]}}],"collection":[{"href":"https:\/\/www.hydraulic-cylinders.net\/da\/wp-json\/wp\/v2\/product"}],"about":[{"href":"https:\/\/www.hydraulic-cylinders.net\/da\/wp-json\/wp\/v2\/types\/product"}],"replies":[{"embeddable":true,"href":"https:\/\/www.hydraulic-cylinders.net\/da\/wp-json\/wp\/v2\/comments?post=15583"}],"wp:featuredmedia":[{"embeddable":true,"href":"https:\/\/www.hydraulic-cylinders.net\/da\/wp-json\/wp\/v2\/media\/14788"}],"wp:attachment":[{"href":"https:\/\/www.hydraulic-cylinders.net\/da\/wp-json\/wp\/v2\/media?parent=15583"}],"wp:term":[{"taxonomy":"product_brand","embeddable":true,"href":"https:\/\/www.hydraulic-cylinders.net\/da\/wp-json\/wp\/v2\/product_brand?post=15583"},{"taxonomy":"product_cat","embeddable":true,"href":"https:\/\/www.hydraulic-cylinders.net\/da\/wp-json\/wp\/v2\/product_cat?post=15583"},{"taxonomy":"product_tag","embeddable":true,"href":"https:\/\/www.hydraulic-cylinders.net\/da\/wp-json\/wp\/v2\/product_tag?post=15583"}],"curies":[{"name":"wp","href":"https:\/\/api.w.org\/{rel}","templated":true}]}}