{"id":15592,"date":"2025-01-19T14:43:25","date_gmt":"2025-01-19T14:43:25","guid":{"rendered":"https:\/\/www.hydraulic-cylinders.net\/product\/bucket-cylinder-for-xgma-small-excavator-xg809e\/"},"modified":"2025-01-19T14:43:27","modified_gmt":"2025-01-19T14:43:27","slug":"bucket-cylinder-for-xgma-small-excavator-xg809e","status":"publish","type":"product","link":"https:\/\/www.hydraulic-cylinders.net\/da\/vare\/bucket-cylinder-for-xgma-small-excavator-xg809e\/","title":{"rendered":"Skovlcylinder til XGMA lille gravemaskine XG809E"},"content":{"rendered":"<h1>Skovlcylinder til XGMA lille gravemaskine XG809E<\/h1>\n<h2>Indledning<\/h2>\n<p>En skovlcylinder er en specialdesignet hydraulisk cylinder, der prim\u00e6rt bruges til at styre bev\u00e6gelsen af \u200b\u200bskovle i tunge maskiner s\u00e5som gravemaskiner, rendegravere og frontl\u00e6ssere. Dens hovedfunktion er at give skovlen mulighed for at l\u00f8fte, s\u00e6nke og vippe, hvilket g\u00f8r det lettere at h\u00e5ndtere forskellige materialeh\u00e5ndteringsopgaver. I det hydrauliske system opn\u00e5r skovlcylinderen pr\u00e6cis kontrol over skovlen gennem \u00e6ndringer i hydraulikolietrykket, hvilket g\u00f8r det muligt for f\u00f8reren effektivt at h\u00e5ndtere tunge l\u00e6s, tilpasse sig komplekse arbejdsmilj\u00f8er og forskellige driftskrav.<\/p>\n<p><img decoding=\"async\" src=\"https:\/\/www.hydraulic-cylinders.net\/wp-content\/uploads\/2025\/01\/songte-company-2.webp\" alt=\"billede af spandcylinder\"><\/p>\n<h2>Funktioner<\/h2>\n<ul>\n<li>H\u00f8j styrke og holdbarhed: Typisk lavet af h\u00f8jstyrkest\u00e5l eller aluminium, i stand til at modst\u00e5 h\u00f8jt tryk og tunge belastninger, og designet til at tage hensyn til slidstyrke og korrosionsbestandighed, hvilket forl\u00e6nger levetiden.<\/li>\n<li>Effektiv hydraulisk drift: Brug af hydraulikolietrykket til at opn\u00e5 j\u00e6vn ud- og indtr\u00e6kning, i stand til at reagere hurtigt p\u00e5 styrekommandoer, give st\u00e6rk skubbe- og tr\u00e6kkraft, velegnet til h\u00e5ndtering af tunge belastninger og komplekse operationer.<\/li>\n<li>Forskellige typer: Enkeltvirkende (hydraulisk anvendt kun i \u00e9n retning) eller dobbeltvirkende (hydraulisk anvendt i begge retninger) cylindre kan v\u00e6lges efter behov for at opfylde forskellige driftskrav. Nogle modeller er teleskopiske, hvilket giver mulighed for st\u00f8rre udtr\u00e6k uden at \u00f8ge de udvendige dimensioner, velegnede til applikationer med begr\u00e6nset plads.<\/li>\n<li>Specialfremstilling: Vores produkter kan perfekt erstatte disse hydrauliske cylindre.<\/li>\n<\/ul>\n<p><img decoding=\"async\" src=\"https:\/\/www.hydraulic-cylinders.net\/wp-content\/uploads\/2025\/01\/songte-cylinder-head-with-all-kinds-excavator-models.webp\" alt=\"brugerdefineret produktionsbillede\"><\/p>\n<h2>Applikationer<\/h2>\n<p><strong>Entrepren\u00f8rudstyr:<\/strong> I gravemaskiner er de afg\u00f8rende for udgravning, lastning og flytning af jord eller affald. I rendegravere hj\u00e6lper skovlcylindre med b\u00e5de gravning og l\u00f8ft. I frontl\u00e6ssere hj\u00e6lper de med at l\u00f8fte og t\u00f8mme gods effektivt.<\/p>\n<p><strong>Landbrugsmaskiner:<\/strong> Bruges i frontl\u00e6ssere til at skovle, l\u00f8fte og transportere jord, h\u00f8 og andre materialer, og i gravemaskiner tillader skovlcylinderen gravefunktion ved at lade skovlen tr\u00e6nge ned i jorden.<\/p>\n<h2>Design- og udv\u00e6lgelsesstandarder<\/h2>\n<ul>\n<li>B\u00e6reevne: Den hydrauliske cylinder skal have tilstr\u00e6kkelig styrke og kapacitet til at modst\u00e5 den belastning, den uds\u00e6ttes for.<\/li>\n<li>T\u00e6tning: Forskellige t\u00e6tningselementer, s\u00e5som stempelt\u00e6tninger og stangt\u00e6tninger, bruges til at forhindre v\u00e6skel\u00e6kager og kontaminering. T\u00e6tningerne er lavet af slidst\u00e6rke materialer som polyurethan og nitrilgummi, hvilket sikrer holdbarhed og p\u00e5lidelighed.<\/li>\n<li>Holdbarhed: Cylinderhuset og de gevindsk\u00e5rne endeflader er fint forarbejdet for at give slidstyrke og lang levetid.<\/li>\n<li>Sikkerhed: Hydraulikcylinderen skal v\u00e6re konstrueret med sikkerhedsfunktioner for at forhindre ulykker, s\u00e5som overbelastningsbeskyttelse og trykaflastningsventiler.<\/li>\n<li>Vedligeholdelse: Den hydrauliske cylinder skal v\u00e6re designet til at lette rutinem\u00e6ssig vedligeholdelse og reparation, hvilket muligg\u00f8r nem udskiftning af beskadigede dele og reducerer nedetid.<\/li>\n<\/ul>\n<p><img decoding=\"async\" src=\"https:\/\/www.hydraulic-cylinders.net\/wp-content\/uploads\/2025\/01\/songte-oil-pipes-and-spare-parts.webp\" alt=\"billede af design- og udv\u00e6lgelsesstandarder\"><\/p>\n<h2>T\u00e6tning og sm\u00f8ring<\/h2>\n<p>Den hydrauliske cylinder bruger forskellige t\u00e6tningselementer til at forhindre v\u00e6skel\u00e6kager og kontaminering. Disse t\u00e6tningselementer omfatter stempelt\u00e6tninger og stangt\u00e6tninger fremstillet af slidst\u00e6rke materialer som polyurethan og nitrilgummi. Cylinderhuset og gevindfladerne er fint forarbejdet for at forbedre slidstyrken. Den hydrauliske cylinder skal sm\u00f8res med den passende m\u00e6ngde hydraulikolie for at sikre problemfri drift og lang levetid.<\/p>\n<h2>Forebyggende vedligeholdelses- og reparationsforanstaltninger<\/h2>\n<ul>\n<li>Regelm\u00e6ssig inspektion: Der skal udf\u00f8res regelm\u00e6ssig inspektion for at identificere potentielle problemer og forhindre, at de udvikler sig til alvorlige problemer.<\/li>\n<li>Sm\u00f8ring: Hydraulikcylinderen skal sm\u00f8res regelm\u00e6ssigt for at sikre problemfri drift og lang levetid.<\/li>\n<li>Udskiftning af pakninger: Pakninger skal udskiftes, n\u00e5r de viser tegn p\u00e5 slid, skader eller l\u00e6kage.<\/li>\n<li>Kalibreringskontrol: Hydraulikcylinderen b\u00f8r kalibreres med j\u00e6vne mellemrum for at sikre n\u00f8jagtig drift.<\/li>\n<\/ul>\n<p><img decoding=\"async\" src=\"https:\/\/www.hydraulic-cylinders.net\/wp-content\/uploads\/2025\/01\/songte-chushion-collar.webp\" alt=\"billede af forebyggende vedligeholdelse\"><\/p>\n<h2>Sikkerhedshensyn og milj\u00f8faktorer<\/h2>\n<p>Der skal tr\u00e6ffes sikkerhedsforanstaltninger ved brug af hydraulikcylinderen for at forhindre ulykker. Milj\u00f8et skal ogs\u00e5 tages i betragtning ved brug af hydraulikcylinderen for at minimere dens p\u00e5virkning af omgivelserne.<\/p>\n<h2>Fejlfinding og almindelige problemer<\/h2>\n<ul>\n<li>L\u00e6kage: L\u00e6kage kan opst\u00e5 p\u00e5 grund af beskadigede pakninger eller forkert installation. Pakningerne skal udskiftes, og hydraulikcylinderen skal installeres korrekt.<\/li>\n<li>Overophedning: Overophedning kan opst\u00e5 p\u00e5 grund af overdreven brug eller manglende sm\u00f8ring. Hydraulikcylinderen skal sm\u00f8res regelm\u00e6ssigt og bruges korrekt.<\/li>\n<li>Langsom drift: Langsom drift kan forekomme p\u00e5 grund af lavt hydraulikolietryk eller blokering i hydrauliksystemet. Hydraulikolietrykket skal kontrolleres, og hydrauliksystemet skal inspiceres for blokeringer.<\/li>\n<\/ul>\n<p><img decoding=\"async\" src=\"https:\/\/www.hydraulic-cylinders.net\/wp-content\/uploads\/2025\/01\/songte-bushings-with-all-kinds-of-excavator-models.webp\" alt=\"billede af fejlfinding\"><\/p>\n<h2>Om vores virksomhed<\/h2>\n<p>Vi er en producent af hydrauliske udskiftningscylindre, der tilbyder et komplet produktsortiment og er blevet en af \u200b\u200bde f\u00f8rende producenter og grossister af hydrauliske cylindre p\u00e5 det indenlandske og internationale marked. Vi overholder princippet om fremragende kvalitet og bruger industrialiserede produktionsstyringsstrategier i fint udformede produktionsv\u00e6rksteder. Vores virksomhed forbedrer l\u00f8bende sin produktionsplatform ved hj\u00e6lp af teknisk talent, digitalt avanceret produktionsudstyr og professionelle testsystemer, perfektionerer produktionsruten for produktkvalitet og besidder st\u00e6rke produktionsevner for at im\u00f8dekomme kundernes forskellige behov med h\u00f8j effektivitet, h\u00f8j pr\u00e6cision og h\u00f8j kvalitet.<\/p>\n<p>Vi tilbyder professionelle, internationalt certificerede og skr\u00e6ddersyede tjenester, bruger avanceret produktionsudstyr og leverer eftersalgsservice.<\/p>\n<p><img decoding=\"async\" src=\"https:\/\/www.hydraulic-cylinders.net\/wp-content\/uploads\/2025\/01\/songte-company-3.webp\" alt=\"virksomhedens image\"><\/p>\n<p>Forfatter: lyl.<\/p>","protected":false},"excerpt":{"rendered":"<p>Bucket Cylinder For XGMA Small Excavator XG809E Introduction A bucket cylinder is a specially designed hydraulic cylinder primarily used to control the movement of buckets in heavy machinery such as excavators, backhoe excavators, and front-end loaders. Its main function is to allow the bucket to lift, lower, and tilt, making it easier to handle various [&hellip;]<\/p>","protected":false},"featured_media":14771,"comment_status":"open","ping_status":"closed","template":"","meta":{"_et_pb_use_builder":"","_et_pb_old_content":"","_et_gb_content_width":""},"product_brand":[],"product_cat":[1494],"product_tag":[1495,1496],"class_list":{"0":"post-15592","1":"product","2":"type-product","3":"status-publish","4":"has-post-thumbnail","6":"product_cat-bucket-cylinders","7":"product_tag-bucket-cylinders","8":"product_tag-hydraulic-cylinders","10":"first","11":"instock","12":"shipping-taxable","13":"product-type-simple"},"amp_enabled":true,"_links":{"self":[{"href":"https:\/\/www.hydraulic-cylinders.net\/da\/wp-json\/wp\/v2\/product\/15592","targetHints":{"allow":["GET"]}}],"collection":[{"href":"https:\/\/www.hydraulic-cylinders.net\/da\/wp-json\/wp\/v2\/product"}],"about":[{"href":"https:\/\/www.hydraulic-cylinders.net\/da\/wp-json\/wp\/v2\/types\/product"}],"replies":[{"embeddable":true,"href":"https:\/\/www.hydraulic-cylinders.net\/da\/wp-json\/wp\/v2\/comments?post=15592"}],"wp:featuredmedia":[{"embeddable":true,"href":"https:\/\/www.hydraulic-cylinders.net\/da\/wp-json\/wp\/v2\/media\/14771"}],"wp:attachment":[{"href":"https:\/\/www.hydraulic-cylinders.net\/da\/wp-json\/wp\/v2\/media?parent=15592"}],"wp:term":[{"taxonomy":"product_brand","embeddable":true,"href":"https:\/\/www.hydraulic-cylinders.net\/da\/wp-json\/wp\/v2\/product_brand?post=15592"},{"taxonomy":"product_cat","embeddable":true,"href":"https:\/\/www.hydraulic-cylinders.net\/da\/wp-json\/wp\/v2\/product_cat?post=15592"},{"taxonomy":"product_tag","embeddable":true,"href":"https:\/\/www.hydraulic-cylinders.net\/da\/wp-json\/wp\/v2\/product_tag?post=15592"}],"curies":[{"name":"wp","href":"https:\/\/api.w.org\/{rel}","templated":true}]}}