{"id":15604,"date":"2025-01-19T14:44:19","date_gmt":"2025-01-19T14:44:19","guid":{"rendered":"https:\/\/www.hydraulic-cylinders.net\/product\/bucket-cylinder-for-xgma-wheel-excavator-xg807w\/"},"modified":"2025-01-19T14:44:20","modified_gmt":"2025-01-19T14:44:20","slug":"bucket-cylinder-for-xgma-wheel-excavator-xg807w","status":"publish","type":"product","link":"https:\/\/www.hydraulic-cylinders.net\/da\/vare\/bucket-cylinder-for-xgma-wheel-excavator-xg807w\/","title":{"rendered":"Skovlcylinder til XGMA hjulgraver XG807W"},"content":{"rendered":"<h1>Skovlcylinder til XGMA hjulgraver XG807W<\/h1>\n<h2>Indledning<\/h2>\n<p>En skovlcylinder er en specialiseret hydraulisk cylinder, der er designet til at styre skovlens bev\u00e6gelse i tunge maskiner s\u00e5som gravemaskiner, rendegravere og hjull\u00e6ssere. Dens hovedfunktion er at muligg\u00f8re l\u00f8ft, s\u00e6nkning og vipning af skovlen, hvilket g\u00f8r det lettere at h\u00e5ndtere forskellige materialeh\u00e5ndteringsopgaver. I et hydraulisk system opn\u00e5r skovlcylinderen pr\u00e6cis kontrol over skovlen ved at variere trykket af hydraulikolien, hvilket giver operat\u00f8rer mulighed for effektivt at h\u00e5ndtere tunge belastninger og tilpasse sig komplekse arbejdsmilj\u00f8er og forskellige jobkrav.<\/p>\n<p><img decoding=\"async\" src=\"https:\/\/www.hydraulic-cylinders.net\/wp-content\/uploads\/2025\/01\/songte-company-2.webp\"><\/p>\n<h2>Funktioner ved skovlcylinder til XGMA-hjulgraver XG807W<\/h2>\n<ul>\n<li>H\u00f8j styrke og holdbarhed: Typisk fremstillet af h\u00f8jstyrkest\u00e5l eller aluminium, i stand til at modst\u00e5 h\u00f8jt tryk og tunge belastninger, tilpasse sig barske arbejdsmilj\u00f8er og designet med hensyntagen til slidstyrke og korrosionsbestandighed for at forl\u00e6nge dets levetid.<\/li>\n<li>Effektiv hydraulisk drift: Udnytter trykket fra hydraulikolien til at opn\u00e5 j\u00e6vne ud- og tilbagetr\u00e6kningsbev\u00e6gelser, er i stand til at reagere hurtigt p\u00e5 styrekommandoer, giver kraftige skubbe- og tr\u00e6kkr\u00e6fter og er egnet til h\u00e5ndtering af tunge belastninger og komplekse arbejdsopgaver.<\/li>\n<li>Forskellige typer: Kan v\u00e6lges som enkeltvirkende (hydraulisk kun anvendt i \u00e9n retning) eller dobbeltvirkende (hydraulisk anvendt i begge retninger) cylindre efter behov. Visse modeller er teleskopiske, hvilket giver mulighed for st\u00f8rre udtr\u00e6k uden at \u00f8ge de udvendige dimensioner og er velegnede til applikationer med begr\u00e6nset plads.<\/li>\n<li>Perfekt udskiftning: Det produkt, vi tilbyder, kan perfekt erstatte de eksisterende hydrauliske cylindre.<\/li>\n<\/ul>\n<p><img decoding=\"async\" src=\"https:\/\/www.hydraulic-cylinders.net\/wp-content\/uploads\/2025\/01\/songte-cylinder-head-with-all-kinds-excavator-models.webp\"><\/p>\n<h2>Applikationer<\/h2>\n<h3>Entrepren\u00f8rudstyr<\/h3>\n<p>I gravemaskiner er de afg\u00f8rende for udgravning, lastning og flytning af jord eller affald. I rendegravere hj\u00e6lper skovlcylinderen med b\u00e5de at grave og l\u00f8fte.<\/p>\n<h3>Landbrugsmaskiner<\/h3>\n<p>Anvendes i frontl\u00e6ssere til at opgrave, l\u00f8fte og transportere jord, h\u00f8 og andre materialer.<\/p>\n<h3>Gravemaskiner<\/h3>\n<p>Skovlcylinderen muligg\u00f8r gravefunktionen ved at lade skovlen tr\u00e6nge ned i jorden.<\/p>\n<h3>Hjull\u00e6ssere<\/h3>\n<p>I hjull\u00e6ssere hj\u00e6lper de med effektivt at l\u00f8fte og losse gods.<\/p>\n<p><img decoding=\"async\" src=\"https:\/\/www.hydraulic-cylinders.net\/wp-content\/uploads\/2025\/01\/songte-oil-pipes-and-spare-parts.webp\"><\/p>\n<h2>Designovervejelser og udv\u00e6lgelseskriterier<\/h2>\n<ul>\n<li>B\u00e6reevne: Cylinderen skal v\u00e6re konstrueret til at modst\u00e5 den maksimale belastning, den vil blive udsat for under drift.<\/li>\n<li>T\u00e6tning: Forskellige t\u00e6tninger, s\u00e5som stempelt\u00e6tninger, stangt\u00e6tninger osv., der er lavet af slidst\u00e6rke materialer som polyurethan og nitrilgummi, bruges til at opretholde korrekt t\u00e6tning og forhindre l\u00e6kage.<\/li>\n<li>Holdbarhed: Cylinderen skal v\u00e6re konstrueret til at modst\u00e5 driftsmilj\u00f8ets p\u00e5virkninger og have en lang levetid.<\/li>\n<li>Sikkerhed: Der b\u00f8r indarbejdes sikkerhedsfunktioner, s\u00e5som trykaflastningsventiler, for at forhindre overbelastning og sikre sikker drift.<\/li>\n<li>Vedligeholdelsesvenlighed: Designet skal muligg\u00f8re nem vedligeholdelse og reparation med let tilg\u00e6ngelige reservedele.<\/li>\n<\/ul>\n<p><img decoding=\"async\" src=\"https:\/\/www.hydraulic-cylinders.net\/wp-content\/uploads\/2025\/01\/songte-chushion-collar.webp\"><\/p>\n<h2>T\u00e6tning og sm\u00f8ring<\/h2>\n<p>Skovlcylinderen anvender forskellige t\u00e6tningskomponenter, s\u00e5som stempelt\u00e6tninger og stangt\u00e6tninger, der er fremstillet af slidst\u00e6rke materialer som polyurethan og nitrilgummi. Cylinderhuset og gevindenderne er fint behandlet for at forbedre slidstyrken. Regelm\u00e6ssig sm\u00f8ring med den passende m\u00e6ngde hydraulikolie er n\u00f8dvendig for at sikre problemfri drift og lang levetid.<\/p>\n<h2>Regelm\u00e6ssig inspektion og forebyggende vedligeholdelse<\/h2>\n<ul>\n<li>Inspicer regelm\u00e6ssigt alle komponenter for tegn p\u00e5 slid, skader eller l\u00e6kage.<\/li>\n<li>S\u00f8rg for korrekt sm\u00f8ring af alle bev\u00e6gelige dele.<\/li>\n<li>Udskift pakninger med j\u00e6vne mellemrum, og udf\u00f8r kalibreringskontroller.<\/li>\n<\/ul>\n<h2>Vejledning til korrekt produktinstallation<\/h2>\n<p>N\u00e5r du monterer skovlcylinderen, er det vigtigt at justere den korrekt i forhold til udstyret. Korrekt justering kan opn\u00e5s ved at bruge passende monteringsbeslag til at fastg\u00f8re cylinderen. F\u00f8lg de anbefalede procedurer for inspektion, reparation og udskiftning. Vi tilbyder ogs\u00e5 udskiftning og genopbygning af komponenter for at forl\u00e6nge skovlcylinderens levetid.<\/p>\n<p><img decoding=\"async\" src=\"https:\/\/www.hydraulic-cylinders.net\/wp-content\/uploads\/2025\/01\/songte-bushings-with-all-kinds-of-excavator-models.webp\"><\/p>\n<h2>Sikkerhedshensyn og milj\u00f8faktorer<\/h2>\n<p>N\u00e5r du bruger skovlcylinderen, er det vigtigt at f\u00f8lge sikkerhedsforanstaltningerne for at forhindre ulykker og sikre sikker betjening. Dette omfatter korrekt tr\u00e6ning, overholdelse af udstyrets specifikationer og brug af passende sikkerhedsforanstaltninger.<\/p>\n<h2>Fejldiagnose og almindelige problemer<\/h2>\n<p>Almindelige fejl, der kan opst\u00e5 med skovlcylinderen, omfatter l\u00e6kage, reduceret ydeevne og unormale bev\u00e6gelser. For at diagnosticere og fejlfinde disse problemer effektivt anbefales det at henvise til producentens retningslinjer og s\u00f8ge professionel hj\u00e6lp, hvis det er n\u00f8dvendigt.<\/p>\n<p><img decoding=\"async\" src=\"https:\/\/hzpt.com\/wp-content\/uploads\/2024\/11\/songte-company-1.webp\"><\/p>\n<h2>Vedligeholdelsestips og fejlfinding<\/h2>\n<ul>\n<li>Kontroller og vedligehold skovlcylinderen regelm\u00e6ssigt.<\/li>\n<li>S\u00f8rg for korrekt sm\u00f8ring, og udskift pakninger efter behov.<\/li>\n<li>Udf\u00f8r kalibreringstjek for at opretholde optimal ydeevne.<\/li>\n<li>Korrekt installation, sm\u00f8ring og justering er afg\u00f8rende for skovlcylinderens levetid.<\/li>\n<\/ul>\n<h2>Om vores virksomhed<\/h2>\n<p>Vi er en f\u00f8rende producent og engrosdistribut\u00f8r af hydrauliske udskiftningscylindre p\u00e5 det indenlandske og internationale marked. Vores virksomhed tilbyder en bred vifte af produkter og f\u00f8lger en strategi med industrialiseret produktionsstyring i veludstyrede produktionsv\u00e6rksteder. Vi forbedrer l\u00f8bende vores produktionsplatform, forbedrer produktkvaliteten og har en st\u00e6rk evne til at im\u00f8dekomme forskellige kundebehov med h\u00f8j effektivitet, pr\u00e6cision og kvalitet. Vores virksomhed er kendt for sin professionalisme, internationale certificeringer, kundeservice, avanceret produktionsudstyr og fremragende eftersalgssupport.<\/p>\n<p><img decoding=\"async\" src=\"https:\/\/www.hydraulic-cylinders.net\/wp-content\/uploads\/2025\/01\/songte-company-3.webp\"><\/p>\n<p>Forfatter: lyl<\/p>","protected":false},"excerpt":{"rendered":"<p>Bucket Cylinder For XGMA Wheel Excavator XG807W Introduction A bucket cylinder is a specialized hydraulic cylinder designed to control the movement of the bucket in heavy machinery such as excavators, backhoe loaders, and wheel loaders. Its main function is to enable the lifting, lowering, and tilting of the bucket, making it easier to handle various [&hellip;]<\/p>","protected":false},"featured_media":14778,"comment_status":"open","ping_status":"closed","template":"","meta":{"_et_pb_use_builder":"","_et_pb_old_content":"","_et_gb_content_width":""},"product_brand":[],"product_cat":[1494],"product_tag":[1495,1496],"class_list":{"0":"post-15604","1":"product","2":"type-product","3":"status-publish","4":"has-post-thumbnail","6":"product_cat-bucket-cylinders","7":"product_tag-bucket-cylinders","8":"product_tag-hydraulic-cylinders","10":"first","11":"instock","12":"shipping-taxable","13":"product-type-simple"},"amp_enabled":true,"_links":{"self":[{"href":"https:\/\/www.hydraulic-cylinders.net\/da\/wp-json\/wp\/v2\/product\/15604","targetHints":{"allow":["GET"]}}],"collection":[{"href":"https:\/\/www.hydraulic-cylinders.net\/da\/wp-json\/wp\/v2\/product"}],"about":[{"href":"https:\/\/www.hydraulic-cylinders.net\/da\/wp-json\/wp\/v2\/types\/product"}],"replies":[{"embeddable":true,"href":"https:\/\/www.hydraulic-cylinders.net\/da\/wp-json\/wp\/v2\/comments?post=15604"}],"wp:featuredmedia":[{"embeddable":true,"href":"https:\/\/www.hydraulic-cylinders.net\/da\/wp-json\/wp\/v2\/media\/14778"}],"wp:attachment":[{"href":"https:\/\/www.hydraulic-cylinders.net\/da\/wp-json\/wp\/v2\/media?parent=15604"}],"wp:term":[{"taxonomy":"product_brand","embeddable":true,"href":"https:\/\/www.hydraulic-cylinders.net\/da\/wp-json\/wp\/v2\/product_brand?post=15604"},{"taxonomy":"product_cat","embeddable":true,"href":"https:\/\/www.hydraulic-cylinders.net\/da\/wp-json\/wp\/v2\/product_cat?post=15604"},{"taxonomy":"product_tag","embeddable":true,"href":"https:\/\/www.hydraulic-cylinders.net\/da\/wp-json\/wp\/v2\/product_tag?post=15604"}],"curies":[{"name":"wp","href":"https:\/\/api.w.org\/{rel}","templated":true}]}}