{"id":15609,"date":"2025-01-19T14:44:39","date_gmt":"2025-01-19T14:44:39","guid":{"rendered":"https:\/\/www.hydraulic-cylinders.net\/product\/bucket-cylinder-for-lonking-small-excavator-lg606dd\/"},"modified":"2025-01-19T14:44:41","modified_gmt":"2025-01-19T14:44:41","slug":"bucket-cylinder-for-lonking-small-excavator-lg606dd","status":"publish","type":"product","link":"https:\/\/www.hydraulic-cylinders.net\/da\/vare\/bucket-cylinder-for-lonking-small-excavator-lg606dd\/","title":{"rendered":"Skovlcylinder til Lonking lille gravemaskine LG606DD"},"content":{"rendered":"<h1>Skovlcylinder til Lonking lille gravemaskine LG606DD<\/h1>\n<h2>Indledning<\/h2>\n<p>Skovlcylinderen er en type hydraulisk cylinder, der er specielt designet til at styre skovlens bev\u00e6gelse i tunge maskiner s\u00e5som gravemaskiner, rendegravere og frontl\u00e6ssere. Dens hovedfunktion er at g\u00f8re det muligt at l\u00f8fte, s\u00e6nke og vippe skovlen, hvilket g\u00f8r det lettere at h\u00e5ndtere forskellige materialeh\u00e5ndteringsopgaver. I det hydrauliske system opn\u00e5r skovlcylinderen pr\u00e6cis kontrol over skovlens bev\u00e6gelse gennem \u00e6ndringer i hydraulikolietrykket, hvilket g\u00f8r det muligt for operat\u00f8rer effektivt at h\u00e5ndtere tunge l\u00e6s og tilpasse sig komplekse arbejdsmilj\u00f8er og forskellige driftskrav.<\/p>\n<p><img decoding=\"async\" src=\"https:\/\/www.hydraulic-cylinders.net\/wp-content\/uploads\/2025\/01\/songte-company-2.webp\" alt=\"Spandens cylinder\"><\/p>\n<h2>Funktioner<\/h2>\n<ul>\n<li><strong>H\u00f8j styrke og holdbarhed:<\/strong> Typisk lavet af h\u00f8jstyrkest\u00e5l eller aluminium, kan det modst\u00e5 h\u00f8jt tryk og tunge belastninger, tilpasse sig barske arbejdsmilj\u00f8er og designm\u00e6ssige overvejelser med hensyn til slidstyrke og korrosionsbestandighed for at forl\u00e6nge levetiden.<\/li>\n<li><strong>Effektiv hydraulisk drift:<\/strong> J\u00e6vn forl\u00e6ngelse og sammentr\u00e6kning opn\u00e5s ved at udnytte hydraulisk olietryk, hvilket giver kraftige skubbe- og tr\u00e6kkr\u00e6fter og er egnet til h\u00e5ndtering af tunge belastninger og komplekse driftsopgaver.<\/li>\n<li><strong>Flere typer:<\/strong> Enkeltvirkende (hydraulisk kun anvendt i \u00e9n retning) eller dobbeltvirkende (hydraulisk anvendt i to retninger) cylindre kan v\u00e6lges efter driftsbehov. Nogle modeller er teleskopiske, hvilket giver mulighed for st\u00f8rre udtr\u00e6k uden at \u00f8ge de udvendige dimensioner, og er velegnede til applikationer med begr\u00e6nset plads.<\/li>\n<li><strong>Udskiftelighed:<\/strong> Vores produkter kan perfekt erstatte disse hydrauliske cylindre. <\/li>\n<li><strong>Omkostningseffektiv:<\/strong> Vores produkter er omkostningseffektive og tilbyder en l\u00e6ngere levetid sammenlignet med andre hydrauliske cylindre p\u00e5 markedet.<\/li>\n<\/ul>\n<p><img decoding=\"async\" src=\"https:\/\/www.hydraulic-cylinders.net\/wp-content\/uploads\/2025\/01\/songte-cylinder-head-with-all-kinds-excavator-models.webp\" alt=\"Skovlcylindermodeller\"><\/p>\n<h2>Applikationer<\/h2>\n<p>Skovlcylinderen bruges i vid udstr\u00e6kning i forskellige industrier, s\u00e5som:<\/p>\n<ul>\n<li><strong>Entrepren\u00f8rudstyr:<\/strong> I gravemaskiner er de afg\u00f8rende for at grave, l\u00e6sse og flytte jord eller affald. I rendegravere hj\u00e6lper skovlcylindre med gravning og l\u00f8ft. <\/li>\n<li><strong>Landbrugsmaskiner:<\/strong> Bruges i frontl\u00e6ssere til at udgrave, l\u00f8fte og transportere jord, h\u00f8 og andre materialer. <\/li>\n<li><strong>Gravemaskiner:<\/strong> Skovlcylinderen opn\u00e5r gravefunktion ved at lade skovlen tr\u00e6nge ned i jorden. <\/li>\n<li><strong>Frontl\u00e6ssere:<\/strong> I frontl\u00e6ssere hj\u00e6lper de med effektivt at l\u00f8fte og t\u00f8mme gods.<\/li>\n<\/ul>\n<h2>Designovervejelser og udv\u00e6lgelseskriterier<\/h2>\n<p>Med hensyn til designm\u00e6ssige overvejelser skal f\u00f8lgende tages i betragtning:<\/p>\n<ul>\n<li><strong>B\u00e6reevne:<\/strong> Skovlcylinderen skal kunne b\u00e6re v\u00e6gten af \u200b\u200bdet materiale, den transporterer. <\/li>\n<li><strong>Forsegling:<\/strong> Forskellige t\u00e6tningskomponenter, s\u00e5som stempelt\u00e6tninger og stangt\u00e6tninger, b\u00f8r v\u00e6lges baseret p\u00e5 deres slidst\u00e6rke materialer som polyurethan og nitrilgummi. <\/li>\n<li><strong>Holdbarhed:<\/strong> Cylinderhuset, stemplet og andre komponenter skal kunne modst\u00e5 barske arbejdsforhold og modst\u00e5 korrosion. <\/li>\n<li><strong>Sikkerhed:<\/strong> Det hydrauliske system skal v\u00e6re konstrueret med sikkerhedsfunktioner, s\u00e5som overtryksventiler og trykm\u00e5lere, for at sikre sikker drift. <\/li>\n<li><strong>Vedligeholdelsesevne:<\/strong> Cylinderen skal v\u00e6re designet til nem vedligeholdelse og reparation. <\/li>\n<\/ul>\n<p><img decoding=\"async\" src=\"https:\/\/www.hydraulic-cylinders.net\/wp-content\/uploads\/2025\/01\/songte-oil-pipes-and-spare-parts.webp\" alt=\"Dele af spandcylinder\"><\/p>\n<h2>T\u00e6tning og sm\u00f8ring<\/h2>\n<p>Forskellige t\u00e6tningskomponenter, s\u00e5som stempelt\u00e6tninger og stangt\u00e6tninger, b\u00f8r v\u00e6lges ud fra deres slidst\u00e6rke materialer som polyurethan og nitrilgummi. Cylinderhuset, stemplet og andre komponenter skal sm\u00f8res regelm\u00e6ssigt med hydraulikolie for at bevare deres holdbarhed og reducere friktion mellem bev\u00e6gelige dele.<\/p>\n<h2>Vedligeholdelse og reparation<\/h2>\n<p>F\u00f8lgende vedligeholdelsesopgaver b\u00f8r udf\u00f8res regelm\u00e6ssigt:<\/p>\n<ul>\n<li><strong>Regelm\u00e6ssig inspektion:<\/strong> Inspicer regelm\u00e6ssigt cylinderen for tegn p\u00e5 slitage, s\u00e5som l\u00e6kager, revner og b\u00f8jede eller beskadigede dele. <\/li>\n<li><strong>Sm\u00f8ring:<\/strong> Sm\u00f8r cylinderen regelm\u00e6ssigt med hydraulikolie for at sikre, at den k\u00f8rer problemfrit. <\/li>\n<li><strong>Udskiftning af pakning:<\/strong> Udskift slidte eller beskadigede pakninger hurtigst muligt for at forhindre l\u00e6kager. <\/li>\n<\/ul>\n<p><img decoding=\"async\" src=\"https:\/\/www.hydraulic-cylinders.net\/wp-content\/uploads\/2025\/01\/songte-chushion-collar.webp\" alt=\"Montering af spandcylinder\"><\/p>\n<h2>Sikkerhedshensyn og milj\u00f8faktorer<\/h2>\n<p>Ved brug af skovlcylinderen skal der tr\u00e6ffes sikkerhedsforanstaltninger for at forhindre ulykker. Operat\u00f8rer skal b\u00e6re passende beskyttelsesudstyr, og det hydrauliske system skal v\u00e6re designet med sikkerhedsfunktioner s\u00e5som overtryksventiler og trykm\u00e5lere. Milj\u00f8faktorer, s\u00e5som temperatur og fugtighed, b\u00f8r ogs\u00e5 tages i betragtning ved valg af den passende hydraulikolie til cylinderen.<\/p>\n<h2>Fejlfinding og almindelige problemer<\/h2>\n<p>Almindelige problemer, der kan opst\u00e5 med skovlcylinderen, omfatter l\u00e6kager, lavt tryk og langsom drift. Disse kan l\u00f8ses ved at fejlfinde det hydrauliske system, kontrollere for slidte eller beskadigede dele og udskifte pakninger eller andre komponenter efter behov.<\/p>\n<p><img decoding=\"async\" src=\"https:\/\/www.hydraulic-cylinders.net\/wp-content\/uploads\/2025\/01\/songte-bushings-with-all-kinds-of-excavator-models.webp\" alt=\"Skovlcylinderb\u00f8sninger\"><\/p>\n<h2>Om vores virksomhed<\/h2>\n<p>Vi er en f\u00f8rende producent og engrosdistribut\u00f8r af hydrauliske cylindre p\u00e5 det indenlandske og internationale marked. Vores produkter er kendt for deres fremragende kvalitet, og vi bruger industrialiserede produktionsstyringsstrategier i vores sofistikerede produktionsv\u00e6rksteder for at producere produkter af h\u00f8j kvalitet. Vores fabrikker er udstyret med topmoderne udstyr, og vi har h\u00f8jt kvalificerede fagfolk, der l\u00f8bende forbedrer vores produktionsplatform for at im\u00f8dekomme vores kunders forskellige behov. Vi tilbyder en r\u00e6kke kundetilpassede tjenester, og vores produkter er certificeret af internationale organisationer som ISO og CE. Vi leverer ogs\u00e5 fremragende eftersalgsservice for at sikre kundetilfredshed.<\/p>\n<p><img decoding=\"async\" src=\"https:\/\/hzpt.com\/wp-content\/uploads\/2024\/11\/songte-company-1.webp\" alt=\"Vores virksomhed\"><\/p>\n<p><em>Forfatter: lyl<\/em><\/p>","protected":false},"excerpt":{"rendered":"<p>Bucket Cylinder For Lonking Small Excavator LG606DD Introduction The bucket cylinder is a type of hydraulic cylinder specifically designed to control the movement of the bucket in heavy machinery such as excavators, backhoe loaders, and front-end loaders. Its main function is to allow the bucket to be lifted, lowered, and tilted, making it easier to [&hellip;]<\/p>","protected":false},"featured_media":14765,"comment_status":"open","ping_status":"closed","template":"","meta":{"_et_pb_use_builder":"","_et_pb_old_content":"","_et_gb_content_width":""},"product_brand":[],"product_cat":[1494],"product_tag":[1495,1496],"class_list":{"0":"post-15609","1":"product","2":"type-product","3":"status-publish","4":"has-post-thumbnail","6":"product_cat-bucket-cylinders","7":"product_tag-bucket-cylinders","8":"product_tag-hydraulic-cylinders","10":"first","11":"instock","12":"shipping-taxable","13":"product-type-simple"},"amp_enabled":true,"_links":{"self":[{"href":"https:\/\/www.hydraulic-cylinders.net\/da\/wp-json\/wp\/v2\/product\/15609","targetHints":{"allow":["GET"]}}],"collection":[{"href":"https:\/\/www.hydraulic-cylinders.net\/da\/wp-json\/wp\/v2\/product"}],"about":[{"href":"https:\/\/www.hydraulic-cylinders.net\/da\/wp-json\/wp\/v2\/types\/product"}],"replies":[{"embeddable":true,"href":"https:\/\/www.hydraulic-cylinders.net\/da\/wp-json\/wp\/v2\/comments?post=15609"}],"wp:featuredmedia":[{"embeddable":true,"href":"https:\/\/www.hydraulic-cylinders.net\/da\/wp-json\/wp\/v2\/media\/14765"}],"wp:attachment":[{"href":"https:\/\/www.hydraulic-cylinders.net\/da\/wp-json\/wp\/v2\/media?parent=15609"}],"wp:term":[{"taxonomy":"product_brand","embeddable":true,"href":"https:\/\/www.hydraulic-cylinders.net\/da\/wp-json\/wp\/v2\/product_brand?post=15609"},{"taxonomy":"product_cat","embeddable":true,"href":"https:\/\/www.hydraulic-cylinders.net\/da\/wp-json\/wp\/v2\/product_cat?post=15609"},{"taxonomy":"product_tag","embeddable":true,"href":"https:\/\/www.hydraulic-cylinders.net\/da\/wp-json\/wp\/v2\/product_tag?post=15609"}],"curies":[{"name":"wp","href":"https:\/\/api.w.org\/{rel}","templated":true}]}}