{"id":15621,"date":"2025-01-19T14:45:37","date_gmt":"2025-01-19T14:45:37","guid":{"rendered":"https:\/\/www.hydraulic-cylinders.net\/product\/bucket-cylinder-for-jcm-small-excavator-jcm808\/"},"modified":"2025-01-19T14:45:39","modified_gmt":"2025-01-19T14:45:39","slug":"bucket-cylinder-for-jcm-small-excavator-jcm808","status":"publish","type":"product","link":"https:\/\/www.hydraulic-cylinders.net\/da\/vare\/bucket-cylinder-for-jcm-small-excavator-jcm808\/","title":{"rendered":"Skovlcylinder til JCM lille gravemaskine JCM808"},"content":{"rendered":"<h1>Skovlcylinder til JCM lille gravemaskine JCM808<\/h1>\n<h2>Indledning<\/h2>\n<p>En skovlcylinder er en specialdesignet hydraulisk cylinder, der bruges til at styre skovlens bev\u00e6gelse i tunge maskiner s\u00e5som gravemaskiner, rendegravere og frontl\u00e6ssere. Dens hovedfunktion er at g\u00f8re det muligt for skovlen at l\u00f8fte, s\u00e6nke og vippe, hvilket g\u00f8r det lettere at h\u00e5ndtere forskellige materialeh\u00e5ndteringsopgaver. I det hydrauliske system opn\u00e5r skovlcylinderen pr\u00e6cis kontrol over skovlens bev\u00e6gelse gennem \u00e6ndringer i hydraulikolietrykket, hvilket g\u00f8r det muligt for operat\u00f8rer effektivt at h\u00e5ndtere tunge l\u00e6s og tilpasse sig komplekse arbejdsmilj\u00f8er og forskellige jobkrav.<\/p>\n<p><img decoding=\"async\" src=\"https:\/\/www.hydraulic-cylinders.net\/wp-content\/uploads\/2025\/01\/songte-company-2.webp\" alt=\"Spandens cylinder\"><\/p>\n<h2>Funktioner<\/h2>\n<h3>H\u00f8j styrke og holdbarhed<\/h3>\n<ul>\n<li>Den er fremstillet af h\u00f8jstyrkest\u00e5l eller aluminium, kan modst\u00e5 h\u00f8jt tryk og tunge belastninger, tilpasse sig barske arbejdsmilj\u00f8er og er designet med slidstyrke og korrosionsbestandighed i tankerne for at forl\u00e6nge levetiden.<\/li>\n<\/ul>\n<h3>Effektiv hydraulisk drift<\/h3>\n<ul>\n<li>Den opn\u00e5r j\u00e6vne forl\u00e6ngelses- og tilbagetr\u00e6kningsbev\u00e6gelser ved at udnytte trykket fra hydraulikolien, hvilket giver kraftige skubbe- og tr\u00e6kkr\u00e6fter, der er velegnede til h\u00e5ndtering af tunge belastninger og komplekse arbejdsopgaver.<\/li>\n<\/ul>\n<h3>Forskellige typer<\/h3>\n<ul>\n<li>Enkeltvirkende (hydraulisk kun anvendt i \u00e9n retning) eller dobbeltvirkende (hydraulisk anvendt i begge retninger) cylindre kan v\u00e6lges efter behov for at im\u00f8dekomme forskellige driftsbehov. Nogle modeller er teleskopiske, hvilket giver mulighed for st\u00f8rre udtr\u00e6k uden at \u00f8ge de udvendige dimensioner og er velegnede til pladsbegr\u00e6nsede anvendelser.<\/li>\n<\/ul>\n<h3>Produktionskapacitet<\/h3>\n<p>Vores produkt kan perfekt erstatte disse hydrauliske cylindre.<\/p>\n<p><img decoding=\"async\" src=\"https:\/\/www.hydraulic-cylinders.net\/wp-content\/uploads\/2025\/01\/songte-cylinder-head-with-all-kinds-excavator-models.webp\" alt=\"Produktionskapacitet\"><\/p>\n<h2>Applikationer<\/h2>\n<h3>Entrepren\u00f8rudstyr<\/h3>\n<p>I gravemaskiner er de afg\u00f8rende for at grave, l\u00e6sse og flytte jord eller affald. I rendegravere hj\u00e6lper skovlcylinderen med b\u00e5de gravning og l\u00f8ft. <\/p>\n<h3>Landbrugsmaskiner<\/h3>\n<p>Anvendes i frontl\u00e6ssere til at opgrave, l\u00f8fte og transportere jord, h\u00f8 og andre materialer.<\/p>\n<h3>Gravemaskine<\/h3>\n<p>Skovlcylinderen opn\u00e5r gravefunktionen ved at lade skovlen tr\u00e6nge ned i jorden.<\/p>\n<h3>L\u00e6sser<\/h3>\n<p>I frontl\u00e6ssere hj\u00e6lper de med effektivt at l\u00f8fte og t\u00f8mme last.<\/p>\n<h2>Designovervejelser og udv\u00e6lgelseskriterier<\/h2>\n<h3>Lastkapacitet<\/h3>\n<ul>\n<li>Cylinderen skal v\u00e6lges omhyggeligt for at sikre, at den kan modst\u00e5 den belastning, den vil blive udsat for.<\/li>\n<\/ul>\n<h3>Forsegling<\/h3>\n<ul>\n<li>Brugen af \u200b\u200bforskellige t\u00e6tninger, s\u00e5som stempelt\u00e6tninger og stangt\u00e6tninger, slidst\u00e6rke materialer som polyurethan og nitrilgummi, fin overfladebehandling af cylinderhuse og gevindender, forbedrer slidstyrken og sikrer t\u00e6tnings- og sm\u00f8rekravene for den hydrauliske cylinder.<\/li>\n<\/ul>\n<h3>Holdbarhed<\/h3>\n<ul>\n<li>Cylinderen skal v\u00e6re konstrueret til at modst\u00e5 barske arbejdsmilj\u00f8er og tunge belastninger for at forl\u00e6nge dens levetid.<\/li>\n<\/ul>\n<h3>Sikkerhed<\/h3>\n<ul>\n<li>Sikkerhedsfunktioner som l\u00e5seventiler og sikkerhedsm\u00f8trikker skal inkluderes i cylinderdesignet for at forhindre ulykker.<\/li>\n<\/ul>\n<h3>Vedligeholdelsesevne<\/h3>\n<ul>\n<li>Cylinderen skal v\u00e6re konstrueret til nem vedligeholdelse og reparation, med udskiftelige dele og klare instruktioner til demontering og genmontering.<\/li>\n<\/ul>\n<p><img decoding=\"async\" src=\"https:\/\/www.hydraulic-cylinders.net\/wp-content\/uploads\/2025\/01\/songte-oil-pipes-and-spare-parts.webp\" alt=\"Designovervejelser\"><\/p>\n<h2>T\u00e6tning og sm\u00f8ring<\/h2>\n<p>Forskellige typer t\u00e6tninger, s\u00e5som stempelt\u00e6tninger og stangt\u00e6tninger, bruger slidst\u00e6rke materialer som polyurethan og nitrilgummi, fin overfladebehandling af cylinderhuse og gevindender, forbedrer slidstyrken og sikrer t\u00e6tnings- og sm\u00f8rekravene for den hydrauliske cylinder. Den skal sm\u00f8res regelm\u00e6ssigt med den passende m\u00e6ngde hydraulikolie.<\/p>\n<h2>Forebyggende vedligeholdelse og inspektion<\/h2>\n<p>Regelm\u00e6ssig inspektion og forebyggende vedligeholdelse er n\u00f8glen til at sikre den hydrauliske cylinders levetid. Tre almindelige vedligeholdelsesopgaver er:<\/p>\n<h3>Regelm\u00e6ssig inspektion<\/h3>\n<p>Kontroller regelm\u00e6ssigt for l\u00e6kager, revner og andre tegn p\u00e5 slitage.<\/p>\n<h3>Sm\u00f8ring<\/h3>\n<p>P\u00e5f\u00f8ring af den passende m\u00e6ngde sm\u00f8remiddel p\u00e5 cylinderen hj\u00e6lper med at sikre dens j\u00e6vn drift og lang levetid.<\/p>\n<h3>Udskiftning af pakninger og kalibreringskontrol<\/h3>\n<p>Udskift beskadigede pakninger for at sikre den hydrauliske cylinders korrekte t\u00e6tningsfunktion, og kalibrer cylinderen regelm\u00e6ssigt for at sikre korrekt drift.<\/p>\n<p>Korrekt installation, sm\u00f8ring og justering er afg\u00f8rende for den hydrauliske cylinders levetid. Korrekt justeringsvejledning under installationen, brug af passende monteringsbeslag til at fastg\u00f8re cylinderen, anbefalede inspektions-, reparations- og udskiftningsprocedurer samt tips til at forl\u00e6nge den hydrauliske cylinders levetid er alle vigtige overvejelser.<\/p>\n<p><img decoding=\"async\" src=\"https:\/\/www.hydraulic-cylinders.net\/wp-content\/uploads\/2025\/01\/songte-chushion-collar.webp\" alt=\"Forebyggende vedligeholdelse\"><\/p>\n<h2>Sikkerheds- og milj\u00f8hensyn<\/h2>\n<p>Ved brug af hydrauliske cylindre er sikkerhedsforanstaltninger afg\u00f8rende for at forhindre ulykker. Korrekt brug af sikkerhedsventiler og m\u00f8trikker kan bidrage til sikker drift. Milj\u00f8hensyn b\u00f8r ogs\u00e5 tages i betragtning, n\u00e5r hydrauliske cylindre anvendes, og de skal bortskaffes korrekt for at forhindre skader p\u00e5 det omgivende milj\u00f8.<\/p>\n<h2>Fejldiagnose og almindelige problemer<\/h2>\n<p>Almindelige fejl i den hydrauliske cylinder omfatter oliel\u00e6kage, utilstr\u00e6kkelig eller h\u00e6mmet funktion og unormal st\u00f8j. Disse problemer kan normalt l\u00f8ses ved at udskifte beskadigede pakninger, justere det hydrauliske tryk eller flowhastighed og sikre korrekt sm\u00f8ring. Rettidige forebyggende foranstaltninger kan i h\u00f8j grad reducere forekomsten af \u200b\u200bs\u00e5danne problemer.<\/p>\n<p><img decoding=\"async\" src=\"https:\/\/www.hydraulic-cylinders.net\/wp-content\/uploads\/2025\/01\/songte-bushings-with-all-kinds-of-excavator-models.webp\" alt=\"Fejldiagnose\"><\/p>\n<p>Vores virksomhed er en producent, der udskifter hydrauliske cylindre, og vores produktsortiment er komplet. Vi er en af \u200b\u200bde f\u00f8rende producenter og engroshandlere af hydrauliske cylindre p\u00e5 det indenlandske og internationale marked. Vi f\u00f8lger princippet om fremragende kvalitet, s\u00e6tter vores lid til den industrialiserede produktionsstyringsstrategi fra raffinerede produktionsv\u00e6rksteder og forbedrer l\u00f8bende v\u00e6rkstedets produktionsplatform gennem brug af tekniske talenter, digitalt avanceret produktionsudstyr og professionelle testsystemer. Vi har en st\u00e6rk kreativ evne til at im\u00f8dekomme kundernes forskellige behov med h\u00f8j effektivitet, h\u00f8j pr\u00e6cision og h\u00f8j kvalitet. <\/p>\n<p><img decoding=\"async\" src=\"https:\/\/hzpt.com\/wp-content\/uploads\/2024\/11\/songte-company-1.webp\" alt=\"Virksomhedsintroduktion\"><\/p>\n<h3>Professionalitet<\/h3>\n<p>Vores virksomhed har et team af professionelle med mange \u00e5rs erfaring inden for produktion og vedligeholdelse af hydrauliske cylindre for at give kunderne den bedst mulige service.<\/p>\n<h3>International certificering<\/h3>\n<p>Vores virksomheds produkter har best\u00e5et ISO9001-certificering og opfylder internationale standarder.<\/p>\n<h3>Tilpasset service<\/h3>\n<p>Vi kan tilbyde skr\u00e6ddersyede l\u00f8sninger, der opfylder vores kunders specifikke behov, og vi tilbyder ogs\u00e5 personlige produkttjenester s\u00e5som malingfarver og logoer.<\/p>\n<h3>Produktionsudstyr<\/h3>\n<p>Vi har avanceret digitalt high-end produktionsudstyr for at sikre den h\u00f8je kvalitet af vores produkter.<\/p>\n<h3>Eftersalgsservice<\/h3>\n<p>Vi tilbyder kunderne et komplet s\u00e6t af eftersalgsservice, herunder teknisk support, vedligeholdelse, reparation og udskiftning, for at sikre vores produkters p\u00e5lidelighed og holdbarhed.<\/p>\n<p>Forfatter: lyl<\/p>","protected":false},"excerpt":{"rendered":"<p>Bucket Cylinder For JCM Small Excavator JCM808 Introduction A bucket cylinder is a specially designed hydraulic cylinder used to control the movement of the bucket in heavy machinery such as excavators, backhoes, and front loaders. Its main function is to enable the bucket to lift, lower, and tilt, making it easier to handle various material [&hellip;]<\/p>","protected":false},"featured_media":14773,"comment_status":"open","ping_status":"closed","template":"","meta":{"_et_pb_use_builder":"","_et_pb_old_content":"","_et_gb_content_width":""},"product_brand":[],"product_cat":[1494],"product_tag":[1495,1496],"class_list":{"0":"post-15621","1":"product","2":"type-product","3":"status-publish","4":"has-post-thumbnail","6":"product_cat-bucket-cylinders","7":"product_tag-bucket-cylinders","8":"product_tag-hydraulic-cylinders","10":"first","11":"instock","12":"shipping-taxable","13":"product-type-simple"},"amp_enabled":true,"_links":{"self":[{"href":"https:\/\/www.hydraulic-cylinders.net\/da\/wp-json\/wp\/v2\/product\/15621","targetHints":{"allow":["GET"]}}],"collection":[{"href":"https:\/\/www.hydraulic-cylinders.net\/da\/wp-json\/wp\/v2\/product"}],"about":[{"href":"https:\/\/www.hydraulic-cylinders.net\/da\/wp-json\/wp\/v2\/types\/product"}],"replies":[{"embeddable":true,"href":"https:\/\/www.hydraulic-cylinders.net\/da\/wp-json\/wp\/v2\/comments?post=15621"}],"wp:featuredmedia":[{"embeddable":true,"href":"https:\/\/www.hydraulic-cylinders.net\/da\/wp-json\/wp\/v2\/media\/14773"}],"wp:attachment":[{"href":"https:\/\/www.hydraulic-cylinders.net\/da\/wp-json\/wp\/v2\/media?parent=15621"}],"wp:term":[{"taxonomy":"product_brand","embeddable":true,"href":"https:\/\/www.hydraulic-cylinders.net\/da\/wp-json\/wp\/v2\/product_brand?post=15621"},{"taxonomy":"product_cat","embeddable":true,"href":"https:\/\/www.hydraulic-cylinders.net\/da\/wp-json\/wp\/v2\/product_cat?post=15621"},{"taxonomy":"product_tag","embeddable":true,"href":"https:\/\/www.hydraulic-cylinders.net\/da\/wp-json\/wp\/v2\/product_tag?post=15621"}],"curies":[{"name":"wp","href":"https:\/\/api.w.org\/{rel}","templated":true}]}}