{"id":15625,"date":"2025-01-19T14:45:53","date_gmt":"2025-01-19T14:45:53","guid":{"rendered":"https:\/\/www.hydraulic-cylinders.net\/product\/bucket-cylinder-for-jcm-middle-excavator-jcm924f\/"},"modified":"2025-01-19T14:46:01","modified_gmt":"2025-01-19T14:46:01","slug":"bucket-cylinder-for-jcm-middle-excavator-jcm924f","status":"publish","type":"product","link":"https:\/\/www.hydraulic-cylinders.net\/da\/vare\/bucket-cylinder-for-jcm-middle-excavator-jcm924f\/","title":{"rendered":"Skovlcylinder til JCM mellemgraver JCM924F"},"content":{"rendered":"<h1>Skovlcylinder til JCM mellemgraver JCM924F<\/h1>\n<h2>Indledning<\/h2>\n<p>Skovlcylinderen er en type specialiseret hydraulisk cylinder, der prim\u00e6rt bruges til at styre skovlens bev\u00e6gelse i tunge maskiner som gravemaskiner, rendegravere og frontl\u00e6ssere. Dens hovedfunktion er at g\u00f8re det muligt for skovlen at l\u00f8fte, s\u00e6nke og vippe, hvilket g\u00f8r det nemt at udf\u00f8re forskellige materialeh\u00e5ndteringsopgaver. I hydrauliske systemer opn\u00e5r skovlcylinderen pr\u00e6cis kontrol over skovlens bev\u00e6gelse gennem \u00e6ndringer i hydraulikolietrykket, hvilket g\u00f8r det muligt for operat\u00f8rer at h\u00e5ndtere tunge l\u00e6s effektivt og tilpasse sig komplekse arbejdsforhold og forskellige driftskrav. <\/p>\n<p><img decoding=\"async\" src=\"https:\/\/www.hydraulic-cylinders.net\/wp-content\/uploads\/2025\/01\/songte-company-2.webp\" alt=\"Billede af spandcylinder\"><\/p>\n<h2>Funktioner<\/h2>\n<ul>\n<li>H\u00f8j styrke og holdbarhed: Typisk lavet af h\u00f8jstyrkest\u00e5l eller aluminium, kan den modst\u00e5 h\u00f8jt tryk og tunge belastninger, tilpasse sig barske arbejdsmilj\u00f8er og er designet til slidstyrke og korrosionsbestandighed, hvilket forl\u00e6nger dens levetid.<\/li>\n<li>Effektiv hydraulisk drift: Ved at udnytte hydraulikolietrykket til at opn\u00e5 j\u00e6vne ud- og tilbagetr\u00e6kningsbev\u00e6gelser kan den hurtigt reagere p\u00e5 kontrolkommandoer, yde st\u00e6rk skubbe- og tr\u00e6kkraft og er velegnet til h\u00e5ndtering af tunge belastninger og komplekse opgaver.<\/li>\n<li>Flere typer: Enkeltvirkende (hydraulisk anvendt i kun \u00e9n retning) eller dobbeltvirkende (hydraulisk anvendt i to retninger) cylindre kan v\u00e6lges efter behov for at opfylde forskellige driftskrav. Nogle modeller er teleskopiske, hvilket giver st\u00f8rre r\u00e6kkevidde uden at \u00f8ge de udvendige dimensioner, hvilket g\u00f8r dem velegnede til applikationer med begr\u00e6nset plads.<\/li>\n<li>Udskiftelig: Vores produkt kan perfekt erstatte disse hydrauliske cylindre.<\/li>\n<\/ul>\n<p><img decoding=\"async\" src=\"https:\/\/www.hydraulic-cylinders.net\/wp-content\/uploads\/2025\/01\/songte-cylinder-head-with-all-kinds-excavator-models.webp\" alt=\"Udskifteligt billede\"><\/p>\n<h2>Applikationer<\/h2>\n<h3>Entrepren\u00f8rudstyr<\/h3>\n<p>I gravemaskiner er de afg\u00f8rende for at grave, l\u00e6sse og flytte jord eller affald. I rendegravere hj\u00e6lper skovlcylinderen med b\u00e5de at grave og l\u00f8fte. I frontl\u00e6ssere hj\u00e6lper de med at l\u00f8fte og t\u00f8mme last effektivt.<\/p>\n<h3>Landbrugsmaskiner<\/h3>\n<p>Bruges i frontl\u00e6ssere til at opgrave, l\u00f8fte og transportere jord, h\u00f8 og andre materialer. I gravemaskiner tillader skovlcylinderen skovlen at tr\u00e6nge ned i jorden under gravning.<\/p>\n<h3>Industrielle maskiner<\/h3>\n<p>Anvendes i forskellige applikationer s\u00e5som fremstilling, materialeh\u00e5ndtering og minedrift.<\/p>\n<p><img decoding=\"async\" src=\"https:\/\/www.hydraulic-cylinders.net\/wp-content\/uploads\/2025\/01\/songte-bushings-with-all-kinds-of-excavator-models.webp\" alt=\"Applikationsbillede\"><\/p>\n<h2>Designovervejelser og udv\u00e6lgelseskriterier<\/h2>\n<ul>\n<li>B\u00e6reevne: Cylinderen skal v\u00e6re konstrueret til at modst\u00e5 den maksimale belastning, den kan blive udsat for i applikationen.<\/li>\n<li>T\u00e6tning: Forskellige t\u00e6tningselementer s\u00e5som stempelt\u00e6tninger, stangt\u00e6tninger osv. b\u00f8r anvendes for at sikre cylinderens l\u00e6kagesikre ydeevne.<\/li>\n<li>Holdbarhed: Cylinderen skal v\u00e6re lavet af h\u00f8jstyrkematerialer og designet til slid- og korrosionsbestandighed, hvilket forl\u00e6nger dens levetid.<\/li>\n<li>Sikkerhed: Sikkerhedsfunktioner som f.eks. spr\u00e6ngningsbeskyttelse, overbelastningsbeskyttelse osv. b\u00f8r indarbejdes i cylinderens design for at forhindre ulykker.<\/li>\n<li>Vedligeholdelsesvenlighed: Cylinderen skal v\u00e6re designet til nem vedligeholdelse, reparation og udskiftning af dele.<\/li>\n<\/ul>\n<p><img decoding=\"async\" src=\"https:\/\/www.hydraulic-cylinders.net\/wp-content\/uploads\/2025\/01\/songte-oil-pipes-and-spare-parts.webp\" alt=\"Designbillede\"><\/p>\n<h2>T\u00e6tning og sm\u00f8ring<\/h2>\n<p>Cylinderen bruger forskellige t\u00e6tningselementer s\u00e5som stempelpakninger, stangpakninger osv., der er lavet af slidst\u00e6rke materialer som polyurethan, nitrilgummi osv., for at sikre cylinderens l\u00e6kagefri drift. Cylinderhuset og den gevindsk\u00e5rne endeflade gennemg\u00e5r en fin bearbejdning for at forbedre slidstyrken. Regelm\u00e6ssig sm\u00f8ring er n\u00f8dvendig for problemfri drift, og hydraulikolien b\u00f8r efterfyldes med j\u00e6vne mellemrum.<\/p>\n<h2>Inspektion og forebyggende vedligeholdelse<\/h2>\n<ul>\n<li>Regelm\u00e6ssig inspektion af cylinderhus, stempelstang og hydrauliske slanger for at opdage tegn p\u00e5 slid, skader eller l\u00e6kager.<\/li>\n<li>Periodisk sm\u00f8ring af cylinderen for at sikre, at den fungerer problemfrit.<\/li>\n<li>Udskiftning af slidte eller beskadigede t\u00e6tningselementer for at forhindre l\u00e6kager.<\/li>\n<li>Kalibreringskontrol af cylinderen for at sikre, at den fungerer inden for de specificerede parametre.<\/li>\n<\/ul>\n<p><img decoding=\"async\" src=\"https:\/\/www.hydraulic-cylinders.net\/wp-content\/uploads\/2025\/01\/songte-chushion-collar.webp\" alt=\"Inspektionsbillede\"><\/p>\n<h2>Sikkerheds- og milj\u00f8hensyn<\/h2>\n<p>S\u00f8rg for, at cylinderen betjenes sikkert ved at f\u00f8lge producentens anvisninger og sikkerhedsretningslinjer. Korrekt bortskaffelse af hydraulikolie og andre v\u00e6sker er afg\u00f8rende for at undg\u00e5 milj\u00f8skader.<\/p>\n<h2>Fejlfinding og almindelige problemer<\/h2>\n<ul>\n<li>L\u00e6kage af hydraulisk v\u00e6ske fra cylinderen<\/li>\n<li>Cylinderen tr\u00e6kker sig ikke ud eller ind<\/li>\n<li>For h\u00f8j cylinderst\u00f8j under drift<\/li>\n<\/ul>\n<p>For at l\u00f8se disse problemer skal cylinderhuset, stempelstangen og hydraulikslangerne inspiceres for skader, slidte eller beskadigede dele som pakninger og kontraventiler skal udskiftes, og cylinderen skal kalibreres efter behov for at sikre, at den fungerer inden for de specificerede parametre.<\/p>\n<p><img decoding=\"async\" src=\"https:\/\/hzpt.com\/wp-content\/uploads\/2024\/11\/songte-company-1.webp\" alt=\"Fejlfindingsbillede\"><\/p>\n<h2>Om os<\/h2>\n<p>Vi er en producent af hydrauliske cylindre, der kan erstatte nuv\u00e6rende hydrauliske cylindre. Vores virksomhed har et komplet produktsortiment og er blevet en af \u200b\u200bde f\u00f8rende producenter og grossister af hydrauliske cylindre p\u00e5 hjemmemarkedet og i udlandet. Vi f\u00f8lger princippet om fremragende kvalitet og s\u00e6tter vores lid til den industrialiserede produktionsstyringsstrategi fra sofistikerede produktionsv\u00e6rksteder. Vi forts\u00e6tter med at forbedre v\u00e6rkstedets produktionsplatform, perfektionerer produktionsruten for produktkvalitet og har en st\u00e6rk produktionsevne til at im\u00f8dekomme kundernes forskellige behov med principperne om h\u00f8j effektivitet, h\u00f8j pr\u00e6cision og h\u00f8j kvalitet. <\/p>\n<h3>Professionalitet<\/h3>\n<p>Vores team best\u00e5r af erfarne og veluddannede fagfolk, der er dedikerede til at levere kvalitetsservice til vores kunder.<\/p>\n<h3>Internationale certificeringer<\/h3>\n<p>Vi har forskellige internationale certificeringer s\u00e5som ISO 9001:2015, CE og SGS, hvilket sikrer, at vores produkter lever op til internationale kvalitetsstandarder.<\/p>\n<h3>Tilpasningstjenester<\/h3>\n<p>Vi tilbyder tilpasningstjenester for at im\u00f8dekomme specifikke kundekrav og leverer skr\u00e6ddersyede l\u00f8sninger.<\/p>\n<h3>Produktionsudstyr<\/h3>\n<p>Vi bruger avanceret produktionsudstyr s\u00e5som CNC-drejeb\u00e6nke, fr\u00e6semaskiner og testudstyr for at sikre kvaliteten af \u200b\u200bvores produkter.<\/p>\n<h3>Eftersalgsservice<\/h3>\n<p>Vi tilbyder fremragende eftersalgsservice, herunder vedligeholdelse, reparation og udskiftning af dele, for at sikre, at vores kunder f\u00e5r en problemfri oplevelse.<\/p>\n<p><img decoding=\"async\" src=\"https:\/\/www.hydraulic-cylinders.net\/wp-content\/uploads\/2025\/01\/songte-company-3.webp\" alt=\"Om os Billede\"><\/p>\n<p>Forfatter: lyl.<\/p>","protected":false},"excerpt":{"rendered":"<p>Bucket Cylinder For JCM Middle Excavator JCM924F Introduction The bucket cylinder is a type of specialized hydraulic cylinder that is primarily used to control the movement of the bucket in heavy machinery like excavators, backhoe excavators, and front-end loaders. Its main function is to enable the bucket to lift, lower, and tilt, making it easy [&hellip;]<\/p>","protected":false},"featured_media":14762,"comment_status":"open","ping_status":"closed","template":"","meta":{"_et_pb_use_builder":"","_et_pb_old_content":"","_et_gb_content_width":""},"product_brand":[],"product_cat":[1494],"product_tag":[1495,1496],"class_list":{"0":"post-15625","1":"product","2":"type-product","3":"status-publish","4":"has-post-thumbnail","6":"product_cat-bucket-cylinders","7":"product_tag-bucket-cylinders","8":"product_tag-hydraulic-cylinders","10":"first","11":"instock","12":"shipping-taxable","13":"product-type-simple"},"amp_enabled":true,"_links":{"self":[{"href":"https:\/\/www.hydraulic-cylinders.net\/da\/wp-json\/wp\/v2\/product\/15625","targetHints":{"allow":["GET"]}}],"collection":[{"href":"https:\/\/www.hydraulic-cylinders.net\/da\/wp-json\/wp\/v2\/product"}],"about":[{"href":"https:\/\/www.hydraulic-cylinders.net\/da\/wp-json\/wp\/v2\/types\/product"}],"replies":[{"embeddable":true,"href":"https:\/\/www.hydraulic-cylinders.net\/da\/wp-json\/wp\/v2\/comments?post=15625"}],"wp:featuredmedia":[{"embeddable":true,"href":"https:\/\/www.hydraulic-cylinders.net\/da\/wp-json\/wp\/v2\/media\/14762"}],"wp:attachment":[{"href":"https:\/\/www.hydraulic-cylinders.net\/da\/wp-json\/wp\/v2\/media?parent=15625"}],"wp:term":[{"taxonomy":"product_brand","embeddable":true,"href":"https:\/\/www.hydraulic-cylinders.net\/da\/wp-json\/wp\/v2\/product_brand?post=15625"},{"taxonomy":"product_cat","embeddable":true,"href":"https:\/\/www.hydraulic-cylinders.net\/da\/wp-json\/wp\/v2\/product_cat?post=15625"},{"taxonomy":"product_tag","embeddable":true,"href":"https:\/\/www.hydraulic-cylinders.net\/da\/wp-json\/wp\/v2\/product_tag?post=15625"}],"curies":[{"name":"wp","href":"https:\/\/api.w.org\/{rel}","templated":true}]}}