{"id":15626,"date":"2025-01-19T14:46:03","date_gmt":"2025-01-19T14:46:03","guid":{"rendered":"https:\/\/www.hydraulic-cylinders.net\/product\/bucket-cylinder-for-jcm-large-excavator-jcm936f\/"},"modified":"2025-01-19T14:46:05","modified_gmt":"2025-01-19T14:46:05","slug":"bucket-cylinder-for-jcm-large-excavator-jcm936f","status":"publish","type":"product","link":"https:\/\/www.hydraulic-cylinders.net\/da\/vare\/bucket-cylinder-for-jcm-large-excavator-jcm936f\/","title":{"rendered":"Skovlcylinder til JCM stor gravemaskine JCM936F"},"content":{"rendered":"<p><!DOCTYPE html><br \/>\n<html><br \/>\n<head><br \/>\n<title>Skovlcylinder til JCM stor gravemaskine JCM936F<\/title><br \/>\n<\/head><br \/>\n<body><\/p>\n<h1>Skovlcylinder til JCM stor gravemaskine JCM936F<\/h1>\n<h2>Indledning<\/h2>\n<p>Skovlcylinderen er en specialdesignet hydraulisk cylinder, der bruges til at styre skovlens bev\u00e6gelse i tunge maskiner s\u00e5som gravemaskiner, rendegravere og frontl\u00e6ssere. Dens hovedfunktion er at g\u00f8re det muligt for skovlen at l\u00f8fte, s\u00e6nke og vippe, hvilket g\u00f8r den praktisk til forskellige materialeh\u00e5ndteringsopgaver. I hydrauliske systemer opn\u00e5r skovlcylinderen pr\u00e6cis kontrol over skovlen ved hj\u00e6lp af tryk\u00e6ndringer i hydraulikolien, hvilket g\u00f8r det muligt for operat\u00f8rer at h\u00e5ndtere tunge belastninger effektivt og tilpasse sig komplekse arbejdsmilj\u00f8er og forskellige driftsbehov. <\/p>\n<p><img decoding=\"async\" src=\"https:\/\/www.hydraulic-cylinders.net\/wp-content\/uploads\/2025\/01\/songte-company-2.webp\" alt=\"Billede af spandcylinder\"><\/p>\n<h2>Funktioner<\/h2>\n<ul>\n<li>H\u00f8j styrke og holdbarhed: Typisk fremstillet af h\u00f8jstyrkest\u00e5l eller aluminium, kan den modst\u00e5 h\u00f8jt tryk og tunge belastninger og tilpasse sig barske arbejdsmilj\u00f8er. Designet tager h\u00f8jde for slidstyrke og korrosionsbestandighed, hvilket forl\u00e6nger levetiden.<\/li>\n<li>Effektiv hydraulisk drift: Ved at udnytte trykket fra hydraulikolien til at opn\u00e5 j\u00e6vne ud- og tilbagetr\u00e6kningsbev\u00e6gelser kan den hurtigt reagere p\u00e5 kontrolkommandoer og levere kraftige skubbe- og tr\u00e6kkr\u00e6fter, der er velegnede til h\u00e5ndtering af tunge belastninger og komplekse driftsopgaver.<\/li>\n<li>Forskellige typer: Enkeltvirkende (hydraulisk anvendt i kun \u00e9n retning) eller dobbeltvirkende (hydraulisk anvendt i begge retninger) cylindre kan v\u00e6lges baseret p\u00e5 kravene for at opfylde forskellige driftsbehov. Nogle modeller er teleskopiske, hvilket muligg\u00f8r st\u00f8rre udtr\u00e6k uden at \u00f8ge de udvendige dimensioner, velegnede til applikationer med begr\u00e6nset plads.<\/li>\n<li>Udskiftningsmuligheder: Vores produkter kan perfekt erstatte disse hydrauliske cylindre.<\/li>\n<\/ul>\n<p><img decoding=\"async\" src=\"https:\/\/www.hydraulic-cylinders.net\/wp-content\/uploads\/2025\/01\/songte-cylinder-head-with-all-kinds-excavator-models.webp\" alt=\"Udskiftningscylinderbillede\"><\/p>\n<h2>Applikationer<\/h2>\n<p>Skovlcylindre anvendes almindeligvis i f\u00f8lgende anvendelser:<\/p>\n<ul>\n<li>Entrepren\u00f8rudstyr: De findes i gravemaskiner og er afg\u00f8rende for at grave, l\u00e6sse og flytte jord eller affald. I rendegravere hj\u00e6lper skovlcylinderen med b\u00e5de at grave og l\u00f8fte.<\/li>\n<li>Landbrugsmaskiner: Bruges i frontl\u00e6ssere til at udgrave, l\u00f8fte og transportere jord, h\u00f8 og andre materialer.<\/li>\n<li>Gravemaskiner: Skovlcylinderen muligg\u00f8r gravehandlinger ved at lade skovlen tr\u00e6nge ned i jorden.<\/li>\n<li>L\u00e6ssere: Frontl\u00e6ssere hj\u00e6lper med at l\u00f8fte og losse gods effektivt.<\/li>\n<\/ul>\n<h2>Designovervejelser og udv\u00e6lgelseskriterier<\/h2>\n<p>Ved design af skovlcylindre tages der hensyn til flere faktorer:<\/p>\n<ul>\n<li>B\u00e6reevne: Cylinderen skal kunne modst\u00e5 den specificerede belastning uden at svigte.<\/li>\n<li>T\u00e6tning: Forskellige t\u00e6tningskomponenter s\u00e5som stempelt\u00e6tninger og stangt\u00e6tninger anvendes til at forhindre l\u00e6kage og sikre effektiv drift.<\/li>\n<li>Holdbarhed: Cylinderen er designet til at modst\u00e5 kravene i arbejdsmilj\u00f8et og give langvarig ydeevne.<\/li>\n<li>Sikkerhed: Der er indbygget sikkerhedsfunktioner for at forhindre ulykker og sikre f\u00f8rerens og udstyrets sikkerhed.<\/li>\n<li>Vedligeholdelsesvenlighed: Der tages hensyn til at lette vedligeholdelse, hvilket muligg\u00f8r nemme reparationer og udskiftninger.<\/li>\n<\/ul>\n<p><img decoding=\"async\" src=\"https:\/\/www.hydraulic-cylinders.net\/wp-content\/uploads\/2025\/01\/songte-oil-pipes-and-spare-parts.webp\" alt=\"Billede af hydrauliske cylinderdele\"><\/p>\n<h2>T\u00e6tning og sm\u00f8ring<\/h2>\n<p>Skovlcylinderen anvender forskellige t\u00e6tningskomponenter s\u00e5som stempelt\u00e6tninger og stangt\u00e6tninger, som er lavet af slidst\u00e6rke materialer som polyurethan og nitrilgummi. Cylinderhuset og gevindfladerne er fint behandlet for at forbedre slidstyrken. Regelm\u00e6ssig sm\u00f8ring med den passende m\u00e6ngde hydraulikolie er n\u00f8dvendig for at sikre problemfri drift.<\/p>\n<h2>Inspektioner og forebyggende vedligeholdelse<\/h2>\n<p>Regelm\u00e6ssige inspektioner og forebyggende vedligeholdelse er afg\u00f8rende for at sikre optimal ydeevne for skovlcylinderen. F\u00f8lgende foranstaltninger b\u00f8r tr\u00e6ffes:<\/p>\n<ul>\n<li>Unders\u00f8g cylinderen for tegn p\u00e5 skader eller slid.<\/li>\n<li>Sm\u00f8r alle bev\u00e6gelige dele ordentligt.<\/li>\n<li>Udskift pakningerne regelm\u00e6ssigt for at bevare deres effektivitet.<\/li>\n<li>Udf\u00f8r kalibreringskontroller for at sikre n\u00f8jagtig drift.<\/li>\n<\/ul>\n<p><img decoding=\"async\" src=\"https:\/\/www.hydraulic-cylinders.net\/wp-content\/uploads\/2025\/01\/songte-chushion-collar.webp\" alt=\"Billede af vedligeholdelse af hydrauliske cylindere\"><\/p>\n<h2>Sikkerhedshensyn og milj\u00f8faktorer<\/h2>\n<p>N\u00e5r man bruger skovlcylindre, er det vigtigt at prioritere sikkerhedsforanstaltninger for at forhindre ulykker og sikre operat\u00f8rernes og milj\u00f8ets velbefindende.<\/p>\n<h2>Fejldiagnose og almindelige problemer<\/h2>\n<p>Almindelige fejl og problemer, der kan opst\u00e5 med skovlcylindre, omfatter:<\/p>\n<ul>\n<li>L\u00e6kage af hydraulisk v\u00e6ske<\/li>\n<li>Tab af magt<\/li>\n<li>Rykkede eller uresponsive bev\u00e6gelser<\/li>\n<\/ul>\n<p>For at l\u00f8se disse problemer kan f\u00f8lgende tips og l\u00f8sninger hj\u00e6lpe med at diagnosticere og l\u00f8se problemer effektivt. Derudover kan forebyggende foranstaltninger implementeres for at minimere potentielle problemer.<\/p>\n<p><img decoding=\"async\" src=\"https:\/\/www.hydraulic-cylinders.net\/wp-content\/uploads\/2025\/01\/songte-bushings-with-all-kinds-of-excavator-models.webp\" alt=\"Billede af skovlcylinderb\u00f8sninger\"><\/p>\n<h2>Vedligeholdelsesopgaver<\/h2>\n<p>Almindelige vedligeholdelsesopgaver for skovlcylindre omfatter regelm\u00e6ssige inspektioner, korrekt sm\u00f8ring, udskiftning af pakninger og kalibreringstjek. Det er vigtigt at understrege vigtigheden af \u200b\u200bkorrekt installation, sm\u00f8ring og justering. Der b\u00f8r gives korrekt vejledning i justering under installationen, og det anbefales at bruge passende monteringsbeslag til at fastg\u00f8re cylinderen. Anbefalede procedurer for inspektion, reparation og udskiftning b\u00f8r gives sammen med tips til at forl\u00e6nge skovlcylinderens levetid.<\/p>\n<h2>Om vores virksomhed<\/h2>\n<p>Vi er en producent af hydrauliske udskiftningscylindre og tilbyder en bred vifte af produkter. Vi er blevet en f\u00f8rende producent og engrosdistribut\u00f8r af hydrauliske cylindre p\u00e5 indenlandske og internationale markeder. Vi overholder principperne om fremragende kvalitet og bruger de industrielle produktionsstyringsstrategier, der anvendes i raffinerede v\u00e6rksteder. Ved hj\u00e6lp af tekniske talenter, digitalt avanceret produktionsudstyr og professionelle testsystemer forbedrer vi l\u00f8bende vores produktionsplatform, perfektionerer produktionsruterne for produktkvalitet og besidder st\u00e6rke innovative evner. Vi sigter mod at im\u00f8dekomme vores kunders forskellige behov med produkter af h\u00f8j effektivitet, pr\u00e6cision og h\u00f8j kvalitet.<\/p>\n<p><img decoding=\"async\" src=\"https:\/\/www.hydraulic-cylinders.net\/wp-content\/uploads\/2025\/01\/songte-company-3.webp\" alt=\"Virksomhedens image\"><\/p>\n<p>Derudover tilbyder vi:<\/p>\n<ul>\n<li>Professionalitet og ekspertise<\/li>\n<li>Internationale certificeringer<\/li>\n<li>Tilpasningstjenester<\/li>\n<li>Avanceret produktionsudstyr<\/li>\n<li>Eftersalgsservice<\/li>\n<\/ul>\n<p>Forfatter: lyl<\/p>\n<p><img decoding=\"async\" src=\"https:\/\/hzpt.com\/wp-content\/uploads\/2024\/11\/songte-company-1.webp\" alt=\"Virksomhedens image\"><br \/>\n<\/body><br \/>\n<\/html><\/p>","protected":false},"excerpt":{"rendered":"<p>Bucket Cylinder For JCM Large Excavator JCM936F Bucket Cylinder For JCM Large Excavator JCM936F Introduction The bucket cylinder is a specially designed hydraulic cylinder used to control the movement of the bucket in heavy machinery such as excavators, backhoe loaders, and front-end loaders. Its main function is to enable the bucket to lift, lower, and [&hellip;]<\/p>","protected":false},"featured_media":14761,"comment_status":"open","ping_status":"closed","template":"","meta":{"_et_pb_use_builder":"","_et_pb_old_content":"","_et_gb_content_width":""},"product_brand":[],"product_cat":[1494],"product_tag":[1495,1496],"class_list":{"0":"post-15626","1":"product","2":"type-product","3":"status-publish","4":"has-post-thumbnail","6":"product_cat-bucket-cylinders","7":"product_tag-bucket-cylinders","8":"product_tag-hydraulic-cylinders","10":"first","11":"instock","12":"shipping-taxable","13":"product-type-simple"},"amp_enabled":true,"_links":{"self":[{"href":"https:\/\/www.hydraulic-cylinders.net\/da\/wp-json\/wp\/v2\/product\/15626","targetHints":{"allow":["GET"]}}],"collection":[{"href":"https:\/\/www.hydraulic-cylinders.net\/da\/wp-json\/wp\/v2\/product"}],"about":[{"href":"https:\/\/www.hydraulic-cylinders.net\/da\/wp-json\/wp\/v2\/types\/product"}],"replies":[{"embeddable":true,"href":"https:\/\/www.hydraulic-cylinders.net\/da\/wp-json\/wp\/v2\/comments?post=15626"}],"wp:featuredmedia":[{"embeddable":true,"href":"https:\/\/www.hydraulic-cylinders.net\/da\/wp-json\/wp\/v2\/media\/14761"}],"wp:attachment":[{"href":"https:\/\/www.hydraulic-cylinders.net\/da\/wp-json\/wp\/v2\/media?parent=15626"}],"wp:term":[{"taxonomy":"product_brand","embeddable":true,"href":"https:\/\/www.hydraulic-cylinders.net\/da\/wp-json\/wp\/v2\/product_brand?post=15626"},{"taxonomy":"product_cat","embeddable":true,"href":"https:\/\/www.hydraulic-cylinders.net\/da\/wp-json\/wp\/v2\/product_cat?post=15626"},{"taxonomy":"product_tag","embeddable":true,"href":"https:\/\/www.hydraulic-cylinders.net\/da\/wp-json\/wp\/v2\/product_tag?post=15626"}],"curies":[{"name":"wp","href":"https:\/\/api.w.org\/{rel}","templated":true}]}}