{"id":15630,"date":"2025-01-19T14:46:19","date_gmt":"2025-01-19T14:46:19","guid":{"rendered":"https:\/\/www.hydraulic-cylinders.net\/product\/bucket-cylinder-for-liebherr-middle-excavator-r934\/"},"modified":"2025-01-19T14:46:21","modified_gmt":"2025-01-19T14:46:21","slug":"bucket-cylinder-for-liebherr-middle-excavator-r934","status":"publish","type":"product","link":"https:\/\/www.hydraulic-cylinders.net\/da\/vare\/bucket-cylinder-for-liebherr-middle-excavator-r934\/","title":{"rendered":"Skovlcylinder til Liebherr mellemgraver R934"},"content":{"rendered":"<h1>Skovlcylinder til Liebherr mellemgraver R934<\/h1>\n<h2>Indledning<\/h2>\n<p>En skovlcylinder er en specialdesignet hydraulisk cylinder, der bruges til at styre bev\u00e6gelsen af \u200b\u200bskovle i tunge maskiner s\u00e5som gravemaskiner, rendegravere og frontl\u00e6ssere. Dens hovedfunktion er at g\u00f8re det muligt for skovlen at l\u00f8fte, s\u00e6nke og vippe, hvilket g\u00f8r det lettere at h\u00e5ndtere forskellige materialeh\u00e5ndteringsopgaver. I det hydrauliske system opn\u00e5r skovlcylinderen pr\u00e6cis kontrol over skovlen ved tryk\u00e6ndringen af \u200b\u200bhydraulikolien, hvilket g\u00f8r det muligt for operat\u00f8rer effektivt at h\u00e5ndtere tunge genstande, tilpasse sig komplekse arbejdsmilj\u00f8er og forskellige driftskrav.<\/p>\n<p><img decoding=\"async\" src=\"https:\/\/www.hydraulic-cylinders.net\/wp-content\/uploads\/2025\/01\/songte-company-2.webp\" alt=\"Skovlcylinder til Liebherr mellemgraver R934\"><\/p>\n<h2>Funktioner<\/h2>\n<ul>\n<li>H\u00f8j styrke og holdbarhed: Typisk lavet af h\u00f8jstyrkest\u00e5l eller aluminium, kan den modst\u00e5 h\u00f8jt tryk og tunge belastninger, tilpasse sig barske arbejdsmilj\u00f8er og er designet med slid- og korrosionsbestandighed i tankerne, hvilket forl\u00e6nger dens levetid.<\/li>\n<li>Effektiv hydraulisk drift: J\u00e6vne ud- og tilbagetr\u00e6kningsbev\u00e6gelser opn\u00e5s ved at udnytte trykket fra hydraulikolien, hvilket giver en st\u00e6rk skubbe- og tr\u00e6kkraft, der er egnet til h\u00e5ndtering af tunge genstande og komplekse driftsopgaver.<\/li>\n<li>Forskellige typer: Enkeltvirkende (hydraulisk i kun \u00e9n retning) eller dobbeltvirkende (hydraulisk i begge retninger) cylindre kan v\u00e6lges efter behov for at opfylde forskellige driftsbehov. Nogle modeller er teleskopiske, hvilket giver mulighed for st\u00f8rre udtr\u00e6k uden at \u00f8ge de ydre dimensioner og er velegnede til pladsbegr\u00e6nsede anvendelser.<\/li>\n<li>Nem at udskifte: Vores produkt kan perfekt erstatte disse hydrauliske cylindre.<\/li>\n<\/ul>\n<p><img decoding=\"async\" src=\"https:\/\/www.hydraulic-cylinders.net\/wp-content\/uploads\/2025\/01\/songte-cylinder-head-with-all-kinds-excavator-models.webp\" alt=\"Skovlcylinder til Liebherr mellemgraver R934\"><\/p>\n<h2>Applikationer<\/h2>\n<p>Skovlcylindre anvendes i vid udstr\u00e6kning i forskellige tunge maskiner, herunder:<\/p>\n<ul>\n<li>Entrepren\u00f8rudstyr: I gravemaskiner er de afg\u00f8rende for at grave, l\u00e6sse og flytte jord eller affald. I rendegravere hj\u00e6lper skovlcylinderen med b\u00e5de gravning og l\u00f8ft. <\/li>\n<li>Landbrugsmaskiner: Bruges i frontl\u00e6ssere til at udgrave, l\u00f8fte og transportere jord, h\u00f8 og andre materialer. <\/li>\n<li>Gravemaskiner: Skovlcylindere muligg\u00f8r gravefunktion ved at lade skovlen tr\u00e6nge ned i jorden. <\/li>\n<li>L\u00e6ssere: Frontl\u00e6ssere hj\u00e6lper med effektivt at l\u00f8fte og vippe gods. <\/li>\n<\/ul>\n<h2>Designovervejelser og udv\u00e6lgelseskriterier<\/h2>\n<p>Flere designhensyn og udv\u00e6lgelseskriterier b\u00f8r tages i betragtning ved valg og brug af skovlcylindre, herunder:<\/p>\n<ul>\n<li>B\u00e6reevne<\/li>\n<li>Forseglingsevne<\/li>\n<li>Holdbarhed<\/li>\n<li>Sikkerhed<\/li>\n<li>Vedligeholdelsesevne<\/li>\n<\/ul>\n<p><img decoding=\"async\" src=\"https:\/\/www.hydraulic-cylinders.net\/wp-content\/uploads\/2025\/01\/songte-oil-pipes-and-spare-parts.webp\" alt=\"Skovlcylinder til Liebherr mellemgraver R934\"><\/p>\n<h2>T\u00e6tning og sm\u00f8ring<\/h2>\n<p>Forskellige t\u00e6tningskomponenter anvendes i skovlcylindre, s\u00e5som stempelt\u00e6tninger, stangt\u00e6tninger osv. Disse t\u00e6tninger er lavet af slidst\u00e6rke materialer s\u00e5som polyurethan og nitrilgummi. Cylinderhuset og gevindoverfladen er fint forarbejdet for at forbedre slidstyrken. Regelm\u00e6ssig tils\u00e6tning af passende hydraulikolie til sm\u00f8ring er n\u00f8dvendig.<\/p>\n<h2>Inspektion og forebyggende vedligeholdelse<\/h2>\n<p>Regelm\u00e6ssig inspektion og forebyggende vedligeholdelse er afg\u00f8rende for at opretholde skovlcylinderens levetid. Opgaver b\u00f8r omfatte:<\/p>\n<ul>\n<li>Regelm\u00e6ssige kontroller<\/li>\n<li>Korrekt sm\u00f8ring<\/li>\n<li>Udskiftning af pakning<\/li>\n<li>Kalibreringstjek<\/li>\n<\/ul>\n<p>Under installationen er det vigtigt at sikre korrekt justering af cylinderen. Det anbefales at bruge passende monteringsbeslag til at fastg\u00f8re cylinderen. Der gives anbefalede inspektions-, reparations- og udskiftningsprocedurer, og der tilbydes reservedele og reparationstjenester for at forl\u00e6nge spandcylinderens levetid.<\/p>\n<p><img decoding=\"async\" src=\"https:\/\/www.hydraulic-cylinders.net\/wp-content\/uploads\/2025\/01\/songte-chushion-collar.webp\" alt=\"Skovlcylinder til Liebherr mellemgraver R934\"><\/p>\n<h2>Sikkerheds- og milj\u00f8hensyn<\/h2>\n<p>N\u00e5r man bruger skovlcylindre, er sikkerhedsforanstaltninger vigtige. Foranstaltninger som korrekt installation, regelm\u00e6ssig vedligeholdelse og inspektion hj\u00e6lper med at forhindre ulykker og sikre sikker drift. Milj\u00f8faktorer b\u00f8r ogs\u00e5 tages i betragtning ved valg og brug af skovlcylindre, hvad ang\u00e5r v\u00e6sker, materialer og bortskaffelse.<\/p>\n<h2>Almindelige problemer og fejlfinding<\/h2>\n<p>Almindelige problemer, der kan opst\u00e5 med skovlcylindre, omfatter oliel\u00e6kage, utilstr\u00e6kkelig kraft og forkert placering. Der gives tips og l\u00f8sninger til fejlfinding for at hj\u00e6lpe l\u00e6serne med at diagnosticere og l\u00f8se problemer effektivt. Forebyggende foranstaltninger foresl\u00e5s ogs\u00e5 for at minimere potentielle problemer.<\/p>\n<p><img decoding=\"async\" src=\"https:\/\/www.hydraulic-cylinders.net\/wp-content\/uploads\/2025\/01\/songte-bushings-with-all-kinds-of-excavator-models.webp\" alt=\"Skovlcylinder til Liebherr mellemgraver R934\"><\/p>\n<h2>Om vores virksomhed<\/h2>\n<p>Vi er en producent af hydrauliske udskiftningscylindre med et komplet produktsortiment. Som en af \u200b\u200bde f\u00f8rende producenter og grossister af hydrauliske cylindre p\u00e5 det indenlandske og internationale marked, overholder vi princippet om fremragende kvalitet og s\u00e6tter vores lid til strategier for industriel produktionsstyring i fint udformede produktionsv\u00e6rksteder. Vi forbedrer l\u00f8bende vores produktionsplatforme og perfektionerer produktionsruter af produktkvalitet baseret p\u00e5 brugen af \u200b\u200btekniske talenter, digitalt avanceret produktionsudstyr og professionelle testsystemer. Vi har st\u00e6rke innovationsevner, og vi im\u00f8dekommer kundernes forskellige behov med h\u00f8j effektivitet, h\u00f8j pr\u00e6cision og h\u00f8j kvalitet.<\/p>\n<p><img decoding=\"async\" src=\"https:\/\/hzpt.com\/wp-content\/uploads\/2024\/11\/songte-company-1.webp\" alt=\"Skovlcylinder til Liebherr mellemgraver R934\"><\/p>\n<h3>Professionalitet<\/h3>\n<p>Vi har et team af h\u00f8jt uddannede og erfarne fagfolk inden for design, fremstilling og kvalitetskontrol af hydrauliske cylindre.<\/p>\n<h3>International certificering<\/h3>\n<p>Vi har opn\u00e5et ISO 9001:2015-certificering og CE-certificering, hvilket beviser vores engagement i kvalitet og sikkerhed.<\/p>\n<h3>Tilpasningstjenester<\/h3>\n<p>Vi tilbyder tilpasningstjenester for at im\u00f8dekomme vores kunders specifikke behov.<\/p>\n<h3>Produktionsudstyr<\/h3>\n<p>Vi bruger avanceret produktionsudstyr s\u00e5som CNC-bearbejdningscentre, svejserobotter og automatiske malelinjer for at opn\u00e5 produktion af h\u00f8j kvalitet og effektivitet.<\/p>\n<h3>Eftersalgsservice<\/h3>\n<p>Vi tilbyder kunderne omfattende eftersalgsservice, herunder teknisk support, vedligeholdelse og reparationstjenester.<\/p>\n<p>Forfatter: lyl<\/p>","protected":false},"excerpt":{"rendered":"<p>Bucket Cylinder For Liebherr Middle Excavator R934 Introduction A bucket cylinder is a specially designed hydraulic cylinder used to control the movement of buckets in heavy machinery such as excavators, backhoe excavators, and front-end loaders. Its main function is to enable the bucket to lift, lower, and tilt, making it easier to handle various material [&hellip;]<\/p>","protected":false},"featured_media":14785,"comment_status":"open","ping_status":"closed","template":"","meta":{"_et_pb_use_builder":"","_et_pb_old_content":"","_et_gb_content_width":""},"product_brand":[],"product_cat":[1494],"product_tag":[1495,1496],"class_list":{"0":"post-15630","1":"product","2":"type-product","3":"status-publish","4":"has-post-thumbnail","6":"product_cat-bucket-cylinders","7":"product_tag-bucket-cylinders","8":"product_tag-hydraulic-cylinders","10":"first","11":"instock","12":"shipping-taxable","13":"product-type-simple"},"amp_enabled":true,"_links":{"self":[{"href":"https:\/\/www.hydraulic-cylinders.net\/da\/wp-json\/wp\/v2\/product\/15630","targetHints":{"allow":["GET"]}}],"collection":[{"href":"https:\/\/www.hydraulic-cylinders.net\/da\/wp-json\/wp\/v2\/product"}],"about":[{"href":"https:\/\/www.hydraulic-cylinders.net\/da\/wp-json\/wp\/v2\/types\/product"}],"replies":[{"embeddable":true,"href":"https:\/\/www.hydraulic-cylinders.net\/da\/wp-json\/wp\/v2\/comments?post=15630"}],"wp:featuredmedia":[{"embeddable":true,"href":"https:\/\/www.hydraulic-cylinders.net\/da\/wp-json\/wp\/v2\/media\/14785"}],"wp:attachment":[{"href":"https:\/\/www.hydraulic-cylinders.net\/da\/wp-json\/wp\/v2\/media?parent=15630"}],"wp:term":[{"taxonomy":"product_brand","embeddable":true,"href":"https:\/\/www.hydraulic-cylinders.net\/da\/wp-json\/wp\/v2\/product_brand?post=15630"},{"taxonomy":"product_cat","embeddable":true,"href":"https:\/\/www.hydraulic-cylinders.net\/da\/wp-json\/wp\/v2\/product_cat?post=15630"},{"taxonomy":"product_tag","embeddable":true,"href":"https:\/\/www.hydraulic-cylinders.net\/da\/wp-json\/wp\/v2\/product_tag?post=15630"}],"curies":[{"name":"wp","href":"https:\/\/api.w.org\/{rel}","templated":true}]}}