{"id":15643,"date":"2025-01-19T14:47:17","date_gmt":"2025-01-19T14:47:17","guid":{"rendered":"https:\/\/www.hydraulic-cylinders.net\/product\/bucket-cylinder-for-sdlg-small-excavator-lg660e\/"},"modified":"2025-01-19T14:47:19","modified_gmt":"2025-01-19T14:47:19","slug":"bucket-cylinder-for-sdlg-small-excavator-lg660e","status":"publish","type":"product","link":"https:\/\/www.hydraulic-cylinders.net\/da\/vare\/bucket-cylinder-for-sdlg-small-excavator-lg660e\/","title":{"rendered":"Skovlcylinder til SDLG lille gravemaskine LG660E"},"content":{"rendered":"<p><!DOCTYPE html><br \/>\n<html><br \/>\n<head><br \/>\n\t<title>Skovlcylinder til SDLG lille gravemaskine LG660E<\/title><br \/>\n<\/head><br \/>\n<body><\/p>\n<h1>Skovlcylinder til SDLG lille gravemaskine LG660E<\/h1>\n<h2>Indledning<\/h2>\n<p>Skovlcylinderen er en specialdesignet hydraulisk cylinder, der bruges til at styre skovlens bev\u00e6gelse i tunge maskiner s\u00e5som gravemaskiner, rendegravere og frontl\u00e6ssere. Dens hovedfunktion er at g\u00f8re det muligt for skovlen at l\u00f8fte, s\u00e6nke og vippe, hvilket g\u00f8r den velegnet til forskellige materialeh\u00e5ndteringsopgaver. I det hydrauliske system opn\u00e5r skovlcylinderen pr\u00e6cis kontrol over skovlen ved at variere trykket i den hydrauliske olie, hvilket g\u00f8r det muligt for operat\u00f8rer effektivt at h\u00e5ndtere tunge l\u00e6s og tilpasse sig komplekse arbejdsmilj\u00f8er og forskellige driftsbehov.<\/p>\n<p>\t<img decoding=\"async\" src=\"https:\/\/www.hydraulic-cylinders.net\/wp-content\/uploads\/2025\/01\/songte-company-2.webp\" alt=\"Produktbillede\"><\/p>\n<h2>Funktioner<\/h2>\n<ul>\n<li>H\u00f8j styrke og holdbarhed: Typisk lavet af h\u00f8jstyrkest\u00e5l eller aluminium, kan den modst\u00e5 h\u00f8jt tryk og tunge belastninger, tilpasse sig barske arbejdsmilj\u00f8er og er designet med hensyntagen til slidstyrke og korrosionsbestandighed for at forl\u00e6nge dens levetid.<\/li>\n<li>Effektiv hydraulisk drift: Ved at udnytte trykket fra hydraulikolien til at opn\u00e5 j\u00e6vne ud- og tilbagetr\u00e6kningsbev\u00e6gelser kan den hurtigt reagere p\u00e5 kontrolkommandoer og levere kraftige skubbe- og tr\u00e6kkr\u00e6fter, hvilket g\u00f8r den velegnet til h\u00e5ndtering af tunge belastninger og komplekse driftsopgaver.<\/li>\n<li>Forskellige typer: Enkeltvirkende (hydraulisk tryk kun i \u00e9n retning) eller dobbeltvirkende (hydraulisk tryk i begge retninger) cylindre kan v\u00e6lges efter specifikke driftsbehov. Nogle modeller er teleskopiske, hvilket muligg\u00f8r st\u00f8rre udtr\u00e6k uden at \u00f8ge de udvendige dimensioner, hvilket g\u00f8r dem velegnede til applikationer med begr\u00e6nset plads.<\/li>\n<li>Udskiftning af andre hydrauliske cylindre: Vores produkt kan perfekt erstatte andre hydrauliske cylindre. <\/li>\n<\/ul>\n<p>\t<img decoding=\"async\" src=\"https:\/\/www.hydraulic-cylinders.net\/wp-content\/uploads\/2025\/01\/songte-cylinder-head-with-all-kinds-excavator-models.webp\" alt=\"Produktbillede\"><\/p>\n<h2>Applikationer<\/h2>\n<ul>\n<li>Entrepren\u00f8rudstyr: De findes i gravemaskiner og er afg\u00f8rende for at grave, l\u00e6sse og flytte jord eller affald. I rendegravere hj\u00e6lper skovlcylinderen med b\u00e5de udgravning og l\u00f8ft.<\/li>\n<li>Landbrugsmaskiner: Bruges i frontl\u00e6ssere til at udgrave, l\u00f8fte og transportere jord, h\u00f8 og andre materialer.<\/li>\n<li>Gravemaskiner: Skovlcylinderen muligg\u00f8r udgravning ved at lade skovlen tr\u00e6nge ned i jorden.<\/li>\n<li>Frontl\u00e6ssere: Frontl\u00e6ssere hj\u00e6lper med at l\u00f8fte og vippe varer effektivt.<\/li>\n<\/ul>\n<h2>Designovervejelser og udv\u00e6lgelseskriterier<\/h2>\n<p>Ved design af skovlcylindre tages der hensyn til flere n\u00f8glefaktorer:<\/p>\n<ul>\n<li>B\u00e6reevne: Cylinderen skal v\u00e6re konstrueret til at modst\u00e5 de forventede belastninger og kr\u00e6fter.<\/li>\n<li>T\u00e6tning: Forskellige t\u00e6tningskomponenter, s\u00e5som stempelt\u00e6tninger og stangt\u00e6tninger, anvendes til at sikre korrekt t\u00e6tning og forhindre oliel\u00e6kage.<\/li>\n<li>Durability: The cylinder&#8217;s materials and surface treatments are chosen to enhance wear resistance and prolong its lifespan.<\/li>\n<li>Sikkerhed: Sikkerhedsfunktioner som trykaflastningsventiler og overbelastningsbeskyttelsesmekanismer er indbygget for at forhindre ulykker og sikre sikker drift.<\/li>\n<li>Vedligeholdelsesvenlighed: Designet skal muligg\u00f8re nem vedligeholdelse og reparationer, med nem adgang til komponenter og klare instruktioner til udskiftning eller justering.<\/li>\n<\/ul>\n<p>\t<img decoding=\"async\" src=\"https:\/\/www.hydraulic-cylinders.net\/wp-content\/uploads\/2025\/01\/songte-oil-pipes-and-spare-parts.webp\" alt=\"Produktbillede\"><\/p>\n<h2>T\u00e6tning og sm\u00f8ring<\/h2>\n<p>The bucket cylinder utilizes various seals, such as piston seals and rod seals, which are made of wear-resistant materials such as polyurethane and nitrile rubber. The cylinder body and thread ends are finely treated to improve wear resistance. Regular lubrication with appropriate hydraulic oil is necessary to ensure smooth operation and extend the cylinder&#8217;s lifespan.<\/p>\n<h2>Regelm\u00e6ssig inspektion og forebyggende vedligeholdelsesforanstaltninger<\/h2>\n<ul>\n<li>Inspicer regelm\u00e6ssigt cylinderen for tegn p\u00e5 slid, l\u00e6kage eller skader.<\/li>\n<li>S\u00f8rg for korrekt sm\u00f8ring og oprethold det anbefalede olieniveau.<\/li>\n<li>Udskift pakninger og andre komponenter efter behov for at opretholde korrekt t\u00e6tning og forhindre oliel\u00e6kage.<\/li>\n<li>Udf\u00f8r kalibreringskontroller for at sikre n\u00f8jagtig drift.<\/li>\n<li>F\u00f8lg de anbefalede installationsprocedurer for at sikre korrekt justering af cylinderen.<\/li>\n<li>Brug passende monteringsbeslag til at fastg\u00f8re cylinderen.<\/li>\n<li>Angiv anbefalede procedurer for inspektion, reparation og udskiftning.<\/li>\n<li>Tilbyd reservedele og ombygningstjenester for at forl\u00e6nge spandcylinderens levetid.<\/li>\n<\/ul>\n<p>\t<img decoding=\"async\" src=\"https:\/\/www.hydraulic-cylinders.net\/wp-content\/uploads\/2025\/01\/songte-chushion-collar.webp\" alt=\"Produktbillede\"><\/p>\n<h2>Sikkerhedshensyn og milj\u00f8faktorer<\/h2>\n<p>N\u00e5r man bruger skovlcylinderen, er det vigtigt at implementere sikkerhedsforanstaltninger s\u00e5som korrekt tr\u00e6ning, f\u00f8lge driftsvejledninger og b\u00e6re passende personlige v\u00e6rnemidler. Derudover b\u00f8r man overveje milj\u00f8m\u00e6ssige faktorer, s\u00e5som korrekt bortskaffelse af brugt hydraulikolie og overholdelse af regler vedr\u00f8rende h\u00e5ndtering af hydraulisk udstyr.<\/p>\n<h2>Fejldiagnose og almindelige problemer<\/h2>\n<p>Almindelige problemer med skovlcylindre kan omfatte l\u00e6kager, utilstr\u00e6kkelig kraft eller uregelm\u00e6ssige bev\u00e6gelser. For at fejlfinde disse problemer er det vigtigt at inspicere cylinderen for tegn p\u00e5 skader eller slid, kontrollere hydraulikv\u00e6skeniveauet og -kvaliteten og sikre korrekt sm\u00f8ring. Hvis problemerne forts\u00e6tter, b\u00f8r der s\u00f8ges professionel hj\u00e6lp.<\/p>\n<p>\t<img decoding=\"async\" src=\"https:\/\/www.hydraulic-cylinders.net\/wp-content\/uploads\/2025\/01\/songte-bushings-with-all-kinds-of-excavator-models.webp\" alt=\"Produktbillede\"><\/p>\n<h2>Vedligeholdelsesopgaver<\/h2>\n<p>Almindelige vedligeholdelsesopgaver for skovlcylindre omfatter:<\/p>\n<ol>\n<li>Regelm\u00e6ssige inspektioner for at identificere tegn p\u00e5 slid, skader eller l\u00e6kager.<\/li>\n<li>Korrekt sm\u00f8ring for at sikre problemfri drift.<\/li>\n<li>Udskiftning af pakninger for at opretholde korrekt t\u00e6tning og forhindre oliel\u00e6kage.<\/li>\n<\/ol>\n<p>Det er vigtigt at understrege vigtigheden af \u200b\u200bkorrekt installation, sm\u00f8ring og justering. Korrekt justering af cylinderen under installationen b\u00f8r vejledes, og brug af passende monteringsbeslag anbefales. Artiklen indeholder ogs\u00e5 anbefalede inspektions-, reparations- og udskiftningsprocedurer samt teknikker til at forl\u00e6nge spandcylinderens levetid.<\/p>\n<p>\t<img decoding=\"async\" src=\"https:\/\/hzpt.com\/wp-content\/uploads\/2024\/11\/songte-company-1.webp\" alt=\"Produktbillede\"><\/p>\n<h2>Om vores virksomhed<\/h2>\n<p>Vi er producent af hydrauliske udskiftningscylindre og tilbyder en bred vifte af produkter. Vi er blevet en af \u200b\u200bde f\u00f8rende producenter og engrosdistribut\u00f8rer af hydrauliske cylindre p\u00e5 b\u00e5de indenlandske og internationale markeder. Med fokus p\u00e5 fremragende kvalitet bruger vi industrialiserede produktionsstyringsstrategier i vores sofistikerede produktionsv\u00e6rksted. Vores virksomhed forbedrer l\u00f8bende produktionsplatformen og perfektionerer produktionsruten for produktkvalitet gennem anvendelse af tekniske talenter, avanceret digitalt produktionsudstyr og professionelle testsystemer. Vi har en st\u00e6rk kreativ evne og overholder principperne om h\u00f8j effektivitet, h\u00f8j pr\u00e6cision og h\u00f8j kvalitet for at im\u00f8dekomme forskellige kunders behov.<\/p>\n<p>\t<img decoding=\"async\" src=\"https:\/\/www.hydraulic-cylinders.net\/wp-content\/uploads\/2025\/01\/songte-company-3.webp\" alt=\"Produktbillede\"><\/p>\n<p>Vores virksomhed skiller sig ud med hensyn til professionalisme, internationale certificeringer, skr\u00e6ddersyede tjenester, produktionsudstyr og eftersalgsservice.<\/p>\n<p>Forfatter: lyl<\/p>\n<p><\/body><br \/>\n<\/html><\/p>","protected":false},"excerpt":{"rendered":"<p>Bucket Cylinder For SDLG Small Excavator LG660E Bucket Cylinder For SDLG Small Excavator LG660E Introduction The bucket cylinder is a specially designed hydraulic cylinder used to control the movement of the bucket in heavy machinery such as excavators, backhoe loaders, and front loaders. Its main function is to enable the bucket to lift, lower, and [&hellip;]<\/p>","protected":false},"featured_media":14788,"comment_status":"open","ping_status":"closed","template":"","meta":{"_et_pb_use_builder":"","_et_pb_old_content":"","_et_gb_content_width":""},"product_brand":[],"product_cat":[1494],"product_tag":[1495,1496],"class_list":{"0":"post-15643","1":"product","2":"type-product","3":"status-publish","4":"has-post-thumbnail","6":"product_cat-bucket-cylinders","7":"product_tag-bucket-cylinders","8":"product_tag-hydraulic-cylinders","10":"first","11":"instock","12":"shipping-taxable","13":"product-type-simple"},"amp_enabled":true,"_links":{"self":[{"href":"https:\/\/www.hydraulic-cylinders.net\/da\/wp-json\/wp\/v2\/product\/15643","targetHints":{"allow":["GET"]}}],"collection":[{"href":"https:\/\/www.hydraulic-cylinders.net\/da\/wp-json\/wp\/v2\/product"}],"about":[{"href":"https:\/\/www.hydraulic-cylinders.net\/da\/wp-json\/wp\/v2\/types\/product"}],"replies":[{"embeddable":true,"href":"https:\/\/www.hydraulic-cylinders.net\/da\/wp-json\/wp\/v2\/comments?post=15643"}],"wp:featuredmedia":[{"embeddable":true,"href":"https:\/\/www.hydraulic-cylinders.net\/da\/wp-json\/wp\/v2\/media\/14788"}],"wp:attachment":[{"href":"https:\/\/www.hydraulic-cylinders.net\/da\/wp-json\/wp\/v2\/media?parent=15643"}],"wp:term":[{"taxonomy":"product_brand","embeddable":true,"href":"https:\/\/www.hydraulic-cylinders.net\/da\/wp-json\/wp\/v2\/product_brand?post=15643"},{"taxonomy":"product_cat","embeddable":true,"href":"https:\/\/www.hydraulic-cylinders.net\/da\/wp-json\/wp\/v2\/product_cat?post=15643"},{"taxonomy":"product_tag","embeddable":true,"href":"https:\/\/www.hydraulic-cylinders.net\/da\/wp-json\/wp\/v2\/product_tag?post=15643"}],"curies":[{"name":"wp","href":"https:\/\/api.w.org\/{rel}","templated":true}]}}