{"id":15648,"date":"2025-01-19T14:47:38","date_gmt":"2025-01-19T14:47:38","guid":{"rendered":"https:\/\/www.hydraulic-cylinders.net\/product\/bucket-cylinder-for-sdlg-small-excavator-lg665e\/"},"modified":"2025-01-19T14:47:40","modified_gmt":"2025-01-19T14:47:40","slug":"bucket-cylinder-for-sdlg-small-excavator-lg665e","status":"publish","type":"product","link":"https:\/\/www.hydraulic-cylinders.net\/da\/vare\/bucket-cylinder-for-sdlg-small-excavator-lg665e\/","title":{"rendered":"Skovlcylinder til SDLG lille gravemaskine LG665E"},"content":{"rendered":"<h1>Skovlcylinder til SDLG lille gravemaskine LG665E<\/h1>\n<h2>Indledning<\/h2>\n<h3>Definition<\/h3>\n<p>En skovlcylinder er en specialdesignet hydraulisk cylinder, der prim\u00e6rt bruges til at styre skovlens bev\u00e6gelse i tunge maskiner s\u00e5som gravemaskiner, rendegravere og frontl\u00e6ssere. Dens hovedfunktion er at give skovlen mulighed for at l\u00f8fte, s\u00e6nke og vippe, hvilket g\u00f8r det lettere at h\u00e5ndtere forskellige materialeh\u00e5ndteringsopgaver. I det hydrauliske system styrer skovlcylinderen pr\u00e6cist skovlens bev\u00e6gelse gennem tryk\u00e6ndringer i hydraulikolien, hvilket g\u00f8r det muligt for operat\u00f8rer effektivt at h\u00e5ndtere tunge l\u00e6s, tilpasse sig komplekse arbejdsmilj\u00f8er og forskellige driftskrav.<\/p>\n<p><img decoding=\"async\" src=\"https:\/\/www.hydraulic-cylinders.net\/wp-content\/uploads\/2025\/01\/songte-company-2.webp\" alt=\"Spandens cylinder\"><\/p>\n<h3>Funktioner<\/h3>\n<ul>\n<li>H\u00f8j styrke og holdbarhed: Typisk fremstillet af h\u00f8jstyrkest\u00e5l eller aluminium, kan det modst\u00e5 h\u00f8jt tryk og tunge belastninger, tilpasse sig barske arbejdsmilj\u00f8er og er designet med slidstyrke og korrosionsbestandighed for at forl\u00e6nge levetiden.<\/li>\n<li>Effektiv hydraulisk betjening: J\u00e6vn ud- og tilbagetr\u00e6kningsbev\u00e6gelse opn\u00e5s ved hj\u00e6lp af hydraulisk olietryk, hvilket giver hurtig respons p\u00e5 styrekommandoer og leverer kraftige skubbe- og tr\u00e6kkr\u00e6fter, der er velegnede til h\u00e5ndtering af tunge belastninger og komplekse arbejdsopgaver.<\/li>\n<li>Flere typer: Enkeltvirkende (hydraulisk kun anvendt i \u00e9n retning) eller dobbeltvirkende (hydraulisk anvendt i begge retninger) cylindre kan v\u00e6lges efter driftsbehov. Nogle modeller er teleskopiske, hvilket giver mulighed for st\u00f8rre udtr\u00e6k uden at \u00f8ge de udvendige dimensioner, og er velegnede til applikationer med begr\u00e6nset plads.<\/li>\n<li>Perfekt udskiftning: Vores produkter kan perfekt erstatte disse hydrauliske cylindre. <\/li>\n<\/ul>\n<p><img decoding=\"async\" src=\"https:\/\/www.hydraulic-cylinders.net\/wp-content\/uploads\/2025\/01\/songte-cylinder-head-with-all-kinds-excavator-models.webp\" alt=\"Udskiftning af spandcylinder\"><\/p>\n<h2>Applikationer<\/h2>\n<h3>Entrepren\u00f8rudstyr<\/h3>\n<p>I gravemaskiner er de afg\u00f8rende for at grave, l\u00e6sse og flytte jord eller affald. I rendegravere hj\u00e6lper skovlcylindre med b\u00e5de at grave og l\u00f8fte. I frontl\u00e6ssere hj\u00e6lper de med at l\u00f8fte og t\u00f8mme gods effektivt.<\/p>\n<h3>Landbrugsmaskiner<\/h3>\n<p>Bruges til frontl\u00e6ssere, hvor de samler, l\u00f8fter og transporterer jord, h\u00f8 og andre materialer op. I gravemaskiner muligg\u00f8r skovlcylindre gravearbejde ved at lade skovlen tr\u00e6nge ned i jorden. <\/p>\n<h3>Andre applikationer<\/h3>\n<p>Skovlcylindre bruges i forskellige industrier s\u00e5som minedrift, olie og gas, skovbrug og affaldsh\u00e5ndtering.<\/p>\n<h2>Designovervejelser og udv\u00e6lgelseskriterier<\/h2>\n<h3>B\u00e6reevne<\/h3>\n<p>B\u00e6reevne er en vigtig overvejelse, n\u00e5r man v\u00e6lger en skovlcylinder. Den skal kunne modst\u00e5 den maksimale kraft, der vil blive p\u00e5f\u00f8rt under drift.<\/p>\n<h3>Forsegling<\/h3>\n<p>T\u00e6tning er en anden kritisk faktor, n\u00e5r man v\u00e6lger en skovlcylinder. Det er vigtigt at bruge forskellige t\u00e6tninger som stempelt\u00e6tninger, stangt\u00e6tninger osv., der er lavet af materialer som polyurethan, nitrilgummi osv., for at sikre, at skovlcylinderen har god modstandsdygtighed over for slid. <\/p>\n<h3>Holdbarhed<\/h3>\n<p>Holdbarhed er en vigtig designfaktor for skovlcylindre. Cylinderens hus og gevindflade b\u00f8r gennemg\u00e5 en fin bearbejdning for at forbedre slidstyrken. Regelm\u00e6ssig sm\u00f8ring med den rette m\u00e6ngde hydraulikolie er ogs\u00e5 n\u00f8dvendig for at sikre dens lange levetid.<\/p>\n<h3>Sikkerhed og vedligeholdelse<\/h3>\n<p>Sikkerhed og vedligeholdelse er afg\u00f8rende ved brug af skovlcylindre. Regelm\u00e6ssig inspektion og forebyggende vedligeholdelse er afg\u00f8rende for at reducere sandsynligheden for potentielle problemer. Korrekt installation, sm\u00f8ring og justering er n\u00f8dvendige for problemfri drift. <\/p>\n<p><img decoding=\"async\" src=\"https:\/\/www.hydraulic-cylinders.net\/wp-content\/uploads\/2025\/01\/songte-oil-pipes-and-spare-parts.webp\" alt=\"Reservedele til spandcylinder\"><\/p>\n<h2>Opretholdelse<\/h2>\n<p>Regelm\u00e6ssig inspektion, korrekt sm\u00f8ring, udskiftning af pakninger og kalibreringstjek er nogle af de almindelige vedligeholdelsesopgaver, der kr\u00e6ves for skovlcylindre for at sikre effektiv drift og forl\u00e6nge levetiden. Korrekt installation, sm\u00f8ring og justering er n\u00f8dvendige for problemfri drift. Det anbefales at bruge passende monteringsbeslag til at fastg\u00f8re cylinderen. Vi tilbyder udskiftning af komponenter og reparationstjenester for at \u00f8ge cylinderens levetid.<\/p>\n<h2>Sikkerhedshensyn og milj\u00f8faktorer<\/h2>\n<p>Ved h\u00e5ndtering af skovlcylindre er sikkerhedsforanstaltninger afg\u00f8rende for at undg\u00e5 skader eller ulykker. Det er vigtigt at bruge det rigtige v\u00e6rkt\u00f8j, f\u00f8lge sikkerhedsretningslinjerne og tage de n\u00f8dvendige forholdsregler. Milj\u00f8faktorer b\u00f8r ogs\u00e5 tages i betragtning ved brug af skovlcylindre. De skal h\u00e5ndteres og bortskaffes p\u00e5 en milj\u00f8venlig m\u00e5de.<\/p>\n<h2>Fejldiagnose og almindelige problemer<\/h2>\n<p>Nogle gange kan der opst\u00e5 problemer med skovlcylindre, s\u00e5som l\u00e6kage, utilstr\u00e6kkelig effekt og unormal st\u00f8j. Det er vigtigt at diagnosticere problemet korrekt og tr\u00e6ffe passende korrigerende foranstaltninger. Regelm\u00e6ssig inspektion og forebyggende vedligeholdelse kan hj\u00e6lpe med at reducere sandsynligheden for potentielle problemer og holde cylinderen i fremragende stand.<\/p>\n<p><img decoding=\"async\" src=\"https:\/\/www.hydraulic-cylinders.net\/wp-content\/uploads\/2025\/01\/songte-bushings-with-all-kinds-of-excavator-models.webp\" alt=\"Skovlcylinderb\u00f8sninger\"><\/p>\n<h2>Om vores virksomhed<\/h2>\n<p>Vi er en f\u00f8rende producent og grossist af hydrauliske cylindre. Vi har et komplet produktsortiment og er blevet en af \u200b\u200bde f\u00f8rende producenter og grossister af hydrauliske cylindre p\u00e5 det indenlandske og internationale marked. Vi f\u00f8lger fremragende kvalitetsstyringsprincipper og bygger p\u00e5 den industrialiserede produktionsstyringsstrategi fra fine produktionsv\u00e6rksteder. Vores virksomhed forbedrer l\u00f8bende v\u00e6rkstedets produktionsplatform, perfektionerer produktionslinjen med perfektion og har en st\u00e6rk kreativitet. Vi im\u00f8dekommer vores kunders forskellige behov med principper for h\u00f8j effektivitet, h\u00f8j pr\u00e6cision og h\u00f8j kvalitet.<\/p>\n<ul>\n<li>Professionalitet<\/li>\n<li>International certificering<\/li>\n<li>Tilpasningstjenester<\/li>\n<li>Produktionsudstyr<\/li>\n<li>Eftersalgsservice<\/li>\n<\/ul>\n<p>Vi er forpligtet til at levere produkter og tjenester af h\u00f8j kvalitet til vores kunder, og vi ser frem til at samarbejde med dig.<\/p>\n<p><img decoding=\"async\" src=\"https:\/\/hzpt.com\/wp-content\/uploads\/2024\/11\/songte-company-1.webp\" alt=\"Selskab\"><\/p>\n<p>Forfatter: lyl.<\/p>","protected":false},"excerpt":{"rendered":"<p>Bucket Cylinder For SDLG Small Excavator LG665E Introduction Definition A bucket cylinder is a specially designed hydraulic cylinder mainly used to control the movement of the bucket in heavy machinery such as excavators, backhoes, and front-end loaders. Its main function is to allow the bucket to lift, lower, and tilt, making it easier to handle [&hellip;]<\/p>","protected":false},"featured_media":14780,"comment_status":"open","ping_status":"closed","template":"","meta":{"_et_pb_use_builder":"","_et_pb_old_content":"","_et_gb_content_width":""},"product_brand":[],"product_cat":[1494],"product_tag":[1495,1496],"class_list":{"0":"post-15648","1":"product","2":"type-product","3":"status-publish","4":"has-post-thumbnail","6":"product_cat-bucket-cylinders","7":"product_tag-bucket-cylinders","8":"product_tag-hydraulic-cylinders","10":"first","11":"instock","12":"shipping-taxable","13":"product-type-simple"},"amp_enabled":true,"_links":{"self":[{"href":"https:\/\/www.hydraulic-cylinders.net\/da\/wp-json\/wp\/v2\/product\/15648","targetHints":{"allow":["GET"]}}],"collection":[{"href":"https:\/\/www.hydraulic-cylinders.net\/da\/wp-json\/wp\/v2\/product"}],"about":[{"href":"https:\/\/www.hydraulic-cylinders.net\/da\/wp-json\/wp\/v2\/types\/product"}],"replies":[{"embeddable":true,"href":"https:\/\/www.hydraulic-cylinders.net\/da\/wp-json\/wp\/v2\/comments?post=15648"}],"wp:featuredmedia":[{"embeddable":true,"href":"https:\/\/www.hydraulic-cylinders.net\/da\/wp-json\/wp\/v2\/media\/14780"}],"wp:attachment":[{"href":"https:\/\/www.hydraulic-cylinders.net\/da\/wp-json\/wp\/v2\/media?parent=15648"}],"wp:term":[{"taxonomy":"product_brand","embeddable":true,"href":"https:\/\/www.hydraulic-cylinders.net\/da\/wp-json\/wp\/v2\/product_brand?post=15648"},{"taxonomy":"product_cat","embeddable":true,"href":"https:\/\/www.hydraulic-cylinders.net\/da\/wp-json\/wp\/v2\/product_cat?post=15648"},{"taxonomy":"product_tag","embeddable":true,"href":"https:\/\/www.hydraulic-cylinders.net\/da\/wp-json\/wp\/v2\/product_tag?post=15648"}],"curies":[{"name":"wp","href":"https:\/\/api.w.org\/{rel}","templated":true}]}}