{"id":15649,"date":"2025-01-19T14:47:42","date_gmt":"2025-01-19T14:47:42","guid":{"rendered":"https:\/\/www.hydraulic-cylinders.net\/product\/bucket-cylinder-for-sdlg-small-excavator-lg6135e\/"},"modified":"2025-01-19T14:47:44","modified_gmt":"2025-01-19T14:47:44","slug":"bucket-cylinder-for-sdlg-small-excavator-lg6135e","status":"publish","type":"product","link":"https:\/\/www.hydraulic-cylinders.net\/da\/vare\/bucket-cylinder-for-sdlg-small-excavator-lg6135e\/","title":{"rendered":"Skovlcylinder til SDLG lille gravemaskine LG6135E"},"content":{"rendered":"<p><!DOCTYPE html><br \/>\n<html><br \/>\n<head><br \/>\n<title>Skovlcylinder til SDLG lille gravemaskine LG6135E<\/title><br \/>\n<\/head><br \/>\n<body><\/p>\n<h1>Skovlcylinder til SDLG lille gravemaskine LG6135E<\/h1>\n<h2>Indledning<\/h2>\n<p>Skovlcylinderen til SDLG lille gravemaskine LG6135E er en specialdesignet hydraulisk cylinder, der bruges til at styre skovlens bev\u00e6gelse i tunge maskiner s\u00e5som gravemaskiner, rendegravere og frontl\u00e6ssere. Dens hovedfunktion er at muligg\u00f8re l\u00f8ft, s\u00e6nkning og vipning af skovlen, hvilket g\u00f8r det lettere at udf\u00f8re forskellige materialeh\u00e5ndteringsopgaver. I det hydrauliske system opn\u00e5r skovlcylinderen pr\u00e6cis kontrol over skovlen ved at udnytte tryk\u00e6ndringerne i hydraulikolien, hvilket giver f\u00f8reren mulighed for effektivt at h\u00e5ndtere tunge belastninger og tilpasse sig komplekse arbejdsmilj\u00f8er og forskellige jobkrav.<\/p>\n<p><img decoding=\"async\" src=\"https:\/\/www.hydraulic-cylinders.net\/wp-content\/uploads\/2025\/01\/songte-company-2.webp\" alt=\"Billede af spandcylinder\"><\/p>\n<h2>Funktioner<\/h2>\n<ul>\n<li><strong>H\u00f8j styrke og holdbarhed:<\/strong> Skovlcylinderen, der typisk er fremstillet af h\u00f8jstyrkest\u00e5l eller aluminium, kan modst\u00e5 h\u00f8jt tryk og tunge belastninger og tilpasse sig barske arbejdsmilj\u00f8er. Dens design tager h\u00f8jde for slidstyrke og korrosionsbestandighed, hvilket forl\u00e6nger dens levetid.<\/li>\n<li><strong>Effektiv hydraulisk drift:<\/strong> Ved at udnytte trykket fra hydraulikolien opn\u00e5r skovlcylinderen j\u00e6vne ud- og indtr\u00e6ksbev\u00e6gelser, hvilket muligg\u00f8r hurtig reaktion p\u00e5 styrekommandoer og giver kraftige skubbe- og tr\u00e6kkr\u00e6fter, der er velegnede til h\u00e5ndtering af tunge belastninger og komplekse arbejdsopgaver.<\/li>\n<li><strong>Forskellige typer:<\/strong> Skovlcylinderen kan v\u00e6lges som enkeltvirkende (hydraulisk bruges kun i \u00e9n retning) eller dobbeltvirkende (hydraulisk bruges i begge retninger) cylindre i henhold til specifikke driftsbehov. Nogle modeller er teleskopiske, hvilket muligg\u00f8r st\u00f8rre udtr\u00e6k uden at \u00f8ge de udvendige dimensioner, hvilket g\u00f8r dem velegnede til applikationer med begr\u00e6nset plads.<\/li>\n<li><strong>Udskiftning af hydrauliske cylindre:<\/strong> Vores virksomhed kan producere dette produkt, der perfekt kan erstatte eksisterende hydrauliske cylindre.<\/li>\n<\/ul>\n<p><img decoding=\"async\" src=\"https:\/\/www.hydraulic-cylinders.net\/wp-content\/uploads\/2025\/01\/songte-cylinder-head-with-all-kinds-excavator-models.webp\" alt=\"Udskiftningscylinderbillede\"><\/p>\n<h2>Applikationer<\/h2>\n<ul>\n<li><strong>Entrepren\u00f8rudstyr:<\/strong> De findes i gravemaskiner og er afg\u00f8rende for udgravning, l\u00e6sning og flytning af jord eller affald. I rendegravere hj\u00e6lper skovlcylinderen med b\u00e5de gravning og l\u00f8ft.<\/li>\n<li><strong>Landbrugsmaskiner:<\/strong> Anvendes i frontl\u00e6ssere til at opgrave, l\u00f8fte og transportere jord, h\u00f8 og andre materialer.<\/li>\n<li><strong>Gravemaskiner:<\/strong> Skovlcylinderen muligg\u00f8r gravehandlinger ved at lade skovlen tr\u00e6nge ned i jorden.<\/li>\n<li><strong>L\u00e6ssere:<\/strong> I frontl\u00e6ssere hj\u00e6lper de med at l\u00f8fte og t\u00f8mme gods effektivt.<\/li>\n<\/ul>\n<h2>Designovervejelser og udv\u00e6lgelseskriterier<\/h2>\n<ul>\n<li><strong>B\u00e6reevne:<\/strong> Skovlcylinderens design tager h\u00f8jde for kapaciteten til at modst\u00e5 tunge belastninger.<\/li>\n<li><strong>Forsegling:<\/strong> Der anvendes flere t\u00e6tningskomponenter, s\u00e5som stempelt\u00e6tninger og stangt\u00e6tninger lavet af slidst\u00e6rke materialer som polyurethan og nitrilgummi. Cylinderhuset og gevindfladerne gennemg\u00e5r en finbehandling for at forbedre slidstyrken.<\/li>\n<li><strong>Holdbarhed:<\/strong> Skovlcylinderen er designet til at v\u00e6re holdbar og langtidsholdbar, idet den tager h\u00f8jde for kravene fra forskellige arbejdsforhold.<\/li>\n<li><strong>Sikkerhed:<\/strong> Sikkerhedsfunktioner er indbygget for at sikre sikker drift og minimere potentielle risici.<\/li>\n<li><strong>Opretholdelse:<\/strong> Skovlcylinderen er designet til nem vedligeholdelse og reparation.<\/li>\n<\/ul>\n<p><img decoding=\"async\" src=\"https:\/\/www.hydraulic-cylinders.net\/wp-content\/uploads\/2025\/01\/songte-oil-pipes-and-spare-parts.webp\" alt=\"Billede af cylinderkomponenter\"><\/p>\n<h2>T\u00e6tning og sm\u00f8ring<\/h2>\n<p>Skovlcylinderen anvender forskellige t\u00e6tningskomponenter, s\u00e5som stempelt\u00e6tninger og stangt\u00e6tninger, der er lavet af slidst\u00e6rke materialer som polyurethan og nitrilgummi. Cylinderhuset og gevindfladerne gennemg\u00e5r en finbehandling for at forbedre slidstyrken. Regelm\u00e6ssig sm\u00f8ring anbefales med den passende m\u00e6ngde hydraulikolie for at sikre problemfri drift.<\/p>\n<h2>Regelm\u00e6ssig inspektion og forebyggende vedligeholdelse<\/h2>\n<ul>\n<li>Inspicer regelm\u00e6ssigt skovlcylinderen for tegn p\u00e5 slid, l\u00e6kager eller skader.<\/li>\n<li>S\u00f8rg for korrekt sm\u00f8ring af alle bev\u00e6gelige dele.<\/li>\n<li>Udskift pakninger med j\u00e6vne mellemrum, og udf\u00f8r kalibreringskontroller.<\/li>\n<\/ul>\n<h2>Produktinstallationsvejledning<\/h2>\n<p>Korrekt installation af skovlcylinderen er afg\u00f8rende for optimal ydeevne. F\u00f8lg disse retningslinjer:<\/p>\n<ul>\n<li>S\u00f8rg for korrekt justering af cylinderen under installationen.<\/li>\n<li>Brug passende monteringsbeslag til at fastg\u00f8re cylinderen.<\/li>\n<\/ul>\n<p><img decoding=\"async\" src=\"https:\/\/www.hydraulic-cylinders.net\/wp-content\/uploads\/2025\/01\/songte-chushion-collar.webp\" alt=\"Produktinstallationsbillede\"><\/p>\n<h2>Vedligeholdelsesopgaver<\/h2>\n<p>Almindelige vedligeholdelsesopgaver for skovlcylinderen omfatter regelm\u00e6ssig inspektion, korrekt sm\u00f8ring, udskiftning af pakninger og kalibreringstjek. Det er vigtigt at fremh\u00e6ve vigtigheden af \u200b\u200bkorrekt installation, sm\u00f8ring og justering. Vejledning i justering af cylinderen under installationen skal gives, og brugen af \u200b\u200bpassende monteringsbeslag til cylinderfastg\u00f8relse skal anbefales. Derudover skal der foresl\u00e5s anbefalede inspektions-, reparations- og udskiftningsprocedurer, og der skal tilbydes udskiftning og reparation af dele for at forl\u00e6nge skovlcylinderens levetid.<\/p>\n<p><img decoding=\"async\" src=\"https:\/\/www.hydraulic-cylinders.net\/wp-content\/uploads\/2025\/01\/songte-bushings-with-all-kinds-of-excavator-models.webp\" alt=\"Reparation og vedligeholdelsesbillede\"><\/p>\n<h2>Sikkerhedshensyn og milj\u00f8faktorer<\/h2>\n<p>N\u00e5r man bruger skovlcylinderen, er det vigtigt at prioritere sikkerhedsforanstaltninger. Understreg vigtigheden af \u200b\u200bsikkerhedsforanstaltninger ved arbejde med hydraulisk udstyr, og understreg behovet for korrekt tr\u00e6ning og overholdelse af sikkerhedsretningslinjer for at forhindre ulykker og sikre et sikkert arbejdsmilj\u00f8. Overvej milj\u00f8faktorer s\u00e5som korrekt affaldsh\u00e5ndtering og overholdelse af milj\u00f8forskrifter.<\/p>\n<h2>Fejlfinding og almindelige problemer<\/h2>\n<p>Diskuter almindelige problemer, der kan opst\u00e5 med skovlcylinderen, og giv tips til fejlfinding og l\u00f8sninger, der kan hj\u00e6lpe l\u00e6serne med effektivt at diagnosticere og l\u00f8se problemer. Tilbyd forebyggende foranstaltninger for at minimere potentielle problemer.<\/p>\n<p><img decoding=\"async\" src=\"https:\/\/www.hydraulic-cylinders.net\/wp-content\/uploads\/2025\/01\/songte-company-1.webp\" alt=\"Fejlfindingsbillede\"><\/p>\n<h2>Virksomhedsoversigt<\/h2>\n<p>Vi er en producent af hydrauliske udskiftningscylindre og tilbyder en bred vifte af produkter. Vi er blevet en af \u200b\u200bde f\u00f8rende producenter og engrosdistribut\u00f8rer af hydrauliske cylindre p\u00e5 b\u00e5de indenlandske og internationale markeder. Vores virksomhed f\u00f8lger en strategi med industrialiseret produktionsstyring, der bygger p\u00e5 fremragende kvalitet, avanceret produktionsudstyr og professionelle testsystemer. Vi forbedrer l\u00f8bende vores produktionsplatform og perfektionerer produktionsruten for produktkvalitet. Med vores st\u00e6rke kreative evner sigter vi mod at im\u00f8dekomme forskellige kundebehov med h\u00f8j effektivitet, pr\u00e6cision og kvalitet.<\/p>\n<p><img decoding=\"async\" src=\"https:\/\/www.hydraulic-cylinders.net\/wp-content\/uploads\/2025\/01\/songte-company-3.webp\" alt=\"Virksomhedsoversigtsbillede\"><\/p>\n<p>Vores virksomhed er kendt for:<\/p>\n<ul>\n<li>Professionalitet<\/li>\n<li>Internationale certificeringer<\/li>\n<li>Tilpassede tjenester<\/li>\n<li>Avanceret produktionsudstyr<\/li>\n<li>Fremragende eftersalgsservice<\/li>\n<\/ul>\n<p>Forfatter: lyl<\/p>\n<p><\/body><br \/>\n<\/html><\/p>","protected":false},"excerpt":{"rendered":"<p>Bucket Cylinder For SDLG Small Excavator LG6135E Bucket Cylinder For SDLG Small Excavator LG6135E Introduction The bucket cylinder for SDLG small excavator LG6135E is a specially designed hydraulic cylinder that is used to control the movement of the bucket in heavy machinery such as excavators, backhoe loaders, and front-end loaders. Its main function is to [&hellip;]<\/p>","protected":false},"featured_media":14778,"comment_status":"open","ping_status":"closed","template":"","meta":{"_et_pb_use_builder":"","_et_pb_old_content":"","_et_gb_content_width":""},"product_brand":[],"product_cat":[1494],"product_tag":[1495,1496],"class_list":{"0":"post-15649","1":"product","2":"type-product","3":"status-publish","4":"has-post-thumbnail","6":"product_cat-bucket-cylinders","7":"product_tag-bucket-cylinders","8":"product_tag-hydraulic-cylinders","10":"first","11":"instock","12":"shipping-taxable","13":"product-type-simple"},"amp_enabled":true,"_links":{"self":[{"href":"https:\/\/www.hydraulic-cylinders.net\/da\/wp-json\/wp\/v2\/product\/15649","targetHints":{"allow":["GET"]}}],"collection":[{"href":"https:\/\/www.hydraulic-cylinders.net\/da\/wp-json\/wp\/v2\/product"}],"about":[{"href":"https:\/\/www.hydraulic-cylinders.net\/da\/wp-json\/wp\/v2\/types\/product"}],"replies":[{"embeddable":true,"href":"https:\/\/www.hydraulic-cylinders.net\/da\/wp-json\/wp\/v2\/comments?post=15649"}],"wp:featuredmedia":[{"embeddable":true,"href":"https:\/\/www.hydraulic-cylinders.net\/da\/wp-json\/wp\/v2\/media\/14778"}],"wp:attachment":[{"href":"https:\/\/www.hydraulic-cylinders.net\/da\/wp-json\/wp\/v2\/media?parent=15649"}],"wp:term":[{"taxonomy":"product_brand","embeddable":true,"href":"https:\/\/www.hydraulic-cylinders.net\/da\/wp-json\/wp\/v2\/product_brand?post=15649"},{"taxonomy":"product_cat","embeddable":true,"href":"https:\/\/www.hydraulic-cylinders.net\/da\/wp-json\/wp\/v2\/product_cat?post=15649"},{"taxonomy":"product_tag","embeddable":true,"href":"https:\/\/www.hydraulic-cylinders.net\/da\/wp-json\/wp\/v2\/product_tag?post=15649"}],"curies":[{"name":"wp","href":"https:\/\/api.w.org\/{rel}","templated":true}]}}