{"id":15650,"date":"2025-01-19T14:47:46","date_gmt":"2025-01-19T14:47:46","guid":{"rendered":"https:\/\/www.hydraulic-cylinders.net\/product\/bucket-cylinder-for-sdlg-middle-excavator-lg6210e\/"},"modified":"2025-01-19T14:47:48","modified_gmt":"2025-01-19T14:47:48","slug":"bucket-cylinder-for-sdlg-middle-excavator-lg6210e","status":"publish","type":"product","link":"https:\/\/www.hydraulic-cylinders.net\/da\/vare\/bucket-cylinder-for-sdlg-middle-excavator-lg6210e\/","title":{"rendered":"Skovlcylinder til SDLG mellemgraver LG6210E"},"content":{"rendered":"<h1>Skovlcylinder til SDLG mellemgraver LG6210E<\/h1>\n<p><h2>Indledning<\/h2>\n<p>Skovlcylinderen til SDLG mellemgraver LG6210E er en specialdesignet hydraulisk cylinder, der bruges til at styre skovlens bev\u00e6gelse i tunge maskiner s\u00e5som gravemaskiner, rendegravere og frontl\u00e6ssere. Dens hovedfunktion er at muligg\u00f8re l\u00f8ft, s\u00e6nkning og vipning af skovlen, hvilket letter forskellige materialeh\u00e5ndteringsopgaver. I det hydrauliske system opn\u00e5r skovlcylinderen pr\u00e6cis kontrol over skovlen ved at bruge tryk\u00e6ndringer i hydraulikolien, hvilket g\u00f8r det muligt for operat\u00f8rer effektivt at h\u00e5ndtere tunge belastninger og tilpasse sig komplekse arbejdsmilj\u00f8er og forskellige driftskrav.<\/p>\n<p>  <img decoding=\"async\" src=\"https:\/\/www.hydraulic-cylinders.net\/wp-content\/uploads\/2025\/01\/songte-company-2.webp\" alt=\"Billede af spandcylinder\"><\/p>\n<h2>Funktioner<\/h2>\n<ul>\n<li>H\u00f8j styrke og holdbarhed: Skovlcylinderen er typisk lavet af h\u00f8jstyrkest\u00e5l eller aluminium og kan modst\u00e5 h\u00f8jt tryk og tunge belastninger og tilpasse sig barske arbejdsmilj\u00f8er. Dens design tager h\u00f8jde for slidstyrke og korrosionsbestandighed, hvilket forl\u00e6nger dens levetid.<\/li>\n<li>Effektiv hydraulisk drift: Ved at udnytte trykket fra hydraulikolien muligg\u00f8r skovlcylinderen j\u00e6vne ud- og indtr\u00e6ksbev\u00e6gelser, hvilket giver hurtig respons p\u00e5 styrekommandoer og leverer kraftige skubbe- og tr\u00e6kkr\u00e6fter. Den er velegnet til h\u00e5ndtering af tunge belastninger og komplekse driftsopgaver.<\/li>\n<li>Forskellige typer: Skovlcylinderen kan v\u00e6lges som enkeltvirkende (hydraulisk tryk anvendes kun i \u00e9n retning) eller dobbeltvirkende (hydraulisk tryk anvendes i to retninger) cylindre i henhold til specifikke driftsbehov. Nogle modeller er teleskopiske, hvilket muligg\u00f8r st\u00f8rre udtr\u00e6k uden at \u00f8ge de udvendige dimensioner, hvilket g\u00f8r dem velegnede til applikationer med begr\u00e6nset plads.<\/li>\n<li>Perfekt udskiftning: Vores produkt kan perfekt erstatte disse hydrauliske cylindre.<\/li>\n<\/ul>\n<p>  <img decoding=\"async\" src=\"https:\/\/www.hydraulic-cylinders.net\/wp-content\/uploads\/2025\/01\/songte-cylinder-head-with-all-kinds-excavator-models.webp\" alt=\"Billede af hydraulisk cylinder\"><\/p>\n<h2>Applikationer<\/h2>\n<ul>\n<li>Entrepren\u00f8rudstyr: De findes i gravemaskiner og er afg\u00f8rende for at grave, l\u00e6sse og flytte jord eller affald. I rendegravere hj\u00e6lper skovlcylinderen med b\u00e5de udgravning og l\u00f8ft.<\/li>\n<li>Landbrugsmaskiner: Bruges i frontl\u00e6ssere til at udgrave, l\u00f8fte og transportere jord, h\u00f8 og andre materialer.<\/li>\n<li>Gravemaskiner: Skovlcylinderen muligg\u00f8r gravehandlinger ved at lade skovlen tr\u00e6nge ned i jorden.<\/li>\n<li>L\u00e6ssere: Frontl\u00e6ssere hj\u00e6lper med at l\u00f8fte og vippe gods effektivt.<\/li>\n<\/ul>\n<h2>Designovervejelser og udv\u00e6lgelseskriterier<\/h2>\n<ul>\n<li>B\u00e6reevne: Skovlcylinderens evne til at modst\u00e5 tunge belastninger er en afg\u00f8rende designm\u00e6ssig overvejelse.<\/li>\n<li>T\u00e6tning: Forskellige t\u00e6tningskomponenter, s\u00e5som stempelt\u00e6tninger og stangt\u00e6tninger lavet af slidst\u00e6rke materialer som polyurethan og nitrilgummi, sikrer effektiv t\u00e6tning. Cylinderhuset og gevindfladerne gennemg\u00e5r en omhyggelig behandling for at forbedre slidstyrken.<\/li>\n<li>Holdbarhed: Skovlcylinderen er designet til at v\u00e6re holdbar, i betragtning af de udfordrende arbejdsforhold, den kan st\u00e5 over for.<\/li>\n<li>Sikkerhed: Sikkerhedsfunktioner er indbygget i skovlcylinderens design for at forhindre ulykker og sikre f\u00f8rerens velbefindende.<\/li>\n<li>Vedligeholdelsesvenlighed: Der tages h\u00f8jde for nem vedligeholdelse, hvilket muligg\u00f8r bekvem inspektion, reparation og udskiftning.<\/li>\n<\/ul>\n<p>  <img decoding=\"async\" src=\"https:\/\/www.hydraulic-cylinders.net\/wp-content\/uploads\/2025\/01\/songte-oil-pipes-and-spare-parts.webp\" alt=\"Billede af komponenter til hydrauliske cylindere\"><\/p>\n<h2>T\u00e6tning og sm\u00f8ring<\/h2>\n<p>Skovlcylinderen anvender forskellige t\u00e6tningskomponenter, s\u00e5som stempelt\u00e6tninger og stangt\u00e6tninger, som er lavet af slidst\u00e6rke materialer som polyurethan og nitrilgummi. Cylinderhuset og gevindfladerne gennemg\u00e5r en omhyggelig behandling for at forbedre slidstyrken. Regelm\u00e6ssig sm\u00f8ring med en passende m\u00e6ngde hydraulikolie er n\u00f8dvendig for at sikre problemfri drift.<\/p>\n<h2>Regelm\u00e6ssig inspektion og forebyggende vedligeholdelse<\/h2>\n<ul>\n<li>Regelm\u00e6ssig inspektion hj\u00e6lper med at identificere eventuelle problemer og sikrer skovlcylinderens optimale ydeevne.<\/li>\n<li>Korrekt sm\u00f8ring er afg\u00f8rende for at opretholde skovlcylinderens effektivitet og levetid.<\/li>\n<li>Udskiftning af pakninger b\u00f8r udf\u00f8res efter behov for at forhindre l\u00e6kager og sikre korrekt t\u00e6tning.<\/li>\n<li>Kalibreringskontroller b\u00f8r udf\u00f8res med j\u00e6vne mellemrum for at sikre n\u00f8jagtig drift.<\/li>\n<\/ul>\n<p>  <img decoding=\"async\" src=\"https:\/\/www.hydraulic-cylinders.net\/wp-content\/uploads\/2025\/01\/songte-chushion-collar.webp\" alt=\"Billede af vedligeholdelse af hydrauliske cylindere\"><\/p>\n<h2>Sikkerhedshensyn og milj\u00f8faktorer<\/h2>\n<p>Det er vigtigt at sikre, at sikkerhedsforanstaltningerne f\u00f8lges, n\u00e5r skovlcylinderen bruges, for at forhindre ulykker og opretholde et sikkert arbejdsmilj\u00f8. Milj\u00f8faktorer, s\u00e5som korrekt bortskaffelse af hydraulikolie, b\u00f8r ogs\u00e5 overvejes for at minimere negative p\u00e5virkninger.<\/p>\n<h2>Fejlfinding og almindelige problemer<\/h2>\n<p>Der kan opst\u00e5 almindelige problemer med skovlcylinderen. Fejlfinding af disse problemer kr\u00e6ver pr\u00e6cis diagnose og effektive l\u00f8sninger. Forebyggende foranstaltninger b\u00f8r implementeres for at minimere potentielle problemer.<\/p>\n<p>  <img decoding=\"async\" src=\"https:\/\/www.hydraulic-cylinders.net\/wp-content\/uploads\/2025\/01\/songte-bushings-with-all-kinds-of-excavator-models.webp\" alt=\"Billede af fejlfinding af hydrauliske cylindere\"><\/p>\n<h2>Virksomhedsoversigt<\/h2>\n<p>Vi er en producent af hydrauliske udskiftningscylindre og tilbyder en bred vifte af produkter. Som en af \u200b\u200bde f\u00f8rende producenter og engrosdistribut\u00f8rer af hydrauliske cylindre p\u00e5 hjemmemarkedet og i udlandet prioriterer vi kvalitet i topklasse. Ved at bruge avanceret produktionsudstyr, professionelle testsystemer og en h\u00f8jt kvalificeret arbejdsstyrke forbedrer vi l\u00f8bende vores produktionsplatform og vores produktionsruter. Vores virksomhed er forpligtet til at im\u00f8dekomme forskellige kunders behov med h\u00f8j effektivitet, pr\u00e6cision og kvalitet.<\/p>\n<p>  <img decoding=\"async\" src=\"https:\/\/www.hydraulic-cylinders.net\/wp-content\/uploads\/2025\/01\/songte-company-3.webp\" alt=\"Virksomhedens image\"><\/p>\n<h2>Professionalitet<\/h2>\n<p>Vores virksomhed overholder de h\u00f8jeste standarder for professionalisme og sikrer levering af kvalitetsprodukter og -tjenester til vores kunder. Vi har internationale certificeringer og tilbyder skr\u00e6ddersyede tjenester, der opfylder specifikke krav. Vores produktionsudstyr er topmoderne, og vores eftersalgsservice sikrer kundetilfredshed.<\/p>\n<h2>Konklusion<\/h2>\n<p>Afslutningsvis er skovlcylinderen til SDLG mellemgravemaskinen LG6210E en specialiseret hydraulisk cylinder designet til at styre skovlens bev\u00e6gelse i tunge maskiner. Med sin h\u00f8je styrke, holdbarhed, effektive hydrauliske drift og forskellige typer viser den sig at v\u00e6re en p\u00e5lidelig komponent til entrepren\u00f8r- og landbrugsudstyr. Skovlcylinderen er omhyggeligt designet under hensyntagen til faktorer som b\u00e6reevne, t\u00e6tning, holdbarhed, sikkerhed og vedligeholdelsesvenlighed. Regelm\u00e6ssig inspektion, korrekt sm\u00f8ring og forebyggende vedligeholdelse er afg\u00f8rende for at sikre skovlcylinderens levetid og optimale ydeevne. Sikkerhedshensyn og fejlfindingsforanstaltninger b\u00f8r tages i betragtning, og vores virksomhed er dedikeret til at levere hydrauliske cylindre af h\u00f8j kvalitet og fremragende service for at im\u00f8dekomme kundernes krav.<\/p>\n<p>Forfatter: lyl<\/p>\n<p>  <img decoding=\"async\" src=\"https:\/\/hzpt.com\/wp-content\/uploads\/2024\/11\/songte-company-1.webp\" alt=\"Virksomhedens image\"><\/p>","protected":false},"excerpt":{"rendered":"<p>Bucket Cylinder For SDLG Middle Excavator LG6210E Introduction The bucket cylinder for SDLG middle excavator LG6210E is a specially designed hydraulic cylinder used to control the movement of the bucket in heavy machinery such as excavators, backhoe loaders, and front loaders. Its main function is to enable the lifting, lowering, and tilting of the bucket, [&hellip;]<\/p>","protected":false},"featured_media":14776,"comment_status":"open","ping_status":"closed","template":"","meta":{"_et_pb_use_builder":"","_et_pb_old_content":"","_et_gb_content_width":""},"product_brand":[],"product_cat":[1494],"product_tag":[1495,1496],"class_list":{"0":"post-15650","1":"product","2":"type-product","3":"status-publish","4":"has-post-thumbnail","6":"product_cat-bucket-cylinders","7":"product_tag-bucket-cylinders","8":"product_tag-hydraulic-cylinders","10":"first","11":"instock","12":"shipping-taxable","13":"product-type-simple"},"amp_enabled":true,"_links":{"self":[{"href":"https:\/\/www.hydraulic-cylinders.net\/da\/wp-json\/wp\/v2\/product\/15650","targetHints":{"allow":["GET"]}}],"collection":[{"href":"https:\/\/www.hydraulic-cylinders.net\/da\/wp-json\/wp\/v2\/product"}],"about":[{"href":"https:\/\/www.hydraulic-cylinders.net\/da\/wp-json\/wp\/v2\/types\/product"}],"replies":[{"embeddable":true,"href":"https:\/\/www.hydraulic-cylinders.net\/da\/wp-json\/wp\/v2\/comments?post=15650"}],"wp:featuredmedia":[{"embeddable":true,"href":"https:\/\/www.hydraulic-cylinders.net\/da\/wp-json\/wp\/v2\/media\/14776"}],"wp:attachment":[{"href":"https:\/\/www.hydraulic-cylinders.net\/da\/wp-json\/wp\/v2\/media?parent=15650"}],"wp:term":[{"taxonomy":"product_brand","embeddable":true,"href":"https:\/\/www.hydraulic-cylinders.net\/da\/wp-json\/wp\/v2\/product_brand?post=15650"},{"taxonomy":"product_cat","embeddable":true,"href":"https:\/\/www.hydraulic-cylinders.net\/da\/wp-json\/wp\/v2\/product_cat?post=15650"},{"taxonomy":"product_tag","embeddable":true,"href":"https:\/\/www.hydraulic-cylinders.net\/da\/wp-json\/wp\/v2\/product_tag?post=15650"}],"curies":[{"name":"wp","href":"https:\/\/api.w.org\/{rel}","templated":true}]}}