{"id":15654,"date":"2025-01-19T14:48:09","date_gmt":"2025-01-19T14:48:09","guid":{"rendered":"https:\/\/www.hydraulic-cylinders.net\/product\/bucket-cylinder-for-sdlg-middle-excavator-lg6250e\/"},"modified":"2025-01-19T14:48:11","modified_gmt":"2025-01-19T14:48:11","slug":"bucket-cylinder-for-sdlg-middle-excavator-lg6250e","status":"publish","type":"product","link":"https:\/\/www.hydraulic-cylinders.net\/da\/vare\/bucket-cylinder-for-sdlg-middle-excavator-lg6250e\/","title":{"rendered":"Skovlcylinder til SDLG mellemgraver LG6250E"},"content":{"rendered":"<h1>Skovlcylinder til SDLG mellemgraver LG6250E<\/h1>\n<h2>Indledning<\/h2>\n<h3>Definition<\/h3>\n<p>Skovlcylinderen til SDLG mellemgraver LG6250E er en specialdesignet hydraulisk cylinder, der prim\u00e6rt bruges til at styre skovlens bev\u00e6gelse i tunge maskiner som gravemaskiner, rendegravere og l\u00e6ssere. Dens hovedfunktion er at f\u00e5 skovlen til at h\u00e6ve, s\u00e6nke og vippe for at lette materialeh\u00e5ndteringsopgaver. I det hydrauliske system bruger skovlcylinderen tryk\u00e6ndringen i hydraulikolien til at opn\u00e5 pr\u00e6cis kontrol over skovlen, hvilket g\u00f8r det muligt for operat\u00f8rer effektivt at h\u00e5ndtere tunge l\u00e6s, tilpasse sig komplekse arbejdsmilj\u00f8er og forskellige driftsbehov.<\/p>\n<p><img decoding=\"async\" src=\"https:\/\/www.hydraulic-cylinders.net\/wp-content\/uploads\/2025\/01\/songte-company-2.webp\" alt=\"Skovlcylinder til SDLG mellemgraver LG6250E\"><\/p>\n<h3>Funktioner<\/h3>\n<ul>\n<li><strong>H\u00f8j styrke og holdbarhed:<\/strong> Den er typisk fremstillet af h\u00f8jstyrkest\u00e5l eller aluminium og kan modst\u00e5 h\u00f8jt tryk og tunge belastninger, og den kan tilpasses barske arbejdsmilj\u00f8er. Designet tager h\u00f8jde for slidstyrke og korrosionsbestandighed for at forl\u00e6nge dens levetid.<\/li>\n<li><strong>Effektiv hydraulisk drift:<\/strong> Ved at bruge trykket fra hydraulikolien til at opn\u00e5 en j\u00e6vn str\u00e6kning, kan den hurtigt reagere p\u00e5 kontrolkommandoer, yde kraftig skubbe- og tr\u00e6kkraft og er velegnet til h\u00e5ndtering af tunge belastninger og komplekse driftsopgaver.<\/li>\n<li><strong>Forskellige typer:<\/strong> Enkeltvirkende (hydraulisk anvendt i \u00e9n retning) eller dobbeltvirkende (hydraulisk anvendt i begge retninger) cylindre kan v\u00e6lges efter behov for at opfylde forskellige driftskrav. Nogle modeller er teleskopiske, hvilket giver mulighed for st\u00f8rre udtr\u00e6k uden at \u00f8ge de udvendige dimensioner og er velegnede til applikationer med begr\u00e6nset plads.<\/li>\n<li><strong>Udskiftelig:<\/strong> Vores produkt kan perfekt erstatte disse hydrauliske cylindre.<\/li>\n<\/ul>\n<p><img decoding=\"async\" src=\"https:\/\/www.hydraulic-cylinders.net\/wp-content\/uploads\/2025\/01\/songte-cylinder-head-with-all-kinds-excavator-models.webp\" alt=\"Skovlcylinder til SDLG mellemgraver LG6250E\"><\/p>\n<h2>Applikationer<\/h2>\n<p><strong>Entrepren\u00f8rudstyr:<\/strong> I gravemaskiner er de afg\u00f8rende for udgravning, lastning og flytning af jord eller affald. I rendegravere hj\u00e6lper skovlcylinderen med b\u00e5de gravning og l\u00f8ft. I frontl\u00e6ssere, der bruges i byggeri, hj\u00e6lper de med effektivt at l\u00f8fte og losse laster.<\/p>\n<p><strong>Landbrugsmaskiner:<\/strong> Bruges i frontl\u00e6ssere til at opgrave, l\u00f8fte og transportere jord, h\u00f8 og andre materialer. I gravemaskiner muligg\u00f8r skovlcylinderen gravning ved at lade skovlen tr\u00e6nge ned i jorden.<\/p>\n<h2>Designovervejelser og udv\u00e6lgelseskriterier<\/h2>\n<h3>B\u00e6reevne<\/h3>\n<p>Skovlcylinderen er designet til at modst\u00e5 tunge belastninger og h\u00f8je tryk, hvilket sikrer, at den kan fungere effektivt selv under barske arbejdsforhold. Det er vigtigt at v\u00e6lge en cylinder med en tilstr\u00e6kkelig b\u00e6reevne for at undg\u00e5 skader eller svigt under brug.<\/p>\n<h3>Forsegling og holdbarhed<\/h3>\n<p>Skovlcylinderen bruger forskellige pakninger til at forhindre l\u00e6kage af hydraulisk olie, s\u00e5som stempelpakninger, stangpakninger osv. Pakningerne er lavet af slidst\u00e6rke materialer s\u00e5som polyurethan og nitrilgummi. Cylinderhuset og gevindenden er fint forarbejdet for at forbedre slidstyrken. Regelm\u00e6ssig tils\u00e6tning af en passende m\u00e6ngde hydraulisk olie kan hj\u00e6lpe med at sm\u00f8re og sikre cylinderens holdbarhed.<\/p>\n<p><img decoding=\"async\" src=\"https:\/\/www.hydraulic-cylinders.net\/wp-content\/uploads\/2025\/01\/songte-oil-pipes-and-spare-parts.webp\" alt=\"Skovlcylinder til SDLG mellemgraver LG6250E\"><\/p>\n<h2>Vedligeholdelse og reparation<\/h2>\n<p>Regelm\u00e6ssige inspektioner, passende sm\u00f8ring og kalibreringskontroller er almindelige vedligeholdelsesopgaver, der kan bidrage til at forl\u00e6nge spandcylinderens levetid. Korrekt installation, sm\u00f8ring og justering er afg\u00f8rende for at sikre, at cylinderen fungerer korrekt. Det anbefales at bruge passende monteringsbeslag til at fastg\u00f8re cylinderen. Anbefalede inspektions-, reparations- og udskiftningsprocedurer, reservedele og ombygningsservice kan bidrage til at forbedre cylinderens levetid.<\/p>\n<p><img decoding=\"async\" src=\"https:\/\/www.hydraulic-cylinders.net\/wp-content\/uploads\/2025\/01\/songte-chushion-collar.webp\" alt=\"Skovlcylinder til SDLG mellemgraver LG6250E\"><\/p>\n<h2>Sikkerhedshensyn og milj\u00f8faktorer<\/h2>\n<p>N\u00e5r man bruger spandcylinderen, er sikkerhedsforanstaltninger af st\u00f8rste vigtighed. Det er vigtigt at f\u00f8lge passende sikkerhedsprocedurer og bruge beskyttelsesudstyr, n\u00e5r man betjener maskiner. Cylinderens design tager ogs\u00e5 hensyn til milj\u00f8faktorer s\u00e5som korrosionsbestandighed og brugen af \u200b\u200bpassende materialer for at bevare cylinderens integritet.<\/p>\n<h2>Diagnose af almindelige problemer og fejlfinding<\/h2>\n<p>Skovlcylinderen kan st\u00f8de p\u00e5 forskellige problemer, s\u00e5som l\u00e6kager af hydraulikolie, utilstr\u00e6kkelig eller ingen reaktion eller manglende evne til at forl\u00e6nge eller tr\u00e6kke sig tilbage. Kontrol af pakninger, hydraulikv\u00e6skeniveau og cylinderens b\u00e6reevne kan hj\u00e6lpe med at diagnosticere og l\u00f8se almindelige problemer. Forebyggende foranstaltninger s\u00e5som regelm\u00e6ssige inspektioner, passende sm\u00f8ring og kalibreringskontroller kan hj\u00e6lpe med at reducere potentielle problemer.<\/p>\n<p><img decoding=\"async\" src=\"https:\/\/www.hydraulic-cylinders.net\/wp-content\/uploads\/2025\/01\/songte-bushings-with-all-kinds-of-excavator-models.webp\" alt=\"Skovlcylinder til SDLG mellemgraver LG6250E\"><\/p>\n<h2>Om os<\/h2>\n<p>Vi er en producent af hydrauliske udskiftningscylindre. Vores virksomhed har et komplet produktsortiment og er blevet en af \u200b\u200bde f\u00f8rende producenter og grossister af hydrauliske cylindre p\u00e5 det indenlandske og internationale marked. Vi overholder princippet om fremragende kvalitet og bruger industrialiserede produktionsstyringsstrategier i fint udformede produktionsv\u00e6rksteder. Ved hj\u00e6lp af teknologiske talenter, digitalt avanceret produktionsudstyr og professionelle testsystemer forbedrer vi l\u00f8bende produktionsplatformen, forbedrer produktets kvalitetsproduktionsrute og har st\u00e6rke kreative evner. Vi sigter mod at im\u00f8dekomme forskellige kunders behov med h\u00f8j effektivitet, h\u00f8j pr\u00e6cision og principper for h\u00f8j kvalitet.<\/p>\n<p><img decoding=\"async\" src=\"https:\/\/hzpt.com\/wp-content\/uploads\/2024\/11\/songte-company-1.webp\" alt=\"Skovlcylinder til SDLG mellemgraver LG6250E\"><\/p>\n<h3>Professionalitet<\/h3>\n<p>Vores virksomhed har et team af erfarne fagfolk, der specialiserer sig i produktion, design og vedligeholdelse af hydrauliske cylindre. Vi str\u00e6ber efter at give kunderne de bedste produkter og tjenester.<\/p>\n<h3>International certificering<\/h3>\n<p>Vores virksomhed har opn\u00e5et forskellige internationale certificeringer, s\u00e5som ISO 9001:2015 og CE, for at sikre, at vores produkter opfylder internationale standarder og kvalitetskrav.<\/p>\n<h3>Tilpassede tjenester<\/h3>\n<p>Vi tilbyder skr\u00e6ddersyede tjenester, der opfylder kundernes specifikke behov, s\u00e5som specialst\u00f8rrelser og designs, for at sikre, at produktet opfylder kundens krav.<\/p>\n<h3>Produktionsudstyr<\/h3>\n<p>Vores virksomhed bruger digitalt, avanceret produktionsudstyr og professionelle testsystemer for at sikre kvaliteten og n\u00f8jagtigheden af \u200b\u200bvores produkter.<\/p>\n<h3>Eftersalgsservice<\/h3>\n<p>Vores virksomhed tilbyder p\u00e5lidelig eftersalgsservice, s\u00e5som produktvedligeholdelse, reparation og udskiftning, for at sikre kundetilfredshed.<\/p>\n<h4>Forfatter: lyl<\/h4>","protected":false},"excerpt":{"rendered":"<p>Bucket Cylinder For SDLG Middle Excavator LG6250E Introduction Definition The Bucket Cylinder for SDLG Middle Excavator LG6250E is a specially designed hydraulic cylinder mainly used to control the movement of the bucket in heavy machinery like excavators, backhoes, and loaders. Its main function is to make the bucket lift, lower and tilt for easy material [&hellip;]<\/p>","protected":false},"featured_media":14765,"comment_status":"open","ping_status":"closed","template":"","meta":{"_et_pb_use_builder":"","_et_pb_old_content":"","_et_gb_content_width":""},"product_brand":[],"product_cat":[1494],"product_tag":[1495,1496],"class_list":{"0":"post-15654","1":"product","2":"type-product","3":"status-publish","4":"has-post-thumbnail","6":"product_cat-bucket-cylinders","7":"product_tag-bucket-cylinders","8":"product_tag-hydraulic-cylinders","10":"first","11":"instock","12":"shipping-taxable","13":"product-type-simple"},"amp_enabled":true,"_links":{"self":[{"href":"https:\/\/www.hydraulic-cylinders.net\/da\/wp-json\/wp\/v2\/product\/15654","targetHints":{"allow":["GET"]}}],"collection":[{"href":"https:\/\/www.hydraulic-cylinders.net\/da\/wp-json\/wp\/v2\/product"}],"about":[{"href":"https:\/\/www.hydraulic-cylinders.net\/da\/wp-json\/wp\/v2\/types\/product"}],"replies":[{"embeddable":true,"href":"https:\/\/www.hydraulic-cylinders.net\/da\/wp-json\/wp\/v2\/comments?post=15654"}],"wp:featuredmedia":[{"embeddable":true,"href":"https:\/\/www.hydraulic-cylinders.net\/da\/wp-json\/wp\/v2\/media\/14765"}],"wp:attachment":[{"href":"https:\/\/www.hydraulic-cylinders.net\/da\/wp-json\/wp\/v2\/media?parent=15654"}],"wp:term":[{"taxonomy":"product_brand","embeddable":true,"href":"https:\/\/www.hydraulic-cylinders.net\/da\/wp-json\/wp\/v2\/product_brand?post=15654"},{"taxonomy":"product_cat","embeddable":true,"href":"https:\/\/www.hydraulic-cylinders.net\/da\/wp-json\/wp\/v2\/product_cat?post=15654"},{"taxonomy":"product_tag","embeddable":true,"href":"https:\/\/www.hydraulic-cylinders.net\/da\/wp-json\/wp\/v2\/product_tag?post=15654"}],"curies":[{"name":"wp","href":"https:\/\/api.w.org\/{rel}","templated":true}]}}