{"id":15656,"date":"2025-01-19T14:48:17","date_gmt":"2025-01-19T14:48:17","guid":{"rendered":"https:\/\/www.hydraulic-cylinders.net\/product\/bucket-cylinder-for-sdlg-large-excavator-lg6300\/"},"modified":"2025-01-19T14:48:19","modified_gmt":"2025-01-19T14:48:19","slug":"bucket-cylinder-for-sdlg-large-excavator-lg6300","status":"publish","type":"product","link":"https:\/\/www.hydraulic-cylinders.net\/da\/vare\/bucket-cylinder-for-sdlg-large-excavator-lg6300\/","title":{"rendered":"Skovlcylinder til SDLG stor gravemaskine LG6300"},"content":{"rendered":"<h1>Skovlcylinder til SDLG stor gravemaskine LG6300<\/h1>\n<h2>Indledning<\/h2>\n<p>En skovlcylinder er en specialiseret hydraulisk cylinder, der er designet til at styre bev\u00e6gelsen af \u200b\u200bskovle i tunge maskiner s\u00e5som gravemaskiner, rendegravere og frontl\u00e6ssere. Dens hovedfunktion er at give skovlen mulighed for at l\u00f8fte, s\u00e6nke og vippe, hvilket g\u00f8r det lettere at h\u00e5ndtere forskellige materialetransportopgaver. I det hydrauliske system styrer skovlcylinderen skovlens pr\u00e6cise bev\u00e6gelse gennem \u00e6ndringer i hydraulikolietrykket, hvilket giver operat\u00f8rer mulighed for effektivt at h\u00e5ndtere tunge l\u00e6s og tilpasse sig komplekse arbejdsmilj\u00f8er og forskellige jobkrav.<\/p>\n<p><img decoding=\"async\" src=\"https:\/\/www.hydraulic-cylinders.net\/wp-content\/uploads\/2025\/01\/songte-company-2.webp\" alt=\"Billede af spandcylinder\"><\/p>\n<h2>Funktioner<\/h2>\n<ul>\n<li>H\u00f8j styrke og holdbarhed: Typisk fremstillet af h\u00f8jstyrkest\u00e5l eller aluminium, kan den modst\u00e5 h\u00f8jt tryk og tunge belastninger og tilpasse sig barske arbejdsforhold. Designet tager h\u00f8jde for slidstyrke og korrosionsbestandighed, hvilket forl\u00e6nger levetiden.<\/li>\n<li>Effektiv hydraulisk drift: Bruger hydraulisk olietryk til at opn\u00e5 en j\u00e6vn teleskopisk bev\u00e6gelse, kan hurtigt reagere p\u00e5 styrekommandoer, giver kraftig skubbe- og tr\u00e6kkraft, velegnet til h\u00e5ndtering af tunge belastninger og komplekse opgaver.<\/li>\n<li>Forskellige typer: Man kan v\u00e6lge enkeltvirkende (hydraulisk bruges kun i \u00e9n retning) eller dobbeltvirkende (hydraulisk bruges i begge retninger) cylindre efter behov for at opfylde forskellige driftskrav. Nogle modeller er teleskopiske, hvilket giver mulighed for st\u00f8rre udtr\u00e6k uden at \u00f8ge de ydre dimensioner og er velegnede til applikationer med begr\u00e6nset plads.<\/li>\n<li>Nem at udskifte: Vores produkt kan perfekt erstatte disse hydrauliske cylindre.<\/li>\n<li>Kan tilpasses: Vi kan producere dette produkt i henhold til dine specifikke behov.<\/li>\n<\/ul>\n<p><img decoding=\"async\" src=\"https:\/\/www.hydraulic-cylinders.net\/wp-content\/uploads\/2025\/01\/songte-cylinder-head-with-all-kinds-excavator-models.webp\" alt=\"Billede af spandcylinder\"><\/p>\n<h2>Applikationer<\/h2>\n<p>Skovlcylinderen bruges i en r\u00e6kke forskellige tunge maskiner, herunder:<\/p>\n<ul>\n<li>Entrepren\u00f8rudstyr: I gravemaskiner er de afg\u00f8rende for at grave, l\u00e6sse og flytte jord eller affald. I rendegravere hj\u00e6lper skovlcylindre med b\u00e5de udgravning og l\u00f8ft. <\/li>\n<li>Landbrugsmaskiner: Bruges i frontl\u00e6ssere til at udgrave, l\u00f8fte og transportere jord, h\u00f8 og andre materialer.<\/li>\n<li>Gravemaskiner: Skovlcylinderen muligg\u00f8r gravefunktion ved at lade skovlen tr\u00e6nge ned i jorden.<\/li>\n<li>Frontl\u00e6ssere: Frontl\u00e6ssere hj\u00e6lper med effektivt at l\u00f8fte og vippe varer.<\/li>\n<\/ul>\n<h2>Designovervejelser og udv\u00e6lgelseskriterier<\/h2>\n<p>Ved design og valg af skovlcylinder skal f\u00f8lgende overvejes:<\/p>\n<ul>\n<li>B\u00e6reevne: Skovlcylinderen skal kunne h\u00e5ndtere den forventede lasteevne.<\/li>\n<li>T\u00e6tning: Skovlcylinderen skal v\u00e6re konstrueret med passende t\u00e6tninger for at forhindre v\u00e6skel\u00e6kager og kontaminering.<\/li>\n<li>Holdbarhed: Materialerne og konstruktionen af \u200b\u200b\u200b\u200bskovlcylinderen skal kunne modst\u00e5 den forventede slitage fra dens anvendelse.<\/li>\n<li>Sikkerhed: Skovlcylinderen b\u00f8r v\u00e6re konstrueret til at forhindre ulykker ved at indbygge sikkerhedsfunktioner.<\/li>\n<li>Vedligeholdelse: Skovlcylinderen skal v\u00e6re konstrueret til nem vedligeholdelse og reparation, med tilg\u00e6ngelige komponenter og minimal nedetid.<\/li>\n<\/ul>\n<p><img decoding=\"async\" src=\"https:\/\/www.hydraulic-cylinders.net\/wp-content\/uploads\/2025\/01\/songte-oil-pipes-and-spare-parts.webp\" alt=\"Billede af spandcylinder\"><\/p>\n<h2>T\u00e6tning og sm\u00f8ring<\/h2>\n<p>Skovlcylinderen bruger forskellige t\u00e6tningselementer, s\u00e5som stempelt\u00e6tningsringe og stangt\u00e6tningsringe, lavet af slidst\u00e6rke materialer som polyurethan og nitrilgummi. Cylinderhuset og gevindfladerne er fint forarbejdet for at forbedre slidstyrken. Regelm\u00e6ssig tils\u00e6tning af passende hydraulikolie er n\u00f8dvendig for at sikre korrekt sm\u00f8ring. <\/p>\n<h2>Vedligeholdelse og reparation<\/h2>\n<p>Regelm\u00e6ssig inspektion og forebyggende vedligeholdelse b\u00f8r implementeres for at forl\u00e6nge cylinderens levetid. Vedligeholdelsesopgaver kan omfatte regelm\u00e6ssig sm\u00f8ring, periodisk udskiftning af pakninger og kalibreringstjek. Korrekt installation er afg\u00f8rende for at minimere slid og sikre sikkerhed. Det anbefales at bruge passende monteringsbeslag til at fastg\u00f8re cylinderen. Der gives anbefalede inspektions-, reparations- og udskiftningsprocedurer, herunder udskiftning af dele og ombygning, for at forbedre cylinderens levetid.<\/p>\n<p><img decoding=\"async\" src=\"https:\/\/www.hydraulic-cylinders.net\/wp-content\/uploads\/2025\/01\/songte-chushion-collar.webp\" alt=\"Billede af spandcylinder\"><\/p>\n<h2>Sikkerheds- og milj\u00f8hensyn<\/h2>\n<p>N\u00e5r man bruger spandcylinderen, skal der tr\u00e6ffes sikkerhedsforanstaltninger for at forhindre ulykker. Milj\u00f8faktorer som temperatur og fugtighed b\u00f8r ogs\u00e5 tages i betragtning ved valg af cylinder.<\/p>\n<h2>Fejlfinding og almindelige problemer<\/h2>\n<p>Almindelige problemer med skovlcylinderen kan omfatte v\u00e6skel\u00e6kager, defekte stempler, b\u00f8jede st\u00e6nger og beskadigede pakninger. Der gives fejlfindingstips og l\u00f8sninger for at hj\u00e6lpe l\u00e6serne med at diagnosticere og l\u00f8se problemer effektivt. Forebyggende foranstaltninger foresl\u00e5s for at minimere potentielle problemer.<\/p>\n<p><img decoding=\"async\" src=\"https:\/\/www.hydraulic-cylinders.net\/wp-content\/uploads\/2025\/01\/songte-bushings-with-all-kinds-of-excavator-models.webp\" alt=\"Billede af spandcylinder\"><\/p>\n<h2>Om vores virksomhed<\/h2>\n<p>Vi er producent af hydrauliske cylindre og en af \u200b\u200bde f\u00f8rende producenter og grossister af hydrauliske cylindre p\u00e5 b\u00e5de hjemme- og internationale markeder. Vi f\u00f8lger princippet om fremragende kvalitet og s\u00e6tter vores lid til produktionsstyringsstrategien i et sofistikeret produktionsv\u00e6rksted. Vi forbedrer l\u00f8bende v\u00e6rkstedets produktionsplatform ved at udnytte tekniske talenter, digitalt avanceret produktionsudstyr og professionelle testsystemer, perfektionere produktionsruten for produktkvalitet og har st\u00e6rke kreative evner til at im\u00f8dekomme kundernes forskellige behov med h\u00f8j effektivitet, h\u00f8j pr\u00e6cision og h\u00f8j kvalitet.<\/p>\n<ul>\n<li>Professionalitet: Vores team af eksperter har omfattende erfaring inden for design, fremstilling og vedligeholdelse af hydrauliske cylindre.<\/li>\n<li>International certificering: Vores produkter er certificeret til at opfylde internationale standarder og overholder ISO 9001-kvalitetsstyringssystemets standarder.<\/li>\n<li>Tilpassede tjenester: Vi tilbyder skr\u00e6ddersyede l\u00f8sninger, der opfylder vores kunders specifikke behov.<\/li>\n<li>Avanceret produktionsudstyr: Vores topmoderne produktionsudstyr sikrer ensartet kvalitet og effektiv produktion.<\/li>\n<li>Eftersalgsservice: Vi tilbyder rettidig og effektiv eftersalgsservice for at sikre kundetilfredshed.<\/li>\n<\/ul>\n<p><img decoding=\"async\" src=\"https:\/\/hzpt.com\/wp-content\/uploads\/2024\/11\/songte-company-1.webp\" alt=\"Billede af spandcylinder\"><\/p>\n<p>Forfatter: lyl.<\/p>","protected":false},"excerpt":{"rendered":"<p>Bucket Cylinder For SDLG Large Excavator LG6300 Introduction A bucket cylinder is a specialized hydraulic cylinder designed to control the movement of buckets in heavy machinery such as excavators, backhoe loaders, and front-end loaders. Its main function is to allow the bucket to lift, lower, and tilt, making it easier to handle various material transport [&hellip;]<\/p>","protected":false},"featured_media":14761,"comment_status":"open","ping_status":"closed","template":"","meta":{"_et_pb_use_builder":"","_et_pb_old_content":"","_et_gb_content_width":""},"product_brand":[],"product_cat":[1494],"product_tag":[1495,1496],"class_list":{"0":"post-15656","1":"product","2":"type-product","3":"status-publish","4":"has-post-thumbnail","6":"product_cat-bucket-cylinders","7":"product_tag-bucket-cylinders","8":"product_tag-hydraulic-cylinders","10":"first","11":"instock","12":"shipping-taxable","13":"product-type-simple"},"amp_enabled":true,"_links":{"self":[{"href":"https:\/\/www.hydraulic-cylinders.net\/da\/wp-json\/wp\/v2\/product\/15656","targetHints":{"allow":["GET"]}}],"collection":[{"href":"https:\/\/www.hydraulic-cylinders.net\/da\/wp-json\/wp\/v2\/product"}],"about":[{"href":"https:\/\/www.hydraulic-cylinders.net\/da\/wp-json\/wp\/v2\/types\/product"}],"replies":[{"embeddable":true,"href":"https:\/\/www.hydraulic-cylinders.net\/da\/wp-json\/wp\/v2\/comments?post=15656"}],"wp:featuredmedia":[{"embeddable":true,"href":"https:\/\/www.hydraulic-cylinders.net\/da\/wp-json\/wp\/v2\/media\/14761"}],"wp:attachment":[{"href":"https:\/\/www.hydraulic-cylinders.net\/da\/wp-json\/wp\/v2\/media?parent=15656"}],"wp:term":[{"taxonomy":"product_brand","embeddable":true,"href":"https:\/\/www.hydraulic-cylinders.net\/da\/wp-json\/wp\/v2\/product_brand?post=15656"},{"taxonomy":"product_cat","embeddable":true,"href":"https:\/\/www.hydraulic-cylinders.net\/da\/wp-json\/wp\/v2\/product_cat?post=15656"},{"taxonomy":"product_tag","embeddable":true,"href":"https:\/\/www.hydraulic-cylinders.net\/da\/wp-json\/wp\/v2\/product_tag?post=15656"}],"curies":[{"name":"wp","href":"https:\/\/api.w.org\/{rel}","templated":true}]}}