{"id":15659,"date":"2025-01-19T14:48:28","date_gmt":"2025-01-19T14:48:28","guid":{"rendered":"https:\/\/www.hydraulic-cylinders.net\/product\/bucket-cylinder-for-jonyang-small-excavator-jy6085\/"},"modified":"2025-01-19T14:48:30","modified_gmt":"2025-01-19T14:48:30","slug":"bucket-cylinder-for-jonyang-small-excavator-jy6085","status":"publish","type":"product","link":"https:\/\/www.hydraulic-cylinders.net\/da\/vare\/bucket-cylinder-for-jonyang-small-excavator-jy6085\/","title":{"rendered":"Skovlcylinder til Jonyang lille gravemaskine JY6085"},"content":{"rendered":"<h1>Skovlcylinder til Jonyang lille gravemaskine JY6085<\/h1>\n<h2>Indledning<\/h2>\n<p>Skovlcylinderen til Jonyang lille gravemaskine JY6085 er en specialdesignet hydraulisk cylinder, der prim\u00e6rt bruges til at styre skovlens bev\u00e6gelse i tunge maskiner s\u00e5som gravemaskiner, rendegravere og frontl\u00e6ssere. Dens prim\u00e6re funktion er at g\u00f8re det muligt for skovlen at l\u00f8fte, s\u00e6nke og vippe, hvilket g\u00f8r den praktisk til h\u00e5ndtering af forskellige materialetransportopgaver.<\/p>\n<p><img decoding=\"async\" src=\"https:\/\/www.hydraulic-cylinders.net\/wp-content\/uploads\/2025\/01\/songte-company-2.webp\"><\/p>\n<h3>Definition og forklaring<\/h3>\n<p>I det hydrauliske system opn\u00e5r skovlcylinderen pr\u00e6cis kontrol over skovlen gennem \u00e6ndringer i hydraulikolietrykket, hvilket g\u00f8r det muligt for f\u00f8reren at h\u00e5ndtere tunge l\u00e6s effektivt og tilpasse sig komplekse arbejdsmilj\u00f8er og forskellige driftskrav.<\/p>\n<h2>Funktioner<\/h2>\n<p>Nogle af de vigtigste funktioner ved skovlcylinderen inkluderer:<\/p>\n<ul>\n<li><strong>H\u00f8j styrke og holdbarhed:<\/strong> Skovlcylinderen, der typisk er fremstillet af h\u00f8jstyrkest\u00e5l eller aluminium, kan modst\u00e5 h\u00f8jt tryk og tunge belastninger, tilpasse sig barske arbejdsmilj\u00f8er og er designet med slidstyrke og korrosionsbestandighed i tankerne for at forl\u00e6nge dens levetid.<\/li>\n<li><strong>Effektiv hydraulisk drift:<\/strong> Ved at udnytte trykket fra hydraulikolien opn\u00e5r skovlcylinderen j\u00e6vn ud- og indtr\u00e6kning, reagerer hurtigt p\u00e5 styrekommandoer, yder en kraftig skubbe- og tr\u00e6kkraft og er velegnet til h\u00e5ndtering af tunge belastninger og komplekse driftsopgaver.<\/li>\n<li><strong>Forskellige typer:<\/strong> Skovlcylindre f\u00e5s i enkeltvirkende (kun hydraulisk i \u00e9n retning) eller dobbeltvirkende (hydraulisk i begge retninger) modeller, hvilket g\u00f8r dem i stand til at opfylde forskellige driftsbehov. Nogle modeller er teleskopiske, hvilket giver mulighed for st\u00f8rre udtr\u00e6k uden at \u00f8ge de udvendige dimensioner, hvilket g\u00f8r dem velegnede til applikationer med begr\u00e6nset plads.<\/li>\n<\/ul>\n<p>Vi kan producere dette produkt, og vores produkt kan v\u00e6re en perfekt erstatning for disse hydrauliske cylindre.<\/p>\n<p><img decoding=\"async\" src=\"https:\/\/www.hydraulic-cylinders.net\/wp-content\/uploads\/2025\/01\/songte-cylinder-head-with-all-kinds-excavator-models.webp\"><\/p>\n<h2>Applikationer<\/h2>\n<p>Skovlcylinderen har forskellige anvendelser, herunder:<\/p>\n<h3>Entrepren\u00f8rudstyr<\/h3>\n<p>I gravemaskiner er de afg\u00f8rende for at grave, l\u00e6sse og flytte jord eller affald. I rendegravere hj\u00e6lper skovlcylinderen med at grave og l\u00f8fte. I frontl\u00e6ssere hj\u00e6lper de med at l\u00f8fte og t\u00f8mme last effektivt.<\/p>\n<h3>Landbrugsmaskiner<\/h3>\n<p>Bruges i frontl\u00e6ssere til at skovle, l\u00f8fte og transportere jord, h\u00f8 og andre materialer. I gravemaskiner muligg\u00f8r skovlcylinderen gravefunktionen ved at lade skovlen tr\u00e6nge ned i jorden.<\/p>\n<h2>Designovervejelser og udv\u00e6lgelseskriterier<\/h2>\n<p>N\u00e5r man v\u00e6lger en cylinder til h\u00e5ndtering af en skovl, skal man overveje flere faktorer, herunder:<\/p>\n<ul>\n<li><strong>B\u00e6reevne:<\/strong> Cylinderen skal v\u00e6re st\u00e6rk nok til at b\u00e6re den belastning, den er designet til.<\/li>\n<li><strong>Forsegling:<\/strong> Cylinderens pakninger skal v\u00e6re konstrueret til at forhindre l\u00e6kage af hydraulisk v\u00e6ske.<\/li>\n<li><strong>Holdbarhed:<\/strong> Cylinderen skal v\u00e6re konstrueret til at modst\u00e5 den p\u00e5virkning, den er beregnet til, uden at nedbrydes hurtigt.<\/li>\n<li><strong>Sikkerhed:<\/strong> Designet skal indeholde sikkerhedsforanstaltninger for at forhindre ulykker og skader under brug.<\/li>\n<li><strong>Vedligeholdelsesevne:<\/strong> Cylinderen skal v\u00e6re konstrueret p\u00e5 en s\u00e5dan m\u00e5de, at den nemt kan vedligeholdes og repareres i marken, hvis det er n\u00f8dvendigt.<\/li>\n<\/ul>\n<p><img decoding=\"async\" src=\"https:\/\/www.hydraulic-cylinders.net\/wp-content\/uploads\/2025\/01\/songte-oil-pipes-and-spare-parts.webp\"><\/p>\n<h2>T\u00e6tning og sm\u00f8ring<\/h2>\n<p>Skovlcylinderen bruger forskellige t\u00e6tningskomponenter, s\u00e5som stempelt\u00e6tninger og stangt\u00e6tninger, der er lavet af slidst\u00e6rke materialer som polyurethan og nitrilgummi. Cylinderhuset og gevindenden er fint forarbejdet for at forbedre slidstyrken. Regelm\u00e6ssig sm\u00f8ring med den passende m\u00e6ngde hydraulikolie er n\u00f8dvendig for korrekt drift.<\/p>\n<h2>Inspektion og forebyggende vedligeholdelsesforanstaltninger<\/h2>\n<p>Regelm\u00e6ssig inspektion og forebyggende vedligeholdelse er afg\u00f8rende for at sikre korrekt drift og forl\u00e6nge skovlcylinderens levetid. Nogle vedligeholdelsesopgaver omfatter:<\/p>\n<ul>\n<li><strong>Regelm\u00e6ssig inspektion:<\/strong> Unders\u00f8g cylinderen for tegn p\u00e5 skader eller slitage.<\/li>\n<li><strong>Passende sm\u00f8ring:<\/strong> S\u00f8rg for, at cylinderen er smurt med den korrekte m\u00e6ngde hydraulikolie.<\/li>\n<li><strong>Udskiftning af pakning:<\/strong> Udskift alle slidte eller beskadigede pakninger for at forhindre l\u00e6kage af hydraulikv\u00e6ske.<\/li>\n<li><strong>Kalibreringstjek:<\/strong> Kontroller cylinderens kalibrering for at sikre, at den fungerer korrekt.<\/li>\n<\/ul>\n<p>Korrekt installation af skovlcylinderen er afg\u00f8rende for dens ydeevne. Korrekt justering og brug af passende monteringsbeslag til at fastg\u00f8re cylinderen anbefales. Vi tilbyder anbefalede inspektions-, reparations- og udskiftningsprocedurer samt udskiftning og genopbygning af dele for at forbedre skovlcylinderens levetid.<\/p>\n<p><img decoding=\"async\" src=\"https:\/\/www.hydraulic-cylinders.net\/wp-content\/uploads\/2025\/01\/songte-chushion-collar.webp\"><\/p>\n<h2>Sikkerhedshensyn og milj\u00f8faktorer<\/h2>\n<p>Ved brug af skovlcylinderen skal sikkerhedsforanstaltninger overholdes for at forhindre ulykker og skader. Milj\u00f8faktorer som temperatur, fugtighed og eksponering for kemikalier skal ogs\u00e5 tages i betragtning.<\/p>\n<h2>Fejlfinding og almindelige problemer<\/h2>\n<p>Almindelige problemer, der kan opst\u00e5 med skovlcylinderen, omfatter l\u00e6kage af hydraulikv\u00e6ske, slid p\u00e5 pakninger og beskadigelse af stempelstangen. Korrekt diagnose og fejlfinding samt regelm\u00e6ssig vedligeholdelse kan hj\u00e6lpe med at forhindre disse problemer eller hurtigt l\u00f8se dem.<\/p>\n<p>Vores fejlfindingstips og probleml\u00f8sningsmetoder kan hj\u00e6lpe l\u00e6serne med at diagnosticere og l\u00f8se problemer effektivt. Vi tilbyder ogs\u00e5 forebyggende foranstaltninger for at minimere potentielle problemer.<\/p>\n<p><img decoding=\"async\" src=\"https:\/\/www.hydraulic-cylinders.net\/wp-content\/uploads\/2025\/01\/songte-bushings-with-all-kinds-of-excavator-models.webp\"><\/p>\n<h2>Om vores virksomhed<\/h2>\n<p>Vi er en producent af hydrauliske udskiftningscylindre med et komplet udvalg af produkttyper og er blevet en af \u200b\u200bde f\u00f8rende producenter og engrosdistribut\u00f8rer af hydrauliske cylindre p\u00e5 indenlandske og internationale markeder. Vi overholder princippet om fremragende kvalitet, s\u00e6tter vores referencer til den industrialiserede produktionsstyringsstrategi fra fine produktionsv\u00e6rksteder og forbedrer v\u00e6rkstedets produktionsplatform ved hj\u00e6lp af teknologiske talenter, digitalt avanceret produktionsudstyr og professionelle testsystemer. Vi har en st\u00e6rk kreativ evne og overholder principperne om h\u00f8j effektivitet, h\u00f8j pr\u00e6cision og h\u00f8j kvalitet for at im\u00f8dekomme kundernes forskellige behov.<\/p>\n<p>Vi tilbyder professionalisme, international certificering, skr\u00e6ddersyede tjenester, produktionsudstyr og eftersalgsservice.<\/p>\n<p><img decoding=\"async\" src=\"https:\/\/hzpt.com\/wp-content\/uploads\/2024\/11\/songte-company-1.webp\"><\/p>\n<p>Forfatter: lyl<\/p>","protected":false},"excerpt":{"rendered":"<p>Bucket Cylinder For Jonyang Small Excavator JY6085 Introduction The bucket cylinder for Jonyang small excavator JY6085 is a specially designed hydraulic cylinder that is mainly used to control the movement of the bucket in heavy machinery such as excavators, backhoe excavators, and front loaders. Its primary function is to enable the bucket to lift, lower, [&hellip;]<\/p>","protected":false},"featured_media":14787,"comment_status":"open","ping_status":"closed","template":"","meta":{"_et_pb_use_builder":"","_et_pb_old_content":"","_et_gb_content_width":""},"product_brand":[],"product_cat":[1494],"product_tag":[1495,1496],"class_list":{"0":"post-15659","1":"product","2":"type-product","3":"status-publish","4":"has-post-thumbnail","6":"product_cat-bucket-cylinders","7":"product_tag-bucket-cylinders","8":"product_tag-hydraulic-cylinders","10":"first","11":"instock","12":"shipping-taxable","13":"product-type-simple"},"amp_enabled":true,"_links":{"self":[{"href":"https:\/\/www.hydraulic-cylinders.net\/da\/wp-json\/wp\/v2\/product\/15659","targetHints":{"allow":["GET"]}}],"collection":[{"href":"https:\/\/www.hydraulic-cylinders.net\/da\/wp-json\/wp\/v2\/product"}],"about":[{"href":"https:\/\/www.hydraulic-cylinders.net\/da\/wp-json\/wp\/v2\/types\/product"}],"replies":[{"embeddable":true,"href":"https:\/\/www.hydraulic-cylinders.net\/da\/wp-json\/wp\/v2\/comments?post=15659"}],"wp:featuredmedia":[{"embeddable":true,"href":"https:\/\/www.hydraulic-cylinders.net\/da\/wp-json\/wp\/v2\/media\/14787"}],"wp:attachment":[{"href":"https:\/\/www.hydraulic-cylinders.net\/da\/wp-json\/wp\/v2\/media?parent=15659"}],"wp:term":[{"taxonomy":"product_brand","embeddable":true,"href":"https:\/\/www.hydraulic-cylinders.net\/da\/wp-json\/wp\/v2\/product_brand?post=15659"},{"taxonomy":"product_cat","embeddable":true,"href":"https:\/\/www.hydraulic-cylinders.net\/da\/wp-json\/wp\/v2\/product_cat?post=15659"},{"taxonomy":"product_tag","embeddable":true,"href":"https:\/\/www.hydraulic-cylinders.net\/da\/wp-json\/wp\/v2\/product_tag?post=15659"}],"curies":[{"name":"wp","href":"https:\/\/api.w.org\/{rel}","templated":true}]}}