{"id":15661,"date":"2025-01-19T14:48:37","date_gmt":"2025-01-19T14:48:37","guid":{"rendered":"https:\/\/www.hydraulic-cylinders.net\/product\/bucket-cylinder-for-jonyang-small-excavator-jy623e\/"},"modified":"2025-01-19T14:48:39","modified_gmt":"2025-01-19T14:48:39","slug":"bucket-cylinder-for-jonyang-small-excavator-jy623e","status":"publish","type":"product","link":"https:\/\/www.hydraulic-cylinders.net\/da\/vare\/bucket-cylinder-for-jonyang-small-excavator-jy623e\/","title":{"rendered":"Skovlcylinder til Jonyang lille gravemaskine JY623E"},"content":{"rendered":"<h1>Skovlcylinder til Jonyang lille gravemaskine JY623E<\/h1>\n<h2>Indledning<\/h2>\n<p>Skovlcylinderen er en specialdesignet hydraulisk cylinder, der bruges til at styre bev\u00e6gelsen af \u200b\u200bskovle i tunge maskiner s\u00e5som gravemaskiner, rendegravere og frontl\u00e6ssere. Dens hovedfunktion er at g\u00f8re det muligt for skovlen at l\u00f8fte, s\u00e6nke og vippe, hvilket g\u00f8r den praktisk til forskellige materialeh\u00e5ndteringsopgaver. I det hydrauliske system opn\u00e5r skovlcylinderen pr\u00e6cis kontrol over skovlen ved at udnytte tryk\u00e6ndringerne i hydraulikolien, hvilket giver operat\u00f8rer mulighed for effektivt at h\u00e5ndtere tunge belastninger og tilpasse sig komplekse arbejdsmilj\u00f8er og forskellige jobkrav.<\/p>\n<p><img decoding=\"async\" src=\"https:\/\/www.hydraulic-cylinders.net\/wp-content\/uploads\/2025\/01\/songte-company-2.webp\"><\/p>\n<h2>Funktioner<\/h2>\n<ul>\n<li>H\u00f8j styrke og holdbarhed: Skovlcylinderen er typisk lavet af h\u00f8jstyrkest\u00e5l eller aluminium og kan modst\u00e5 h\u00f8jt tryk og tunge belastninger og tilpasse sig barske arbejdsmilj\u00f8er. Den er designet med hensyntagen til slidstyrke og korrosionsbestandighed for at forl\u00e6nge dens levetid.<\/li>\n<li>Effektiv hydraulisk drift: Ved at udnytte trykket fra hydraulikolien opn\u00e5r skovlcylinderen j\u00e6vn ud- og indtr\u00e6kning, hvilket giver mulighed for hurtig reaktion p\u00e5 styrekommandoer og kraftige skubbe- og tr\u00e6kkr\u00e6fter. Den er velegnet til h\u00e5ndtering af tunge belastninger og komplekse arbejdsopgaver.<\/li>\n<li>Forskellige typer: Skovlcylinderen kan v\u00e6lges som enkeltvirkende (hydraulisk kun anvendt i \u00e9n retning) eller dobbeltvirkende (hydraulisk anvendt i begge retninger) baseret p\u00e5 specifikke driftskrav. Nogle modeller er teleskopiske, hvilket giver mulighed for st\u00f8rre udtr\u00e6k uden at \u00f8ge de ydre dimensioner, hvilket g\u00f8r dem velegnede til applikationer med begr\u00e6nset plads.<\/li>\n<\/ul>\n<p><img decoding=\"async\" src=\"https:\/\/www.hydraulic-cylinders.net\/wp-content\/uploads\/2025\/01\/songte-cylinder-head-with-all-kinds-excavator-models.webp\"><\/p>\n<h2>Applikationer<\/h2>\n<ul>\n<li>Entrepren\u00f8rudstyr: De findes i gravemaskiner og er afg\u00f8rende for at grave, l\u00e6sse og flytte jord eller affald. I rendegravere hj\u00e6lper skovlcylinderen med b\u00e5de udgravning og l\u00f8ft.<\/li>\n<li>Landbrugsmaskiner: Bruges i frontl\u00e6ssere til at udgrave, l\u00f8fte og transportere jord, h\u00f8 og andre materialer.<\/li>\n<li>Gravemaskiner: Skovlcylinderen muligg\u00f8r udgravning ved at lade skovlen tr\u00e6nge ned i jorden.<\/li>\n<li>Frontl\u00e6ssere: Frontl\u00e6ssere hj\u00e6lper med at l\u00f8fte og losse gods effektivt.<\/li>\n<\/ul>\n<h2>Designovervejelser og udv\u00e6lgelseskriterier<\/h2>\n<ul>\n<li>B\u00e6reevne: Skovlcylinderens design tager h\u00f8jde for dens evne til at modst\u00e5 den n\u00f8dvendige belastning.<\/li>\n<li>T\u00e6tningsevne: Der anvendes forskellige t\u00e6tningskomponenter, s\u00e5som stempelt\u00e6tninger og stangt\u00e6tninger, med materialer som polyurethan og nitrilgummi, der er valgt for deres slidstyrke. Cylinderhuset og gevindenden er fint forarbejdet for at forbedre slidstyrken.<\/li>\n<\/ul>\n<p><img decoding=\"async\" src=\"https:\/\/www.hydraulic-cylinders.net\/wp-content\/uploads\/2025\/01\/songte-oil-pipes-and-spare-parts.webp\"><\/p>\n<h2>T\u00e6tning og sm\u00f8ring<\/h2>\n<p>Skovlcylinderen anvender forskellige t\u00e6tningskomponenter, herunder stempelt\u00e6tninger og stangt\u00e6tninger, som er lavet af slidst\u00e6rke materialer som polyurethan og nitrilgummi. Cylinderhuset og gevindenden er fint forarbejdet for at forbedre slidstyrken. Regelm\u00e6ssig sm\u00f8ring med en passende m\u00e6ngde hydraulikolie er n\u00f8dvendig for at sikre problemfri drift.<\/p>\n<h2>Regelm\u00e6ssig inspektion og forebyggende vedligeholdelse<\/h2>\n<p>Regelm\u00e6ssig inspektion og forebyggende vedligeholdelse er afg\u00f8rende for at sikre optimal ydeevne af skovlcylinderen. Nogle anbefalede foranstaltninger omfatter:<\/p>\n<ul>\n<li>Kontrol for tegn p\u00e5 l\u00e6kage eller skade<\/li>\n<li>Korrekt sm\u00f8ring af alle bev\u00e6gelige dele<\/li>\n<li>Periodisk udskiftning af pakninger<\/li>\n<li>Kalibreringstjek for at sikre n\u00f8jagtig drift<\/li>\n<\/ul>\n<p><img decoding=\"async\" src=\"https:\/\/www.hydraulic-cylinders.net\/wp-content\/uploads\/2025\/01\/songte-chushion-collar.webp\"><\/p>\n<h2>Sikkerhedshensyn og milj\u00f8faktorer<\/h2>\n<p>N\u00e5r du bruger skovlcylinderen, er det vigtigt at f\u00f8lge sikkerhedsforanstaltninger for at forhindre ulykker og sikre et sikkert arbejdsmilj\u00f8. Sikkerhedsforanstaltninger b\u00f8r omfatte korrekt tr\u00e6ning i betjening af udstyret, brug af passende personlige v\u00e6rnemidler og overholdelse af alle relevante sikkerhedsforskrifter og retningslinjer.<\/p>\n<h2>Fejlfinding og almindelige problemer<\/h2>\n<p>N\u00e5r man st\u00f8der p\u00e5 problemer med skovlcylinderen, er det vigtigt at diagnosticere og l\u00f8se problemet hurtigt. Nogle almindelige tips og l\u00f8sninger til fejlfinding inkluderer:<\/p>\n<ul>\n<li>Inspektion for synlige skader eller l\u00e6kager<\/li>\n<li>Kontrol af korrekt sm\u00f8ring<\/li>\n<li>Kontrol af, at alle t\u00e6tninger er i god stand<\/li>\n<li>Overvejer forebyggende foranstaltninger for at minimere potentielle problemer<\/li>\n<\/ul>\n<p><img decoding=\"async\" src=\"https:\/\/www.hydraulic-cylinders.net\/wp-content\/uploads\/2025\/01\/songte-bushings-with-all-kinds-of-excavator-models.webp\"><\/p>\n<p>Husk at organisere artiklen logisk med underoverskrifter for nem navigation. Indarbejde relevante billeder eller diagrammer for at forbedre forst\u00e5elsen. S\u00f8rg for, at indholdet er klart, pr\u00e6cist og egnet til l\u00e6sere med forskellige niveauer af teknisk viden.<\/p>\n<h2>Om vores virksomhed<\/h2>\n<p>Vi er producent af hydrauliske udskiftningscylindre og tilbyder en bred vifte af produkter. Som en af \u200b\u200bde f\u00f8rende producenter og engrosdistribut\u00f8rer af hydrauliske cylindre p\u00e5 b\u00e5de indenlandske og internationale markeder, overholder vi principperne om fremragende kvalitet. Ved at anvende dygtigt personale, avanceret produktionsudstyr og professionelle testsystemer forbedrer vi l\u00f8bende vores produktionskapaciteter, perfektionerer produktionsruter af h\u00f8j kvalitet og besidder st\u00e6rke innovationsevner. Vi sigter mod at tilfredsstille kundernes forskellige behov med h\u00f8j effektivitet, pr\u00e6cision og kvalitet.<\/p>\n<p><img decoding=\"async\" src=\"https:\/\/www.hydraulic-cylinders.net\/wp-content\/uploads\/2025\/01\/songte-company-3.webp\"><\/p>\n<h3>Professionalitet<\/h3>\n<p>Vi prioriterer professionalisme i alle aspekter af vores drift, fra produktion til kundeservice.<\/p>\n<h3>Internationale certificeringer<\/h3>\n<p>Vi har opn\u00e5et forskellige internationale certificeringer, der sikrer overholdelse af kvalitetsstandarder og -regler.<\/p>\n<h3>Tilpasningstjenester<\/h3>\n<p>Vi tilbyder tilpasningstjenester for at im\u00f8dekomme specifikke kundekrav og leverer skr\u00e6ddersyede l\u00f8sninger.<\/p>\n<h3>Produktionsfaciliteter<\/h3>\n<p>Vi har topmoderne produktionsfaciliteter udstyret med avanceret produktionsudstyr for at sikre produkter af h\u00f8j kvalitet.<\/p>\n<h3>Eftersalgsservice<\/h3>\n<p>Vi tilbyder omfattende eftersalgsservice, herunder udskiftning af dele og reparation, for at forl\u00e6nge levetiden p\u00e5 de hydrauliske cylindre.<\/p>\n<p>Forfatter: lyl<\/p>\n<p><img decoding=\"async\" src=\"https:\/\/hzpt.com\/wp-content\/uploads\/2024\/11\/songte-company-1.webp\"><\/p>","protected":false},"excerpt":{"rendered":"<p>Bucket Cylinder For Jonyang Small Excavator JY623E Introduction The bucket cylinder is a specially designed hydraulic cylinder used to control the movement of buckets in heavy machinery such as excavators, backhoe loaders, and front-end loaders. Its main function is to enable the bucket to lift, lower, and tilt, making it convenient for various material handling [&hellip;]<\/p>","protected":false},"featured_media":14784,"comment_status":"open","ping_status":"closed","template":"","meta":{"_et_pb_use_builder":"","_et_pb_old_content":"","_et_gb_content_width":""},"product_brand":[],"product_cat":[1494],"product_tag":[1495,1496],"class_list":{"0":"post-15661","1":"product","2":"type-product","3":"status-publish","4":"has-post-thumbnail","6":"product_cat-bucket-cylinders","7":"product_tag-bucket-cylinders","8":"product_tag-hydraulic-cylinders","10":"first","11":"instock","12":"shipping-taxable","13":"product-type-simple"},"amp_enabled":true,"_links":{"self":[{"href":"https:\/\/www.hydraulic-cylinders.net\/da\/wp-json\/wp\/v2\/product\/15661","targetHints":{"allow":["GET"]}}],"collection":[{"href":"https:\/\/www.hydraulic-cylinders.net\/da\/wp-json\/wp\/v2\/product"}],"about":[{"href":"https:\/\/www.hydraulic-cylinders.net\/da\/wp-json\/wp\/v2\/types\/product"}],"replies":[{"embeddable":true,"href":"https:\/\/www.hydraulic-cylinders.net\/da\/wp-json\/wp\/v2\/comments?post=15661"}],"wp:featuredmedia":[{"embeddable":true,"href":"https:\/\/www.hydraulic-cylinders.net\/da\/wp-json\/wp\/v2\/media\/14784"}],"wp:attachment":[{"href":"https:\/\/www.hydraulic-cylinders.net\/da\/wp-json\/wp\/v2\/media?parent=15661"}],"wp:term":[{"taxonomy":"product_brand","embeddable":true,"href":"https:\/\/www.hydraulic-cylinders.net\/da\/wp-json\/wp\/v2\/product_brand?post=15661"},{"taxonomy":"product_cat","embeddable":true,"href":"https:\/\/www.hydraulic-cylinders.net\/da\/wp-json\/wp\/v2\/product_cat?post=15661"},{"taxonomy":"product_tag","embeddable":true,"href":"https:\/\/www.hydraulic-cylinders.net\/da\/wp-json\/wp\/v2\/product_tag?post=15661"}],"curies":[{"name":"wp","href":"https:\/\/api.w.org\/{rel}","templated":true}]}}