{"id":15663,"date":"2025-01-19T14:48:44","date_gmt":"2025-01-19T14:48:44","guid":{"rendered":"https:\/\/www.hydraulic-cylinders.net\/product\/bucket-cylinder-for-jonyang-small-excavator-jy615eld\/"},"modified":"2025-01-19T14:48:46","modified_gmt":"2025-01-19T14:48:46","slug":"bucket-cylinder-for-jonyang-small-excavator-jy615eld","status":"publish","type":"product","link":"https:\/\/www.hydraulic-cylinders.net\/da\/vare\/bucket-cylinder-for-jonyang-small-excavator-jy615eld\/","title":{"rendered":"Skovlcylinder til Jonyang lille gravemaskine JY615ELD"},"content":{"rendered":"<h1>Skovlcylinder til Jonyang lille gravemaskine JY615ELD<\/h1>\n<h2>Indledning<\/h2>\n<p>Skovlcylinderen er en specialdesignet hydraulisk cylinder, der bruges til at styre skovlens bev\u00e6gelse i tunge maskiner s\u00e5som gravemaskiner, rendegravere og frontl\u00e6ssere. Dens hovedfunktion er at g\u00f8re det muligt for skovlen at l\u00f8fte, s\u00e6nke og vippe, hvilket g\u00f8r det lettere at h\u00e5ndtere forskellige materialeh\u00e5ndteringsopgaver. I det hydrauliske system bruger skovlcylinderen tryk\u00e6ndringen i hydraulikolien til at styre skovlens pr\u00e6cise bev\u00e6gelser, hvilket g\u00f8r det muligt for operat\u00f8rer at h\u00e5ndtere tunge l\u00e6s effektivt og tilpasse sig komplekse arbejdsmilj\u00f8er og forskellige driftskrav.<\/p>\n<p><img decoding=\"async\" src=\"https:\/\/www.hydraulic-cylinders.net\/wp-content\/uploads\/2025\/01\/songte-company-2.webp\" alt=\"Skovlcylinder til Jonyang lille gravemaskine JY615ELD\"><\/p>\n<h2>Funktioner<\/h2>\n<ul>\n<li>H\u00f8j styrke og holdbarhed: Typisk lavet af h\u00f8jstyrkest\u00e5l eller aluminium, kan den modst\u00e5 h\u00f8jt tryk og tunge belastninger, tilpasse sig barske arbejdsmilj\u00f8er og er designet med hensyntagen til slidstyrke og korrosionsbestandighed for at forl\u00e6nge levetiden.<\/li>\n<li>Effektive hydrauliske bev\u00e6gelser: Ved at bruge trykket fra hydraulikolien til at opn\u00e5 j\u00e6vne ud- og tilbagetr\u00e6kningsbev\u00e6gelser kan den reagere hurtigt p\u00e5 kontrolkommandoer, yde kraftige skubbe- og tr\u00e6kkr\u00e6fter og er velegnet til h\u00e5ndtering af tunge belastninger og komplekse driftsopgaver.<\/li>\n<li>Forskellige typer: Enkeltvirkende (hydraulisk anvendt i kun \u00e9n retning) eller dobbeltvirkende (hydraulisk anvendt i begge retninger) cylindre kan v\u00e6lges efter behov for at opfylde forskellige driftskrav. Nogle modeller er teleskopiske, hvilket muligg\u00f8r st\u00f8rre udtr\u00e6k uden at \u00f8ge de udvendige dimensioner, og er velegnede til applikationer med begr\u00e6nset plads.<\/li>\n<li>Udskiftelig: Vores produkter kan perfekt erstatte disse hydrauliske cylindre.<\/li>\n<\/ul>\n<p><img decoding=\"async\" src=\"https:\/\/www.hydraulic-cylinders.net\/wp-content\/uploads\/2025\/01\/songte-cylinder-head-with-all-kinds-excavator-models.webp\" alt=\"Skovlcylinder til Jonyang lille gravemaskine JY615ELD\"><\/p>\n<h2>Applikationer<\/h2>\n<ul>\n<li>Entrepren\u00f8rudstyr: I gravemaskiner er de afg\u00f8rende for at grave, l\u00e6sse og flytte jord eller affald. I rendegravere hj\u00e6lper skovlcylinderen med udgravning og l\u00f8ft. <\/li>\n<li>Landbrugsmaskiner: Bruges til frontl\u00e6ssere, til opsamling, l\u00f8ft og transport af jord, h\u00f8 og andre materialer. <\/li>\n<li>Gravemaskiner: Skovlcylinderen muligg\u00f8r gravefunktion ved at lade skovlen tr\u00e6nge ned i jorden. <\/li>\n<li>L\u00e6sser: Frontl\u00e6ssere hj\u00e6lper med effektivt at l\u00f8fte og vippe gods. <\/li>\n<\/ul>\n<h2>Design- og udv\u00e6lgelseskriterier<\/h2>\n<ul>\n<li>B\u00e6reevne: Det er yderst vigtigt at tage hensyn til cylinderens b\u00e6reevne i designet. Dette vil sikre, at cylinderen kan modst\u00e5 store belastninger uden at svigte.<\/li>\n<li>T\u00e6tning: Forskellige t\u00e6tningskomponenter s\u00e5som stempelt\u00e6tninger, stangt\u00e6tninger osv. anvendes i designet af hydrauliske cylindre for at sikre korrekt t\u00e6tning. <\/li>\n<li>Holdbarhed: Hydrauliske cylindre skal kunne modst\u00e5 barske arbejdsmilj\u00f8er s\u00e5som ekstreme temperaturer, h\u00f8j luftfugtighed og eksponering for \u00e6tsende stoffer. <\/li>\n<li>Sikkerhed: Hydraulikcylinderens design skal tage h\u00f8jde for de risici, der er forbundet med dens brug, s\u00e5som mulige l\u00e6kager og andre funktionsfejl. <\/li>\n<li>Vedligeholdelse: Hydrauliske cylindre skal v\u00e6re konstrueret til at lette vedligeholdelse og sikre, at de nemt kan serviceres eller repareres.<\/li>\n<\/ul>\n<p><img decoding=\"async\" src=\"https:\/\/www.hydraulic-cylinders.net\/wp-content\/uploads\/2025\/01\/songte-oil-pipes-and-spare-parts.webp\" alt=\"Skovlcylinder til Jonyang lille gravemaskine JY615ELD\"><\/p>\n<h2>T\u00e6tning og sm\u00f8ring<\/h2>\n<p>Forskellige t\u00e6tningskomponenter, s\u00e5som stempelt\u00e6tninger, stangt\u00e6tninger osv., anvendes i designet af hydrauliske cylindre for at sikre korrekt t\u00e6tning. T\u00e6tningerne er lavet af slidst\u00e6rke materialer s\u00e5som polyurethan og nitrilgummi for at sikre, at de ikke slides let. Korrekt sm\u00f8ring er afg\u00f8rende for at sikre korrekt drift og forl\u00e6nge den hydrauliske cylinders levetid. Regelm\u00e6ssig p\u00e5fyldning af passende m\u00e6ngder hydraulikolie er n\u00f8dvendig.<\/p>\n<h2>Forebyggende vedligeholdelse og fejlfinding<\/h2>\n<p>F\u00f8lgende er nogle forebyggende vedligeholdelsesforanstaltninger, der b\u00f8r tr\u00e6ffes:<\/p>\n<ul>\n<li>Regelm\u00e6ssige inspektioner: Inspicer den hydrauliske cylinder for l\u00e6kage, skader og slitage.<\/li>\n<li>Korrekt sm\u00f8ring: Korrekt sm\u00f8ring af cylinderen og dens komponenter er n\u00f8dvendig for optimal ydeevne.<\/li>\n<li>Udskiftning af pakninger: Pakningerne b\u00f8r udskiftes, n\u00e5r de viser tegn p\u00e5 slid eller beskadigelse.<\/li>\n<\/ul>\n<p>Hvis den hydrauliske cylinder svigter, skal nogle almindelige problemer kontrolleres, s\u00e5som utilstr\u00e6kkelig kraft, l\u00e6kage og beskadigelse af cylinderv\u00e6ggene. For at l\u00f8se disse problemer henvises til producentens instruktioner. For at forhindre disse problemer skal du altid f\u00f8lge korrekte installations- og vedligeholdelsesprocedurer.<\/p>\n<p><img decoding=\"async\" src=\"https:\/\/www.hydraulic-cylinders.net\/wp-content\/uploads\/2025\/01\/songte-bushings-with-all-kinds-of-excavator-models.webp\" alt=\"Skovlcylinder til Jonyang lille gravemaskine JY615ELD\"><\/p>\n<h2>Om os<\/h2>\n<p>Vi er en producent af hydrauliske cylindre, der specialiserer os i produktion og distribution af en bred vifte af hydrauliske cylindre til b\u00e5de indenlandske og internationale markeder. Vi overholder fremragende kvalitet, s\u00e6tter vores lid til industrialiseringen af \u200b\u200bproduktionsstyringsstrategier i vores omhyggeligt fremstillede v\u00e6rksteder og forbedrer l\u00f8bende vores v\u00e6rkstedsproduktionsplatforme for at perfektionere produktionsruter af produktkvalitet. Vores virksomhed har en st\u00e6rk evne til at skabe et h\u00f8jeffektivt, h\u00f8jpr\u00e6cisions- og h\u00f8jkvalitetsprincip for at im\u00f8dekomme en bred vifte af kundebehov.<\/p>\n<p>Vores virksomhed tilbyder professionelle og internationalt certificerede kundeserviceydelser, avanceret produktionsudstyr og eftersalgsservice.<\/p>\n<p><img decoding=\"async\" src=\"https:\/\/hzpt.com\/wp-content\/uploads\/2024\/11\/songte-company-1.webp\" alt=\"Skovlcylinder til Jonyang lille gravemaskine JY615ELD\"><\/p>\n<p>Forfatteren af \u200b\u200bdenne artikel er Lyl.<\/p>","protected":false},"excerpt":{"rendered":"<p>Bucket Cylinder For Jonyang Small Excavator JY615ELD Introduction The bucket cylinder is a specially designed hydraulic cylinder used to control the movement of the bucket in heavy machinery such as excavators, backhoe loaders, and front-end loaders. Its main function is to enable the bucket to lift, lower, and tilt, making it easier to handle various [&hellip;]<\/p>","protected":false},"featured_media":14780,"comment_status":"open","ping_status":"closed","template":"","meta":{"_et_pb_use_builder":"","_et_pb_old_content":"","_et_gb_content_width":""},"product_brand":[],"product_cat":[1494],"product_tag":[1495,1496],"class_list":{"0":"post-15663","1":"product","2":"type-product","3":"status-publish","4":"has-post-thumbnail","6":"product_cat-bucket-cylinders","7":"product_tag-bucket-cylinders","8":"product_tag-hydraulic-cylinders","10":"first","11":"instock","12":"shipping-taxable","13":"product-type-simple"},"amp_enabled":true,"_links":{"self":[{"href":"https:\/\/www.hydraulic-cylinders.net\/da\/wp-json\/wp\/v2\/product\/15663","targetHints":{"allow":["GET"]}}],"collection":[{"href":"https:\/\/www.hydraulic-cylinders.net\/da\/wp-json\/wp\/v2\/product"}],"about":[{"href":"https:\/\/www.hydraulic-cylinders.net\/da\/wp-json\/wp\/v2\/types\/product"}],"replies":[{"embeddable":true,"href":"https:\/\/www.hydraulic-cylinders.net\/da\/wp-json\/wp\/v2\/comments?post=15663"}],"wp:featuredmedia":[{"embeddable":true,"href":"https:\/\/www.hydraulic-cylinders.net\/da\/wp-json\/wp\/v2\/media\/14780"}],"wp:attachment":[{"href":"https:\/\/www.hydraulic-cylinders.net\/da\/wp-json\/wp\/v2\/media?parent=15663"}],"wp:term":[{"taxonomy":"product_brand","embeddable":true,"href":"https:\/\/www.hydraulic-cylinders.net\/da\/wp-json\/wp\/v2\/product_brand?post=15663"},{"taxonomy":"product_cat","embeddable":true,"href":"https:\/\/www.hydraulic-cylinders.net\/da\/wp-json\/wp\/v2\/product_cat?post=15663"},{"taxonomy":"product_tag","embeddable":true,"href":"https:\/\/www.hydraulic-cylinders.net\/da\/wp-json\/wp\/v2\/product_tag?post=15663"}],"curies":[{"name":"wp","href":"https:\/\/api.w.org\/{rel}","templated":true}]}}