{"id":15674,"date":"2025-01-19T14:49:35","date_gmt":"2025-01-19T14:49:35","guid":{"rendered":"https:\/\/www.hydraulic-cylinders.net\/product\/bucket-cylinder-for-jcm-middle-excavator-927d\/"},"modified":"2025-01-19T14:49:37","modified_gmt":"2025-01-19T14:49:37","slug":"bucket-cylinder-for-jcm-middle-excavator-927d","status":"publish","type":"product","link":"https:\/\/www.hydraulic-cylinders.net\/da\/vare\/bucket-cylinder-for-jcm-middle-excavator-927d\/","title":{"rendered":"Skovlcylinder til JCM mellemgraver 927D"},"content":{"rendered":"<h1>Skovlcylinder til JCM mellemgraver 927D<\/h1>\n<h2>Indledning<\/h2>\n<p>Skovlcylinderen er en specialdesignet hydraulisk cylinder, der bruges til at styre skovlens bev\u00e6gelse i tunge maskiner s\u00e5som gravemaskiner, rendegravere og frontl\u00e6ssere. Dens hovedfunktion er at g\u00f8re det muligt for skovlen at udf\u00f8re l\u00f8fte-, s\u00e6nke- og vippefunktioner, hvilket letter forskellige materialeh\u00e5ndteringsopgaver. I det hydrauliske system opn\u00e5r skovlcylinderen pr\u00e6cis kontrol over skovlen ved at variere trykket af hydraulikolien, hvilket g\u00f8r det muligt for operat\u00f8rer effektivt at h\u00e5ndtere tunge l\u00e6s og tilpasse sig komplekse arbejdsmilj\u00f8er og forskellige driftskrav.<\/p>\n<p><img decoding=\"async\" src=\"https:\/\/www.hydraulic-cylinders.net\/wp-content\/uploads\/2025\/01\/songte-company-2.webp\"><\/p>\n<h2>Funktioner<\/h2>\n<ul>\n<li>H\u00f8j styrke og holdbarhed: Typisk fremstillet af h\u00f8jstyrkest\u00e5l eller aluminium, der kan modst\u00e5 h\u00f8jt tryk og tunge belastninger og tilpasser sig barske arbejdsmilj\u00f8er. Designet med hensyntagen til slidstyrke og korrosionsbestandighed, hvilket forl\u00e6nger levetiden.<\/li>\n<li>Effektiv hydraulisk drift: Udnytter hydraulikolietrykket til at opn\u00e5 j\u00e6vne ud- og tilbagetr\u00e6kningsbev\u00e6gelser, hvilket muligg\u00f8r hurtig reaktion p\u00e5 styrekommandoer og giver kraftige skubbe- og tr\u00e6kkr\u00e6fter, velegnet til h\u00e5ndtering af tunge belastninger og komplekse driftsopgaver.<\/li>\n<li>Forskellige typer: Kan v\u00e6lges som enkeltvirkende (hydraulisk tryk anvendes kun i \u00e9n retning) eller dobbeltvirkende (hydraulisk tryk anvendes i begge retninger) cylindre efter behov, der opfylder forskellige driftsbehov. Nogle modeller er teleskopiske, hvilket muligg\u00f8r st\u00f8rre udtr\u00e6k uden at \u00f8ge de udvendige dimensioner, velegnede til applikationer med begr\u00e6nset plads.<\/li>\n<li>Produktudskiftning: Vores produkter kan perfekt erstatte disse hydrauliske cylindre.<\/li>\n<\/ul>\n<p><img decoding=\"async\" src=\"https:\/\/www.hydraulic-cylinders.net\/wp-content\/uploads\/2025\/01\/songte-cylinder-head-with-all-kinds-excavator-models.webp\"><\/p>\n<h2>Applikationer<\/h2>\n<p>Skovlcylindre anvendes i vid udstr\u00e6kning i forskellige industrier og udstyr, herunder:<\/p>\n<h3>Entrepren\u00f8rudstyr<\/h3>\n<p>De er afg\u00f8rende for gravemaskiner, da de muligg\u00f8r udgravning, l\u00e6sning og flytning af jord eller affald. I rendegravere hj\u00e6lper skovlcylinderen med b\u00e5de grave- og l\u00f8fteoperationer.<\/p>\n<h3>Landbrugsmaskiner<\/h3>\n<p>Anvendes i frontl\u00e6ssere til at udgrave, l\u00f8fte og transportere jord, h\u00f8 og andre materialer.<\/p>\n<h3>Gravemaskiner<\/h3>\n<p>Skovlcylinderen muligg\u00f8r gravehandlinger ved at lade skovlen tr\u00e6nge ned i jorden.<\/p>\n<h3>L\u00e6ssere<\/h3>\n<p>I frontl\u00e6ssere hj\u00e6lper de med at l\u00f8fte og t\u00f8mme gods effektivt.<\/p>\n<p><img decoding=\"async\" src=\"https:\/\/www.hydraulic-cylinders.net\/wp-content\/uploads\/2025\/01\/songte-oil-pipes-and-spare-parts.webp\"><\/p>\n<h2>Designovervejelser og udv\u00e6lgelseskriterier<\/h2>\n<p>Ved design af skovlcylindre tages der h\u00f8jde for n\u00f8glefaktorer som b\u00e6reevne, t\u00e6tning, holdbarhed, sikkerhed og nem vedligeholdelse:<\/p>\n<h3>B\u00e6reevne<\/h3>\n<p>Cylinderdesignet er optimeret til at modst\u00e5 de tilsigtede belastninger og tryk, hvilket sikrer p\u00e5lidelig ydeevne og sikkerhed.<\/p>\n<h3>Forsegling<\/h3>\n<p>Der anvendes forskellige t\u00e6tningskomponenter, s\u00e5som stempelt\u00e6tninger og stangt\u00e6tninger. Disse t\u00e6tninger er lavet af slidst\u00e6rke materialer s\u00e5som polyurethan og nitrilgummi. Cylinderhuset og gevindenderne er fint behandlet for at forbedre slidstyrken. Regelm\u00e6ssig sm\u00f8ring med den passende m\u00e6ngde hydraulikolie er n\u00f8dvendig for problemfri drift og lang levetid.<\/p>\n<p><img decoding=\"async\" src=\"https:\/\/www.hydraulic-cylinders.net\/wp-content\/uploads\/2025\/01\/songte-bushings-with-all-kinds-of-excavator-models.webp\"><\/p>\n<h2>Vedligeholdelse og fejlfinding<\/h2>\n<p>Regelm\u00e6ssig inspektion og forebyggende vedligeholdelse er afg\u00f8rende for at sikre skovlcylinderens levetid og optimale ydeevne. Almindelige vedligeholdelsesopgaver omfatter:<\/p>\n<ul>\n<li>Regelm\u00e6ssig inspektion<\/li>\n<li>Korrekt sm\u00f8ring<\/li>\n<li>Udskiftning af pakning<\/li>\n<li>Kalibreringstjek<\/li>\n<\/ul>\n<p>Korrekt installation, sm\u00f8ring og justering er afg\u00f8rende. Der b\u00f8r gives vejledning i justering under installationsprocessen, og det anbefales at bruge passende monteringsbeslag til at fastg\u00f8re cylinderen. Anbefalede procedurer for inspektion, reparation og udskiftning b\u00f8r f\u00f8lges, sammen med tips til at forl\u00e6nge cylinderens levetid.<\/p>\n<h2>Sikkerhedshensyn og milj\u00f8faktorer<\/h2>\n<p>N\u00e5r man arbejder med skovlcylindre, kan vigtigheden af \u200b\u200bsikkerhedsforanstaltninger ikke overvurderes. Der skal f\u00f8lges passende sikkerhedsforanstaltninger, og relevante regler og retningslinjer skal overholdes for at minimere risici og sikre et sikkert arbejdsmilj\u00f8.<\/p>\n<h2>Fejldiagnose og fejlfinding<\/h2>\n<p>I tilf\u00e6lde af fejl er hurtig diagnose og effektiv probleml\u00f8sning afg\u00f8rende. Der b\u00f8r gives tips og l\u00f8sninger til fejlfinding for at hj\u00e6lpe l\u00e6serne med at diagnosticere og h\u00e5ndtere problemer effektivt. Forholdsregler b\u00f8r foresl\u00e5s for at minimere potentielle problemer.<\/p>\n<p><img decoding=\"async\" src=\"https:\/\/hzpt.com\/wp-content\/uploads\/2024\/11\/songte-company-1.webp\"><\/p>\n<h2>Om vores virksomhed<\/h2>\n<p>Vi er en producent af hydrauliske udskiftningscylindre og tilbyder en bred vifte af produkter. Vi er blevet en af \u200b\u200bde f\u00f8rende producenter og engrosdistribut\u00f8rer af hydrauliske cylindre p\u00e5 det indenlandske og internationale marked. Vi overholder principperne om fremragende kvalitet og bruger industrialiserede produktionsstyringsstrategier i vores raffinerede produktionsv\u00e6rksteder. Med fokus p\u00e5 teknologisk talent, avanceret digitalt produktionsudstyr og professionelle testsystemer forbedrer vi l\u00f8bende vores produktionsplatform og produktionsruter for produktkvalitet. Vi har st\u00e6rke kreative evner og sigter mod at im\u00f8dekomme forskellige kundebehov med h\u00f8j effektivitet, pr\u00e6cision og kvalitet.<\/p>\n<p><img decoding=\"async\" src=\"https:\/\/www.hydraulic-cylinders.net\/wp-content\/uploads\/2025\/01\/songte-company-3.webp\"><\/p>\n<p>Derudover er vi stolte af vores professionalisme, internationale certificeringer, skr\u00e6ddersyede tjenester, produktionsudstyr og eftersalgsservice.<\/p>\n<p><em>Forfatter: lyl<\/em><\/p>","protected":false},"excerpt":{"rendered":"<p>Bucket Cylinder For JCM Middle Excavator 927D Introduction The bucket cylinder is a specially designed hydraulic cylinder used to control the movement of the bucket in heavy machinery such as excavators, backhoe loaders, and front loaders. Its main function is to enable the bucket to perform lifting, lowering, and tilting actions, facilitating various material handling [&hellip;]<\/p>","protected":false},"featured_media":14787,"comment_status":"open","ping_status":"closed","template":"","meta":{"_et_pb_use_builder":"","_et_pb_old_content":"","_et_gb_content_width":""},"product_brand":[],"product_cat":[1494],"product_tag":[1495,1496],"class_list":{"0":"post-15674","1":"product","2":"type-product","3":"status-publish","4":"has-post-thumbnail","6":"product_cat-bucket-cylinders","7":"product_tag-bucket-cylinders","8":"product_tag-hydraulic-cylinders","10":"first","11":"instock","12":"shipping-taxable","13":"product-type-simple"},"amp_enabled":true,"_links":{"self":[{"href":"https:\/\/www.hydraulic-cylinders.net\/da\/wp-json\/wp\/v2\/product\/15674","targetHints":{"allow":["GET"]}}],"collection":[{"href":"https:\/\/www.hydraulic-cylinders.net\/da\/wp-json\/wp\/v2\/product"}],"about":[{"href":"https:\/\/www.hydraulic-cylinders.net\/da\/wp-json\/wp\/v2\/types\/product"}],"replies":[{"embeddable":true,"href":"https:\/\/www.hydraulic-cylinders.net\/da\/wp-json\/wp\/v2\/comments?post=15674"}],"wp:featuredmedia":[{"embeddable":true,"href":"https:\/\/www.hydraulic-cylinders.net\/da\/wp-json\/wp\/v2\/media\/14787"}],"wp:attachment":[{"href":"https:\/\/www.hydraulic-cylinders.net\/da\/wp-json\/wp\/v2\/media?parent=15674"}],"wp:term":[{"taxonomy":"product_brand","embeddable":true,"href":"https:\/\/www.hydraulic-cylinders.net\/da\/wp-json\/wp\/v2\/product_brand?post=15674"},{"taxonomy":"product_cat","embeddable":true,"href":"https:\/\/www.hydraulic-cylinders.net\/da\/wp-json\/wp\/v2\/product_cat?post=15674"},{"taxonomy":"product_tag","embeddable":true,"href":"https:\/\/www.hydraulic-cylinders.net\/da\/wp-json\/wp\/v2\/product_tag?post=15674"}],"curies":[{"name":"wp","href":"https:\/\/api.w.org\/{rel}","templated":true}]}}