{"id":15678,"date":"2025-01-19T14:49:51","date_gmt":"2025-01-19T14:49:51","guid":{"rendered":"https:\/\/www.hydraulic-cylinders.net\/product\/bucket-cylinder-for-jcm-large-excavator-mc500lc-8\/"},"modified":"2025-01-19T14:49:53","modified_gmt":"2025-01-19T14:49:53","slug":"bucket-cylinder-for-jcm-large-excavator-mc500lc-8","status":"publish","type":"product","link":"https:\/\/www.hydraulic-cylinders.net\/da\/vare\/bucket-cylinder-for-jcm-large-excavator-mc500lc-8\/","title":{"rendered":"Skovlcylinder til JCM stor gravemaskine MC500LC-8"},"content":{"rendered":"<p><!DOCTYPE html><br \/>\n<html><br \/>\n<head><br \/>\n<title>Skovlcylinder til JCM stor gravemaskine MC500LC-8<\/title><br \/>\n<\/head><br \/>\n<body><\/p>\n<h1>Skovlcylinder til JCM stor gravemaskine MC500LC-8<\/h1>\n<h2>Indledning<\/h2>\n<p>En skovlcylinder er en specialdesignet hydraulisk cylinder, der bruges til at styre skovlens bev\u00e6gelse i tunge maskiner s\u00e5som gravemaskiner, rendegravere og frontl\u00e6ssere. Dens hovedfunktion er at g\u00f8re det muligt for skovlen at l\u00f8fte, s\u00e6nke og vippe, hvilket g\u00f8r det lettere at udf\u00f8re forskellige materialeh\u00e5ndteringsopgaver. I det hydrauliske system opn\u00e5r skovlcylinderen pr\u00e6cis kontrol over skovlen ved at bruge tryk\u00e6ndringerne i hydraulikolien, hvilket giver operat\u00f8rer mulighed for effektivt at h\u00e5ndtere tunge belastninger og tilpasse sig komplekse arbejdsmilj\u00f8er og forskellige jobkrav.<\/p>\n<p><img decoding=\"async\" src=\"https:\/\/www.hydraulic-cylinders.net\/wp-content\/uploads\/2025\/01\/songte-company-2.webp\" alt=\"Billede af spandcylinder\"><\/p>\n<h2>Funktioner<\/h2>\n<ul>\n<li>H\u00f8j styrke og holdbarhed: Typisk fremstillet af h\u00f8jstyrkest\u00e5l eller aluminium, i stand til at modst\u00e5 h\u00f8jt tryk og tunge belastninger, egnet til barske arbejdsmilj\u00f8er. Designet med hensyntagen til slidstyrke og korrosionsbestandighed for at forl\u00e6nge levetiden.<\/li>\n<li>Effektiv hydraulisk drift: Udnytter trykket fra hydraulikolien til at opn\u00e5 j\u00e6vne ud- og tilbagetr\u00e6kningsbev\u00e6gelser, hvilket giver kraftige skubbe- og tr\u00e6kkr\u00e6fter, der er velegnede til h\u00e5ndtering af tunge belastninger og komplekse arbejdsopgaver.<\/li>\n<li>Forskellige typer: Man kan v\u00e6lge mellem enkeltvirkende (hydraulisk tryk i \u00e9n retning) eller dobbeltvirkende (hydraulisk tryk i begge retninger) cylindre efter behov. Nogle modeller er teleskopiske, hvilket muligg\u00f8r st\u00f8rre udtr\u00e6k uden at \u00f8ge de udvendige dimensioner og er velegnede til applikationer med begr\u00e6nset plads.<\/li>\n<li>Kan erstatte andre hydrauliske cylindre: Vores produkt kan perfekt erstatte forskellige hydrauliske cylindre.<\/li>\n<\/ul>\n<p><img decoding=\"async\" src=\"https:\/\/www.hydraulic-cylinders.net\/wp-content\/uploads\/2025\/01\/songte-cylinder-head-with-all-kinds-excavator-models.webp\" alt=\"Produktudskiftningsbillede\"><\/p>\n<h2>Applikationer<\/h2>\n<h3>Entrepren\u00f8rudstyr<\/h3>\n<p>I gravemaskiner er de afg\u00f8rende for at grave, l\u00e6sse og flytte jord eller affald. I rendegravere hj\u00e6lper skovlcylinderen med b\u00e5de at grave og l\u00f8fte.<\/p>\n<h3>Landbrugsmaskiner<\/h3>\n<p>Anvendes i frontl\u00e6ssere til at opgrave, l\u00f8fte og transportere jord, h\u00f8 og andre materialer.<\/p>\n<h3>Gravemaskiner<\/h3>\n<p>Skovlcylinderen muligg\u00f8r gravehandlinger ved at lade skovlen tr\u00e6nge ned i jorden.<\/p>\n<h3>L\u00e6ssere<\/h3>\n<p>I frontl\u00e6ssere hj\u00e6lper de med at l\u00f8fte og t\u00f8mme materialer effektivt.<\/p>\n<p><img decoding=\"async\" src=\"https:\/\/www.hydraulic-cylinders.net\/wp-content\/uploads\/2025\/01\/songte-bushings-with-all-kinds-of-excavator-models.webp\" alt=\"Applikationsbillede\"><\/p>\n<h2>Designovervejelser og udv\u00e6lgelseskriterier<\/h2>\n<ul>\n<li>B\u00e6reevne: Diskussion om cylinderens evne til at b\u00e6re belastninger.<\/li>\n<li>T\u00e6tning: Vigtigheden af \u200b\u200bat bruge forskellige t\u00e6tningskomponenter s\u00e5som stempelt\u00e6tninger, stangt\u00e6tninger, lavet af slidst\u00e6rke materialer som polyurethan og nitrilgummi. Fin overfladebehandling af cylinderhus og gevindende for at forbedre slidstyrken. Regelm\u00e6ssig sm\u00f8ring med passende hydraulikolie.<\/li>\n<li>Holdbarhed: Fremh\u00e6v produktets holdbarhed og hvordan det er designet til at modst\u00e5 udfordrende forhold.<\/li>\n<li>Sikkerhed: Diskuter sikkerhedshensyn under designprocessen.<\/li>\n<li>Vedligeholdelse: S\u00f8rg for regelm\u00e6ssig inspektion og forebyggende vedligeholdelse for at forl\u00e6nge produktets levetid.<\/li>\n<\/ul>\n<p><img decoding=\"async\" src=\"https:\/\/www.hydraulic-cylinders.net\/wp-content\/uploads\/2025\/01\/songte-oil-pipes-and-spare-parts.webp\" alt=\"Designovervejelser Billede\"><\/p>\n<h2>Installationsvejledning<\/h2>\n<p>Korrekt installation er afg\u00f8rende for optimal ydeevne og sikkerhed. Det anbefales at f\u00f8lge disse retningslinjer:<\/p>\n<ul>\n<li>S\u00f8rg for korrekt justering af cylinderen under installationen.<\/li>\n<li>Brug egnede monteringsbeslag til at fastg\u00f8re cylinderen.<\/li>\n<\/ul>\n<h2>Opretholdelse<\/h2>\n<p>Regelm\u00e6ssige vedligeholdelsesopgaver for skovlcylinderen omfatter:<\/p>\n<ul>\n<li>Regelm\u00e6ssige inspektioner<\/li>\n<li>Korrekt sm\u00f8ring<\/li>\n<li>Udskiftning af pakning<\/li>\n<li>Kalibreringstjek<\/li>\n<\/ul>\n<p>Understreg vigtigheden af \u200b\u200bkorrekt installation, sm\u00f8ring og justeringer. Vejled vejledning i korrekt justering af cylinderen under installationen. Anbefal inspektions-, reparations- og udskiftningsprocedurer. Tilbyd udskiftning af dele og reparationstjenester for at forl\u00e6nge spandcylinderens levetid.<\/p>\n<p><img decoding=\"async\" src=\"https:\/\/www.hydraulic-cylinders.net\/wp-content\/uploads\/2025\/01\/songte-chushion-collar.webp\" alt=\"Vedligeholdelsesbillede\"><\/p>\n<h2>Sikkerhedshensyn og milj\u00f8faktorer<\/h2>\n<p>Fremh\u00e6v vigtigheden af \u200b\u200bsikkerhedsforanstaltninger ved brug af skovlcylinderen, under hensyntagen til milj\u00f8faktorer.<\/p>\n<h2>Fejlfinding og almindelige problemer<\/h2>\n<p>Diskuter mulige fejl og giv tips og l\u00f8sninger til fejlfinding, der kan hj\u00e6lpe l\u00e6serne med effektivt at diagnosticere og l\u00f8se problemer. Foresl\u00e5 forebyggende foranstaltninger for at minimere potentielle problemer.<\/p>\n<p><img decoding=\"async\" src=\"https:\/\/www.hydraulic-cylinders.net\/wp-content\/uploads\/2025\/01\/songte-bushings-with-all-kinds-of-excavator-models.webp\" alt=\"Fejlfindingsbillede\"><\/p>\n<h2>Om vores virksomhed<\/h2>\n<p>Vi er producent af hydrauliske udskiftningscylindre og en af \u200b\u200bde f\u00f8rende producenter og grossister p\u00e5 det indenlandske og internationale marked. Vores virksomhed f\u00f8lger en strategi med industrialiseret produktionsstyring, der bygger p\u00e5 fremragende kvalitet, fine produktionsv\u00e6rksteder, teknologisk talent, avanceret digitalt produktionsudstyr og professionelle testsystemer. Vi forbedrer l\u00f8bende vores produktionsplatform, perfektionerer produktionsruten for produktkvalitet og har st\u00e6rke kreative evner. Med principperne om h\u00f8j effektivitet, h\u00f8j pr\u00e6cision og h\u00f8j kvalitet im\u00f8dekommer vi vores kunders forskellige behov.<\/p>\n<p><img decoding=\"async\" src=\"https:\/\/www.hydraulic-cylinders.net\/wp-content\/uploads\/2025\/01\/songte-company-3.webp\" alt=\"Virksomhedens image\"><\/p>\n<p>Vores virksomhed er kendt for:<\/p>\n<ul>\n<li>Professionalitet<\/li>\n<li>Internationale certificeringer<\/li>\n<li>Tilpasningstjenester<\/li>\n<li>Produktionsudstyr<\/li>\n<li>Eftersalgsservice<\/li>\n<\/ul>\n<p>Forfatter: lyl<\/p>\n<p><\/body><br \/>\n<\/html><\/p>","protected":false},"excerpt":{"rendered":"<p>Bucket Cylinder For JCM Large Excavator MC500LC-8 Bucket Cylinder For JCM Large Excavator MC500LC-8 Introduction A bucket cylinder is a specially designed hydraulic cylinder used to control the movement of the bucket in heavy machinery such as excavators, backhoe loaders, and front-end loaders. Its main function is to enable the bucket to lift, lower, and [&hellip;]<\/p>","protected":false},"featured_media":14780,"comment_status":"open","ping_status":"closed","template":"","meta":{"_et_pb_use_builder":"","_et_pb_old_content":"","_et_gb_content_width":""},"product_brand":[],"product_cat":[1494],"product_tag":[1495,1496],"class_list":{"0":"post-15678","1":"product","2":"type-product","3":"status-publish","4":"has-post-thumbnail","6":"product_cat-bucket-cylinders","7":"product_tag-bucket-cylinders","8":"product_tag-hydraulic-cylinders","10":"first","11":"instock","12":"shipping-taxable","13":"product-type-simple"},"amp_enabled":true,"_links":{"self":[{"href":"https:\/\/www.hydraulic-cylinders.net\/da\/wp-json\/wp\/v2\/product\/15678","targetHints":{"allow":["GET"]}}],"collection":[{"href":"https:\/\/www.hydraulic-cylinders.net\/da\/wp-json\/wp\/v2\/product"}],"about":[{"href":"https:\/\/www.hydraulic-cylinders.net\/da\/wp-json\/wp\/v2\/types\/product"}],"replies":[{"embeddable":true,"href":"https:\/\/www.hydraulic-cylinders.net\/da\/wp-json\/wp\/v2\/comments?post=15678"}],"wp:featuredmedia":[{"embeddable":true,"href":"https:\/\/www.hydraulic-cylinders.net\/da\/wp-json\/wp\/v2\/media\/14780"}],"wp:attachment":[{"href":"https:\/\/www.hydraulic-cylinders.net\/da\/wp-json\/wp\/v2\/media?parent=15678"}],"wp:term":[{"taxonomy":"product_brand","embeddable":true,"href":"https:\/\/www.hydraulic-cylinders.net\/da\/wp-json\/wp\/v2\/product_brand?post=15678"},{"taxonomy":"product_cat","embeddable":true,"href":"https:\/\/www.hydraulic-cylinders.net\/da\/wp-json\/wp\/v2\/product_cat?post=15678"},{"taxonomy":"product_tag","embeddable":true,"href":"https:\/\/www.hydraulic-cylinders.net\/da\/wp-json\/wp\/v2\/product_tag?post=15678"}],"curies":[{"name":"wp","href":"https:\/\/api.w.org\/{rel}","templated":true}]}}